{"id":2038,"date":"2025-12-30T16:43:48","date_gmt":"2025-12-30T08:43:48","guid":{"rendered":"https:\/\/bestwillcams.com\/?page_id=2038"},"modified":"2026-03-03T09:44:14","modified_gmt":"2026-03-03T01:44:14","slug":"oem-manufacturing","status":"publish","type":"page","link":"https:\/\/bestwillcams.com\/de\/oem-manufacturing\/","title":{"rendered":"OEM-Herstellung"},"content":{"rendered":"<div data-elementor-type=\"wp-page\" data-elementor-id=\"2038\" class=\"elementor elementor-2038\" data-elementor-post-type=\"page\">\n\t\t\t\t<div class=\"elementor-element elementor-element-0e33895 e-flex e-con-boxed e-con e-parent\" data-id=\"0e33895\" data-element_type=\"container\" data-e-type=\"container\" data-settings=\"{&quot;background_background&quot;:&quot;classic&quot;}\">\n\t\t\t\t\t<div class=\"e-con-inner\">\n\t\t\t\t<div class=\"elementor-element elementor-element-6d37a41 elementor-widget elementor-widget-heading\" data-id=\"6d37a41\" data-element_type=\"widget\" data-e-type=\"widget\" data-widget_type=\"heading.default\">\n\t\t\t\t\t\t\t<h1 class=\"elementor-heading-title elementor-size-default\">OEM-Fertigung f\u00fcr Unterwasserkamerasysteme<\/h1>\t\t\t\t<\/div>\n\t\t\t\t<div class=\"elementor-element elementor-element-f5e35d8 elementor-hidden-tablet elementor-hidden-mobile elementor-widget elementor-widget-text-editor\" data-id=\"f5e35d8\" data-element_type=\"widget\" data-e-type=\"widget\" data-widget_type=\"text-editor.default\">\n\t\t\t\t\t\t\t\t\t\t\t<p>Wir bieten <strong data-start=\"281\" data-end=\"311\">OEM-Herstellungsdienstleistungen<\/strong> f\u00fcr Kunden, die bereits \u00fcber klare Produktspezifikationen verf\u00fcgen und einen zuverl\u00e4ssigen Produktionspartner suchen: Als spezialisierter Hersteller von <strong data-start=\"457\" data-end=\"486\">Unterwasserkamerasysteme<\/strong>, Unsere OEM-Dienstleistungen konzentrieren sich auf <strong data-start=\"514\" data-end=\"578\">stabile Montage, gleichbleibende Qualit\u00e4t und skalierbare Produktion<\/strong>, Wir helfen unseren Partnern, bew\u00e4hrte Produkte mit Zuversicht auf den Markt zu bringen.<\/p>\t\t\t\t\t\t\t\t<\/div>\n\t\t\t\t\t<\/div>\n\t\t\t\t<\/div>\n\t\t<div class=\"elementor-element elementor-element-5602ca4 e-flex e-con-boxed e-con e-parent\" data-id=\"5602ca4\" data-element_type=\"container\" data-e-type=\"container\">\n\t\t\t\t\t<div class=\"e-con-inner\">\n\t\t\t\t<div class=\"elementor-element elementor-element-b1f29a7 elementor-widget elementor-widget-text-editor\" data-id=\"b1f29a7\" data-element_type=\"widget\" data-e-type=\"widget\" data-widget_type=\"text-editor.default\">\n\t\t\t\t\t\t\t\t\t\t\t<h4>Was unsere OEM-Fertigung abdeckt<\/h4><p>Unsere OEM-Fertigungsdienstleistungen sind auf folgende Punkte ausgerichtet <strong>ausgereifte Unterwasserkamera-Plattformen<\/strong> die f\u00fcr verschiedene Anwendungen validiert wurden.<\/p><h5>Zentrale OEM-F\u00e4higkeiten<\/h5><ul><li>Komplettes Unterwasserkamerasystem<\/li><li>Integration von Kamera, Kabel, Trommel und Monitor<\/li><li>Standardisierter Produktionsprozess f\u00fcr Wiederholungsauftr\u00e4ge<\/li><li>Materialeingangskontrolle und Inline-Qualit\u00e4tskontrolle<\/li><li>Endg\u00fcltige Produktpr\u00fcfung vor dem Versand<\/li><\/ul><p>Wir konzentrieren uns auf die Fertigung auf Systemebene, nicht nur auf einzelne Komponenten.<\/p>\t\t\t\t\t\t\t\t<\/div>\n\t\t\t\t<div class=\"elementor-element elementor-element-6263700 elementor-widget__width-initial elementor-widget elementor-widget-image\" data-id=\"6263700\" data-element_type=\"widget\" data-e-type=\"widget\" data-widget_type=\"image.default\">\n\t\t\t\t\t\t\t\t\t\t\t\t\t\t\t\t\t<img fetchpriority=\"high\" decoding=\"async\" width=\"1200\" height=\"800\" src=\"https:\/\/bestwillcams.com\/wp-content\/uploads\/2026\/02\/fishing-camera-OEM-Manufacturing.webp\" class=\"attachment-full size-full wp-image-2650\" alt=\"\" srcset=\"https:\/\/bestwillcams.com\/wp-content\/uploads\/2026\/02\/fishing-camera-OEM-Manufacturing.webp 1200w, https:\/\/bestwillcams.com\/wp-content\/uploads\/2026\/02\/fishing-camera-OEM-Manufacturing-300x200.webp 300w, https:\/\/bestwillcams.com\/wp-content\/uploads\/2026\/02\/fishing-camera-OEM-Manufacturing-1024x683.webp 1024w, https:\/\/bestwillcams.com\/wp-content\/uploads\/2026\/02\/fishing-camera-OEM-Manufacturing-768x512.webp 768w\" sizes=\"(max-width: 1200px) 100vw, 1200px\" \/>\t\t\t\t\t\t\t\t\t\t\t\t\t\t\t<\/div>\n\t\t\t\t\t<\/div>\n\t\t\t\t<\/div>\n\t\t<div class=\"elementor-element elementor-element-a0c8316 e-flex e-con-boxed e-con e-parent\" data-id=\"a0c8316\" data-element_type=\"container\" data-e-type=\"container\">\n\t\t\t\t\t<div class=\"e-con-inner\">\n\t\t\t\t<div class=\"elementor-element elementor-element-62ee913 elementor-widget elementor-widget-text-editor\" data-id=\"62ee913\" data-element_type=\"widget\" data-e-type=\"widget\" data-widget_type=\"text-editor.default\">\n\t\t\t\t\t\t\t\t\t\t\t<h5 data-start=\"1328\" data-end=\"1370\">Produkte f\u00fcr die OEM-Fertigung geeignet<\/h5><p data-start=\"1372\" data-end=\"1444\">Unsere OEM-Herstellungsdienste unterst\u00fctzen die folgenden Produktkategorien:<\/p><ul data-start=\"1446\" data-end=\"1771\"><li data-start=\"1446\" data-end=\"1578\"><p data-start=\"1448\" data-end=\"1578\"><strong data-start=\"1448\" data-end=\"1488\">Unterwasser-Inspektionskamerasysteme<\/strong><br data-start=\"1488\" data-end=\"1491\" \/>F\u00fcr industrielle Inspektionen, Aquakultur\u00fcberwachung und allgemeine Unterwasserbeobachtung<\/p><\/li><li data-start=\"1580\" data-end=\"1675\"><p data-start=\"1582\" data-end=\"1675\"><strong data-start=\"1582\" data-end=\"1620\">Kamerasysteme f\u00fcr die Bohrlochinspektion<\/strong><br data-start=\"1620\" data-end=\"1623\" \/>F\u00fcr Tiefbrunnen und vertikale Inspektionsanwendungen<\/p><\/li><li data-start=\"1677\" data-end=\"1771\"><p data-start=\"1679\" data-end=\"1771\"><strong data-start=\"1679\" data-end=\"1716\">Unterwasser-Angelkamerasysteme<\/strong><br data-start=\"1716\" data-end=\"1719\" \/>F\u00fcr den Verbraucher- und semiprofessionellen Fischereimarkt<\/p><\/li><\/ul><p data-start=\"1773\" data-end=\"1874\">Alle OEM-Projekte basieren auf <strong data-start=\"1803\" data-end=\"1833\">bestehende, bew\u00e4hrte Plattformen<\/strong> um Stabilit\u00e4t und Kosteneffizienz zu gew\u00e4hrleisten.<\/p>\t\t\t\t\t\t\t\t<\/div>\n\t\t\t\t<div class=\"elementor-element elementor-element-27c086c elementor-widget elementor-widget-text-editor\" data-id=\"27c086c\" data-element_type=\"widget\" data-e-type=\"widget\" data-widget_type=\"text-editor.default\">\n\t\t\t\t\t\t\t\t\t\t\t<h5 data-start=\"1881\" data-end=\"1925\">Technische Unterst\u00fctzung w\u00e4hrend der OEM-Produktion<\/h5><p data-start=\"1927\" data-end=\"1976\">OEM-Fertigung bedeutet keine starre Produktion.<\/p><p data-start=\"1978\" data-end=\"2114\">Unser Ingenieurteam bietet Unterst\u00fctzung w\u00e4hrend des OEM-Prozesses, um Folgendes sicherzustellen <strong data-start=\"2049\" data-end=\"2102\">Kompatibilit\u00e4t, Herstellbarkeit und Zuverl\u00e4ssigkeit<\/strong>, einschlie\u00dflich:<\/p><ul data-start=\"2116\" data-end=\"2326\"><li data-start=\"2116\" data-end=\"2158\"><p data-start=\"2118\" data-end=\"2158\">\u00dcberpr\u00fcfung der Spezifikation vor der Produktion<\/p><\/li><li data-start=\"2159\" data-end=\"2207\"><p data-start=\"2161\" data-end=\"2207\">Kompatibilit\u00e4tspr\u00fcfungen f\u00fcr Komponenten und Schnittstellen<\/p><\/li><li data-start=\"2208\" data-end=\"2265\"><p data-start=\"2210\" data-end=\"2265\">\u00dcberpr\u00fcfung von Kabell\u00e4nge, Geh\u00e4use und Konfiguration<\/p><\/li><li data-start=\"2266\" data-end=\"2326\"><p data-start=\"2268\" data-end=\"2326\">Geringf\u00fcgige funktionale Anpassungen zur Optimierung der Produktion<\/p><\/li><\/ul><p data-start=\"2328\" data-end=\"2398\">Diese Unterst\u00fctzung tr\u00e4gt dazu bei, Produktionsrisiken zu verringern und kostspielige \u00dcberarbeitungen zu vermeiden.<\/p>\t\t\t\t\t\t\t\t<\/div>\n\t\t\t\t<div class=\"elementor-element elementor-element-790f596 elementor-widget elementor-widget-text-editor\" data-id=\"790f596\" data-element_type=\"widget\" data-e-type=\"widget\" data-widget_type=\"text-editor.default\">\n\t\t\t\t\t\t\t\t\t\t\t<h5 data-start=\"2405\" data-end=\"2448\">Qualit\u00e4tskontrolle und Produktionskonsistenz<\/h5><p data-start=\"2450\" data-end=\"2495\">Konsistenz ist in der OEM-Fertigung entscheidend.<\/p><p data-start=\"2497\" data-end=\"2600\">Wir f\u00fchren in mehreren Stufen Qualit\u00e4tskontrollen durch, um sicherzustellen, dass jede Charge den vereinbarten Spezifikationen entspricht:<\/p><ul data-start=\"2602\" data-end=\"2789\"><li data-start=\"2602\" data-end=\"2641\"><p data-start=\"2604\" data-end=\"2641\">Materialpr\u00fcfung vor der Montage<\/p><\/li><li data-start=\"2642\" data-end=\"2670\"><p data-start=\"2644\" data-end=\"2670\">Kontrolle des Montageprozesses<\/p><\/li><li data-start=\"2671\" data-end=\"2738\"><p data-start=\"2673\" data-end=\"2738\">Funktionspr\u00fcfung von Kamera, Beleuchtung und Signal\u00fcbertragung<\/p><\/li><li data-start=\"2739\" data-end=\"2789\"><p data-start=\"2741\" data-end=\"2789\">Endkontrolle vor Verpackung und Versand<\/p><\/li><\/ul><p data-start=\"2791\" data-end=\"2859\">Unser Ziel ist es, Folgendes zu liefern <strong data-start=\"2814\" data-end=\"2836\">wiederholbare Qualit\u00e4t<\/strong>, und nicht einmalige Proben.<\/p>\t\t\t\t\t\t\t\t<\/div>\n\t\t\t\t<div class=\"elementor-element elementor-element-37f05f7 elementor-widget elementor-widget-text-editor\" data-id=\"37f05f7\" data-element_type=\"widget\" data-e-type=\"widget\" data-widget_type=\"text-editor.default\">\n\t\t\t\t\t\t\t\t\t\t\t<h5 data-start=\"2866\" data-end=\"2903\">Typischer OEM-Fertigungsablauf<\/h5><p data-start=\"2905\" data-end=\"2961\">Unser OEM-Herstellungsprozess ist einfach und transparent:<\/p><ol data-start=\"2963\" data-end=\"3140\"><li data-start=\"2963\" data-end=\"3002\"><p data-start=\"2966\" data-end=\"3002\">Best\u00e4tigung der Produktspezifikation<\/p><\/li><li data-start=\"3003\" data-end=\"3045\"><p data-start=\"3006\" data-end=\"3045\">Plattform- und Konfigurationsvalidierung<\/p><\/li><li data-start=\"3046\" data-end=\"3082\"><p data-start=\"3049\" data-end=\"3082\">Vorbereitung und Genehmigung von Proben<\/p><\/li><li data-start=\"3083\" data-end=\"3103\"><p data-start=\"3086\" data-end=\"3103\">Massenproduktion<\/p><\/li><li data-start=\"3104\" data-end=\"3140\"><p data-start=\"3107\" data-end=\"3140\">Qualit\u00e4tskontrolle und Lieferung<\/p><\/li><\/ol><p data-start=\"3142\" data-end=\"3222\">Eine klare Kommunikation in jeder Phase hilft, Zeitpl\u00e4ne und Erwartungen aufeinander abzustimmen.<\/p>\t\t\t\t\t\t\t\t<\/div>\n\t\t\t\t<div class=\"elementor-element elementor-element-93411e1 elementor-widget elementor-widget-text-editor\" data-id=\"93411e1\" data-element_type=\"widget\" data-e-type=\"widget\" data-widget_type=\"text-editor.default\">\n\t\t\t\t\t\t\t\t\t\t\t<h5 data-start=\"3229\" data-end=\"3269\">F\u00fcr wen unsere OEM-Fertigung am besten geeignet ist<\/h5><h6 data-start=\"3271\" data-end=\"3320\"><strong data-start=\"3271\" data-end=\"3320\">Die OEM-Fertigung ist ideal f\u00fcr Kunden, die:<\/strong><\/h6><ul data-start=\"3321\" data-end=\"3511\"><li data-start=\"3321\" data-end=\"3368\"><p data-start=\"3323\" data-end=\"3368\">bereits definierte Produktspezifikationen haben<\/p><\/li><li data-start=\"3369\" data-end=\"3410\"><p data-start=\"3371\" data-end=\"3410\">Erfordern eine stabile, wiederholbare Produktion<\/p><\/li><li data-start=\"3411\" data-end=\"3450\"><p data-start=\"3413\" data-end=\"3450\">Planung der mittel- bis langfristigen Versorgung<\/p><\/li><li data-start=\"3451\" data-end=\"3511\"><p data-start=\"3453\" data-end=\"3511\">Wert auf Fertigungssicherheit und Liefertreue<\/p><\/li><\/ul><h6 data-start=\"3513\" data-end=\"3558\"><strong data-start=\"3513\" data-end=\"3558\">Die OEM-Herstellung ist m\u00f6glicherweise nicht geeignet, wenn:<\/strong><\/h6><ul data-start=\"3559\" data-end=\"3649\"><li data-start=\"3559\" data-end=\"3601\"><p data-start=\"3561\" data-end=\"3601\">Das Produktkonzept ist noch nicht definiert<\/p><\/li><li data-start=\"3602\" data-end=\"3649\"><p data-start=\"3604\" data-end=\"3649\">Umfassende grundlegende Entwicklung ist erforderlich<\/p><\/li><\/ul><p data-start=\"3651\" data-end=\"3731\">So k\u00f6nnen wir uns auf Projekte konzentrieren, bei denen die OEM-Fertigung den gr\u00f6\u00dften Mehrwert bietet.<\/p>\t\t\t\t\t\t\t\t<\/div>\n\t\t\t\t<div class=\"elementor-element elementor-element-7857ffd elementor-widget elementor-widget-text-editor\" data-id=\"7857ffd\" data-element_type=\"widget\" data-e-type=\"widget\" data-widget_type=\"text-editor.default\">\n\t\t\t\t\t\t\t\t\t\t\t<h5 data-start=\"3738\" data-end=\"3788\">Warum Sie uns als Ihren OEM-Herstellungspartner w\u00e4hlen sollten<\/h5><ul data-start=\"3790\" data-end=\"4010\"><li data-start=\"3790\" data-end=\"3834\"><p data-start=\"3792\" data-end=\"3834\">Spezialisiert auf Unterwasserkamerasysteme<\/p><\/li><li data-start=\"3835\" data-end=\"3869\"><p data-start=\"3837\" data-end=\"3869\">Bew\u00e4hrte Produktionsplattformen<\/p><\/li><li data-start=\"3870\" data-end=\"3918\"><p data-start=\"3872\" data-end=\"3918\">Stabile Lieferkette und Integration der Montage<\/p><\/li><li data-start=\"3919\" data-end=\"3976\"><p data-start=\"3921\" data-end=\"3976\">Technische Unterst\u00fctzung mit Schwerpunkt auf der Durchf\u00fchrbarkeit der Produktion<\/p><\/li><li data-start=\"3977\" data-end=\"4010\"><p data-start=\"3979\" data-end=\"4010\">Langfristige partnerschaftliche Denkweise<\/p><\/li><\/ul><p data-start=\"4012\" data-end=\"4117\">Wir wollen mehr sein als ein Lieferant - wir arbeiten als <strong data-start=\"4059\" data-end=\"4084\">Fertigungspartner<\/strong> Ihr Unternehmenswachstum zu unterst\u00fctzen.<\/p>\t\t\t\t\t\t\t\t<\/div>\n\t\t\t\t\t<\/div>\n\t\t\t\t<\/div>\n\t\t\t\t<\/div>","protected":false},"excerpt":{"rendered":"<p>OEM Manufacturing for Underwater Camera Systems We provide OEM manufacturing services for customers who already have clear product specifications and [&hellip;]<\/p>\n","protected":false},"author":1,"featured_media":0,"parent":0,"menu_order":0,"comment_status":"closed","ping_status":"closed","template":"","meta":{"_acf_changed":false,"site-sidebar-layout":"no-sidebar","site-content-layout":"","ast-site-content-layout":"full-width-container","site-content-style":"default","site-sidebar-style":"default","ast-global-header-display":"","ast-banner-title-visibility":"disabled","ast-main-header-display":"","ast-hfb-above-header-display":"","ast-hfb-below-header-display":"","ast-hfb-mobile-header-display":"","site-post-title":"disabled","ast-breadcrumbs-content":"","ast-featured-img":"","footer-sml-layout":"","ast-disable-related-posts":"","theme-transparent-header-meta":"","adv-header-id-meta":"","stick-header-meta":"","header-above-stick-meta":"","header-main-stick-meta":"","header-below-stick-meta":"","astra-migrate-meta-layouts":"set","ast-page-background-enabled":"default","ast-page-background-meta":{"desktop":{"background-color":"var(--ast-global-color-4)","background-image":"","background-repeat":"repeat","background-position":"center center","background-size":"auto","background-attachment":"scroll","background-type":"","background-media":"","overlay-type":"","overlay-color":"","overlay-opacity":"","overlay-gradient":""},"tablet":{"background-color":"","background-image":"","background-repeat":"repeat","background-position":"center center","background-size":"auto","background-attachment":"scroll","background-type":"","background-media":"","overlay-type":"","overlay-color":"","overlay-opacity":"","overlay-gradient":""},"mobile":{"background-color":"","background-image":"","background-repeat":"repeat","background-position":"center center","background-size":"auto","background-attachment":"scroll","background-type":"","background-media":"","overlay-type":"","overlay-color":"","overlay-opacity":"","overlay-gradient":""}},"ast-content-background-meta":{"desktop":{"background-color":"var(--ast-global-color-5)","background-image":"","background-repeat":"repeat","background-position":"center center","background-size":"auto","background-attachment":"scroll","background-type":"","background-media":"","overlay-type":"","overlay-color":"","overlay-opacity":"","overlay-gradient":""},"tablet":{"background-color":"var(--ast-global-color-5)","background-image":"","background-repeat":"repeat","background-position":"center center","background-size":"auto","background-attachment":"scroll","background-type":"","background-media":"","overlay-type":"","overlay-color":"","overlay-opacity":"","overlay-gradient":""},"mobile":{"background-color":"var(--ast-global-color-5)","background-image":"","background-repeat":"repeat","background-position":"center center","background-size":"auto","background-attachment":"scroll","background-type":"","background-media":"","overlay-type":"","overlay-color":"","overlay-opacity":"","overlay-gradient":""}},"footnotes":""},"class_list":["post-2038","page","type-page","status-publish","hentry"],"acf":[],"_links":{"self":[{"href":"https:\/\/bestwillcams.com\/de\/wp-json\/wp\/v2\/pages\/2038","targetHints":{"allow":["GET"]}}],"collection":[{"href":"https:\/\/bestwillcams.com\/de\/wp-json\/wp\/v2\/pages"}],"about":[{"href":"https:\/\/bestwillcams.com\/de\/wp-json\/wp\/v2\/types\/page"}],"author":[{"embeddable":true,"href":"https:\/\/bestwillcams.com\/de\/wp-json\/wp\/v2\/users\/1"}],"replies":[{"embeddable":true,"href":"https:\/\/bestwillcams.com\/de\/wp-json\/wp\/v2\/comments?post=2038"}],"version-history":[{"count":31,"href":"https:\/\/bestwillcams.com\/de\/wp-json\/wp\/v2\/pages\/2038\/revisions"}],"predecessor-version":[{"id":2822,"href":"https:\/\/bestwillcams.com\/de\/wp-json\/wp\/v2\/pages\/2038\/revisions\/2822"}],"wp:attachment":[{"href":"https:\/\/bestwillcams.com\/de\/wp-json\/wp\/v2\/media?parent=2038"}],"curies":[{"name":"wp","href":"https:\/\/api.w.org\/{rel}","templated":true}]}}