{"id":2070,"date":"2026-01-02T10:38:46","date_gmt":"2026-01-02T02:38:46","guid":{"rendered":"https:\/\/bestwillcams.com\/?page_id=2070"},"modified":"2026-03-03T09:45:23","modified_gmt":"2026-03-03T01:45:23","slug":"private-label-custom-branding","status":"publish","type":"page","link":"https:\/\/bestwillcams.com\/de\/private-label-custom-branding\/","title":{"rendered":"Eigenmarke \/ Kundenspezifisches Branding"},"content":{"rendered":"<div data-elementor-type=\"wp-page\" data-elementor-id=\"2070\" class=\"elementor elementor-2070\" data-elementor-post-type=\"page\">\n\t\t\t\t<div class=\"elementor-element elementor-element-2cc62a3a e-flex e-con-boxed e-con e-parent\" data-id=\"2cc62a3a\" data-element_type=\"container\" data-e-type=\"container\" data-settings=\"{&quot;background_background&quot;:&quot;classic&quot;}\">\n\t\t\t\t\t<div class=\"e-con-inner\">\n\t\t\t\t<div class=\"elementor-element elementor-element-4bec1755 elementor-widget elementor-widget-heading\" data-id=\"4bec1755\" data-element_type=\"widget\" data-e-type=\"widget\" data-widget_type=\"heading.default\">\n\t\t\t\t\t\t\t<h1 class=\"elementor-heading-title elementor-size-default\">Private Label &amp; Custom Branding f\u00fcr Unterwasserkameras<\/h1>\t\t\t\t<\/div>\n\t\t\t\t<div class=\"elementor-element elementor-element-69ace026 elementor-hidden-tablet elementor-hidden-mobile elementor-widget elementor-widget-text-editor\" data-id=\"69ace026\" data-element_type=\"widget\" data-e-type=\"widget\" data-widget_type=\"text-editor.default\">\n\t\t\t\t\t\t\t\t\t\t\t<p data-start=\"289\" data-end=\"447\">Wir bieten <strong data-start=\"298\" data-end=\"345\">Eigenmarken und individuelle Branding-L\u00f6sungen<\/strong> f\u00fcr Kunden, die mit bew\u00e4hrten Produkten schnell in den Markt f\u00fcr Unterwasserkameras einsteigen oder ihn erweitern wollen. <strong data-start=\"489\" data-end=\"527\">ausgereifte Unterwasserkamera-Plattformen<\/strong>, Dies erm\u00f6glicht es den Partnern, Markenprodukte mit minimalem Entwicklungsrisiko und kurzen Vorlaufzeiten auf den Markt zu bringen.<\/p>\t\t\t\t\t\t\t\t<\/div>\n\t\t\t\t\t<\/div>\n\t\t\t\t<\/div>\n\t\t<div class=\"elementor-element elementor-element-5c794ac1 e-flex e-con-boxed e-con e-parent\" data-id=\"5c794ac1\" data-element_type=\"container\" data-e-type=\"container\">\n\t\t\t\t\t<div class=\"e-con-inner\">\n\t\t\t\t<div class=\"elementor-element elementor-element-22ea85 elementor-widget elementor-widget-text-editor\" data-id=\"22ea85\" data-element_type=\"widget\" data-e-type=\"widget\" data-widget_type=\"text-editor.default\">\n\t\t\t\t\t\t\t\t\t\t\t<h4 data-start=\"632\" data-end=\"674\">Was unser Private Label Service beinhaltet<\/h4><p data-start=\"676\" data-end=\"754\">Eigenmarke bedeutet <strong data-start=\"699\" data-end=\"728\">Markenbildung und Markteintritt<\/strong>, und nicht die Produktentwicklung.<\/p><p data-start=\"756\" data-end=\"787\">Unsere Dienstleistungen umfassen in der Regel:<\/p><ul data-start=\"788\" data-end=\"970\"><li data-start=\"788\" data-end=\"827\"><p data-start=\"790\" data-end=\"827\">Individuelle Logoanbringung auf Produkten<\/p><\/li><li data-start=\"828\" data-end=\"869\"><p data-start=\"830\" data-end=\"869\">Verpackungsdesign und Branding-Unterst\u00fctzung<\/p><\/li><li data-start=\"870\" data-end=\"914\"><p data-start=\"872\" data-end=\"914\">Anpassung der Beschriftung und Dokumentation<\/p><\/li><li data-start=\"915\" data-end=\"970\"><p data-start=\"917\" data-end=\"970\">Anpassung der Produktkonfiguration an die Zielm\u00e4rkte<\/p><\/li><\/ul><p data-start=\"972\" data-end=\"1076\">Auf diese Weise k\u00f6nnen Sie sich auf den Verkauf und den Vertrieb konzentrieren, w\u00e4hrend wir die Fertigung und Montage \u00fcbernehmen.<\/p>\t\t\t\t\t\t\t\t<\/div>\n\t\t\t\t<div class=\"elementor-element elementor-element-1c66fbf3 elementor-widget__width-initial elementor-widget elementor-widget-image\" data-id=\"1c66fbf3\" data-element_type=\"widget\" data-e-type=\"widget\" data-widget_type=\"image.default\">\n\t\t\t\t\t\t\t\t\t\t\t\t\t\t\t\t\t<img fetchpriority=\"high\" decoding=\"async\" width=\"1200\" height=\"800\" src=\"https:\/\/bestwillcams.com\/wp-content\/uploads\/2026\/02\/custom-branding-solutions.webp\" class=\"attachment-full size-full wp-image-2660\" alt=\"\" srcset=\"https:\/\/bestwillcams.com\/wp-content\/uploads\/2026\/02\/custom-branding-solutions.webp 1200w, https:\/\/bestwillcams.com\/wp-content\/uploads\/2026\/02\/custom-branding-solutions-300x200.webp 300w, https:\/\/bestwillcams.com\/wp-content\/uploads\/2026\/02\/custom-branding-solutions-1024x683.webp 1024w, https:\/\/bestwillcams.com\/wp-content\/uploads\/2026\/02\/custom-branding-solutions-768x512.webp 768w\" sizes=\"(max-width: 1200px) 100vw, 1200px\" \/>\t\t\t\t\t\t\t\t\t\t\t\t\t\t\t<\/div>\n\t\t\t\t\t<\/div>\n\t\t\t\t<\/div>\n\t\t<div class=\"elementor-element elementor-element-4b96e56 e-flex e-con-boxed e-con e-parent\" data-id=\"4b96e56\" data-element_type=\"container\" data-e-type=\"container\">\n\t\t\t\t\t<div class=\"e-con-inner\">\n\t\t\t\t<div class=\"elementor-element elementor-element-6f231dad elementor-widget elementor-widget-text-editor\" data-id=\"6f231dad\" data-element_type=\"widget\" data-e-type=\"widget\" data-widget_type=\"text-editor.default\">\n\t\t\t\t\t\t\t\t\t\t\t<h5 data-start=\"1563\" data-end=\"1600\">Warum sollten Sie sich f\u00fcr Private Label-L\u00f6sungen entscheiden?<\/h5><p data-start=\"1602\" data-end=\"1677\">Eigenmarken sind der schnellste Weg, Ihr Produktportfolio aufzubauen oder zu erweitern.<\/p><p data-start=\"1679\" data-end=\"1700\">Die wichtigsten Vorteile sind:<\/p><ul data-start=\"1701\" data-end=\"1847\"><li data-start=\"1701\" data-end=\"1727\"><p data-start=\"1703\" data-end=\"1727\">K\u00fcrzere Zeit bis zur Markteinf\u00fchrung<\/p><\/li><li data-start=\"1728\" data-end=\"1756\"><p data-start=\"1730\" data-end=\"1756\">Geringere Vorabinvestitionen<\/p><\/li><li data-start=\"1757\" data-end=\"1787\"><p data-start=\"1759\" data-end=\"1787\">Bew\u00e4hrte Produktleistung<\/p><\/li><li data-start=\"1788\" data-end=\"1820\"><p data-start=\"1790\" data-end=\"1820\">Skalierbare Produktionskapazit\u00e4t<\/p><\/li><li data-start=\"1821\" data-end=\"1847\"><p data-start=\"1823\" data-end=\"1847\">Geringeres technisches Risiko<\/p><\/li><\/ul><p data-start=\"1849\" data-end=\"1923\">Dieses Modell ist bei Vertriebsunternehmen, Einzelh\u00e4ndlern und regionalen Marken weit verbreitet.<\/p>\t\t\t\t\t\t\t\t<\/div>\n\t\t\t\t<div class=\"elementor-element elementor-element-588ddc1e elementor-widget elementor-widget-text-editor\" data-id=\"588ddc1e\" data-element_type=\"widget\" data-e-type=\"widget\" data-widget_type=\"text-editor.default\">\n\t\t\t\t\t\t\t\t\t\t\t<h5 data-start=\"1930\" data-end=\"1967\">Branding &amp; Verpackungsanpassung<\/h5><p data-start=\"1969\" data-end=\"2034\">Wir unterst\u00fctzen die Anpassung des Brandings an Ihre Marktstrategie:<\/p><ul data-start=\"2036\" data-end=\"2247\"><li data-start=\"2036\" data-end=\"2088\"><p data-start=\"2038\" data-end=\"2088\">Platzierung des Logos auf Kamera, Monitor und Verpackung<\/p><\/li><li data-start=\"2089\" data-end=\"2149\"><p data-start=\"2091\" data-end=\"2149\">Ma\u00dfgeschneidertes Verpackungsdesign auf der Grundlage Ihrer Markenidentit\u00e4t<\/p><\/li><li data-start=\"2150\" data-end=\"2197\"><p data-start=\"2152\" data-end=\"2197\">Mehrsprachige Etiketten und Handb\u00fccher, falls erforderlich<\/p><\/li><li data-start=\"2198\" data-end=\"2247\"><p data-start=\"2200\" data-end=\"2247\">Einheitliches Erscheinungsbild der Produkte \u00fcber alle Chargen hinweg<\/p><\/li><\/ul><p data-start=\"2249\" data-end=\"2333\">Alle Branding-Elemente werden \u00fcberpr\u00fcft, um die Durchf\u00fchrbarkeit und Konsistenz der Produktion zu gew\u00e4hrleisten.<\/p>\t\t\t\t\t\t\t\t<\/div>\n\t\t\t\t<div class=\"elementor-element elementor-element-469db73d elementor-widget elementor-widget-text-editor\" data-id=\"469db73d\" data-element_type=\"widget\" data-e-type=\"widget\" data-widget_type=\"text-editor.default\">\n\t\t\t\t\t\t\t\t\t\t\t<h5 data-start=\"2340\" data-end=\"2375\">Qualit\u00e4t und Produktionskonsistenz<\/h5><p data-start=\"2377\" data-end=\"2447\">Selbst bei Eigenmarkenprojekten ist eine gleichbleibende Qualit\u00e4t entscheidend.<\/p><p data-start=\"2449\" data-end=\"2509\">Wir wenden die gleichen Produktionsstandards an wie die OEM-Fertigung:<\/p><ul data-start=\"2510\" data-end=\"2645\"><li data-start=\"2510\" data-end=\"2546\"><p data-start=\"2512\" data-end=\"2546\">Standardisierte Montageverfahren<\/p><\/li><li data-start=\"2547\" data-end=\"2585\"><p data-start=\"2549\" data-end=\"2585\">Funktionspr\u00fcfung vor dem Versand<\/p><\/li><li data-start=\"2586\" data-end=\"2616\"><p data-start=\"2588\" data-end=\"2616\">Qualit\u00e4tskontrollen auf Chargenebene<\/p><\/li><li data-start=\"2617\" data-end=\"2645\"><p data-start=\"2619\" data-end=\"2645\">Stabile Materialbeschaffung<\/p><\/li><\/ul><p data-start=\"2647\" data-end=\"2723\">Dadurch wird sichergestellt, dass Ihre Markenprodukte bei allen Lieferungen konsistent bleiben.<\/p>\t\t\t\t\t\t\t\t<\/div>\n\t\t\t\t<div class=\"elementor-element elementor-element-2b387c3 elementor-widget elementor-widget-text-editor\" data-id=\"2b387c3\" data-element_type=\"widget\" data-e-type=\"widget\" data-widget_type=\"text-editor.default\">\n\t\t\t\t\t\t\t\t\t\t\t<h5 data-start=\"2730\" data-end=\"2774\">F\u00fcr wen ist unser Private Label Service am besten geeignet?<\/h5><p data-start=\"2776\" data-end=\"2807\"><strong data-start=\"2776\" data-end=\"2807\">Private Label ist ideal f\u00fcr:<\/strong><\/p><ul data-start=\"2808\" data-end=\"2993\"><li data-start=\"2808\" data-end=\"2862\"><p data-start=\"2810\" data-end=\"2862\">Markeninhaber steigen in den Markt f\u00fcr Unterwasserkameras ein<\/p><\/li><li data-start=\"2863\" data-end=\"2909\"><p data-start=\"2865\" data-end=\"2909\">Vertriebsh\u00e4ndler erweitern ihre Produktlinien<\/p><\/li><li data-start=\"2910\" data-end=\"2946\"><p data-start=\"2912\" data-end=\"2946\">Einzelh\u00e4ndler und E-Commerce-Anbieter<\/p><\/li><li data-start=\"2947\" data-end=\"2993\"><p data-start=\"2949\" data-end=\"2993\">Kunden, die eine schnelle und zuverl\u00e4ssige Versorgung w\u00fcnschen<\/p><\/li><\/ul><p data-start=\"2995\" data-end=\"3037\"><strong data-start=\"2995\" data-end=\"3037\">Private Label ist m\u00f6glicherweise nicht geeignet f\u00fcr:<\/strong><\/p><ul data-start=\"3038\" data-end=\"3134\"><li data-start=\"3038\" data-end=\"3088\"><p data-start=\"3040\" data-end=\"3088\">Kunden, die eine umfassende Produktumgestaltung ben\u00f6tigen<\/p><\/li><li data-start=\"3089\" data-end=\"3134\"><p data-start=\"3091\" data-end=\"3134\">Projekte mit Schwerpunkt auf experimentellen Merkmalen<\/p><\/li><\/ul>\t\t\t\t\t\t\t\t<\/div>\n\t\t\t\t<div class=\"elementor-element elementor-element-110d98e4 elementor-widget elementor-widget-text-editor\" data-id=\"110d98e4\" data-element_type=\"widget\" data-e-type=\"widget\" data-widget_type=\"text-editor.default\">\n\t\t\t\t\t\t\t\t\t\t\t<h5 data-start=\"3141\" data-end=\"3190\">Warum Sie mit uns als Ihrem Private Label Partner arbeiten sollten<\/h5><ul data-start=\"3192\" data-end=\"3397\"><li data-start=\"3192\" data-end=\"3230\"><p data-start=\"3194\" data-end=\"3230\">Bew\u00e4hrte Unterwasserkamera-Plattformen<\/p><\/li><li data-start=\"3231\" data-end=\"3279\"><p data-start=\"3233\" data-end=\"3279\">Effiziente Integration von Branding und Verpackung<\/p><\/li><li data-start=\"3280\" data-end=\"3309\"><p data-start=\"3282\" data-end=\"3309\">Flexible Bestellmengen<\/p><\/li><li data-start=\"3310\" data-end=\"3357\"><p data-start=\"3312\" data-end=\"3357\">Stabile Lieferkette und Lieferf\u00e4higkeit<\/p><\/li><li data-start=\"3358\" data-end=\"3397\"><p data-start=\"3360\" data-end=\"3397\">Erfahrung in der Unterst\u00fctzung globaler Marken<\/p><\/li><\/ul><p data-start=\"3399\" data-end=\"3473\">Wir helfen unseren Partnern, sich auf das Wachstum zu konzentrieren, w\u00e4hrend wir uns um die Herstellung k\u00fcmmern.<\/p>\t\t\t\t\t\t\t\t<\/div>\n\t\t\t\t\t<\/div>\n\t\t\t\t<\/div>\n\t\t\t\t<\/div>","protected":false},"excerpt":{"rendered":"<p>Private Label &amp; Custom Branding for Underwater Camera We offer private label and custom branding solutions for customers who want [&hellip;]<\/p>\n","protected":false},"author":1,"featured_media":0,"parent":0,"menu_order":0,"comment_status":"closed","ping_status":"closed","template":"","meta":{"_acf_changed":false,"site-sidebar-layout":"no-sidebar","site-content-layout":"page-builder","ast-site-content-layout":"full-width-container","site-content-style":"default","site-sidebar-style":"default","ast-global-header-display":"","ast-banner-title-visibility":"","ast-main-header-display":"","ast-hfb-above-header-display":"","ast-hfb-below-header-display":"","ast-hfb-mobile-header-display":"","site-post-title":"disabled","ast-breadcrumbs-content":"","ast-featured-img":"disabled","footer-sml-layout":"","ast-disable-related-posts":"","theme-transparent-header-meta":"","adv-header-id-meta":"","stick-header-meta":"","header-above-stick-meta":"","header-main-stick-meta":"","header-below-stick-meta":"","astra-migrate-meta-layouts":"set","ast-page-background-enabled":"default","ast-page-background-meta":{"desktop":{"background-color":"var(--ast-global-color-4)","background-image":"","background-repeat":"repeat","background-position":"center center","background-size":"auto","background-attachment":"scroll","background-type":"","background-media":"","overlay-type":"","overlay-color":"","overlay-opacity":"","overlay-gradient":""},"tablet":{"background-color":"","background-image":"","background-repeat":"repeat","background-position":"center center","background-size":"auto","background-attachment":"scroll","background-type":"","background-media":"","overlay-type":"","overlay-color":"","overlay-opacity":"","overlay-gradient":""},"mobile":{"background-color":"","background-image":"","background-repeat":"repeat","background-position":"center center","background-size":"auto","background-attachment":"scroll","background-type":"","background-media":"","overlay-type":"","overlay-color":"","overlay-opacity":"","overlay-gradient":""}},"ast-content-background-meta":{"desktop":{"background-color":"var(--ast-global-color-5)","background-image":"","background-repeat":"repeat","background-position":"center center","background-size":"auto","background-attachment":"scroll","background-type":"","background-media":"","overlay-type":"","overlay-color":"","overlay-opacity":"","overlay-gradient":""},"tablet":{"background-color":"var(--ast-global-color-5)","background-image":"","background-repeat":"repeat","background-position":"center center","background-size":"auto","background-attachment":"scroll","background-type":"","background-media":"","overlay-type":"","overlay-color":"","overlay-opacity":"","overlay-gradient":""},"mobile":{"background-color":"var(--ast-global-color-5)","background-image":"","background-repeat":"repeat","background-position":"center center","background-size":"auto","background-attachment":"scroll","background-type":"","background-media":"","overlay-type":"","overlay-color":"","overlay-opacity":"","overlay-gradient":""}},"footnotes":""},"class_list":["post-2070","page","type-page","status-publish","hentry"],"acf":[],"_links":{"self":[{"href":"https:\/\/bestwillcams.com\/de\/wp-json\/wp\/v2\/pages\/2070","targetHints":{"allow":["GET"]}}],"collection":[{"href":"https:\/\/bestwillcams.com\/de\/wp-json\/wp\/v2\/pages"}],"about":[{"href":"https:\/\/bestwillcams.com\/de\/wp-json\/wp\/v2\/types\/page"}],"author":[{"embeddable":true,"href":"https:\/\/bestwillcams.com\/de\/wp-json\/wp\/v2\/users\/1"}],"replies":[{"embeddable":true,"href":"https:\/\/bestwillcams.com\/de\/wp-json\/wp\/v2\/comments?post=2070"}],"version-history":[{"count":19,"href":"https:\/\/bestwillcams.com\/de\/wp-json\/wp\/v2\/pages\/2070\/revisions"}],"predecessor-version":[{"id":2825,"href":"https:\/\/bestwillcams.com\/de\/wp-json\/wp\/v2\/pages\/2070\/revisions\/2825"}],"wp:attachment":[{"href":"https:\/\/bestwillcams.com\/de\/wp-json\/wp\/v2\/media?parent=2070"}],"curies":[{"name":"wp","href":"https:\/\/api.w.org\/{rel}","templated":true}]}}