{"id":2125,"date":"2026-01-03T10:27:20","date_gmt":"2026-01-03T02:27:20","guid":{"rendered":"https:\/\/bestwillcams.com\/?page_id=2125"},"modified":"2026-03-03T09:53:02","modified_gmt":"2026-03-03T01:53:02","slug":"logistics-delivery-support","status":"publish","type":"page","link":"https:\/\/bestwillcams.com\/de\/logistics-delivery-support\/","title":{"rendered":"Logistik und Lieferunterst\u00fctzung"},"content":{"rendered":"<div data-elementor-type=\"wp-page\" data-elementor-id=\"2125\" class=\"elementor elementor-2125\" data-elementor-post-type=\"page\">\n\t\t\t\t<div class=\"elementor-element elementor-element-9ee7ce0 e-flex e-con-boxed e-con e-parent\" data-id=\"9ee7ce0\" data-element_type=\"container\" data-e-type=\"container\" data-settings=\"{&quot;background_background&quot;:&quot;classic&quot;}\">\n\t\t\t\t\t<div class=\"e-con-inner\">\n\t\t\t\t<div class=\"elementor-element elementor-element-2d53e156 elementor-widget elementor-widget-heading\" data-id=\"2d53e156\" data-element_type=\"widget\" data-e-type=\"widget\" data-widget_type=\"heading.default\">\n\t\t\t\t\t\t\t<h1 class=\"elementor-heading-title elementor-size-default\">Flexible Logistik- und Lieferl\u00f6sungen f\u00fcr globales B2B<\/h1>\t\t\t\t<\/div>\n\t\t\t\t<div class=\"elementor-element elementor-element-520e3681 elementor-hidden-tablet elementor-hidden-mobile elementor-widget elementor-widget-text-editor\" data-id=\"520e3681\" data-element_type=\"widget\" data-e-type=\"widget\" data-widget_type=\"text-editor.default\">\n\t\t\t\t\t\t\t\t\t\t\t<p data-start=\"374\" data-end=\"472\">Geplante Sendungen, klare Zeitvorgaben und kosteneffiziente Lieferstrategien f\u00fcr OEM- und ODM-Partner: Vom Versand im Werk bis zu den Lagern in \u00dcbersee unterst\u00fctzen wir eine strukturierte Logistik und keine Einheitsl\u00f6sung f\u00fcr den Versand.<\/p>\t\t\t\t\t\t\t\t<\/div>\n\t\t\t\t\t<\/div>\n\t\t\t\t<\/div>\n\t\t<div class=\"elementor-element elementor-element-5b150afc e-flex e-con-boxed e-con e-parent\" data-id=\"5b150afc\" data-element_type=\"container\" data-e-type=\"container\">\n\t\t\t\t\t<div class=\"e-con-inner\">\n\t\t\t\t<div class=\"elementor-element elementor-element-657f5f13 elementor-widget elementor-widget-text-editor\" data-id=\"657f5f13\" data-element_type=\"widget\" data-e-type=\"widget\" data-widget_type=\"text-editor.default\">\n\t\t\t\t\t\t\t\t\t\t\t<h4 data-start=\"637\" data-end=\"686\">Logistik f\u00fcr Produktionspartner<\/h4><p data-start=\"695\" data-end=\"770\">F\u00fcr B2B-Eink\u00e4ufer geht es bei der Logistik nicht nur um den Versand von Produkten, sondern auch um andere Aspekte:<\/p><ul data-start=\"771\" data-end=\"835\"><li data-start=\"771\" data-end=\"791\"><p data-start=\"773\" data-end=\"791\">Planung der Bestandsaufnahme<\/p><\/li><li data-start=\"792\" data-end=\"803\"><p data-start=\"794\" data-end=\"803\">Cashflow<\/p><\/li><li data-start=\"804\" data-end=\"835\"><p data-start=\"806\" data-end=\"835\">Lokale Vertriebseffizienz<\/p><\/li><\/ul><p data-start=\"837\" data-end=\"951\">Unsere logistische Unterst\u00fctzung konzentriert sich auf <strong data-start=\"870\" data-end=\"900\">Stabilit\u00e4t und Transparenz<\/strong>, und helfen den Partnern, ihre Lieferungen sicher zu planen.<\/p>\t\t\t\t\t\t\t\t<\/div>\n\t\t\t\t<div class=\"elementor-element elementor-element-6822d5fd elementor-widget__width-initial elementor-widget elementor-widget-image\" data-id=\"6822d5fd\" data-element_type=\"widget\" data-e-type=\"widget\" data-widget_type=\"image.default\">\n\t\t\t\t\t\t\t\t\t\t\t\t\t\t\t\t\t<img fetchpriority=\"high\" decoding=\"async\" width=\"1200\" height=\"800\" src=\"https:\/\/bestwillcams.com\/wp-content\/uploads\/2026\/02\/Delivery-Solutions.webp\" class=\"attachment-full size-full wp-image-2685\" alt=\"\" srcset=\"https:\/\/bestwillcams.com\/wp-content\/uploads\/2026\/02\/Delivery-Solutions.webp 1200w, https:\/\/bestwillcams.com\/wp-content\/uploads\/2026\/02\/Delivery-Solutions-300x200.webp 300w, https:\/\/bestwillcams.com\/wp-content\/uploads\/2026\/02\/Delivery-Solutions-1024x683.webp 1024w, https:\/\/bestwillcams.com\/wp-content\/uploads\/2026\/02\/Delivery-Solutions-768x512.webp 768w\" sizes=\"(max-width: 1200px) 100vw, 1200px\" \/>\t\t\t\t\t\t\t\t\t\t\t\t\t\t\t<\/div>\n\t\t\t\t\t<\/div>\n\t\t\t\t<\/div>\n\t\t<div class=\"elementor-element elementor-element-4e5d8e2b e-flex e-con-boxed e-con e-parent\" data-id=\"4e5d8e2b\" data-element_type=\"container\" data-e-type=\"container\">\n\t\t\t\t\t<div class=\"e-con-inner\">\n\t\t\t\t<div class=\"elementor-element elementor-element-24147f0e elementor-widget elementor-widget-text-editor\" data-id=\"24147f0e\" data-element_type=\"widget\" data-e-type=\"widget\" data-widget_type=\"text-editor.default\">\n\t\t\t\t\t\t\t\t\t\t\t<h5 data-start=\"993\" data-end=\"1026\">Zwei praktische Liefermodelle<\/h5><h6>Fabrikdirekter Versand<\/h6><ul><li data-start=\"1091\" data-end=\"1114\"><p data-start=\"1093\" data-end=\"1114\">OEM \/ ODM Gro\u00dfauftr\u00e4ge<\/p><\/li><li data-start=\"1115\" data-end=\"1136\"><p data-start=\"1117\" data-end=\"1136\">Ma\u00dfgeschneiderte Produkte<\/p><\/li><li data-start=\"1137\" data-end=\"1166\"><p data-start=\"1139\" data-end=\"1166\">Standardproduktionschargen<\/p><\/li><\/ul><h6 data-start=\"1773\" data-end=\"1874\">Unterst\u00fctzung f\u00fcr \u00dcberseelager<\/h6><ul><li data-start=\"1444\" data-end=\"1471\"><p data-start=\"1446\" data-end=\"1471\">Ausgew\u00e4hlte schnelldrehende SKUs<\/p><\/li><li data-start=\"1472\" data-end=\"1509\"><p data-start=\"1474\" data-end=\"1509\">Ersatz oder dringender Nachschub<\/p><\/li><li data-start=\"1510\" data-end=\"1535\"><p data-start=\"1512\" data-end=\"1535\">Regionale Bestandsplanung<\/p><\/li><\/ul><p data-start=\"1537\" data-end=\"1645\">Wir pflegen <strong data-start=\"1562\" data-end=\"1598\">begrenzter Lagerbestand in \u00dcbersee<\/strong> nur f\u00fcr ausgew\u00e4hlte Modelle, zur Unterst\u00fctzung: 1. schnellerer Austausch, 2. k\u00fcrzere Vorlaufzeit f\u00fcr hei\u00df begehrte Artikel Dies ist ein <strong data-start=\"1720\" data-end=\"1743\">unterst\u00fctzende L\u00f6sung<\/strong>, kein vollst\u00e4ndiger Ersatz f\u00fcr den Werksversand.<\/p>\t\t\t\t\t\t\t\t<\/div>\n\t\t\t\t<div class=\"elementor-element elementor-element-89c16cf elementor-widget elementor-widget-text-editor\" data-id=\"89c16cf\" data-element_type=\"widget\" data-e-type=\"widget\" data-widget_type=\"text-editor.default\">\n\t\t\t\t\t\t\t\t\t\t\t<h5 data-start=\"1881\" data-end=\"1925\">Geplante Durchlaufzeiten &amp; Lieferterminierung<\/h5><p data-start=\"1893\" data-end=\"1941\">Wir unterst\u00fctzen eine strukturierte Lieferplanung durch:<\/p><ul data-start=\"1942\" data-end=\"2077\"><li data-start=\"1942\" data-end=\"1990\"><p data-start=\"1944\" data-end=\"1990\">Best\u00e4tigung der Produktionsvorlaufzeit vor der Bestellung<\/p><\/li><li data-start=\"1991\" data-end=\"2018\"><p data-start=\"1993\" data-end=\"2018\">Terminierung von Batch-Sendungen<\/p><\/li><li data-start=\"2019\" data-end=\"2077\"><p data-start=\"2021\" data-end=\"2077\">Transparente Kommunikation bei Produktion und Versand<\/p><\/li><\/ul><p data-start=\"2079\" data-end=\"2174\">Auf diese Weise k\u00f6nnen die Partner die Herstellung, den Versand und den lokalen Vertrieb besser aufeinander abstimmen.<\/p>\t\t\t\t\t\t\t\t<\/div>\n\t\t\t\t<div class=\"elementor-element elementor-element-5633965 elementor-widget elementor-widget-text-editor\" data-id=\"5633965\" data-element_type=\"widget\" data-e-type=\"widget\" data-widget_type=\"text-editor.default\">\n\t\t\t\t\t\t\t\t\t\t\t<h5 data-start=\"2405\" data-end=\"2448\">F\u00fcr wen dieses Logistikmodell am besten geeignet ist<\/h5><ul><li data-start=\"2886\" data-end=\"2933\"><p data-start=\"2888\" data-end=\"2933\">Markeninhaber, die den Vertrieb in \u00dcbersee verwalten<\/p><\/li><li data-start=\"2934\" data-end=\"2973\"><p data-start=\"2936\" data-end=\"2973\">Vertriebsh\u00e4ndler planen Chargenimporte<\/p><\/li><li data-start=\"2974\" data-end=\"3031\"><p data-start=\"2976\" data-end=\"3031\">OEM \/ ODM-Kunden, die stabile Lieferpl\u00e4ne ben\u00f6tigen<\/p><\/li><li data-start=\"3032\" data-end=\"3099\"><p data-start=\"3034\" data-end=\"3099\">Partner, die eher eine vorhersehbare Lieferung als einen eiligen Versand w\u00fcnschen<\/p><\/li><\/ul>\t\t\t\t\t\t\t\t<\/div>\n\t\t\t\t<div class=\"elementor-element elementor-element-5270ec72 elementor-widget elementor-widget-text-editor\" data-id=\"5270ec72\" data-element_type=\"widget\" data-e-type=\"widget\" data-widget_type=\"text-editor.default\">\n\t\t\t\t\t\t\t\t\t\t\t<h5 data-start=\"3738\" data-end=\"3788\">Integriert mit Fertigung und Kundendienst<\/h5><p data-start=\"3214\" data-end=\"3267\">Unsere Logistik- und Lieferdienste sind darauf ausgerichtet:<\/p><ul data-start=\"3268\" data-end=\"3466\"><li data-start=\"3268\" data-end=\"3337\"><p data-start=\"3270\" data-end=\"3337\"><em><strong data-start=\"3270\" data-end=\"3297\">OEM- und ODM-Herstellung<\/strong> - produktionsgesteuerte Versandplanung<\/em><\/p><\/li><li data-start=\"3338\" data-end=\"3399\"><p data-start=\"3340\" data-end=\"3399\"><em><strong data-start=\"3340\" data-end=\"3364\">Kundendienst &amp; Reparatur<\/strong> - Reparatur- und Austauschrouting<\/em><\/p><\/li><li data-start=\"3400\" data-end=\"3466\"><p data-start=\"3402\" data-end=\"3466\"><em><strong data-start=\"3402\" data-end=\"3421\">Projektunterst\u00fctzung<\/strong> - Ausrichtung der Lieferung an den Projektmeilensteinen<\/em><\/p><\/li><\/ul>\t\t\t\t\t\t\t\t<\/div>\n\t\t\t\t\t<\/div>\n\t\t\t\t<\/div>\n\t\t\t\t<\/div>","protected":false},"excerpt":{"rendered":"<p>Flexible Logistics &amp; Delivery Solutions for Global B2B Planned shipments, clear timelines, and cost-efficient delivery strategies for OEM &amp; ODM [&hellip;]<\/p>\n","protected":false},"author":1,"featured_media":0,"parent":0,"menu_order":0,"comment_status":"closed","ping_status":"closed","template":"","meta":{"_acf_changed":false,"site-sidebar-layout":"no-sidebar","site-content-layout":"page-builder","ast-site-content-layout":"full-width-container","site-content-style":"default","site-sidebar-style":"default","ast-global-header-display":"","ast-banner-title-visibility":"","ast-main-header-display":"","ast-hfb-above-header-display":"","ast-hfb-below-header-display":"","ast-hfb-mobile-header-display":"","site-post-title":"disabled","ast-breadcrumbs-content":"","ast-featured-img":"disabled","footer-sml-layout":"","ast-disable-related-posts":"","theme-transparent-header-meta":"","adv-header-id-meta":"","stick-header-meta":"","header-above-stick-meta":"","header-main-stick-meta":"","header-below-stick-meta":"","astra-migrate-meta-layouts":"set","ast-page-background-enabled":"default","ast-page-background-meta":{"desktop":{"background-color":"var(--ast-global-color-4)","background-image":"","background-repeat":"repeat","background-position":"center center","background-size":"auto","background-attachment":"scroll","background-type":"","background-media":"","overlay-type":"","overlay-color":"","overlay-opacity":"","overlay-gradient":""},"tablet":{"background-color":"","background-image":"","background-repeat":"repeat","background-position":"center center","background-size":"auto","background-attachment":"scroll","background-type":"","background-media":"","overlay-type":"","overlay-color":"","overlay-opacity":"","overlay-gradient":""},"mobile":{"background-color":"","background-image":"","background-repeat":"repeat","background-position":"center center","background-size":"auto","background-attachment":"scroll","background-type":"","background-media":"","overlay-type":"","overlay-color":"","overlay-opacity":"","overlay-gradient":""}},"ast-content-background-meta":{"desktop":{"background-color":"var(--ast-global-color-5)","background-image":"","background-repeat":"repeat","background-position":"center center","background-size":"auto","background-attachment":"scroll","background-type":"","background-media":"","overlay-type":"","overlay-color":"","overlay-opacity":"","overlay-gradient":""},"tablet":{"background-color":"var(--ast-global-color-5)","background-image":"","background-repeat":"repeat","background-position":"center center","background-size":"auto","background-attachment":"scroll","background-type":"","background-media":"","overlay-type":"","overlay-color":"","overlay-opacity":"","overlay-gradient":""},"mobile":{"background-color":"var(--ast-global-color-5)","background-image":"","background-repeat":"repeat","background-position":"center center","background-size":"auto","background-attachment":"scroll","background-type":"","background-media":"","overlay-type":"","overlay-color":"","overlay-opacity":"","overlay-gradient":""}},"footnotes":""},"class_list":["post-2125","page","type-page","status-publish","hentry"],"acf":[],"_links":{"self":[{"href":"https:\/\/bestwillcams.com\/de\/wp-json\/wp\/v2\/pages\/2125","targetHints":{"allow":["GET"]}}],"collection":[{"href":"https:\/\/bestwillcams.com\/de\/wp-json\/wp\/v2\/pages"}],"about":[{"href":"https:\/\/bestwillcams.com\/de\/wp-json\/wp\/v2\/types\/page"}],"author":[{"embeddable":true,"href":"https:\/\/bestwillcams.com\/de\/wp-json\/wp\/v2\/users\/1"}],"replies":[{"embeddable":true,"href":"https:\/\/bestwillcams.com\/de\/wp-json\/wp\/v2\/comments?post=2125"}],"version-history":[{"count":19,"href":"https:\/\/bestwillcams.com\/de\/wp-json\/wp\/v2\/pages\/2125\/revisions"}],"predecessor-version":[{"id":2837,"href":"https:\/\/bestwillcams.com\/de\/wp-json\/wp\/v2\/pages\/2125\/revisions\/2837"}],"wp:attachment":[{"href":"https:\/\/bestwillcams.com\/de\/wp-json\/wp\/v2\/media?parent=2125"}],"curies":[{"name":"wp","href":"https:\/\/api.w.org\/{rel}","templated":true}]}}