{"id":2127,"date":"2026-01-03T10:27:56","date_gmt":"2026-01-03T02:27:56","guid":{"rendered":"https:\/\/bestwillcams.com\/?page_id=2127"},"modified":"2026-03-03T09:51:46","modified_gmt":"2026-03-03T01:51:46","slug":"after-sales-repair-support","status":"publish","type":"page","link":"https:\/\/bestwillcams.com\/de\/after-sales-repair-support\/","title":{"rendered":"Kundendienst und Reparaturunterst\u00fctzung"},"content":{"rendered":"<div data-elementor-type=\"wp-page\" data-elementor-id=\"2127\" class=\"elementor elementor-2127\" data-elementor-post-type=\"page\">\n\t\t\t\t<div class=\"elementor-element elementor-element-62e0dc6e e-flex e-con-boxed e-con e-parent\" data-id=\"62e0dc6e\" data-element_type=\"container\" data-e-type=\"container\" data-settings=\"{&quot;background_background&quot;:&quot;classic&quot;}\">\n\t\t\t\t\t<div class=\"e-con-inner\">\n\t\t\t\t<div class=\"elementor-element elementor-element-28efee39 elementor-widget elementor-widget-heading\" data-id=\"28efee39\" data-element_type=\"widget\" data-e-type=\"widget\" data-widget_type=\"heading.default\">\n\t\t\t\t\t\t\t<h2 class=\"elementor-heading-title elementor-size-default\">Zuverl\u00e4ssiger After-Sales- und Reparatur-Support f\u00fcr B2B-Partner<\/h2>\t\t\t\t<\/div>\n\t\t\t\t<div class=\"elementor-element elementor-element-34791f6c elementor-hidden-tablet elementor-hidden-mobile elementor-widget elementor-widget-text-editor\" data-id=\"34791f6c\" data-element_type=\"widget\" data-e-type=\"widget\" data-widget_type=\"text-editor.default\">\n\t\t\t\t\t\t\t\t\t\t\t<p>Wir konzentrieren uns auf <strong data-start=\"559\" data-end=\"591\">effiziente Probleml\u00f6sung<\/strong>, keine komplizierten Versprechungen - und helfen H\u00e4ndlern und Markeninhabern, das operative Risiko zu verringern.<\/p>\t\t\t\t\t\t\t\t<\/div>\n\t\t\t\t\t<\/div>\n\t\t\t\t<\/div>\n\t\t<div class=\"elementor-element elementor-element-d3f7591 e-flex e-con-boxed e-con e-parent\" data-id=\"d3f7591\" data-element_type=\"container\" data-e-type=\"container\">\n\t\t\t\t\t<div class=\"e-con-inner\">\n\t\t\t\t<div class=\"elementor-element elementor-element-45cbcfc8 elementor-widget elementor-widget-text-editor\" data-id=\"45cbcfc8\" data-element_type=\"widget\" data-e-type=\"widget\" data-widget_type=\"text-editor.default\">\n\t\t\t\t\t\t\t\t\t\t\t<h4>Konzipiert f\u00fcr B2B-Kundendienst-Effizienz<\/h4><p data-start=\"791\" data-end=\"921\">Im Gegensatz zum Kundendienst f\u00fcr Verbraucher sind f\u00fcr B2B-Kunden folgende Punkte wichtig <strong data-start=\"853\" data-end=\"920\">Stapelverarbeitung, klare Verantwortlichkeiten und vorhersehbare Prozesse<\/strong>.<\/p><p data-start=\"923\" data-end=\"982\">Unser Kundendienst und Reparaturservice ist darauf ausgerichtet, Sie zu unterst\u00fctzen:<\/p><ul data-start=\"983\" data-end=\"1124\"><li data-start=\"983\" data-end=\"1023\"><p data-start=\"985\" data-end=\"1023\">R\u00fccksendungen und Reparaturen effizient abwickeln<\/p><\/li><li data-start=\"1024\" data-end=\"1071\"><p data-start=\"1026\" data-end=\"1071\">Verringerung wiederkehrender Probleme durch Feedback-Schleifen<\/p><\/li><li data-start=\"1072\" data-end=\"1124\"><p data-start=\"1074\" data-end=\"1124\">Sch\u00fctzen Sie den Ruf Ihrer Marke auf Ihrem lokalen Markt<\/p><\/li><\/ul>\t\t\t\t\t\t\t\t<\/div>\n\t\t\t\t<div class=\"elementor-element elementor-element-7f82792f elementor-widget__width-initial elementor-widget elementor-widget-image\" data-id=\"7f82792f\" data-element_type=\"widget\" data-e-type=\"widget\" data-widget_type=\"image.default\">\n\t\t\t\t\t\t\t\t\t\t\t\t\t\t\t\t\t<img fetchpriority=\"high\" decoding=\"async\" width=\"1200\" height=\"800\" src=\"https:\/\/bestwillcams.com\/wp-content\/uploads\/2026\/02\/B2B-After-Sales-Efficiency.webp\" class=\"attachment-full size-full wp-image-2677\" alt=\"\" srcset=\"https:\/\/bestwillcams.com\/wp-content\/uploads\/2026\/02\/B2B-After-Sales-Efficiency.webp 1200w, https:\/\/bestwillcams.com\/wp-content\/uploads\/2026\/02\/B2B-After-Sales-Efficiency-300x200.webp 300w, https:\/\/bestwillcams.com\/wp-content\/uploads\/2026\/02\/B2B-After-Sales-Efficiency-1024x683.webp 1024w, https:\/\/bestwillcams.com\/wp-content\/uploads\/2026\/02\/B2B-After-Sales-Efficiency-768x512.webp 768w\" sizes=\"(max-width: 1200px) 100vw, 1200px\" \/>\t\t\t\t\t\t\t\t\t\t\t\t\t\t\t<\/div>\n\t\t\t\t\t<\/div>\n\t\t\t\t<\/div>\n\t\t<div class=\"elementor-element elementor-element-e6b1ae4 e-flex e-con-boxed e-con e-parent\" data-id=\"e6b1ae4\" data-element_type=\"container\" data-e-type=\"container\">\n\t\t\t\t\t<div class=\"e-con-inner\">\n\t\t\t\t<div class=\"elementor-element elementor-element-302bca0e elementor-widget elementor-widget-text-editor\" data-id=\"302bca0e\" data-element_type=\"widget\" data-e-type=\"widget\" data-widget_type=\"text-editor.default\">\n\t\t\t\t\t\t\t\t\t\t\t<h5 data-start=\"1165\" data-end=\"1204\">Zentralisierte Reparatur und Chargenverarbeitung<\/h5><p data-start=\"1225\" data-end=\"1302\">Wir unterst\u00fctzen <strong data-start=\"1236\" data-end=\"1279\">zentralisierte R\u00fcckgabe- und Reparaturabl\u00e4ufe<\/strong> f\u00fcr Partner in \u00dcbersee.<\/p><p data-start=\"1304\" data-end=\"1365\">Anstatt Reparaturen St\u00fcck f\u00fcr St\u00fcck zu bearbeiten, erm\u00f6glicht unser Verfahren:<\/p><ul data-start=\"1366\" data-end=\"1494\"><li data-start=\"1366\" data-end=\"1400\"><p data-start=\"1368\" data-end=\"1400\">Chargenr\u00fcckgabe f\u00fcr fehlerhafte Produkte<\/p><\/li><li data-start=\"1401\" data-end=\"1453\"><p data-start=\"1403\" data-end=\"1453\">Zentralisierte Inspektion und Reparatur auf Werksebene<\/p><\/li><li data-start=\"1454\" data-end=\"1494\"><p data-start=\"1456\" data-end=\"1494\">Konsolidiertes Feedback zu gemeinsamen Themen<\/p><\/li><\/ul><p data-start=\"1496\" data-end=\"1612\">Dieser Ansatz hilft H\u00e4ndlern und Markeninhabern <strong data-start=\"1546\" data-end=\"1571\">geringere Logistikkosten<\/strong> und <strong data-start=\"1576\" data-end=\"1611\">das After-Sales-Management zu vereinfachen<\/strong>.<\/p>\t\t\t\t\t\t\t\t<\/div>\n\t\t\t\t<div class=\"elementor-element elementor-element-54547883 elementor-widget elementor-widget-text-editor\" data-id=\"54547883\" data-element_type=\"widget\" data-e-type=\"widget\" data-widget_type=\"text-editor.default\">\n\t\t\t\t\t\t\t\t\t\t\t<h5 data-start=\"1661\" data-end=\"1719\">Flexible Reparaturrouten mit Unterst\u00fctzung von Lagern in \u00dcbersee<\/h5><p data-start=\"1744\" data-end=\"1869\">F\u00fcr ausgew\u00e4hlte schnelldrehende Modelle erhalten wir <strong data-start=\"1789\" data-end=\"1825\">begrenzter Lagerbestand in \u00dcbersee<\/strong> um im Bedarfsfall einen schnelleren Austausch zu erm\u00f6glichen.<\/p><p data-start=\"1871\" data-end=\"1918\">Bei den meisten Produkten werden die Reparaturen \u00fcber den Kundendienst abgewickelt:<\/p><ul data-start=\"1919\" data-end=\"2051\"><li data-start=\"1919\" data-end=\"1953\"><p data-start=\"1921\" data-end=\"1953\">Abholung vor Ort durch den Kunden<\/p><\/li><li data-start=\"1954\" data-end=\"1989\"><p data-start=\"1956\" data-end=\"1989\">Zentralisierte R\u00fcckgabe an unser Werk<\/p><\/li><li data-start=\"1990\" data-end=\"2051\"><p data-start=\"1992\" data-end=\"2051\">Professionelle Reparatur oder Ersatz auf der Grundlage der vereinbarten Richtlinien<\/p><\/li><\/ul><p data-start=\"2053\" data-end=\"2153\">Dieses Hybridmodell gew\u00e4hrleistet <strong data-start=\"2079\" data-end=\"2110\">Kosteneffizienz und -kontrolle<\/strong>, insbesondere f\u00fcr langfristige B2B-Kooperationen.<\/p>\t\t\t\t\t\t\t\t<\/div>\n\t\t\t\t<div class=\"elementor-element elementor-element-11d5aa23 elementor-widget elementor-widget-text-editor\" data-id=\"11d5aa23\" data-element_type=\"widget\" data-e-type=\"widget\" data-widget_type=\"text-editor.default\">\n\t\t\t\t\t\t\t\t\t\t\t<h5 data-start=\"2195\" data-end=\"2224\">Klarer After-Sales-Prozess<\/h5><ol><li data-start=\"2242\" data-end=\"2311\"><p data-start=\"2245\" data-end=\"2311\"><strong data-start=\"2245\" data-end=\"2264\">Berichtswesen<\/strong><br data-start=\"2264\" data-end=\"2267\" \/>Problembeschreibung mit Fotos oder Videos<\/p><\/li><li data-start=\"2313\" data-end=\"2381\"><p data-start=\"2316\" data-end=\"2381\"><strong data-start=\"2316\" data-end=\"2336\">Technische \u00dcberpr\u00fcfung<\/strong><br data-start=\"2336\" data-end=\"2339\" \/>Ursachenanalyse durch das Ingenieurteam<\/p><\/li><li data-start=\"2383\" data-end=\"2447\"><p data-start=\"2386\" data-end=\"2447\"><strong data-start=\"2386\" data-end=\"2411\">Reparatur oder Ersatz<\/strong><br data-start=\"2411\" data-end=\"2414\" \/>Auf der Grundlage der vereinbarten Dienstleistungspolitik<\/p><\/li><li data-start=\"2449\" data-end=\"2525\"><p data-start=\"2452\" data-end=\"2525\"><strong data-start=\"2452\" data-end=\"2478\">Feedback und Verbesserung<\/strong><br data-start=\"2478\" data-end=\"2481\" \/>Gemeinsame Ausgabe einer Zusammenfassung zur Verringerung von Wiederholungen<\/p><\/li><\/ol>\t\t\t\t\t\t\t\t<\/div>\n\t\t\t\t<div class=\"elementor-element elementor-element-787b44a2 elementor-widget elementor-widget-text-editor\" data-id=\"787b44a2\" data-element_type=\"widget\" data-e-type=\"widget\" data-widget_type=\"text-editor.default\">\n\t\t\t\t\t\t\t\t\t\t\t<h5 data-start=\"2590\" data-end=\"2626\">F\u00fcr wen ist diese Unterst\u00fctzung gedacht?<\/h5><ul><li data-start=\"2628\" data-end=\"2677\"><p data-start=\"2630\" data-end=\"2677\">Markeninhaber bauen langfristige Produktlinien auf<\/p><\/li><li data-start=\"2678\" data-end=\"2729\"><p data-start=\"2680\" data-end=\"2729\">Vertriebsh\u00e4ndler, die den lokalen Kundendienst verwalten<\/p><\/li><li data-start=\"2730\" data-end=\"2785\"><p data-start=\"2732\" data-end=\"2785\">OEM \/ ODM-Partner, die eine stabile Qualit\u00e4tskontrolle ben\u00f6tigen<\/p><\/li><li data-start=\"2786\" data-end=\"2820\"><p data-start=\"2788\" data-end=\"2820\">B2B-Eink\u00e4ufer, die Serienauftr\u00e4ge bearbeiten<\/p><\/li><\/ul>\t\t\t\t\t\t\t\t<\/div>\n\t\t\t\t<div class=\"elementor-element elementor-element-2c9208 elementor-widget elementor-widget-text-editor\" data-id=\"2c9208\" data-element_type=\"widget\" data-e-type=\"widget\" data-widget_type=\"text-editor.default\">\n\t\t\t\t\t\t\t\t\t\t\t<h5 data-start=\"3738\" data-end=\"3788\">Integriert mit unserer Fertigung &amp; Projektunterst\u00fctzung<\/h5><p data-start=\"3258\" data-end=\"3312\">Unser Kundendienst und Reparaturservice arbeitet eng mit uns zusammen:<\/p><ul data-start=\"3313\" data-end=\"3497\"><li data-start=\"3313\" data-end=\"3370\"><p data-start=\"3315\" data-end=\"3370\"><em><strong data-start=\"3315\" data-end=\"3334\">Projektunterst\u00fctzung<\/strong> - Verringerung der Probleme in fr\u00fchen Stadien<\/em><\/p><\/li><li data-start=\"3371\" data-end=\"3430\"><p data-start=\"3373\" data-end=\"3430\"><em><strong data-start=\"3373\" data-end=\"3397\">Qualit\u00e4t und Einhaltung der Vorschriften<\/strong> - Verhinderung wiederholter Ausf\u00e4lle<\/em><\/p><\/li><li data-start=\"3431\" data-end=\"3497\"><p data-start=\"3433\" data-end=\"3497\"><em><strong data-start=\"3433\" data-end=\"3460\">OEM- und ODM-Herstellung<\/strong> - Verbesserung k\u00fcnftiger Produktionsl\u00e4ufe<\/em><\/p><\/li><\/ul>\t\t\t\t\t\t\t\t<\/div>\n\t\t\t\t\t<\/div>\n\t\t\t\t<\/div>\n\t\t\t\t<\/div>","protected":false},"excerpt":{"rendered":"<p>Reliable After-Sales &amp; Repair Support for B2B Partners We focus on efficient problem resolution, not complicated promises \u2014 helping distributors [&hellip;]<\/p>\n","protected":false},"author":1,"featured_media":0,"parent":0,"menu_order":0,"comment_status":"closed","ping_status":"closed","template":"","meta":{"_acf_changed":false,"site-sidebar-layout":"no-sidebar","site-content-layout":"page-builder","ast-site-content-layout":"full-width-container","site-content-style":"default","site-sidebar-style":"default","ast-global-header-display":"","ast-banner-title-visibility":"","ast-main-header-display":"","ast-hfb-above-header-display":"","ast-hfb-below-header-display":"","ast-hfb-mobile-header-display":"","site-post-title":"disabled","ast-breadcrumbs-content":"","ast-featured-img":"disabled","footer-sml-layout":"","ast-disable-related-posts":"","theme-transparent-header-meta":"","adv-header-id-meta":"","stick-header-meta":"","header-above-stick-meta":"","header-main-stick-meta":"","header-below-stick-meta":"","astra-migrate-meta-layouts":"set","ast-page-background-enabled":"default","ast-page-background-meta":{"desktop":{"background-color":"var(--ast-global-color-4)","background-image":"","background-repeat":"repeat","background-position":"center center","background-size":"auto","background-attachment":"scroll","background-type":"","background-media":"","overlay-type":"","overlay-color":"","overlay-opacity":"","overlay-gradient":""},"tablet":{"background-color":"","background-image":"","background-repeat":"repeat","background-position":"center center","background-size":"auto","background-attachment":"scroll","background-type":"","background-media":"","overlay-type":"","overlay-color":"","overlay-opacity":"","overlay-gradient":""},"mobile":{"background-color":"","background-image":"","background-repeat":"repeat","background-position":"center center","background-size":"auto","background-attachment":"scroll","background-type":"","background-media":"","overlay-type":"","overlay-color":"","overlay-opacity":"","overlay-gradient":""}},"ast-content-background-meta":{"desktop":{"background-color":"var(--ast-global-color-5)","background-image":"","background-repeat":"repeat","background-position":"center center","background-size":"auto","background-attachment":"scroll","background-type":"","background-media":"","overlay-type":"","overlay-color":"","overlay-opacity":"","overlay-gradient":""},"tablet":{"background-color":"var(--ast-global-color-5)","background-image":"","background-repeat":"repeat","background-position":"center center","background-size":"auto","background-attachment":"scroll","background-type":"","background-media":"","overlay-type":"","overlay-color":"","overlay-opacity":"","overlay-gradient":""},"mobile":{"background-color":"var(--ast-global-color-5)","background-image":"","background-repeat":"repeat","background-position":"center center","background-size":"auto","background-attachment":"scroll","background-type":"","background-media":"","overlay-type":"","overlay-color":"","overlay-opacity":"","overlay-gradient":""}},"footnotes":""},"class_list":["post-2127","page","type-page","status-publish","hentry"],"acf":[],"_links":{"self":[{"href":"https:\/\/bestwillcams.com\/de\/wp-json\/wp\/v2\/pages\/2127","targetHints":{"allow":["GET"]}}],"collection":[{"href":"https:\/\/bestwillcams.com\/de\/wp-json\/wp\/v2\/pages"}],"about":[{"href":"https:\/\/bestwillcams.com\/de\/wp-json\/wp\/v2\/types\/page"}],"author":[{"embeddable":true,"href":"https:\/\/bestwillcams.com\/de\/wp-json\/wp\/v2\/users\/1"}],"replies":[{"embeddable":true,"href":"https:\/\/bestwillcams.com\/de\/wp-json\/wp\/v2\/comments?post=2127"}],"version-history":[{"count":22,"href":"https:\/\/bestwillcams.com\/de\/wp-json\/wp\/v2\/pages\/2127\/revisions"}],"predecessor-version":[{"id":2834,"href":"https:\/\/bestwillcams.com\/de\/wp-json\/wp\/v2\/pages\/2127\/revisions\/2834"}],"wp:attachment":[{"href":"https:\/\/bestwillcams.com\/de\/wp-json\/wp\/v2\/media?parent=2127"}],"curies":[{"name":"wp","href":"https:\/\/api.w.org\/{rel}","templated":true}]}}