{"id":3,"date":"2025-12-22T02:27:02","date_gmt":"2025-12-22T02:27:02","guid":{"rendered":"https:\/\/d4q858h1pg.onrocket.site\/?page_id=3"},"modified":"2026-03-28T09:25:09","modified_gmt":"2026-03-28T01:25:09","slug":"privacy-policy","status":"publish","type":"page","link":"https:\/\/bestwillcams.com\/de\/privacy-policy\/","title":{"rendered":"Datenschutzbestimmungen"},"content":{"rendered":"<h4 class=\"wp-block-heading\">1. Einleitung<\/h4>\n\n\n\n<p>Willkommen bei Bestwillcams.<br>Wir verpflichten uns, Ihre Privatsph\u00e4re zu sch\u00fctzen und sicherzustellen, dass Ihre pers\u00f6nlichen Daten sicher und verantwortungsvoll behandelt werden.<\/p>\n\n\n\n<p>In dieser Datenschutzrichtlinie wird erl\u00e4utert, wie wir Ihre Daten beim Besuch unserer Website erfassen, verwenden und sch\u00fctzen.<\/p>\n\n\n\n<hr class=\"wp-block-separator has-text-color has-ast-global-color-4-color has-alpha-channel-opacity has-ast-global-color-4-background-color has-background is-style-wide\"\/>\n\n\n\n<h4 class=\"wp-block-heading\">2. Informationen, die wir sammeln<\/h4>\n\n\n\n<p>Wir k\u00f6nnen die folgenden Arten von Informationen sammeln:<\/p>\n\n\n\n<h6 class=\"wp-block-heading\">\ud83d\udd39 Pers\u00f6nliche Informationen<\/h6>\n\n\n\n<ul class=\"wp-block-list\">\n<li>Name<\/li>\n\n\n\n<li>E-Mail Adresse<\/li>\n\n\n\n<li>Telefonnummer \/ WhatsApp<\/li>\n\n\n\n<li>Name des Unternehmens<\/li>\n\n\n\n<li>Projektdetails oder Inhalt der Anfrage<\/li>\n<\/ul>\n\n\n\n<h6 class=\"wp-block-heading\">\ud83d\udd39 Technische Informationen<\/h6>\n\n\n\n<ul class=\"wp-block-list\">\n<li>IP-Adresse<\/li>\n\n\n\n<li>Browser-Typ<\/li>\n\n\n\n<li>Informationen zum Ger\u00e4t<\/li>\n\n\n\n<li>Besuchte Seiten<\/li>\n<\/ul>\n\n\n\n<hr class=\"wp-block-separator has-text-color has-ast-global-color-4-color has-alpha-channel-opacity has-ast-global-color-4-background-color has-background is-style-wide\"\/>\n\n\n\n<h4 class=\"wp-block-heading\">3. Wie wir Ihre Informationen verwenden<\/h4>\n\n\n\n<p>Wir verwenden Ihre Informationen, um:<\/p>\n\n\n\n<ul class=\"wp-block-list\">\n<li>Beantwortung Ihrer Anfragen und Erstellung von Kostenvoranschl\u00e4gen<\/li>\n\n\n\n<li>Empfehlung geeigneter Produkte oder L\u00f6sungen<\/li>\n\n\n\n<li>Verbesserung unserer Website und Dienstleistungen<\/li>\n\n\n\n<li>mit Ihnen \u00fcber Ihren Antrag kommunizieren<\/li>\n\n\n\n<li>Unterst\u00fctzung bei der Optimierung von Marketing und Werbung<\/li>\n<\/ul>\n\n\n\n<hr class=\"wp-block-separator has-text-color has-ast-global-color-4-color has-alpha-channel-opacity has-ast-global-color-4-background-color has-background is-style-wide\"\/>\n\n\n\n<h4 class=\"wp-block-heading\">4. Cookies und Tracking-Technologien<\/h4>\n\n\n\n<p>Wir verwenden Cookies und \u00e4hnliche Tracking-Technologien, um:<\/p>\n\n\n\n<ul class=\"wp-block-list\">\n<li>Verbesserung der Benutzerfreundlichkeit<\/li>\n\n\n\n<li>Analysieren Sie den Website-Verkehr<\/li>\n\n\n\n<li>Unterst\u00fctzung von Marketing- und Werbekampagnen<\/li>\n<\/ul>\n\n\n\n<p>Wir k\u00f6nnen Instrumente wie z. B.:<\/p>\n\n\n\n<ul class=\"wp-block-list\">\n<li>Google Analytics<\/li>\n\n\n\n<li>Google Ads-Verfolgung<\/li>\n<\/ul>\n\n\n\n<p>Sie k\u00f6nnen Cookies \u00fcber Ihre Browsereinstellungen steuern oder deaktivieren.<\/p>\n\n\n\n<hr class=\"wp-block-separator has-text-color has-ast-global-color-4-color has-alpha-channel-opacity has-ast-global-color-4-background-color has-background is-style-wide\"\/>\n\n\n\n<h4 class=\"wp-block-heading\">5. Dienstleistungen von Drittanbietern<\/h4>\n\n\n\n<p>Wir k\u00f6nnen in begrenztem Umfang Daten mit vertrauensw\u00fcrdigen Drittanbietern austauschen, einschlie\u00dflich:<\/p>\n\n\n\n<ul class=\"wp-block-list\">\n<li>Analyseanbieter (z. B. Google Analytics)<\/li>\n\n\n\n<li>Werbeplattformen (z. B. Google Ads)<\/li>\n\n\n\n<li>Kommunikationsmittel<\/li>\n<\/ul>\n\n\n\n<p>Diese Dienste verarbeiten Daten nur zu den in dieser Richtlinie beschriebenen Zwecken.<\/p>\n\n\n\n<p>\ud83d\udc49 <strong>Wir verkaufen Ihre pers\u00f6nlichen Daten nicht an Dritte.<\/strong><\/p>\n\n\n\n<hr class=\"wp-block-separator has-text-color has-ast-global-color-4-color has-alpha-channel-opacity has-ast-global-color-4-background-color has-background is-style-wide\"\/>\n\n\n\n<h4 class=\"wp-block-heading\">6. Vorratsdatenspeicherung<\/h4>\n\n\n\n<p>Wir bewahren Ihre personenbezogenen Daten nur so lange auf, wie es notwendig ist, um:<\/p>\n\n\n\n<ul class=\"wp-block-list\">\n<li>Beantwortung Ihrer Anfragen<\/li>\n\n\n\n<li>Bereitstellung von Dienstleistungen<\/li>\n\n\n\n<li>Einhaltung der rechtlichen Verpflichtungen<\/li>\n<\/ul>\n\n\n\n<hr class=\"wp-block-separator has-text-color has-ast-global-color-4-color has-alpha-channel-opacity has-ast-global-color-4-background-color has-background is-style-wide\"\/>\n\n\n\n<h4 class=\"wp-block-heading\">7. Datensicherheit<\/h4>\n\n\n\n<p>Wir ergreifen angemessene Ma\u00dfnahmen zum Schutz Ihrer Daten, einschlie\u00dflich:<\/p>\n\n\n\n<ul class=\"wp-block-list\">\n<li>Sichere Server<\/li>\n\n\n\n<li>Eingeschr\u00e4nkter Zugang<\/li>\n\n\n\n<li>Grundlegende Verschl\u00fcsselungs- und Sicherheitspraktiken<\/li>\n<\/ul>\n\n\n\n<p>Allerdings ist keine Methode der \u00dcbertragung \u00fcber das Internet 100% sicher.<\/p>\n\n\n\n<hr class=\"wp-block-separator has-text-color has-ast-global-color-4-color has-alpha-channel-opacity has-ast-global-color-4-background-color has-background is-style-wide\"\/>\n\n\n\n<h4 class=\"wp-block-heading\">8. Ihre Rechte (GDPR &amp; Internationale Nutzer)<\/h4>\n\n\n\n<p>Je nach Ihrem Wohnort haben Sie m\u00f6glicherweise das Recht darauf:<\/p>\n\n\n\n<ul class=\"wp-block-list\">\n<li>Zugang zu Ihren pers\u00f6nlichen Daten<\/li>\n\n\n\n<li>Antrag auf Berichtigung unzutreffender Daten<\/li>\n\n\n\n<li>Beantragen Sie die L\u00f6schung Ihrer Daten<\/li>\n\n\n\n<li>Zustimmung jederzeit widerrufen<\/li>\n<\/ul>\n\n\n\n<p>Wenn Sie Ihre Rechte wahrnehmen m\u00f6chten, kontaktieren Sie uns bitte unter den unten angegebenen Kontaktdaten.<\/p>\n\n\n\n<hr class=\"wp-block-separator has-text-color has-ast-global-color-4-color has-alpha-channel-opacity has-ast-global-color-4-background-color has-background is-style-wide\"\/>\n\n\n\n<h4 class=\"wp-block-heading\">9. Internationale Daten\u00fcbermittlung<\/h4>\n\n\n\n<p>Da wir ein globales Unternehmen sind, k\u00f6nnen Ihre Daten auch au\u00dferhalb Ihres Wohnsitzlandes verarbeitet werden.<br>Wir stellen sicher, dass angemessene Sicherheitsvorkehrungen zum Schutz Ihrer Daten getroffen werden.<\/p>\n\n\n\n<hr class=\"wp-block-separator has-text-color has-ast-global-color-4-color has-alpha-channel-opacity has-ast-global-color-4-background-color has-background is-style-wide\"\/>\n\n\n\n<h4 class=\"wp-block-heading\">10. Links zu anderen Websites<\/h4>\n\n\n\n<p>Unsere Website kann Links zu Websites Dritter enthalten.<br>Wir sind f\u00fcr deren Datenschutzpraktiken nicht verantwortlich.<\/p>\n\n\n\n<hr class=\"wp-block-separator has-text-color has-ast-global-color-4-color has-alpha-channel-opacity has-ast-global-color-4-background-color has-background is-style-wide\"\/>\n\n\n\n<h4 class=\"wp-block-heading\">11. Aktualisierungen dieser Richtlinie<\/h4>\n\n\n\n<p>Wir k\u00f6nnen diese Datenschutzrichtlinie von Zeit zu Zeit aktualisieren.<br>\u00c4nderungen werden auf dieser Seite mit dem aktualisierten Datum bekannt gegeben.<\/p>\n\n\n\n<p><\/p>","protected":false},"excerpt":{"rendered":"<p>1. Introduction Welcome to Bestwillcams.We are committed to protecting your privacy and ensuring that your personal data is handled securely [&hellip;]<\/p>\n","protected":false},"author":1,"featured_media":0,"parent":0,"menu_order":0,"comment_status":"closed","ping_status":"open","template":"","meta":{"_acf_changed":false,"site-sidebar-layout":"default","site-content-layout":"","ast-site-content-layout":"narrow-width-container","site-content-style":"default","site-sidebar-style":"default","ast-global-header-display":"","ast-banner-title-visibility":"","ast-main-header-display":"","ast-hfb-above-header-display":"","ast-hfb-below-header-display":"","ast-hfb-mobile-header-display":"","site-post-title":"","ast-breadcrumbs-content":"","ast-featured-img":"","footer-sml-layout":"","ast-disable-related-posts":"","theme-transparent-header-meta":"","adv-header-id-meta":"","stick-header-meta":"","header-above-stick-meta":"","header-main-stick-meta":"","header-below-stick-meta":"","astra-migrate-meta-layouts":"set","ast-page-background-enabled":"default","ast-page-background-meta":{"desktop":{"background-color":"var(--ast-global-color-4)","background-image":"","background-repeat":"repeat","background-position":"center center","background-size":"auto","background-attachment":"scroll","background-type":"","background-media":"","overlay-type":"","overlay-color":"","overlay-opacity":"","overlay-gradient":""},"tablet":{"background-color":"","background-image":"","background-repeat":"repeat","background-position":"center center","background-size":"auto","background-attachment":"scroll","background-type":"","background-media":"","overlay-type":"","overlay-color":"","overlay-opacity":"","overlay-gradient":""},"mobile":{"background-color":"","background-image":"","background-repeat":"repeat","background-position":"center center","background-size":"auto","background-attachment":"scroll","background-type":"","background-media":"","overlay-type":"","overlay-color":"","overlay-opacity":"","overlay-gradient":""}},"ast-content-background-meta":{"desktop":{"background-color":"var(--ast-global-color-5)","background-image":"","background-repeat":"repeat","background-position":"center center","background-size":"auto","background-attachment":"scroll","background-type":"","background-media":"","overlay-type":"","overlay-color":"","overlay-opacity":"","overlay-gradient":""},"tablet":{"background-color":"var(--ast-global-color-5)","background-image":"","background-repeat":"repeat","background-position":"center center","background-size":"auto","background-attachment":"scroll","background-type":"","background-media":"","overlay-type":"","overlay-color":"","overlay-opacity":"","overlay-gradient":""},"mobile":{"background-color":"var(--ast-global-color-5)","background-image":"","background-repeat":"repeat","background-position":"center center","background-size":"auto","background-attachment":"scroll","background-type":"","background-media":"","overlay-type":"","overlay-color":"","overlay-opacity":"","overlay-gradient":""}},"footnotes":""},"class_list":["post-3","page","type-page","status-publish","hentry"],"acf":[],"_links":{"self":[{"href":"https:\/\/bestwillcams.com\/de\/wp-json\/wp\/v2\/pages\/3","targetHints":{"allow":["GET"]}}],"collection":[{"href":"https:\/\/bestwillcams.com\/de\/wp-json\/wp\/v2\/pages"}],"about":[{"href":"https:\/\/bestwillcams.com\/de\/wp-json\/wp\/v2\/types\/page"}],"author":[{"embeddable":true,"href":"https:\/\/bestwillcams.com\/de\/wp-json\/wp\/v2\/users\/1"}],"replies":[{"embeddable":true,"href":"https:\/\/bestwillcams.com\/de\/wp-json\/wp\/v2\/comments?post=3"}],"version-history":[{"count":4,"href":"https:\/\/bestwillcams.com\/de\/wp-json\/wp\/v2\/pages\/3\/revisions"}],"predecessor-version":[{"id":3137,"href":"https:\/\/bestwillcams.com\/de\/wp-json\/wp\/v2\/pages\/3\/revisions\/3137"}],"wp:attachment":[{"href":"https:\/\/bestwillcams.com\/de\/wp-json\/wp\/v2\/media?parent=3"}],"curies":[{"name":"wp","href":"https:\/\/api.w.org\/{rel}","templated":true}]}}