{"id":2038,"date":"2025-12-30T16:43:48","date_gmt":"2025-12-30T08:43:48","guid":{"rendered":"https:\/\/bestwillcams.com\/?page_id=2038"},"modified":"2026-03-03T09:44:14","modified_gmt":"2026-03-03T01:44:14","slug":"oem-manufacturing","status":"publish","type":"page","link":"https:\/\/bestwillcams.com\/es\/oem-manufacturing\/","title":{"rendered":"Fabricaci\u00f3n OEM"},"content":{"rendered":"<div data-elementor-type=\"wp-page\" data-elementor-id=\"2038\" class=\"elementor elementor-2038\" data-elementor-post-type=\"page\">\n\t\t\t\t<div class=\"elementor-element elementor-element-0e33895 e-flex e-con-boxed e-con e-parent\" data-id=\"0e33895\" data-element_type=\"container\" data-e-type=\"container\" data-settings=\"{&quot;background_background&quot;:&quot;classic&quot;}\">\n\t\t\t\t\t<div class=\"e-con-inner\">\n\t\t\t\t<div class=\"elementor-element elementor-element-6d37a41 elementor-widget elementor-widget-heading\" data-id=\"6d37a41\" data-element_type=\"widget\" data-e-type=\"widget\" data-widget_type=\"heading.default\">\n\t\t\t\t\t\t\t<h1 class=\"elementor-heading-title elementor-size-default\">Fabricaci\u00f3n OEM de sistemas de c\u00e1maras subacu\u00e1ticas<\/h1>\t\t\t\t<\/div>\n\t\t\t\t<div class=\"elementor-element elementor-element-f5e35d8 elementor-hidden-tablet elementor-hidden-mobile elementor-widget elementor-widget-text-editor\" data-id=\"f5e35d8\" data-element_type=\"widget\" data-e-type=\"widget\" data-widget_type=\"text-editor.default\">\n\t\t\t\t\t\t\t\t\t\t\t<p>Ofrecemos <strong data-start=\"281\" data-end=\"311\">Servicios de fabricaci\u00f3n OEM<\/strong> para clientes que ya tienen claras las especificaciones del producto y buscan un socio de producci\u00f3n fiable.Como fabricante especializado de <strong data-start=\"457\" data-end=\"486\">sistemas de c\u00e1maras subacu\u00e1ticas<\/strong>, Nuestros servicios OEM se centran en <strong data-start=\"514\" data-end=\"578\">montaje estable, calidad constante y producci\u00f3n escalable<\/strong>, ayudando a nuestros socios a comercializar con confianza productos de eficacia probada.<\/p>\t\t\t\t\t\t\t\t<\/div>\n\t\t\t\t\t<\/div>\n\t\t\t\t<\/div>\n\t\t<div class=\"elementor-element elementor-element-5602ca4 e-flex e-con-boxed e-con e-parent\" data-id=\"5602ca4\" data-element_type=\"container\" data-e-type=\"container\">\n\t\t\t\t\t<div class=\"e-con-inner\">\n\t\t\t\t<div class=\"elementor-element elementor-element-b1f29a7 elementor-widget elementor-widget-text-editor\" data-id=\"b1f29a7\" data-element_type=\"widget\" data-e-type=\"widget\" data-widget_type=\"text-editor.default\">\n\t\t\t\t\t\t\t\t\t\t\t<h4>Qu\u00e9 cubre nuestra fabricaci\u00f3n OEM<\/h4><p>Nuestros servicios de fabricaci\u00f3n OEM se basan en <strong>plataformas de c\u00e1maras subacu\u00e1ticas maduras<\/strong> que han sido validadas en diferentes aplicaciones.<\/p><h5>Capacidades OEM b\u00e1sicas<\/h5><ul><li>Montaje completo del sistema de c\u00e1mara subacu\u00e1tica<\/li><li>Integraci\u00f3n de c\u00e1maras, cables, carretes y monitores<\/li><li>Proceso de producci\u00f3n estandarizado para pedidos repetidos<\/li><li>Inspecci\u00f3n del material entrante y control de calidad en l\u00ednea<\/li><li>Pruebas finales del producto antes de su env\u00edo<\/li><\/ul><p>Nos centramos en la fabricaci\u00f3n a nivel de sistema, no s\u00f3lo de componentes individuales.<\/p>\t\t\t\t\t\t\t\t<\/div>\n\t\t\t\t<div class=\"elementor-element elementor-element-6263700 elementor-widget__width-initial elementor-widget elementor-widget-image\" data-id=\"6263700\" data-element_type=\"widget\" data-e-type=\"widget\" data-widget_type=\"image.default\">\n\t\t\t\t\t\t\t\t\t\t\t\t\t\t\t\t\t<img fetchpriority=\"high\" decoding=\"async\" width=\"1200\" height=\"800\" src=\"https:\/\/bestwillcams.com\/wp-content\/uploads\/2026\/02\/fishing-camera-OEM-Manufacturing.webp\" class=\"attachment-full size-full wp-image-2650\" alt=\"\" srcset=\"https:\/\/bestwillcams.com\/wp-content\/uploads\/2026\/02\/fishing-camera-OEM-Manufacturing.webp 1200w, https:\/\/bestwillcams.com\/wp-content\/uploads\/2026\/02\/fishing-camera-OEM-Manufacturing-300x200.webp 300w, https:\/\/bestwillcams.com\/wp-content\/uploads\/2026\/02\/fishing-camera-OEM-Manufacturing-1024x683.webp 1024w, https:\/\/bestwillcams.com\/wp-content\/uploads\/2026\/02\/fishing-camera-OEM-Manufacturing-768x512.webp 768w\" sizes=\"(max-width: 1200px) 100vw, 1200px\" \/>\t\t\t\t\t\t\t\t\t\t\t\t\t\t\t<\/div>\n\t\t\t\t\t<\/div>\n\t\t\t\t<\/div>\n\t\t<div class=\"elementor-element elementor-element-a0c8316 e-flex e-con-boxed e-con e-parent\" data-id=\"a0c8316\" data-element_type=\"container\" data-e-type=\"container\">\n\t\t\t\t\t<div class=\"e-con-inner\">\n\t\t\t\t<div class=\"elementor-element elementor-element-62ee913 elementor-widget elementor-widget-text-editor\" data-id=\"62ee913\" data-element_type=\"widget\" data-e-type=\"widget\" data-widget_type=\"text-editor.default\">\n\t\t\t\t\t\t\t\t\t\t\t<h5 data-start=\"1328\" data-end=\"1370\">Productos adecuados para la fabricaci\u00f3n OEM<\/h5><p data-start=\"1372\" data-end=\"1444\">Nuestros servicios de fabricaci\u00f3n OEM abarcan las siguientes categor\u00edas de productos:<\/p><ul data-start=\"1446\" data-end=\"1771\"><li data-start=\"1446\" data-end=\"1578\"><p data-start=\"1448\" data-end=\"1578\"><strong data-start=\"1448\" data-end=\"1488\">Sistemas de c\u00e1maras de inspecci\u00f3n subacu\u00e1tica<\/strong><br data-start=\"1488\" data-end=\"1491\" \/>Para la inspecci\u00f3n industrial, la vigilancia de la acuicultura y la observaci\u00f3n submarina en general<\/p><\/li><li data-start=\"1580\" data-end=\"1675\"><p data-start=\"1582\" data-end=\"1675\"><strong data-start=\"1582\" data-end=\"1620\">Sistemas de c\u00e1maras de inspecci\u00f3n de perforaciones<\/strong><br data-start=\"1620\" data-end=\"1623\" \/>Para aplicaciones de inspecci\u00f3n vertical y de pozos profundos<\/p><\/li><li data-start=\"1677\" data-end=\"1771\"><p data-start=\"1679\" data-end=\"1771\"><strong data-start=\"1679\" data-end=\"1716\">Sistemas de c\u00e1maras de pesca submarina<\/strong><br data-start=\"1716\" data-end=\"1719\" \/>Para los mercados de consumo y de pesca semiprofesional<\/p><\/li><\/ul><p data-start=\"1773\" data-end=\"1874\">Todos los proyectos OEM se basan en <strong data-start=\"1803\" data-end=\"1833\">plataformas existentes y probadas<\/strong> para garantizar la estabilidad y la rentabilidad.<\/p>\t\t\t\t\t\t\t\t<\/div>\n\t\t\t\t<div class=\"elementor-element elementor-element-27c086c elementor-widget elementor-widget-text-editor\" data-id=\"27c086c\" data-element_type=\"widget\" data-e-type=\"widget\" data-widget_type=\"text-editor.default\">\n\t\t\t\t\t\t\t\t\t\t\t<h5 data-start=\"1881\" data-end=\"1925\">Asistencia t\u00e9cnica durante la producci\u00f3n OEM<\/h5><p data-start=\"1927\" data-end=\"1976\">La fabricaci\u00f3n OEM no significa producci\u00f3n r\u00edgida.<\/p><p data-start=\"1978\" data-end=\"2114\">Nuestro equipo de ingenieros ofrece asistencia durante el proceso de OEM para garantizar <strong data-start=\"2049\" data-end=\"2102\">compatibilidad, fabricabilidad y fiabilidad<\/strong>, incluyendo:<\/p><ul data-start=\"2116\" data-end=\"2326\"><li data-start=\"2116\" data-end=\"2158\"><p data-start=\"2118\" data-end=\"2158\">Revisi\u00f3n del pliego de condiciones antes de la producci\u00f3n<\/p><\/li><li data-start=\"2159\" data-end=\"2207\"><p data-start=\"2161\" data-end=\"2207\">Comprobaciones de compatibilidad de componentes e interfaces<\/p><\/li><li data-start=\"2208\" data-end=\"2265\"><p data-start=\"2210\" data-end=\"2265\">Verificaci\u00f3n de la longitud, el alojamiento y la configuraci\u00f3n de los cables<\/p><\/li><li data-start=\"2266\" data-end=\"2326\"><p data-start=\"2268\" data-end=\"2326\">Peque\u00f1os ajustes funcionales para optimizar la producci\u00f3n<\/p><\/li><\/ul><p data-start=\"2328\" data-end=\"2398\">Este apoyo ayuda a reducir los riesgos de producci\u00f3n y a evitar costosas revisiones.<\/p>\t\t\t\t\t\t\t\t<\/div>\n\t\t\t\t<div class=\"elementor-element elementor-element-790f596 elementor-widget elementor-widget-text-editor\" data-id=\"790f596\" data-element_type=\"widget\" data-e-type=\"widget\" data-widget_type=\"text-editor.default\">\n\t\t\t\t\t\t\t\t\t\t\t<h5 data-start=\"2405\" data-end=\"2448\">Control de calidad y coherencia de la producci\u00f3n<\/h5><p data-start=\"2450\" data-end=\"2495\">La coherencia es fundamental en la fabricaci\u00f3n de equipos originales.<\/p><p data-start=\"2497\" data-end=\"2600\">Realizamos controles de calidad en m\u00faltiples etapas para garantizar que cada lote cumple las especificaciones acordadas:<\/p><ul data-start=\"2602\" data-end=\"2789\"><li data-start=\"2602\" data-end=\"2641\"><p data-start=\"2604\" data-end=\"2641\">Inspecci\u00f3n del material antes del montaje<\/p><\/li><li data-start=\"2642\" data-end=\"2670\"><p data-start=\"2644\" data-end=\"2670\">Control del proceso de montaje<\/p><\/li><li data-start=\"2671\" data-end=\"2738\"><p data-start=\"2673\" data-end=\"2738\">Pruebas funcionales de la c\u00e1mara, la iluminaci\u00f3n y la transmisi\u00f3n de se\u00f1ales<\/p><\/li><li data-start=\"2739\" data-end=\"2789\"><p data-start=\"2741\" data-end=\"2789\">Inspecci\u00f3n final antes del embalaje y el env\u00edo<\/p><\/li><\/ul><p data-start=\"2791\" data-end=\"2859\">Nuestro objetivo es <strong data-start=\"2814\" data-end=\"2836\">calidad repetible<\/strong>, no muestras \u00fanicas.<\/p>\t\t\t\t\t\t\t\t<\/div>\n\t\t\t\t<div class=\"elementor-element elementor-element-37f05f7 elementor-widget elementor-widget-text-editor\" data-id=\"37f05f7\" data-element_type=\"widget\" data-e-type=\"widget\" data-widget_type=\"text-editor.default\">\n\t\t\t\t\t\t\t\t\t\t\t<h5 data-start=\"2866\" data-end=\"2903\">Flujo de trabajo t\u00edpico de la fabricaci\u00f3n OEM<\/h5><p data-start=\"2905\" data-end=\"2961\">Nuestro proceso de fabricaci\u00f3n OEM es sencillo y transparente:<\/p><ol data-start=\"2963\" data-end=\"3140\"><li data-start=\"2963\" data-end=\"3002\"><p data-start=\"2966\" data-end=\"3002\">Confirmaci\u00f3n del pliego de condiciones<\/p><\/li><li data-start=\"3003\" data-end=\"3045\"><p data-start=\"3006\" data-end=\"3045\">Validaci\u00f3n de plataformas y configuraciones<\/p><\/li><li data-start=\"3046\" data-end=\"3082\"><p data-start=\"3049\" data-end=\"3082\">Preparaci\u00f3n y aprobaci\u00f3n de muestras<\/p><\/li><li data-start=\"3083\" data-end=\"3103\"><p data-start=\"3086\" data-end=\"3103\">Producci\u00f3n en serie<\/p><\/li><li data-start=\"3104\" data-end=\"3140\"><p data-start=\"3107\" data-end=\"3140\">Inspecci\u00f3n de calidad y entrega<\/p><\/li><\/ol><p data-start=\"3142\" data-end=\"3222\">Una comunicaci\u00f3n clara en cada fase ayuda a mantener alineados los plazos y las expectativas.<\/p>\t\t\t\t\t\t\t\t<\/div>\n\t\t\t\t<div class=\"elementor-element elementor-element-93411e1 elementor-widget elementor-widget-text-editor\" data-id=\"93411e1\" data-element_type=\"widget\" data-e-type=\"widget\" data-widget_type=\"text-editor.default\">\n\t\t\t\t\t\t\t\t\t\t\t<h5 data-start=\"3229\" data-end=\"3269\">Para qui\u00e9n es mejor nuestra fabricaci\u00f3n OEM<\/h5><h6 data-start=\"3271\" data-end=\"3320\"><strong data-start=\"3271\" data-end=\"3320\">La fabricaci\u00f3n OEM es ideal para clientes que:<\/strong><\/h6><ul data-start=\"3321\" data-end=\"3511\"><li data-start=\"3321\" data-end=\"3368\"><p data-start=\"3323\" data-end=\"3368\">Ya tiene definidas las especificaciones del producto<\/p><\/li><li data-start=\"3369\" data-end=\"3410\"><p data-start=\"3371\" data-end=\"3410\">Requieren una producci\u00f3n estable y repetible<\/p><\/li><li data-start=\"3411\" data-end=\"3450\"><p data-start=\"3413\" data-end=\"3450\">Plan de abastecimiento a medio y largo plazo<\/p><\/li><li data-start=\"3451\" data-end=\"3511\"><p data-start=\"3453\" data-end=\"3511\">Valorar la fiabilidad de la fabricaci\u00f3n y la coherencia de las entregas<\/p><\/li><\/ul><h6 data-start=\"3513\" data-end=\"3558\"><strong data-start=\"3513\" data-end=\"3558\">La fabricaci\u00f3n OEM puede no ser adecuada si:<\/strong><\/h6><ul data-start=\"3559\" data-end=\"3649\"><li data-start=\"3559\" data-end=\"3601\"><p data-start=\"3561\" data-end=\"3601\">El concepto de producto a\u00fan no est\u00e1 definido<\/p><\/li><li data-start=\"3602\" data-end=\"3649\"><p data-start=\"3604\" data-end=\"3649\">Se requiere un amplio desarrollo<\/p><\/li><\/ul><p data-start=\"3651\" data-end=\"3731\">Esto nos permite centrarnos en proyectos en los que la fabricaci\u00f3n OEM aporta el m\u00e1ximo valor a\u00f1adido.<\/p>\t\t\t\t\t\t\t\t<\/div>\n\t\t\t\t<div class=\"elementor-element elementor-element-7857ffd elementor-widget elementor-widget-text-editor\" data-id=\"7857ffd\" data-element_type=\"widget\" data-e-type=\"widget\" data-widget_type=\"text-editor.default\">\n\t\t\t\t\t\t\t\t\t\t\t<h5 data-start=\"3738\" data-end=\"3788\">Por qu\u00e9 elegirnos como socio de fabricaci\u00f3n OEM<\/h5><ul data-start=\"3790\" data-end=\"4010\"><li data-start=\"3790\" data-end=\"3834\"><p data-start=\"3792\" data-end=\"3834\">Especialista en sistemas de c\u00e1maras subacu\u00e1ticas<\/p><\/li><li data-start=\"3835\" data-end=\"3869\"><p data-start=\"3837\" data-end=\"3869\">Plataformas de fabricaci\u00f3n probadas<\/p><\/li><li data-start=\"3870\" data-end=\"3918\"><p data-start=\"3872\" data-end=\"3918\">Cadena de suministro estable e integraci\u00f3n del montaje<\/p><\/li><li data-start=\"3919\" data-end=\"3976\"><p data-start=\"3921\" data-end=\"3976\">Apoyo de ingenier\u00eda centrado en la viabilidad de la producci\u00f3n<\/p><\/li><li data-start=\"3977\" data-end=\"4010\"><p data-start=\"3979\" data-end=\"4010\">Mentalidad de asociaci\u00f3n a largo plazo<\/p><\/li><\/ul><p data-start=\"4012\" data-end=\"4117\">Queremos ser m\u00e1s que un proveedor: trabajamos como un <strong data-start=\"4059\" data-end=\"4084\">socio fabricante<\/strong> apoyando el crecimiento de su empresa.<\/p>\t\t\t\t\t\t\t\t<\/div>\n\t\t\t\t\t<\/div>\n\t\t\t\t<\/div>\n\t\t\t\t<\/div>","protected":false},"excerpt":{"rendered":"<p>OEM Manufacturing for Underwater Camera Systems We provide OEM manufacturing services for customers who already have clear product specifications and [&hellip;]<\/p>\n","protected":false},"author":1,"featured_media":0,"parent":0,"menu_order":0,"comment_status":"closed","ping_status":"closed","template":"","meta":{"_acf_changed":false,"site-sidebar-layout":"no-sidebar","site-content-layout":"","ast-site-content-layout":"full-width-container","site-content-style":"default","site-sidebar-style":"default","ast-global-header-display":"","ast-banner-title-visibility":"disabled","ast-main-header-display":"","ast-hfb-above-header-display":"","ast-hfb-below-header-display":"","ast-hfb-mobile-header-display":"","site-post-title":"disabled","ast-breadcrumbs-content":"","ast-featured-img":"","footer-sml-layout":"","ast-disable-related-posts":"","theme-transparent-header-meta":"","adv-header-id-meta":"","stick-header-meta":"","header-above-stick-meta":"","header-main-stick-meta":"","header-below-stick-meta":"","astra-migrate-meta-layouts":"set","ast-page-background-enabled":"default","ast-page-background-meta":{"desktop":{"background-color":"var(--ast-global-color-4)","background-image":"","background-repeat":"repeat","background-position":"center center","background-size":"auto","background-attachment":"scroll","background-type":"","background-media":"","overlay-type":"","overlay-color":"","overlay-opacity":"","overlay-gradient":""},"tablet":{"background-color":"","background-image":"","background-repeat":"repeat","background-position":"center center","background-size":"auto","background-attachment":"scroll","background-type":"","background-media":"","overlay-type":"","overlay-color":"","overlay-opacity":"","overlay-gradient":""},"mobile":{"background-color":"","background-image":"","background-repeat":"repeat","background-position":"center center","background-size":"auto","background-attachment":"scroll","background-type":"","background-media":"","overlay-type":"","overlay-color":"","overlay-opacity":"","overlay-gradient":""}},"ast-content-background-meta":{"desktop":{"background-color":"var(--ast-global-color-5)","background-image":"","background-repeat":"repeat","background-position":"center center","background-size":"auto","background-attachment":"scroll","background-type":"","background-media":"","overlay-type":"","overlay-color":"","overlay-opacity":"","overlay-gradient":""},"tablet":{"background-color":"var(--ast-global-color-5)","background-image":"","background-repeat":"repeat","background-position":"center center","background-size":"auto","background-attachment":"scroll","background-type":"","background-media":"","overlay-type":"","overlay-color":"","overlay-opacity":"","overlay-gradient":""},"mobile":{"background-color":"var(--ast-global-color-5)","background-image":"","background-repeat":"repeat","background-position":"center center","background-size":"auto","background-attachment":"scroll","background-type":"","background-media":"","overlay-type":"","overlay-color":"","overlay-opacity":"","overlay-gradient":""}},"footnotes":""},"class_list":["post-2038","page","type-page","status-publish","hentry"],"acf":[],"_links":{"self":[{"href":"https:\/\/bestwillcams.com\/es\/wp-json\/wp\/v2\/pages\/2038","targetHints":{"allow":["GET"]}}],"collection":[{"href":"https:\/\/bestwillcams.com\/es\/wp-json\/wp\/v2\/pages"}],"about":[{"href":"https:\/\/bestwillcams.com\/es\/wp-json\/wp\/v2\/types\/page"}],"author":[{"embeddable":true,"href":"https:\/\/bestwillcams.com\/es\/wp-json\/wp\/v2\/users\/1"}],"replies":[{"embeddable":true,"href":"https:\/\/bestwillcams.com\/es\/wp-json\/wp\/v2\/comments?post=2038"}],"version-history":[{"count":31,"href":"https:\/\/bestwillcams.com\/es\/wp-json\/wp\/v2\/pages\/2038\/revisions"}],"predecessor-version":[{"id":2822,"href":"https:\/\/bestwillcams.com\/es\/wp-json\/wp\/v2\/pages\/2038\/revisions\/2822"}],"wp:attachment":[{"href":"https:\/\/bestwillcams.com\/es\/wp-json\/wp\/v2\/media?parent=2038"}],"curies":[{"name":"wp","href":"https:\/\/api.w.org\/{rel}","templated":true}]}}