{"id":2064,"date":"2026-01-02T10:24:01","date_gmt":"2026-01-02T02:24:01","guid":{"rendered":"https:\/\/bestwillcams.com\/?page_id=2064"},"modified":"2026-03-03T09:43:14","modified_gmt":"2026-03-03T01:43:14","slug":"odm-customization","status":"publish","type":"page","link":"https:\/\/bestwillcams.com\/es\/odm-customization\/","title":{"rendered":"Personalizaci\u00f3n ODM"},"content":{"rendered":"<div data-elementor-type=\"wp-page\" data-elementor-id=\"2064\" class=\"elementor elementor-2064\" data-elementor-post-type=\"page\">\n\t\t\t\t<div class=\"elementor-element elementor-element-73b2f44d e-flex e-con-boxed e-con e-parent\" data-id=\"73b2f44d\" data-element_type=\"container\" data-e-type=\"container\" data-settings=\"{&quot;background_background&quot;:&quot;classic&quot;}\">\n\t\t\t\t\t<div class=\"e-con-inner\">\n\t\t\t\t<div class=\"elementor-element elementor-element-6254af45 elementor-widget elementor-widget-heading\" data-id=\"6254af45\" data-element_type=\"widget\" data-e-type=\"widget\" data-widget_type=\"heading.default\">\n\t\t\t\t\t\t\t<h1 class=\"elementor-heading-title elementor-size-default\">Personalizaci\u00f3n ODM basada en una c\u00e1mara subacu\u00e1tica probada<\/h1>\t\t\t\t<\/div>\n\t\t\t\t<div class=\"elementor-element elementor-element-4ede2f03 elementor-hidden-tablet elementor-hidden-mobile elementor-widget elementor-widget-text-editor\" data-id=\"4ede2f03\" data-element_type=\"widget\" data-e-type=\"widget\" data-widget_type=\"text-editor.default\">\n\t\t\t\t\t\t\t\t\t\t\t<p data-start=\"307\" data-end=\"428\">Ofrecemos <strong data-start=\"316\" data-end=\"346\">Servicios de personalizaci\u00f3n ODM<\/strong> para clientes que necesitan diferenciar sus productos minimizando el riesgo de desarrollo. <strong data-start=\"450\" data-end=\"468\">plataforma<\/strong>, En lugar de desarrollar el producto desde cero, se centra en la configuraci\u00f3n funcional, la adaptaci\u00f3n estructural y la personalizaci\u00f3n espec\u00edfica de la aplicaci\u00f3n.<\/p>\t\t\t\t\t\t\t\t<\/div>\n\t\t\t\t\t<\/div>\n\t\t\t\t<\/div>\n\t\t<div class=\"elementor-element elementor-element-621dbcaa e-flex e-con-boxed e-con e-parent\" data-id=\"621dbcaa\" data-element_type=\"container\" data-e-type=\"container\">\n\t\t\t\t\t<div class=\"e-con-inner\">\n\t\t\t\t<div class=\"elementor-element elementor-element-667a61c4 elementor-widget elementor-widget-text-editor\" data-id=\"667a61c4\" data-element_type=\"widget\" data-e-type=\"widget\" data-widget_type=\"text-editor.default\">\n\t\t\t\t\t\t\t\t\t\t\t<h4 data-start=\"763\" data-end=\"799\">Qu\u00e9 entendemos por personalizaci\u00f3n ODM<\/h4><p data-start=\"801\" data-end=\"849\">La personalizaci\u00f3n ODM no consiste en I+D experimental.<\/p><p data-start=\"851\" data-end=\"963\">Se trata de <strong data-start=\"863\" data-end=\"910\">adaptaci\u00f3n de plataformas de c\u00e1maras subacu\u00e1ticas de eficacia probada<\/strong> para satisfacer requisitos espec\u00edficos de la aplicaci\u00f3n o el mercado.<\/p><p data-start=\"965\" data-end=\"1010\">Nuestros servicios ODM son ideales para clientes que:<\/p><ul data-start=\"1011\" data-end=\"1143\"><li data-start=\"1011\" data-end=\"1046\"><p data-start=\"1013\" data-end=\"1046\">Tener un escenario de aplicaci\u00f3n claro<\/p><\/li><li data-start=\"1047\" data-end=\"1092\"><p data-start=\"1049\" data-end=\"1092\">Necesidad de diferenciarse de los productos est\u00e1ndar<\/p><\/li><li data-start=\"1093\" data-end=\"1143\"><p data-start=\"1095\" data-end=\"1143\">Preferir arquitecturas de sistemas estables y validadas<\/p><\/li><\/ul>\t\t\t\t\t\t\t\t<\/div>\n\t\t\t\t<div class=\"elementor-element elementor-element-17dd837e elementor-widget__width-initial elementor-widget elementor-widget-image\" data-id=\"17dd837e\" data-element_type=\"widget\" data-e-type=\"widget\" data-widget_type=\"image.default\">\n\t\t\t\t\t\t\t\t\t\t\t\t\t\t\t\t\t<img fetchpriority=\"high\" decoding=\"async\" width=\"1200\" height=\"800\" src=\"https:\/\/bestwillcams.com\/wp-content\/uploads\/2026\/02\/fishing-camera-ODM-Customization.webp\" class=\"attachment-full size-full wp-image-2655\" alt=\"\" srcset=\"https:\/\/bestwillcams.com\/wp-content\/uploads\/2026\/02\/fishing-camera-ODM-Customization.webp 1200w, https:\/\/bestwillcams.com\/wp-content\/uploads\/2026\/02\/fishing-camera-ODM-Customization-300x200.webp 300w, https:\/\/bestwillcams.com\/wp-content\/uploads\/2026\/02\/fishing-camera-ODM-Customization-1024x683.webp 1024w, https:\/\/bestwillcams.com\/wp-content\/uploads\/2026\/02\/fishing-camera-ODM-Customization-768x512.webp 768w\" sizes=\"(max-width: 1200px) 100vw, 1200px\" \/>\t\t\t\t\t\t\t\t\t\t\t\t\t\t\t<\/div>\n\t\t\t\t\t<\/div>\n\t\t\t\t<\/div>\n\t\t<div class=\"elementor-element elementor-element-6f46d6c2 e-flex e-con-boxed e-con e-parent\" data-id=\"6f46d6c2\" data-element_type=\"container\" data-e-type=\"container\">\n\t\t\t\t\t<div class=\"e-con-inner\">\n\t\t\t\t<div class=\"elementor-element elementor-element-14974650 elementor-widget elementor-widget-text-editor\" data-id=\"14974650\" data-element_type=\"widget\" data-e-type=\"widget\" data-widget_type=\"text-editor.default\">\n\t\t\t\t\t\t\t\t\t\t\t<h5 data-start=\"1150\" data-end=\"1172\">\u00c1mbito de personalizaci\u00f3n<\/h5><p data-start=\"1174\" data-end=\"1235\">Nuestra personalizaci\u00f3n ODM suele incluir las siguientes \u00e1reas:<\/p><h6 data-start=\"1237\" data-end=\"1261\">Configuraci\u00f3n del sistema<\/h6><ul data-start=\"1262\" data-end=\"1436\"><li data-start=\"1262\" data-end=\"1312\"><p data-start=\"1264\" data-end=\"1312\">Selecci\u00f3n del m\u00f3dulo de c\u00e1mara y opciones de resoluci\u00f3n<\/p><\/li><li data-start=\"1313\" data-end=\"1362\"><p data-start=\"1315\" data-end=\"1362\">Configuraci\u00f3n y \u00e1ngulo de iluminaci\u00f3n<\/p><\/li><li data-start=\"1363\" data-end=\"1397\"><p data-start=\"1365\" data-end=\"1397\">Longitud del cable y correspondencia de tipos<\/p><\/li><li data-start=\"1398\" data-end=\"1436\"><p data-start=\"1400\" data-end=\"1436\">Tama\u00f1o del monitor y opciones de interfaz<\/p><\/li><\/ul><h6 data-start=\"1438\" data-end=\"1479\">Personalizaci\u00f3n estructural y est\u00e9tica<\/h6><ul data-start=\"1480\" data-end=\"1649\"><li data-start=\"1480\" data-end=\"1517\"><p data-start=\"1482\" data-end=\"1517\">Ajustes en el dise\u00f1o de la carcasa de la c\u00e1mara<\/p><\/li><li data-start=\"1518\" data-end=\"1560\"><p data-start=\"1520\" data-end=\"1560\">Optimizaci\u00f3n de la estructura y el dise\u00f1o de las bobinas<\/p><\/li><li data-start=\"1561\" data-end=\"1606\"><p data-start=\"1563\" data-end=\"1606\">Compatibilidad mec\u00e1nica con los accesorios<\/p><\/li><li data-start=\"1607\" data-end=\"1649\"><p data-start=\"1609\" data-end=\"1649\">Cambios en el factor de forma impulsados por las aplicaciones<\/p><\/li><\/ul><h6 data-start=\"1651\" data-end=\"1676\">Adaptaci\u00f3n funcional<\/h6><ul data-start=\"1677\" data-end=\"1802\"><li data-start=\"1677\" data-end=\"1722\"><p data-start=\"1679\" data-end=\"1722\">Configuraci\u00f3n de interfaz y salida de se\u00f1al<\/p><\/li><li data-start=\"1723\" data-end=\"1748\"><p data-start=\"1725\" data-end=\"1748\">Adaptaci\u00f3n de la alimentaci\u00f3n<\/p><\/li><li data-start=\"1749\" data-end=\"1802\"><p data-start=\"1751\" data-end=\"1802\">Integraci\u00f3n con accesorios espec\u00edficos de la aplicaci\u00f3n<\/p><\/li><\/ul><p data-start=\"1804\" data-end=\"1920\">Todas las personalizaciones son evaluadas por nuestro equipo de ingenieros para garantizar <strong data-start=\"1869\" data-end=\"1919\">viabilidad t\u00e9cnica y estabilidad de la producci\u00f3n<\/strong>.<\/p>\t\t\t\t\t\t\t\t<\/div>\n\t\t\t\t<div class=\"elementor-element elementor-element-2a33457f elementor-widget elementor-widget-text-editor\" data-id=\"2a33457f\" data-element_type=\"widget\" data-e-type=\"widget\" data-widget_type=\"text-editor.default\">\n\t\t\t\t\t\t\t\t\t\t\t<h5 data-start=\"1927\" data-end=\"1966\">Asistencia t\u00e9cnica para proyectos ODM<\/h5><p data-start=\"1968\" data-end=\"2059\">Nuestro equipo de ingenieros colabora estrechamente con los clientes durante todo el proceso de personalizaci\u00f3n ODM.<\/p><p data-start=\"2061\" data-end=\"2090\">El apoyo de ingenier\u00eda incluye:<\/p><ul data-start=\"2091\" data-end=\"2259\"><li data-start=\"2091\" data-end=\"2139\"><p data-start=\"2093\" data-end=\"2139\">Evaluaci\u00f3n de requisitos y adecuaci\u00f3n de plataformas<\/p><\/li><li data-start=\"2140\" data-end=\"2182\"><p data-start=\"2142\" data-end=\"2182\">Viabilidad del dise\u00f1o y evaluaci\u00f3n de riesgos<\/p><\/li><li data-start=\"2183\" data-end=\"2219\"><p data-start=\"2185\" data-end=\"2219\">Preparaci\u00f3n de prototipos y muestras<\/p><\/li><li data-start=\"2220\" data-end=\"2259\"><p data-start=\"2222\" data-end=\"2259\">Optimizaci\u00f3n orientada a la fabricaci\u00f3n<\/p><\/li><\/ul><p data-start=\"2261\" data-end=\"2391\">Este proceso de desarrollo cooperativo ayuda a garantizar que los productos personalizados sean <strong data-start=\"2340\" data-end=\"2369\">listo para la producci\u00f3n en serie<\/strong>, no s\u00f3lo prototipos.<\/p>\t\t\t\t\t\t\t\t<\/div>\n\t\t\t\t<div class=\"elementor-element elementor-element-11594fe6 elementor-widget elementor-widget-text-editor\" data-id=\"11594fe6\" data-element_type=\"widget\" data-e-type=\"widget\" data-widget_type=\"text-editor.default\">\n\t\t\t\t\t\t\t\t\t\t\t<h5 data-start=\"2405\" data-end=\"2448\">Control de calidad y coherencia de la producci\u00f3n<\/h5><p data-start=\"2450\" data-end=\"2495\">La coherencia es fundamental en la fabricaci\u00f3n de equipos originales.<\/p><p data-start=\"2497\" data-end=\"2600\">Realizamos controles de calidad en m\u00faltiples etapas para garantizar que cada lote cumple las especificaciones acordadas:<\/p><ul data-start=\"2602\" data-end=\"2789\"><li data-start=\"2602\" data-end=\"2641\"><p data-start=\"2604\" data-end=\"2641\">Inspecci\u00f3n del material antes del montaje<\/p><\/li><li data-start=\"2642\" data-end=\"2670\"><p data-start=\"2644\" data-end=\"2670\">Control del proceso de montaje<\/p><\/li><li data-start=\"2671\" data-end=\"2738\"><p data-start=\"2673\" data-end=\"2738\">Pruebas funcionales de la c\u00e1mara, la iluminaci\u00f3n y la transmisi\u00f3n de se\u00f1ales<\/p><\/li><li data-start=\"2739\" data-end=\"2789\"><p data-start=\"2741\" data-end=\"2789\">Inspecci\u00f3n final antes del embalaje y el env\u00edo<\/p><\/li><\/ul><p data-start=\"2791\" data-end=\"2859\">Nuestro objetivo es <strong data-start=\"2814\" data-end=\"2836\">calidad repetible<\/strong>, no muestras \u00fanicas.<\/p>\t\t\t\t\t\t\t\t<\/div>\n\t\t\t\t<div class=\"elementor-element elementor-element-fe8dd5e elementor-widget elementor-widget-text-editor\" data-id=\"fe8dd5e\" data-element_type=\"widget\" data-e-type=\"widget\" data-widget_type=\"text-editor.default\">\n\t\t\t\t\t\t\t\t\t\t\t<h5 data-start=\"2735\" data-end=\"2764\">Flujo de trabajo de personalizaci\u00f3n ODM<\/h5><p data-start=\"2766\" data-end=\"2826\">Nuestro proceso de personalizaci\u00f3n ODM es estructurado y transparente:<\/p><ol data-start=\"2828\" data-end=\"3046\"><li data-start=\"2828\" data-end=\"2871\"><p data-start=\"2831\" data-end=\"2871\">Debate sobre solicitudes y requisitos<\/p><\/li><li data-start=\"2872\" data-end=\"2922\"><p data-start=\"2875\" data-end=\"2922\">Selecci\u00f3n de plataforma y propuesta de personalizaci\u00f3n<\/p><\/li><li data-start=\"2923\" data-end=\"2964\"><p data-start=\"2926\" data-end=\"2964\">Evaluaci\u00f3n t\u00e9cnica y presupuesto<\/p><\/li><li data-start=\"2965\" data-end=\"3005\"><p data-start=\"2968\" data-end=\"3005\">Desarrollo y confirmaci\u00f3n de muestras<\/p><\/li><li data-start=\"3006\" data-end=\"3046\"><p data-start=\"3009\" data-end=\"3046\">Producci\u00f3n en serie y control de calidad<\/p><\/li><\/ol><p data-start=\"3048\" data-end=\"3122\">Cada paso se gu\u00eda por la viabilidad de la fabricaci\u00f3n y la fiabilidad de la entrega.<\/p>\t\t\t\t\t\t\t\t<\/div>\n\t\t\t\t<div class=\"elementor-element elementor-element-5fa4bfac elementor-widget elementor-widget-text-editor\" data-id=\"5fa4bfac\" data-element_type=\"widget\" data-e-type=\"widget\" data-widget_type=\"text-editor.default\">\n\t\t\t\t\t\t\t\t\t\t\t<h5 data-start=\"3549\" data-end=\"3585\">Para qui\u00e9n es mejor la personalizaci\u00f3n ODM<\/h5><p data-start=\"3587\" data-end=\"3636\"><strong data-start=\"3587\" data-end=\"3636\">La personalizaci\u00f3n ODM es ideal para clientes que:<\/strong><\/p><ul data-start=\"3637\" data-end=\"3812\"><li data-start=\"3637\" data-end=\"3686\"><p data-start=\"3639\" data-end=\"3686\">Necesidad de diferenciaci\u00f3n funcional o estructural<\/p><\/li><li data-start=\"3687\" data-end=\"3725\"><p data-start=\"3689\" data-end=\"3725\">Quiere acortar los ciclos de desarrollo<\/p><\/li><li data-start=\"3726\" data-end=\"3779\"><p data-start=\"3728\" data-end=\"3779\">Prefiera un coste controlado y un riesgo t\u00e9cnico reducido<\/p><\/li><li data-start=\"3780\" data-end=\"3812\"><p data-start=\"3782\" data-end=\"3812\">Plan de producci\u00f3n escalable<\/p><\/li><\/ul><p data-start=\"3814\" data-end=\"3874\"><strong data-start=\"3814\" data-end=\"3874\">La personalizaci\u00f3n ODM puede no ser adecuada para clientes que:<\/strong><\/p><ul data-start=\"3875\" data-end=\"3971\"><li data-start=\"3875\" data-end=\"3922\"><p data-start=\"3877\" data-end=\"3922\">Exigir una I+D completa del producto desde la fase de concepto<\/p><\/li><li data-start=\"3923\" data-end=\"3971\"><p data-start=\"3925\" data-end=\"3971\">Buscar proyectos experimentales o s\u00f3lo prototipos<\/p><\/li><\/ul>\t\t\t\t\t\t\t\t<\/div>\n\t\t\t\t<div class=\"elementor-element elementor-element-545c3eb3 elementor-widget elementor-widget-text-editor\" data-id=\"545c3eb3\" data-element_type=\"widget\" data-e-type=\"widget\" data-widget_type=\"text-editor.default\">\n\t\t\t\t\t\t\t\t\t\t\t<h5 data-start=\"3978\" data-end=\"4016\">Por qu\u00e9 elegirnos para la personalizaci\u00f3n ODM<\/h5><ul data-start=\"4018\" data-end=\"4270\"><li data-start=\"4018\" data-end=\"4064\"><p data-start=\"4020\" data-end=\"4064\">Plataformas de productos de c\u00e1maras subacu\u00e1ticas de eficacia probada<\/p><\/li><li data-start=\"4065\" data-end=\"4122\"><p data-start=\"4067\" data-end=\"4122\">Apoyo de ingenier\u00eda pr\u00e1ctico y orientado a la fabricaci\u00f3n<\/p><\/li><li data-start=\"4123\" data-end=\"4167\"><p data-start=\"4125\" data-end=\"4167\">Alcance y l\u00edmites claros de la personalizaci\u00f3n<\/p><\/li><li data-start=\"4168\" data-end=\"4217\"><p data-start=\"4170\" data-end=\"4217\">Cadena de suministro y capacidad de producci\u00f3n estables<\/p><\/li><li data-start=\"4218\" data-end=\"4270\"><p data-start=\"4220\" data-end=\"4270\">Experiencia en m\u00faltiples escenarios de aplicaci\u00f3n<\/p><\/li><\/ul><p data-start=\"4272\" data-end=\"4371\">Nuestro objetivo es <strong data-start=\"4295\" data-end=\"4370\">productos personalizados que se puedan fabricar, sean fiables y est\u00e9n listos para el mercado<\/strong>.<\/p>\t\t\t\t\t\t\t\t<\/div>\n\t\t\t\t\t<\/div>\n\t\t\t\t<\/div>\n\t\t\t\t<\/div>","protected":false},"excerpt":{"rendered":"<p>ODM Customization Based on Proven Underwater Camera We offer ODM customization services for customers who need product differentiation while minimizing [&hellip;]<\/p>\n","protected":false},"author":1,"featured_media":0,"parent":0,"menu_order":0,"comment_status":"closed","ping_status":"closed","template":"","meta":{"_acf_changed":false,"site-sidebar-layout":"no-sidebar","site-content-layout":"page-builder","ast-site-content-layout":"full-width-container","site-content-style":"default","site-sidebar-style":"default","ast-global-header-display":"","ast-banner-title-visibility":"","ast-main-header-display":"","ast-hfb-above-header-display":"","ast-hfb-below-header-display":"","ast-hfb-mobile-header-display":"","site-post-title":"disabled","ast-breadcrumbs-content":"","ast-featured-img":"disabled","footer-sml-layout":"","ast-disable-related-posts":"","theme-transparent-header-meta":"","adv-header-id-meta":"","stick-header-meta":"","header-above-stick-meta":"","header-main-stick-meta":"","header-below-stick-meta":"","astra-migrate-meta-layouts":"set","ast-page-background-enabled":"default","ast-page-background-meta":{"desktop":{"background-color":"var(--ast-global-color-4)","background-image":"","background-repeat":"repeat","background-position":"center center","background-size":"auto","background-attachment":"scroll","background-type":"","background-media":"","overlay-type":"","overlay-color":"","overlay-opacity":"","overlay-gradient":""},"tablet":{"background-color":"","background-image":"","background-repeat":"repeat","background-position":"center center","background-size":"auto","background-attachment":"scroll","background-type":"","background-media":"","overlay-type":"","overlay-color":"","overlay-opacity":"","overlay-gradient":""},"mobile":{"background-color":"","background-image":"","background-repeat":"repeat","background-position":"center center","background-size":"auto","background-attachment":"scroll","background-type":"","background-media":"","overlay-type":"","overlay-color":"","overlay-opacity":"","overlay-gradient":""}},"ast-content-background-meta":{"desktop":{"background-color":"var(--ast-global-color-5)","background-image":"","background-repeat":"repeat","background-position":"center center","background-size":"auto","background-attachment":"scroll","background-type":"","background-media":"","overlay-type":"","overlay-color":"","overlay-opacity":"","overlay-gradient":""},"tablet":{"background-color":"var(--ast-global-color-5)","background-image":"","background-repeat":"repeat","background-position":"center center","background-size":"auto","background-attachment":"scroll","background-type":"","background-media":"","overlay-type":"","overlay-color":"","overlay-opacity":"","overlay-gradient":""},"mobile":{"background-color":"var(--ast-global-color-5)","background-image":"","background-repeat":"repeat","background-position":"center center","background-size":"auto","background-attachment":"scroll","background-type":"","background-media":"","overlay-type":"","overlay-color":"","overlay-opacity":"","overlay-gradient":""}},"footnotes":""},"class_list":["post-2064","page","type-page","status-publish","hentry"],"acf":[],"_links":{"self":[{"href":"https:\/\/bestwillcams.com\/es\/wp-json\/wp\/v2\/pages\/2064","targetHints":{"allow":["GET"]}}],"collection":[{"href":"https:\/\/bestwillcams.com\/es\/wp-json\/wp\/v2\/pages"}],"about":[{"href":"https:\/\/bestwillcams.com\/es\/wp-json\/wp\/v2\/types\/page"}],"author":[{"embeddable":true,"href":"https:\/\/bestwillcams.com\/es\/wp-json\/wp\/v2\/users\/1"}],"replies":[{"embeddable":true,"href":"https:\/\/bestwillcams.com\/es\/wp-json\/wp\/v2\/comments?post=2064"}],"version-history":[{"count":16,"href":"https:\/\/bestwillcams.com\/es\/wp-json\/wp\/v2\/pages\/2064\/revisions"}],"predecessor-version":[{"id":2819,"href":"https:\/\/bestwillcams.com\/es\/wp-json\/wp\/v2\/pages\/2064\/revisions\/2819"}],"wp:attachment":[{"href":"https:\/\/bestwillcams.com\/es\/wp-json\/wp\/v2\/media?parent=2064"}],"curies":[{"name":"wp","href":"https:\/\/api.w.org\/{rel}","templated":true}]}}