{"id":2070,"date":"2026-01-02T10:38:46","date_gmt":"2026-01-02T02:38:46","guid":{"rendered":"https:\/\/bestwillcams.com\/?page_id=2070"},"modified":"2026-03-03T09:45:23","modified_gmt":"2026-03-03T01:45:23","slug":"private-label-custom-branding","status":"publish","type":"page","link":"https:\/\/bestwillcams.com\/es\/private-label-custom-branding\/","title":{"rendered":"Marca blanca \/ Marca personalizada"},"content":{"rendered":"<div data-elementor-type=\"wp-page\" data-elementor-id=\"2070\" class=\"elementor elementor-2070\" data-elementor-post-type=\"page\">\n\t\t\t\t<div class=\"elementor-element elementor-element-2cc62a3a e-flex e-con-boxed e-con e-parent\" data-id=\"2cc62a3a\" data-element_type=\"container\" data-e-type=\"container\" data-settings=\"{&quot;background_background&quot;:&quot;classic&quot;}\">\n\t\t\t\t\t<div class=\"e-con-inner\">\n\t\t\t\t<div class=\"elementor-element elementor-element-4bec1755 elementor-widget elementor-widget-heading\" data-id=\"4bec1755\" data-element_type=\"widget\" data-e-type=\"widget\" data-widget_type=\"heading.default\">\n\t\t\t\t\t\t\t<h1 class=\"elementor-heading-title elementor-size-default\">Marcas blancas y personalizadas para c\u00e1maras subacu\u00e1ticas<\/h1>\t\t\t\t<\/div>\n\t\t\t\t<div class=\"elementor-element elementor-element-69ace026 elementor-hidden-tablet elementor-hidden-mobile elementor-widget elementor-widget-text-editor\" data-id=\"69ace026\" data-element_type=\"widget\" data-e-type=\"widget\" data-widget_type=\"text-editor.default\">\n\t\t\t\t\t\t\t\t\t\t\t<p data-start=\"289\" data-end=\"447\">Ofrecemos <strong data-start=\"298\" data-end=\"345\">soluciones de marca blanca y marca personalizada<\/strong> para clientes que desean entrar o ampliar r\u00e1pidamente el mercado de las c\u00e1maras subacu\u00e1ticas con productos de eficacia probada. <strong data-start=\"489\" data-end=\"527\">plataformas de c\u00e1maras subacu\u00e1ticas maduras<\/strong>, que permite a los socios lanzar productos de marca con un riesgo de desarrollo m\u00ednimo y plazos de entrega cortos.<\/p>\t\t\t\t\t\t\t\t<\/div>\n\t\t\t\t\t<\/div>\n\t\t\t\t<\/div>\n\t\t<div class=\"elementor-element elementor-element-5c794ac1 e-flex e-con-boxed e-con e-parent\" data-id=\"5c794ac1\" data-element_type=\"container\" data-e-type=\"container\">\n\t\t\t\t\t<div class=\"e-con-inner\">\n\t\t\t\t<div class=\"elementor-element elementor-element-22ea85 elementor-widget elementor-widget-text-editor\" data-id=\"22ea85\" data-element_type=\"widget\" data-e-type=\"widget\" data-widget_type=\"text-editor.default\">\n\t\t\t\t\t\t\t\t\t\t\t<h4 data-start=\"632\" data-end=\"674\">Qu\u00e9 incluye nuestro servicio de marca blanca<\/h4><p data-start=\"676\" data-end=\"754\">La marca de distribuidor <strong data-start=\"699\" data-end=\"728\">marca y entrada en el mercado<\/strong>, no de desarrollo de productos.<\/p><p data-start=\"756\" data-end=\"787\">Nuestros servicios suelen incluir:<\/p><ul data-start=\"788\" data-end=\"970\"><li data-start=\"788\" data-end=\"827\"><p data-start=\"790\" data-end=\"827\">Aplicaci\u00f3n de logotipos personalizados en los productos<\/p><\/li><li data-start=\"828\" data-end=\"869\"><p data-start=\"830\" data-end=\"869\">Dise\u00f1o de envases y apoyo a la marca<\/p><\/li><li data-start=\"870\" data-end=\"914\"><p data-start=\"872\" data-end=\"914\">Personalizaci\u00f3n del etiquetado y la documentaci\u00f3n<\/p><\/li><li data-start=\"915\" data-end=\"970\"><p data-start=\"917\" data-end=\"970\">Alineaci\u00f3n de la configuraci\u00f3n del producto con los mercados destinatarios<\/p><\/li><\/ul><p data-start=\"972\" data-end=\"1076\">Este enfoque le permite centrarse en las ventas y la distribuci\u00f3n, mientras nosotros nos encargamos de la fabricaci\u00f3n y el montaje.<\/p>\t\t\t\t\t\t\t\t<\/div>\n\t\t\t\t<div class=\"elementor-element elementor-element-1c66fbf3 elementor-widget__width-initial elementor-widget elementor-widget-image\" data-id=\"1c66fbf3\" data-element_type=\"widget\" data-e-type=\"widget\" data-widget_type=\"image.default\">\n\t\t\t\t\t\t\t\t\t\t\t\t\t\t\t\t\t<img fetchpriority=\"high\" decoding=\"async\" width=\"1200\" height=\"800\" src=\"https:\/\/bestwillcams.com\/wp-content\/uploads\/2026\/02\/custom-branding-solutions.webp\" class=\"attachment-full size-full wp-image-2660\" alt=\"\" srcset=\"https:\/\/bestwillcams.com\/wp-content\/uploads\/2026\/02\/custom-branding-solutions.webp 1200w, https:\/\/bestwillcams.com\/wp-content\/uploads\/2026\/02\/custom-branding-solutions-300x200.webp 300w, https:\/\/bestwillcams.com\/wp-content\/uploads\/2026\/02\/custom-branding-solutions-1024x683.webp 1024w, https:\/\/bestwillcams.com\/wp-content\/uploads\/2026\/02\/custom-branding-solutions-768x512.webp 768w\" sizes=\"(max-width: 1200px) 100vw, 1200px\" \/>\t\t\t\t\t\t\t\t\t\t\t\t\t\t\t<\/div>\n\t\t\t\t\t<\/div>\n\t\t\t\t<\/div>\n\t\t<div class=\"elementor-element elementor-element-4b96e56 e-flex e-con-boxed e-con e-parent\" data-id=\"4b96e56\" data-element_type=\"container\" data-e-type=\"container\">\n\t\t\t\t\t<div class=\"e-con-inner\">\n\t\t\t\t<div class=\"elementor-element elementor-element-6f231dad elementor-widget elementor-widget-text-editor\" data-id=\"6f231dad\" data-element_type=\"widget\" data-e-type=\"widget\" data-widget_type=\"text-editor.default\">\n\t\t\t\t\t\t\t\t\t\t\t<h5 data-start=\"1563\" data-end=\"1600\">Por qu\u00e9 elegir soluciones de marca blanca<\/h5><p data-start=\"1602\" data-end=\"1677\">La marca blanca es la forma m\u00e1s r\u00e1pida de crear o ampliar su cartera de productos.<\/p><p data-start=\"1679\" data-end=\"1700\">Las principales ventajas son:<\/p><ul data-start=\"1701\" data-end=\"1847\"><li data-start=\"1701\" data-end=\"1727\"><p data-start=\"1703\" data-end=\"1727\">Menor tiempo de comercializaci\u00f3n<\/p><\/li><li data-start=\"1728\" data-end=\"1756\"><p data-start=\"1730\" data-end=\"1756\">Menor inversi\u00f3n inicial<\/p><\/li><li data-start=\"1757\" data-end=\"1787\"><p data-start=\"1759\" data-end=\"1787\">Rendimiento probado del producto<\/p><\/li><li data-start=\"1788\" data-end=\"1820\"><p data-start=\"1790\" data-end=\"1820\">Capacidad de producci\u00f3n ampliable<\/p><\/li><li data-start=\"1821\" data-end=\"1847\"><p data-start=\"1823\" data-end=\"1847\">Reducci\u00f3n del riesgo t\u00e9cnico<\/p><\/li><\/ul><p data-start=\"1849\" data-end=\"1923\">Este modelo es muy utilizado por distribuidores, minoristas y marcas regionales.<\/p>\t\t\t\t\t\t\t\t<\/div>\n\t\t\t\t<div class=\"elementor-element elementor-element-588ddc1e elementor-widget elementor-widget-text-editor\" data-id=\"588ddc1e\" data-element_type=\"widget\" data-e-type=\"widget\" data-widget_type=\"text-editor.default\">\n\t\t\t\t\t\t\t\t\t\t\t<h5 data-start=\"1930\" data-end=\"1967\">Personalizaci\u00f3n de marcas y envases<\/h5><p data-start=\"1969\" data-end=\"2034\">Apoyamos la personalizaci\u00f3n de marcas que se ajuste a su estrategia de mercado:<\/p><ul data-start=\"2036\" data-end=\"2247\"><li data-start=\"2036\" data-end=\"2088\"><p data-start=\"2038\" data-end=\"2088\">Colocaci\u00f3n del logotipo en la c\u00e1mara, el monitor y el embalaje<\/p><\/li><li data-start=\"2089\" data-end=\"2149\"><p data-start=\"2091\" data-end=\"2149\">Dise\u00f1o de envases personalizado basado en la identidad de su marca<\/p><\/li><li data-start=\"2150\" data-end=\"2197\"><p data-start=\"2152\" data-end=\"2197\">Etiquetas y manuales multiling\u00fces en caso necesario<\/p><\/li><li data-start=\"2198\" data-end=\"2247\"><p data-start=\"2200\" data-end=\"2247\">Coherencia del aspecto del producto entre lotes<\/p><\/li><\/ul><p data-start=\"2249\" data-end=\"2333\">Todos los elementos de la marca se revisan para garantizar la viabilidad y coherencia de la producci\u00f3n.<\/p>\t\t\t\t\t\t\t\t<\/div>\n\t\t\t\t<div class=\"elementor-element elementor-element-469db73d elementor-widget elementor-widget-text-editor\" data-id=\"469db73d\" data-element_type=\"widget\" data-e-type=\"widget\" data-widget_type=\"text-editor.default\">\n\t\t\t\t\t\t\t\t\t\t\t<h5 data-start=\"2340\" data-end=\"2375\">Calidad y coherencia de la producci\u00f3n<\/h5><p data-start=\"2377\" data-end=\"2447\">Incluso en los proyectos de marcas blancas, la coherencia de la calidad sigue siendo fundamental.<\/p><p data-start=\"2449\" data-end=\"2509\">Aplicamos las mismas normas de producci\u00f3n que en la fabricaci\u00f3n OEM:<\/p><ul data-start=\"2510\" data-end=\"2645\"><li data-start=\"2510\" data-end=\"2546\"><p data-start=\"2512\" data-end=\"2546\">Procedimientos de montaje normalizados<\/p><\/li><li data-start=\"2547\" data-end=\"2585\"><p data-start=\"2549\" data-end=\"2585\">Pruebas funcionales antes del env\u00edo<\/p><\/li><li data-start=\"2586\" data-end=\"2616\"><p data-start=\"2588\" data-end=\"2616\">Controles de calidad por lotes<\/p><\/li><li data-start=\"2617\" data-end=\"2645\"><p data-start=\"2619\" data-end=\"2645\">Aprovisionamiento estable de materiales<\/p><\/li><\/ul><p data-start=\"2647\" data-end=\"2723\">Esto garantiza que sus productos de marca sean coherentes en todas las entregas.<\/p>\t\t\t\t\t\t\t\t<\/div>\n\t\t\t\t<div class=\"elementor-element elementor-element-2b387c3 elementor-widget elementor-widget-text-editor\" data-id=\"2b387c3\" data-element_type=\"widget\" data-e-type=\"widget\" data-widget_type=\"text-editor.default\">\n\t\t\t\t\t\t\t\t\t\t\t<h5 data-start=\"2730\" data-end=\"2774\">Para qui\u00e9n es mejor nuestro servicio de marca blanca<\/h5><p data-start=\"2776\" data-end=\"2807\"><strong data-start=\"2776\" data-end=\"2807\">La marca blanca es ideal para:<\/strong><\/p><ul data-start=\"2808\" data-end=\"2993\"><li data-start=\"2808\" data-end=\"2862\"><p data-start=\"2810\" data-end=\"2862\">Los propietarios de marcas entran en el mercado de las c\u00e1maras subacu\u00e1ticas<\/p><\/li><li data-start=\"2863\" data-end=\"2909\"><p data-start=\"2865\" data-end=\"2909\">Los distribuidores ampl\u00edan sus l\u00edneas de productos<\/p><\/li><li data-start=\"2910\" data-end=\"2946\"><p data-start=\"2912\" data-end=\"2946\">Minoristas y vendedores de comercio electr\u00f3nico<\/p><\/li><li data-start=\"2947\" data-end=\"2993\"><p data-start=\"2949\" data-end=\"2993\">Clientes que buscan un suministro r\u00e1pido y fiable<\/p><\/li><\/ul><p data-start=\"2995\" data-end=\"3037\"><strong data-start=\"2995\" data-end=\"3037\">La Marca de Distribuidor puede no ser adecuada para:<\/strong><\/p><ul data-start=\"3038\" data-end=\"3134\"><li data-start=\"3038\" data-end=\"3088\"><p data-start=\"3040\" data-end=\"3088\">Clientes que requieren un amplio redise\u00f1o del producto<\/p><\/li><li data-start=\"3089\" data-end=\"3134\"><p data-start=\"3091\" data-end=\"3134\">Proyectos centrados en caracter\u00edsticas experimentales<\/p><\/li><\/ul>\t\t\t\t\t\t\t\t<\/div>\n\t\t\t\t<div class=\"elementor-element elementor-element-110d98e4 elementor-widget elementor-widget-text-editor\" data-id=\"110d98e4\" data-element_type=\"widget\" data-e-type=\"widget\" data-widget_type=\"text-editor.default\">\n\t\t\t\t\t\t\t\t\t\t\t<h5 data-start=\"3141\" data-end=\"3190\">Por qu\u00e9 trabajar con nosotros como socio de marca blanca<\/h5><ul data-start=\"3192\" data-end=\"3397\"><li data-start=\"3192\" data-end=\"3230\"><p data-start=\"3194\" data-end=\"3230\">Plataformas de c\u00e1maras subacu\u00e1ticas de eficacia probada<\/p><\/li><li data-start=\"3231\" data-end=\"3279\"><p data-start=\"3233\" data-end=\"3279\">Integraci\u00f3n eficaz de marcas y envases<\/p><\/li><li data-start=\"3280\" data-end=\"3309\"><p data-start=\"3282\" data-end=\"3309\">Cantidades de pedido flexibles<\/p><\/li><li data-start=\"3310\" data-end=\"3357\"><p data-start=\"3312\" data-end=\"3357\">Cadena de suministro y capacidad de entrega estables<\/p><\/li><li data-start=\"3358\" data-end=\"3397\"><p data-start=\"3360\" data-end=\"3397\">Experiencia de apoyo a marcas mundiales<\/p><\/li><\/ul><p data-start=\"3399\" data-end=\"3473\">Ayudamos a nuestros socios a centrarse en el crecimiento, mientras nosotros nos ocupamos de la fabricaci\u00f3n.<\/p>\t\t\t\t\t\t\t\t<\/div>\n\t\t\t\t\t<\/div>\n\t\t\t\t<\/div>\n\t\t\t\t<\/div>","protected":false},"excerpt":{"rendered":"<p>Private Label &amp; Custom Branding for Underwater Camera We offer private label and custom branding solutions for customers who want [&hellip;]<\/p>\n","protected":false},"author":1,"featured_media":0,"parent":0,"menu_order":0,"comment_status":"closed","ping_status":"closed","template":"","meta":{"_acf_changed":false,"site-sidebar-layout":"no-sidebar","site-content-layout":"page-builder","ast-site-content-layout":"full-width-container","site-content-style":"default","site-sidebar-style":"default","ast-global-header-display":"","ast-banner-title-visibility":"","ast-main-header-display":"","ast-hfb-above-header-display":"","ast-hfb-below-header-display":"","ast-hfb-mobile-header-display":"","site-post-title":"disabled","ast-breadcrumbs-content":"","ast-featured-img":"disabled","footer-sml-layout":"","ast-disable-related-posts":"","theme-transparent-header-meta":"","adv-header-id-meta":"","stick-header-meta":"","header-above-stick-meta":"","header-main-stick-meta":"","header-below-stick-meta":"","astra-migrate-meta-layouts":"set","ast-page-background-enabled":"default","ast-page-background-meta":{"desktop":{"background-color":"var(--ast-global-color-4)","background-image":"","background-repeat":"repeat","background-position":"center center","background-size":"auto","background-attachment":"scroll","background-type":"","background-media":"","overlay-type":"","overlay-color":"","overlay-opacity":"","overlay-gradient":""},"tablet":{"background-color":"","background-image":"","background-repeat":"repeat","background-position":"center center","background-size":"auto","background-attachment":"scroll","background-type":"","background-media":"","overlay-type":"","overlay-color":"","overlay-opacity":"","overlay-gradient":""},"mobile":{"background-color":"","background-image":"","background-repeat":"repeat","background-position":"center center","background-size":"auto","background-attachment":"scroll","background-type":"","background-media":"","overlay-type":"","overlay-color":"","overlay-opacity":"","overlay-gradient":""}},"ast-content-background-meta":{"desktop":{"background-color":"var(--ast-global-color-5)","background-image":"","background-repeat":"repeat","background-position":"center center","background-size":"auto","background-attachment":"scroll","background-type":"","background-media":"","overlay-type":"","overlay-color":"","overlay-opacity":"","overlay-gradient":""},"tablet":{"background-color":"var(--ast-global-color-5)","background-image":"","background-repeat":"repeat","background-position":"center center","background-size":"auto","background-attachment":"scroll","background-type":"","background-media":"","overlay-type":"","overlay-color":"","overlay-opacity":"","overlay-gradient":""},"mobile":{"background-color":"var(--ast-global-color-5)","background-image":"","background-repeat":"repeat","background-position":"center center","background-size":"auto","background-attachment":"scroll","background-type":"","background-media":"","overlay-type":"","overlay-color":"","overlay-opacity":"","overlay-gradient":""}},"footnotes":""},"class_list":["post-2070","page","type-page","status-publish","hentry"],"acf":[],"_links":{"self":[{"href":"https:\/\/bestwillcams.com\/es\/wp-json\/wp\/v2\/pages\/2070","targetHints":{"allow":["GET"]}}],"collection":[{"href":"https:\/\/bestwillcams.com\/es\/wp-json\/wp\/v2\/pages"}],"about":[{"href":"https:\/\/bestwillcams.com\/es\/wp-json\/wp\/v2\/types\/page"}],"author":[{"embeddable":true,"href":"https:\/\/bestwillcams.com\/es\/wp-json\/wp\/v2\/users\/1"}],"replies":[{"embeddable":true,"href":"https:\/\/bestwillcams.com\/es\/wp-json\/wp\/v2\/comments?post=2070"}],"version-history":[{"count":19,"href":"https:\/\/bestwillcams.com\/es\/wp-json\/wp\/v2\/pages\/2070\/revisions"}],"predecessor-version":[{"id":2825,"href":"https:\/\/bestwillcams.com\/es\/wp-json\/wp\/v2\/pages\/2070\/revisions\/2825"}],"wp:attachment":[{"href":"https:\/\/bestwillcams.com\/es\/wp-json\/wp\/v2\/media?parent=2070"}],"curies":[{"name":"wp","href":"https:\/\/api.w.org\/{rel}","templated":true}]}}