{"id":2114,"date":"2026-01-02T17:27:36","date_gmt":"2026-01-02T09:27:36","guid":{"rendered":"https:\/\/bestwillcams.com\/?page_id=2114"},"modified":"2026-03-03T09:48:04","modified_gmt":"2026-03-03T01:48:04","slug":"project-support","status":"publish","type":"page","link":"https:\/\/bestwillcams.com\/es\/project-support\/","title":{"rendered":"Apoyo a proyectos"},"content":{"rendered":"<div data-elementor-type=\"wp-page\" data-elementor-id=\"2114\" class=\"elementor elementor-2114\" data-elementor-post-type=\"page\">\n\t\t\t\t<div class=\"elementor-element elementor-element-66ca47ee e-flex e-con-boxed e-con e-parent\" data-id=\"66ca47ee\" data-element_type=\"container\" data-e-type=\"container\" data-settings=\"{&quot;background_background&quot;:&quot;classic&quot;}\">\n\t\t\t\t\t<div class=\"e-con-inner\">\n\t\t\t\t<div class=\"elementor-element elementor-element-222b0216 elementor-widget elementor-widget-heading\" data-id=\"222b0216\" data-element_type=\"widget\" data-e-type=\"widget\" data-widget_type=\"heading.default\">\n\t\t\t\t\t\t\t<h2 class=\"elementor-heading-title elementor-size-default\">Coordinaci\u00f3n de proyectos de fabricaci\u00f3n<\/h2>\t\t\t\t<\/div>\n\t\t\t\t<div class=\"elementor-element elementor-element-3f61d319 elementor-hidden-tablet elementor-hidden-mobile elementor-widget elementor-widget-text-editor\" data-id=\"3f61d319\" data-element_type=\"widget\" data-e-type=\"widget\" data-widget_type=\"text-editor.default\">\n\t\t\t\t\t\t\t\t\t\t\t<p data-start=\"714\" data-end=\"836\">Nuestro apoyo a los proyectos se centra en <strong data-start=\"745\" data-end=\"772\">ejecuci\u00f3n de la fabricaci\u00f3n<\/strong>, Trabajamos en estrecha colaboraci\u00f3n con fabricantes de equipos originales y marcas blancas para gestionar las muestras, las revisiones, la preparaci\u00f3n de la producci\u00f3n y la alineaci\u00f3n de las entregas, garantizando que cada proyecto avance de forma controlada y predecible.<\/p>\t\t\t\t\t\t\t\t<\/div>\n\t\t\t\t\t<\/div>\n\t\t\t\t<\/div>\n\t\t<div class=\"elementor-element elementor-element-34b86e66 e-flex e-con-boxed e-con e-parent\" data-id=\"34b86e66\" data-element_type=\"container\" data-e-type=\"container\">\n\t\t\t\t\t<div class=\"e-con-inner\">\n\t\t\t\t<div class=\"elementor-element elementor-element-2ea31d4b elementor-widget elementor-widget-text-editor\" data-id=\"2ea31d4b\" data-element_type=\"widget\" data-e-type=\"widget\" data-widget_type=\"text-editor.default\">\n\t\t\t\t\t\t\t\t\t\t\t<h4>Apoyo al proyecto durante la ejecuci\u00f3n de la fabricaci\u00f3n<\/h4><ol><li>Apoyo al muestreo y la evaluaci\u00f3n Desde el requisito hasta la muestra verificada<\/li><li>Coordinaci\u00f3n de la personalizaci\u00f3n Asistencia a la personalizaci\u00f3n a nivel de fabricaci\u00f3n<\/li><li>Preparaci\u00f3n de la producci\u00f3n para una fabricaci\u00f3n estable<\/li><li>Coordinaci\u00f3n de la entrega y la postproducci\u00f3n Continuidad del proyecto m\u00e1s all\u00e1 del env\u00edo<\/li><\/ol>\t\t\t\t\t\t\t\t<\/div>\n\t\t\t\t<div class=\"elementor-element elementor-element-1c51a055 elementor-widget__width-initial elementor-widget elementor-widget-image\" data-id=\"1c51a055\" data-element_type=\"widget\" data-e-type=\"widget\" data-widget_type=\"image.default\">\n\t\t\t\t\t\t\t\t\t\t\t\t\t\t\t\t\t<img fetchpriority=\"high\" decoding=\"async\" width=\"1200\" height=\"800\" src=\"https:\/\/bestwillcams.com\/wp-content\/uploads\/2026\/02\/Manufacturing-level-Customization-Support.webp\" class=\"attachment-full size-full wp-image-2665\" alt=\"\" srcset=\"https:\/\/bestwillcams.com\/wp-content\/uploads\/2026\/02\/Manufacturing-level-Customization-Support.webp 1200w, https:\/\/bestwillcams.com\/wp-content\/uploads\/2026\/02\/Manufacturing-level-Customization-Support-300x200.webp 300w, https:\/\/bestwillcams.com\/wp-content\/uploads\/2026\/02\/Manufacturing-level-Customization-Support-1024x683.webp 1024w, https:\/\/bestwillcams.com\/wp-content\/uploads\/2026\/02\/Manufacturing-level-Customization-Support-768x512.webp 768w\" sizes=\"(max-width: 1200px) 100vw, 1200px\" \/>\t\t\t\t\t\t\t\t\t\t\t\t\t\t\t<\/div>\n\t\t\t\t\t<\/div>\n\t\t\t\t<\/div>\n\t\t<div class=\"elementor-element elementor-element-86c8e68 e-flex e-con-boxed e-con e-parent\" data-id=\"86c8e68\" data-element_type=\"container\" data-e-type=\"container\">\n\t\t\t\t\t<div class=\"e-con-inner\">\n\t\t\t\t<div class=\"elementor-element elementor-element-53c6ea7c elementor-widget elementor-widget-text-editor\" data-id=\"53c6ea7c\" data-element_type=\"widget\" data-e-type=\"widget\" data-widget_type=\"text-editor.default\">\n\t\t\t\t\t\t\t\t\t\t\t<h5 data-start=\"1328\" data-end=\"1370\">C\u00f3mo trabajamos con nuestros socios OEM<\/h5><ul><li data-start=\"2247\" data-end=\"2301\"><p data-start=\"2249\" data-end=\"2301\">Propiedad clara del proyecto y canales de comunicaci\u00f3n<\/p><\/li><li data-start=\"2302\" data-end=\"2356\"><p data-start=\"2304\" data-end=\"2356\">Seguimiento por lotes en lugar de actualizaciones fragmentadas<\/p><\/li><li data-start=\"2357\" data-end=\"2398\"><p data-start=\"2359\" data-end=\"2398\">Toma de decisiones centrada en la fabricaci\u00f3n<\/p><\/li><li data-start=\"2399\" data-end=\"2450\"><p data-start=\"2401\" data-end=\"2450\">Plazos pr\u00e1cticos basados en la realidad de la producci\u00f3n<\/p><\/li><\/ul>\t\t\t\t\t\t\t\t<\/div>\n\t\t\t\t<div class=\"elementor-element elementor-element-27b20a38 elementor-widget elementor-widget-text-editor\" data-id=\"27b20a38\" data-element_type=\"widget\" data-e-type=\"widget\" data-widget_type=\"text-editor.default\">\n\t\t\t\t\t\t\t\t\t\t\t<h5 data-start=\"1881\" data-end=\"1925\">Qu\u00e9 significa esto para nuestros socios<\/h5><ul><li data-start=\"2558\" data-end=\"2613\"><p data-start=\"2560\" data-end=\"2613\">Menos retrasos en los proyectos por falta de coordinaci\u00f3n<\/p><\/li><li data-start=\"2614\" data-end=\"2669\"><p data-start=\"2616\" data-end=\"2669\">Ciclos de revisi\u00f3n reducidos gracias al muestreo estructurado<\/p><\/li><li data-start=\"2670\" data-end=\"2723\"><p data-start=\"2672\" data-end=\"2723\">Planificaci\u00f3n m\u00e1s previsible de la producci\u00f3n y las entregas<\/p><\/li><li data-start=\"2724\" data-end=\"2769\"><p data-start=\"2726\" data-end=\"2769\">Mayor coherencia en los pedidos repetidos<\/p><\/li><\/ul>\t\t\t\t\t\t\t\t<\/div>\n\t\t\t\t<div class=\"elementor-element elementor-element-3c342ec elementor-widget elementor-widget-text-editor\" data-id=\"3c342ec\" data-element_type=\"widget\" data-e-type=\"widget\" data-widget_type=\"text-editor.default\">\n\t\t\t\t\t\t\t\t\t\t\t<h5 data-start=\"1881\" data-end=\"1925\"><em>\u00c1reas de apoyo relacionadas<\/em><\/h5><p data-start=\"2861\" data-end=\"2891\"><em>Calidad y conformidad<\/em><\/p><p data-start=\"2894\" data-end=\"2924\"><em>Apoyo log\u00edstico y de entrega<\/em><\/p><p data-start=\"2927\" data-end=\"2957\"><em>Asistencia posventa y reparaciones<\/em><\/p>\t\t\t\t\t\t\t\t<\/div>\n\t\t\t\t\t<\/div>\n\t\t\t\t<\/div>\n\t\t\t\t<\/div>","protected":false},"excerpt":{"rendered":"<p>Manufacturing-side Project Coordination Our project support focuses on manufacturing execution, not product concept design or end-user application consulting.We work closely [&hellip;]<\/p>\n","protected":false},"author":1,"featured_media":0,"parent":0,"menu_order":0,"comment_status":"closed","ping_status":"closed","template":"","meta":{"_acf_changed":false,"site-sidebar-layout":"no-sidebar","site-content-layout":"page-builder","ast-site-content-layout":"full-width-container","site-content-style":"default","site-sidebar-style":"default","ast-global-header-display":"","ast-banner-title-visibility":"","ast-main-header-display":"","ast-hfb-above-header-display":"","ast-hfb-below-header-display":"","ast-hfb-mobile-header-display":"","site-post-title":"disabled","ast-breadcrumbs-content":"","ast-featured-img":"disabled","footer-sml-layout":"","ast-disable-related-posts":"","theme-transparent-header-meta":"","adv-header-id-meta":"","stick-header-meta":"","header-above-stick-meta":"","header-main-stick-meta":"","header-below-stick-meta":"","astra-migrate-meta-layouts":"set","ast-page-background-enabled":"default","ast-page-background-meta":{"desktop":{"background-color":"var(--ast-global-color-4)","background-image":"","background-repeat":"repeat","background-position":"center center","background-size":"auto","background-attachment":"scroll","background-type":"","background-media":"","overlay-type":"","overlay-color":"","overlay-opacity":"","overlay-gradient":""},"tablet":{"background-color":"","background-image":"","background-repeat":"repeat","background-position":"center center","background-size":"auto","background-attachment":"scroll","background-type":"","background-media":"","overlay-type":"","overlay-color":"","overlay-opacity":"","overlay-gradient":""},"mobile":{"background-color":"","background-image":"","background-repeat":"repeat","background-position":"center center","background-size":"auto","background-attachment":"scroll","background-type":"","background-media":"","overlay-type":"","overlay-color":"","overlay-opacity":"","overlay-gradient":""}},"ast-content-background-meta":{"desktop":{"background-color":"var(--ast-global-color-5)","background-image":"","background-repeat":"repeat","background-position":"center center","background-size":"auto","background-attachment":"scroll","background-type":"","background-media":"","overlay-type":"","overlay-color":"","overlay-opacity":"","overlay-gradient":""},"tablet":{"background-color":"var(--ast-global-color-5)","background-image":"","background-repeat":"repeat","background-position":"center center","background-size":"auto","background-attachment":"scroll","background-type":"","background-media":"","overlay-type":"","overlay-color":"","overlay-opacity":"","overlay-gradient":""},"mobile":{"background-color":"var(--ast-global-color-5)","background-image":"","background-repeat":"repeat","background-position":"center center","background-size":"auto","background-attachment":"scroll","background-type":"","background-media":"","overlay-type":"","overlay-color":"","overlay-opacity":"","overlay-gradient":""}},"footnotes":""},"class_list":["post-2114","page","type-page","status-publish","hentry"],"acf":[],"_links":{"self":[{"href":"https:\/\/bestwillcams.com\/es\/wp-json\/wp\/v2\/pages\/2114","targetHints":{"allow":["GET"]}}],"collection":[{"href":"https:\/\/bestwillcams.com\/es\/wp-json\/wp\/v2\/pages"}],"about":[{"href":"https:\/\/bestwillcams.com\/es\/wp-json\/wp\/v2\/types\/page"}],"author":[{"embeddable":true,"href":"https:\/\/bestwillcams.com\/es\/wp-json\/wp\/v2\/users\/1"}],"replies":[{"embeddable":true,"href":"https:\/\/bestwillcams.com\/es\/wp-json\/wp\/v2\/comments?post=2114"}],"version-history":[{"count":22,"href":"https:\/\/bestwillcams.com\/es\/wp-json\/wp\/v2\/pages\/2114\/revisions"}],"predecessor-version":[{"id":2828,"href":"https:\/\/bestwillcams.com\/es\/wp-json\/wp\/v2\/pages\/2114\/revisions\/2828"}],"wp:attachment":[{"href":"https:\/\/bestwillcams.com\/es\/wp-json\/wp\/v2\/media?parent=2114"}],"curies":[{"name":"wp","href":"https:\/\/api.w.org\/{rel}","templated":true}]}}