{"id":2123,"date":"2026-01-03T10:25:57","date_gmt":"2026-01-03T02:25:57","guid":{"rendered":"https:\/\/bestwillcams.com\/?page_id=2123"},"modified":"2026-03-03T09:50:40","modified_gmt":"2026-03-03T01:50:40","slug":"quality-compliance","status":"publish","type":"page","link":"https:\/\/bestwillcams.com\/es\/quality-compliance\/","title":{"rendered":"Calidad y conformidad"},"content":{"rendered":"<div data-elementor-type=\"wp-page\" data-elementor-id=\"2123\" class=\"elementor elementor-2123\" data-elementor-post-type=\"page\">\n\t\t\t\t<div class=\"elementor-element elementor-element-6f5c90da e-flex e-con-boxed e-con e-parent\" data-id=\"6f5c90da\" data-element_type=\"container\" data-e-type=\"container\" data-settings=\"{&quot;background_background&quot;:&quot;classic&quot;}\">\n\t\t\t\t\t<div class=\"e-con-inner\">\n\t\t\t\t<div class=\"elementor-element elementor-element-613ffbce elementor-widget elementor-widget-heading\" data-id=\"613ffbce\" data-element_type=\"widget\" data-e-type=\"widget\" data-widget_type=\"heading.default\">\n\t\t\t\t\t\t\t<h2 class=\"elementor-heading-title elementor-size-default\">Calidad que puede auditar. Cumplimiento en el que puede confiar<\/h2>\t\t\t\t<\/div>\n\t\t\t\t<div class=\"elementor-element elementor-element-3c174bbc elementor-hidden-tablet elementor-hidden-mobile elementor-widget elementor-widget-text-editor\" data-id=\"3c174bbc\" data-element_type=\"widget\" data-e-type=\"widget\" data-widget_type=\"text-editor.default\">\n\t\t\t\t\t\t\t\t\t\t\t<p>Integramos el control de calidad y el cumplimiento de la normativa en cada fase de la fabricaci\u00f3n -<br data-start=\"497\" data-end=\"500\" \/>para que nuestros socios puedan escalar con confianza en los mercados mundiales.<\/p>\t\t\t\t\t\t\t\t<\/div>\n\t\t\t\t\t<\/div>\n\t\t\t\t<\/div>\n\t\t<div class=\"elementor-element elementor-element-37e594d3 e-flex e-con-boxed e-con e-parent\" data-id=\"37e594d3\" data-element_type=\"container\" data-e-type=\"container\">\n\t\t\t\t\t<div class=\"e-con-inner\">\n\t\t\t\t<div class=\"elementor-element elementor-element-496e0ad8 elementor-widget elementor-widget-text-editor\" data-id=\"496e0ad8\" data-element_type=\"widget\" data-e-type=\"widget\" data-widget_type=\"text-editor.default\">\n\t\t\t\t\t\t\t\t\t\t\t<p>Nuestro sistema de calidad est\u00e1 concebido para respaldar asociaciones B2B a largo plazo, no env\u00edos puntuales. Desde el aprovisionamiento de componentes hasta la inspecci\u00f3n final, todos los procesos siguen procedimientos normalizados, registros documentados y puntos de control trazables.<\/p><p>M\u00e1s all\u00e1 del rendimiento de los productos, apoyamos activamente los requisitos internacionales de conformidad, lo que permite a nuestros clientes cumplir eficazmente las normas de acceso al mercado y minimizar el riesgo reglamentario.<\/p>\t\t\t\t\t\t\t\t<\/div>\n\t\t\t\t<div class=\"elementor-element elementor-element-59c8b056 elementor-widget__width-initial elementor-widget elementor-widget-image\" data-id=\"59c8b056\" data-element_type=\"widget\" data-e-type=\"widget\" data-widget_type=\"image.default\">\n\t\t\t\t\t\t\t\t\t\t\t\t\t\t\t\t\t<img fetchpriority=\"high\" decoding=\"async\" width=\"1200\" height=\"800\" src=\"https:\/\/bestwillcams.com\/wp-content\/uploads\/2026\/02\/quality-control.webp\" class=\"attachment-full size-full wp-image-2669\" alt=\"\" srcset=\"https:\/\/bestwillcams.com\/wp-content\/uploads\/2026\/02\/quality-control.webp 1200w, https:\/\/bestwillcams.com\/wp-content\/uploads\/2026\/02\/quality-control-300x200.webp 300w, https:\/\/bestwillcams.com\/wp-content\/uploads\/2026\/02\/quality-control-1024x683.webp 1024w, https:\/\/bestwillcams.com\/wp-content\/uploads\/2026\/02\/quality-control-768x512.webp 768w\" sizes=\"(max-width: 1200px) 100vw, 1200px\" \/>\t\t\t\t\t\t\t\t\t\t\t\t\t\t\t<\/div>\n\t\t\t\t\t<\/div>\n\t\t\t\t<\/div>\n\t\t<div class=\"elementor-element elementor-element-77432604 e-flex e-con-boxed e-con e-parent\" data-id=\"77432604\" data-element_type=\"container\" data-e-type=\"container\">\n\t\t\t\t\t<div class=\"e-con-inner\">\n\t\t\t\t<div class=\"elementor-element elementor-element-3b4970a6 elementor-widget elementor-widget-text-editor\" data-id=\"3b4970a6\" data-element_type=\"widget\" data-e-type=\"widget\" data-widget_type=\"text-editor.default\">\n\t\t\t\t\t\t\t\t\t\t\t<h5 data-start=\"1328\" data-end=\"1370\">Gesti\u00f3n estructurada de la calidad<\/h5><ul><li data-start=\"1386\" data-end=\"1431\"><p data-start=\"1388\" data-end=\"1431\">Inspecci\u00f3n normalizada del material entrante<\/p><\/li><li data-start=\"1432\" data-end=\"1487\"><p data-start=\"1434\" data-end=\"1487\">Control de calidad durante el proceso en fases clave de la producci\u00f3n<\/p><\/li><li data-start=\"1488\" data-end=\"1544\"><p data-start=\"1490\" data-end=\"1544\">Inspecci\u00f3n funcional y visual final antes del env\u00edo<\/p><\/li><li data-start=\"1545\" data-end=\"1593\"><p data-start=\"1547\" data-end=\"1593\">Trazabilidad a nivel de lote y registros de calidad<\/p><\/li><\/ul>\t\t\t\t\t\t\t\t<\/div>\n\t\t\t\t<div class=\"elementor-element elementor-element-341b7682 elementor-widget elementor-widget-text-editor\" data-id=\"341b7682\" data-element_type=\"widget\" data-e-type=\"widget\" data-widget_type=\"text-editor.default\">\n\t\t\t\t\t\t\t\t\t\t\t<h5 data-start=\"1881\" data-end=\"1925\">Cumplimiento global y preparaci\u00f3n para la certificaci\u00f3n<\/h5><p data-start=\"1819\" data-end=\"1926\">Ayudamos a los clientes a cumplir los requisitos internacionales comunes de conformidad, entre los que se incluyen:<\/p><ul data-start=\"1928\" data-end=\"2102\"><li data-start=\"1928\" data-end=\"1955\"><p data-start=\"1930\" data-end=\"1955\">CE \/ FCC \/ RoHS \/ REACH<\/p><\/li><li data-start=\"1956\" data-end=\"2006\"><p data-start=\"1958\" data-end=\"2006\">Informes y documentaci\u00f3n de las pruebas relacionadas con los productos<\/p><\/li><li data-start=\"2007\" data-end=\"2059\"><p data-start=\"2009\" data-end=\"2059\">Coordinaci\u00f3n de la certificaci\u00f3n con laboratorios de terceros<\/p><\/li><li data-start=\"2060\" data-end=\"2102\"><p data-start=\"2062\" data-end=\"2102\">Preparaci\u00f3n para el cumplimiento de las normas espec\u00edficas del mercado<\/p><\/li><\/ul>\t\t\t\t\t\t\t\t<\/div>\n\t\t\t\t<div class=\"elementor-element elementor-element-4c02f206 elementor-widget elementor-widget-text-editor\" data-id=\"4c02f206\" data-element_type=\"widget\" data-e-type=\"widget\" data-widget_type=\"text-editor.default\">\n\t\t\t\t\t\t\t\t\t\t\t<h5 data-start=\"2405\" data-end=\"2448\">Auditor\u00eda y calidad Transparencia<\/h5><p data-start=\"2450\" data-end=\"2495\">Procesos transparentes y listos para la auditor\u00eda<\/p><ul><li data-start=\"2367\" data-end=\"2415\"><p data-start=\"2369\" data-end=\"2415\">Auditor\u00edas de f\u00e1brica (in situ o a distancia)<\/p><\/li><li data-start=\"2416\" data-end=\"2464\"><p data-start=\"2418\" data-end=\"2464\">Documentaci\u00f3n de calidad disponible previa solicitud<\/p><\/li><li data-start=\"2465\" data-end=\"2518\"><p data-start=\"2467\" data-end=\"2518\">Mejora continua basada en las opiniones de los clientes<\/p><\/li><\/ul>\t\t\t\t\t\t\t\t<\/div>\n\t\t\t\t<div class=\"elementor-element elementor-element-595ca80b elementor-widget elementor-widget-text-editor\" data-id=\"595ca80b\" data-element_type=\"widget\" data-e-type=\"widget\" data-widget_type=\"text-editor.default\">\n\t\t\t\t\t\t\t\t\t\t\t<h5 data-start=\"2647\" data-end=\"2724\">La calidad y el cumplimiento de la normativa van de la mano de nuestras capacidades de apoyo m\u00e1s amplias<\/h5><p data-start=\"2728\" data-end=\"2795\"><em><strong data-start=\"2728\" data-end=\"2747\">Apoyo a proyectos<\/strong> \u2192 garantizar la calidad desde el concepto hasta la producci\u00f3n<\/em><\/p><p data-start=\"2798\" data-end=\"2872\"><em><strong data-start=\"2798\" data-end=\"2830\">Asistencia posventa y reparaciones<\/strong> \u2192 gesti\u00f3n de los problemas de calidad posteriores a la entrega<\/em><\/p><p data-start=\"2875\" data-end=\"2952\"><em><strong data-start=\"2875\" data-end=\"2899\">Log\u00edstica y entrega<\/strong> \u2192 manipulaci\u00f3n conforme durante el env\u00edo internacional<\/em><\/p>\t\t\t\t\t\t\t\t<\/div>\n\t\t\t\t\t<\/div>\n\t\t\t\t<\/div>\n\t\t\t\t<\/div>","protected":false},"excerpt":{"rendered":"<p>Quality You Can Audit. Compliance You Can Rely On We integrate quality control and regulatory compliance into every stage of [&hellip;]<\/p>\n","protected":false},"author":1,"featured_media":0,"parent":0,"menu_order":0,"comment_status":"closed","ping_status":"closed","template":"","meta":{"_acf_changed":false,"site-sidebar-layout":"no-sidebar","site-content-layout":"page-builder","ast-site-content-layout":"full-width-container","site-content-style":"default","site-sidebar-style":"default","ast-global-header-display":"","ast-banner-title-visibility":"","ast-main-header-display":"","ast-hfb-above-header-display":"","ast-hfb-below-header-display":"","ast-hfb-mobile-header-display":"","site-post-title":"disabled","ast-breadcrumbs-content":"","ast-featured-img":"disabled","footer-sml-layout":"","ast-disable-related-posts":"","theme-transparent-header-meta":"","adv-header-id-meta":"","stick-header-meta":"","header-above-stick-meta":"","header-main-stick-meta":"","header-below-stick-meta":"","astra-migrate-meta-layouts":"set","ast-page-background-enabled":"default","ast-page-background-meta":{"desktop":{"background-color":"var(--ast-global-color-4)","background-image":"","background-repeat":"repeat","background-position":"center center","background-size":"auto","background-attachment":"scroll","background-type":"","background-media":"","overlay-type":"","overlay-color":"","overlay-opacity":"","overlay-gradient":""},"tablet":{"background-color":"","background-image":"","background-repeat":"repeat","background-position":"center center","background-size":"auto","background-attachment":"scroll","background-type":"","background-media":"","overlay-type":"","overlay-color":"","overlay-opacity":"","overlay-gradient":""},"mobile":{"background-color":"","background-image":"","background-repeat":"repeat","background-position":"center center","background-size":"auto","background-attachment":"scroll","background-type":"","background-media":"","overlay-type":"","overlay-color":"","overlay-opacity":"","overlay-gradient":""}},"ast-content-background-meta":{"desktop":{"background-color":"var(--ast-global-color-5)","background-image":"","background-repeat":"repeat","background-position":"center center","background-size":"auto","background-attachment":"scroll","background-type":"","background-media":"","overlay-type":"","overlay-color":"","overlay-opacity":"","overlay-gradient":""},"tablet":{"background-color":"var(--ast-global-color-5)","background-image":"","background-repeat":"repeat","background-position":"center center","background-size":"auto","background-attachment":"scroll","background-type":"","background-media":"","overlay-type":"","overlay-color":"","overlay-opacity":"","overlay-gradient":""},"mobile":{"background-color":"var(--ast-global-color-5)","background-image":"","background-repeat":"repeat","background-position":"center center","background-size":"auto","background-attachment":"scroll","background-type":"","background-media":"","overlay-type":"","overlay-color":"","overlay-opacity":"","overlay-gradient":""}},"footnotes":""},"class_list":["post-2123","page","type-page","status-publish","hentry"],"acf":[],"_links":{"self":[{"href":"https:\/\/bestwillcams.com\/es\/wp-json\/wp\/v2\/pages\/2123","targetHints":{"allow":["GET"]}}],"collection":[{"href":"https:\/\/bestwillcams.com\/es\/wp-json\/wp\/v2\/pages"}],"about":[{"href":"https:\/\/bestwillcams.com\/es\/wp-json\/wp\/v2\/types\/page"}],"author":[{"embeddable":true,"href":"https:\/\/bestwillcams.com\/es\/wp-json\/wp\/v2\/users\/1"}],"replies":[{"embeddable":true,"href":"https:\/\/bestwillcams.com\/es\/wp-json\/wp\/v2\/comments?post=2123"}],"version-history":[{"count":16,"href":"https:\/\/bestwillcams.com\/es\/wp-json\/wp\/v2\/pages\/2123\/revisions"}],"predecessor-version":[{"id":2831,"href":"https:\/\/bestwillcams.com\/es\/wp-json\/wp\/v2\/pages\/2123\/revisions\/2831"}],"wp:attachment":[{"href":"https:\/\/bestwillcams.com\/es\/wp-json\/wp\/v2\/media?parent=2123"}],"curies":[{"name":"wp","href":"https:\/\/api.w.org\/{rel}","templated":true}]}}