{"id":2127,"date":"2026-01-03T10:27:56","date_gmt":"2026-01-03T02:27:56","guid":{"rendered":"https:\/\/bestwillcams.com\/?page_id=2127"},"modified":"2026-03-03T09:51:46","modified_gmt":"2026-03-03T01:51:46","slug":"after-sales-repair-support","status":"publish","type":"page","link":"https:\/\/bestwillcams.com\/es\/after-sales-repair-support\/","title":{"rendered":"Asistencia posventa y reparaciones"},"content":{"rendered":"<div data-elementor-type=\"wp-page\" data-elementor-id=\"2127\" class=\"elementor elementor-2127\" data-elementor-post-type=\"page\">\n\t\t\t\t<div class=\"elementor-element elementor-element-62e0dc6e e-flex e-con-boxed e-con e-parent\" data-id=\"62e0dc6e\" data-element_type=\"container\" data-e-type=\"container\" data-settings=\"{&quot;background_background&quot;:&quot;classic&quot;}\">\n\t\t\t\t\t<div class=\"e-con-inner\">\n\t\t\t\t<div class=\"elementor-element elementor-element-28efee39 elementor-widget elementor-widget-heading\" data-id=\"28efee39\" data-element_type=\"widget\" data-e-type=\"widget\" data-widget_type=\"heading.default\">\n\t\t\t\t\t\t\t<h2 class=\"elementor-heading-title elementor-size-default\">Asistencia posventa y de reparaci\u00f3n fiable para socios B2B<\/h2>\t\t\t\t<\/div>\n\t\t\t\t<div class=\"elementor-element elementor-element-34791f6c elementor-hidden-tablet elementor-hidden-mobile elementor-widget elementor-widget-text-editor\" data-id=\"34791f6c\" data-element_type=\"widget\" data-e-type=\"widget\" data-widget_type=\"text-editor.default\">\n\t\t\t\t\t\t\t\t\t\t\t<p>Nos centramos en <strong data-start=\"559\" data-end=\"591\">resoluci\u00f3n eficaz de problemas<\/strong>, no promesas complicadas, ayudando a los distribuidores y propietarios de marcas a reducir el riesgo operativo.<\/p>\t\t\t\t\t\t\t\t<\/div>\n\t\t\t\t\t<\/div>\n\t\t\t\t<\/div>\n\t\t<div class=\"elementor-element elementor-element-d3f7591 e-flex e-con-boxed e-con e-parent\" data-id=\"d3f7591\" data-element_type=\"container\" data-e-type=\"container\">\n\t\t\t\t\t<div class=\"e-con-inner\">\n\t\t\t\t<div class=\"elementor-element elementor-element-45cbcfc8 elementor-widget elementor-widget-text-editor\" data-id=\"45cbcfc8\" data-element_type=\"widget\" data-e-type=\"widget\" data-widget_type=\"text-editor.default\">\n\t\t\t\t\t\t\t\t\t\t\t<h4>Dise\u00f1ado para la eficacia posventa B2B<\/h4><p data-start=\"791\" data-end=\"921\">A diferencia del servicio posventa al consumidor, los clientes B2B se preocupan por <strong data-start=\"853\" data-end=\"920\">gesti\u00f3n de lotes, responsabilidades claras y procesos predecibles<\/strong>.<\/p><p data-start=\"923\" data-end=\"982\">Nuestro servicio posventa y de reparaciones est\u00e1 dise\u00f1ado para ayudarle:<\/p><ul data-start=\"983\" data-end=\"1124\"><li data-start=\"983\" data-end=\"1023\"><p data-start=\"985\" data-end=\"1023\">Gesti\u00f3n eficaz de devoluciones y reparaciones<\/p><\/li><li data-start=\"1024\" data-end=\"1071\"><p data-start=\"1026\" data-end=\"1071\">Reducir los problemas repetidos mediante circuitos de retroalimentaci\u00f3n<\/p><\/li><li data-start=\"1072\" data-end=\"1124\"><p data-start=\"1074\" data-end=\"1124\">Proteja la reputaci\u00f3n de su marca en su mercado local<\/p><\/li><\/ul>\t\t\t\t\t\t\t\t<\/div>\n\t\t\t\t<div class=\"elementor-element elementor-element-7f82792f elementor-widget__width-initial elementor-widget elementor-widget-image\" data-id=\"7f82792f\" data-element_type=\"widget\" data-e-type=\"widget\" data-widget_type=\"image.default\">\n\t\t\t\t\t\t\t\t\t\t\t\t\t\t\t\t\t<img fetchpriority=\"high\" decoding=\"async\" width=\"1200\" height=\"800\" src=\"https:\/\/bestwillcams.com\/wp-content\/uploads\/2026\/02\/B2B-After-Sales-Efficiency.webp\" class=\"attachment-full size-full wp-image-2677\" alt=\"\" srcset=\"https:\/\/bestwillcams.com\/wp-content\/uploads\/2026\/02\/B2B-After-Sales-Efficiency.webp 1200w, https:\/\/bestwillcams.com\/wp-content\/uploads\/2026\/02\/B2B-After-Sales-Efficiency-300x200.webp 300w, https:\/\/bestwillcams.com\/wp-content\/uploads\/2026\/02\/B2B-After-Sales-Efficiency-1024x683.webp 1024w, https:\/\/bestwillcams.com\/wp-content\/uploads\/2026\/02\/B2B-After-Sales-Efficiency-768x512.webp 768w\" sizes=\"(max-width: 1200px) 100vw, 1200px\" \/>\t\t\t\t\t\t\t\t\t\t\t\t\t\t\t<\/div>\n\t\t\t\t\t<\/div>\n\t\t\t\t<\/div>\n\t\t<div class=\"elementor-element elementor-element-e6b1ae4 e-flex e-con-boxed e-con e-parent\" data-id=\"e6b1ae4\" data-element_type=\"container\" data-e-type=\"container\">\n\t\t\t\t\t<div class=\"e-con-inner\">\n\t\t\t\t<div class=\"elementor-element elementor-element-302bca0e elementor-widget elementor-widget-text-editor\" data-id=\"302bca0e\" data-element_type=\"widget\" data-e-type=\"widget\" data-widget_type=\"text-editor.default\">\n\t\t\t\t\t\t\t\t\t\t\t<h5 data-start=\"1165\" data-end=\"1204\">Reparaci\u00f3n centralizada y gesti\u00f3n de lotes<\/h5><p data-start=\"1225\" data-end=\"1302\">Apoyamos <strong data-start=\"1236\" data-end=\"1279\">flujos de trabajo centralizados de devoluciones y reparaciones<\/strong> para socios extranjeros.<\/p><p data-start=\"1304\" data-end=\"1365\">En lugar de gestionar las reparaciones unidad por unidad, nuestro proceso permite:<\/p><ul data-start=\"1366\" data-end=\"1494\"><li data-start=\"1366\" data-end=\"1400\"><p data-start=\"1368\" data-end=\"1400\">Devoluci\u00f3n de lotes de productos defectuosos<\/p><\/li><li data-start=\"1401\" data-end=\"1453\"><p data-start=\"1403\" data-end=\"1453\">Inspecci\u00f3n y reparaci\u00f3n centralizadas en f\u00e1brica<\/p><\/li><li data-start=\"1454\" data-end=\"1494\"><p data-start=\"1456\" data-end=\"1494\">Informaci\u00f3n consolidada sobre problemas comunes<\/p><\/li><\/ul><p data-start=\"1496\" data-end=\"1612\">Este enfoque ayuda a los distribuidores y propietarios de marcas a <strong data-start=\"1546\" data-end=\"1571\">menores costes log\u00edsticos<\/strong> y <strong data-start=\"1576\" data-end=\"1611\">simplificar la gesti\u00f3n posventa<\/strong>.<\/p>\t\t\t\t\t\t\t\t<\/div>\n\t\t\t\t<div class=\"elementor-element elementor-element-54547883 elementor-widget elementor-widget-text-editor\" data-id=\"54547883\" data-element_type=\"widget\" data-e-type=\"widget\" data-widget_type=\"text-editor.default\">\n\t\t\t\t\t\t\t\t\t\t\t<h5 data-start=\"1661\" data-end=\"1719\">Rutas de reparaci\u00f3n flexibles con asistencia de almac\u00e9n en el extranjero<\/h5><p data-start=\"1744\" data-end=\"1869\">En el caso de determinados modelos de r\u00e1pida evoluci\u00f3n, mantenemos <strong data-start=\"1789\" data-end=\"1825\">existencias limitadas en almac\u00e9n en el extranjero<\/strong> para facilitar una sustituci\u00f3n m\u00e1s r\u00e1pida cuando sea necesario.<\/p><p data-start=\"1871\" data-end=\"1918\">Para la mayor\u00eda de los productos, las reparaciones se gestionan a trav\u00e9s de:<\/p><ul data-start=\"1919\" data-end=\"2051\"><li data-start=\"1919\" data-end=\"1953\"><p data-start=\"1921\" data-end=\"1953\">Recogida local por el cliente<\/p><\/li><li data-start=\"1954\" data-end=\"1989\"><p data-start=\"1956\" data-end=\"1989\">Devoluci\u00f3n centralizada a nuestra f\u00e1brica<\/p><\/li><li data-start=\"1990\" data-end=\"2051\"><p data-start=\"1992\" data-end=\"2051\">Reparaci\u00f3n o sustituci\u00f3n profesional seg\u00fan las pol\u00edticas acordadas<\/p><\/li><\/ul><p data-start=\"2053\" data-end=\"2153\">Este modelo h\u00edbrido garantiza <strong data-start=\"2079\" data-end=\"2110\">eficiencia y control de costes<\/strong>, especialmente para la cooperaci\u00f3n B2B a largo plazo.<\/p>\t\t\t\t\t\t\t\t<\/div>\n\t\t\t\t<div class=\"elementor-element elementor-element-11d5aa23 elementor-widget elementor-widget-text-editor\" data-id=\"11d5aa23\" data-element_type=\"widget\" data-e-type=\"widget\" data-widget_type=\"text-editor.default\">\n\t\t\t\t\t\t\t\t\t\t\t<h5 data-start=\"2195\" data-end=\"2224\">Proceso postventa claro<\/h5><ol><li data-start=\"2242\" data-end=\"2311\"><p data-start=\"2245\" data-end=\"2311\"><strong data-start=\"2245\" data-end=\"2264\">Emisi\u00f3n de informes<\/strong><br data-start=\"2264\" data-end=\"2267\" \/>Descripci\u00f3n del problema con fotos o v\u00eddeos<\/p><\/li><li data-start=\"2313\" data-end=\"2381\"><p data-start=\"2316\" data-end=\"2381\"><strong data-start=\"2316\" data-end=\"2336\">Revisi\u00f3n t\u00e9cnica<\/strong><br data-start=\"2336\" data-end=\"2339\" \/>An\u00e1lisis de la causa ra\u00edz por el equipo de ingenier\u00eda<\/p><\/li><li data-start=\"2383\" data-end=\"2447\"><p data-start=\"2386\" data-end=\"2447\"><strong data-start=\"2386\" data-end=\"2411\">Reparaci\u00f3n o sustituci\u00f3n<\/strong><br data-start=\"2411\" data-end=\"2414\" \/>Seg\u00fan la pol\u00edtica de servicios acordada<\/p><\/li><li data-start=\"2449\" data-end=\"2525\"><p data-start=\"2452\" data-end=\"2525\"><strong data-start=\"2452\" data-end=\"2478\">Comentarios y mejoras<\/strong><br data-start=\"2478\" data-end=\"2481\" \/>Resumen compartido para reducir la reincidencia<\/p><\/li><\/ol>\t\t\t\t\t\t\t\t<\/div>\n\t\t\t\t<div class=\"elementor-element elementor-element-787b44a2 elementor-widget elementor-widget-text-editor\" data-id=\"787b44a2\" data-element_type=\"widget\" data-e-type=\"widget\" data-widget_type=\"text-editor.default\">\n\t\t\t\t\t\t\t\t\t\t\t<h5 data-start=\"2590\" data-end=\"2626\">A qui\u00e9n va dirigido este apoyo<\/h5><ul><li data-start=\"2628\" data-end=\"2677\"><p data-start=\"2630\" data-end=\"2677\">Los propietarios de marcas crean l\u00edneas de productos a largo plazo<\/p><\/li><li data-start=\"2678\" data-end=\"2729\"><p data-start=\"2680\" data-end=\"2729\">Distribuidores que gestionan el servicio posventa local<\/p><\/li><li data-start=\"2730\" data-end=\"2785\"><p data-start=\"2732\" data-end=\"2785\">Socios OEM \/ ODM que requieren un control de calidad estable<\/p><\/li><li data-start=\"2786\" data-end=\"2820\"><p data-start=\"2788\" data-end=\"2820\">Compradores B2B que gestionan pedidos por lotes<\/p><\/li><\/ul>\t\t\t\t\t\t\t\t<\/div>\n\t\t\t\t<div class=\"elementor-element elementor-element-2c9208 elementor-widget elementor-widget-text-editor\" data-id=\"2c9208\" data-element_type=\"widget\" data-e-type=\"widget\" data-widget_type=\"text-editor.default\">\n\t\t\t\t\t\t\t\t\t\t\t<h5 data-start=\"3738\" data-end=\"3788\">Integrado con nuestro soporte de fabricaci\u00f3n y proyectos<\/h5><p data-start=\"3258\" data-end=\"3312\">Nuestro servicio posventa y de reparaciones colabora estrechamente con:<\/p><ul data-start=\"3313\" data-end=\"3497\"><li data-start=\"3313\" data-end=\"3370\"><p data-start=\"3315\" data-end=\"3370\"><em><strong data-start=\"3315\" data-end=\"3334\">Apoyo a proyectos<\/strong> - reducir los problemas en las fases iniciales<\/em><\/p><\/li><li data-start=\"3371\" data-end=\"3430\"><p data-start=\"3373\" data-end=\"3430\"><em><strong data-start=\"3373\" data-end=\"3397\">Calidad y conformidad<\/strong> - prevenci\u00f3n de fallos repetidos<\/em><\/p><\/li><li data-start=\"3431\" data-end=\"3497\"><p data-start=\"3433\" data-end=\"3497\"><em><strong data-start=\"3433\" data-end=\"3460\">Fabricaci\u00f3n OEM y ODM<\/strong> - mejorar las futuras series de producci\u00f3n<\/em><\/p><\/li><\/ul>\t\t\t\t\t\t\t\t<\/div>\n\t\t\t\t\t<\/div>\n\t\t\t\t<\/div>\n\t\t\t\t<\/div>","protected":false},"excerpt":{"rendered":"<p>Reliable After-Sales &amp; Repair Support for B2B Partners We focus on efficient problem resolution, not complicated promises \u2014 helping distributors [&hellip;]<\/p>\n","protected":false},"author":1,"featured_media":0,"parent":0,"menu_order":0,"comment_status":"closed","ping_status":"closed","template":"","meta":{"_acf_changed":false,"site-sidebar-layout":"no-sidebar","site-content-layout":"page-builder","ast-site-content-layout":"full-width-container","site-content-style":"default","site-sidebar-style":"default","ast-global-header-display":"","ast-banner-title-visibility":"","ast-main-header-display":"","ast-hfb-above-header-display":"","ast-hfb-below-header-display":"","ast-hfb-mobile-header-display":"","site-post-title":"disabled","ast-breadcrumbs-content":"","ast-featured-img":"disabled","footer-sml-layout":"","ast-disable-related-posts":"","theme-transparent-header-meta":"","adv-header-id-meta":"","stick-header-meta":"","header-above-stick-meta":"","header-main-stick-meta":"","header-below-stick-meta":"","astra-migrate-meta-layouts":"set","ast-page-background-enabled":"default","ast-page-background-meta":{"desktop":{"background-color":"var(--ast-global-color-4)","background-image":"","background-repeat":"repeat","background-position":"center center","background-size":"auto","background-attachment":"scroll","background-type":"","background-media":"","overlay-type":"","overlay-color":"","overlay-opacity":"","overlay-gradient":""},"tablet":{"background-color":"","background-image":"","background-repeat":"repeat","background-position":"center center","background-size":"auto","background-attachment":"scroll","background-type":"","background-media":"","overlay-type":"","overlay-color":"","overlay-opacity":"","overlay-gradient":""},"mobile":{"background-color":"","background-image":"","background-repeat":"repeat","background-position":"center center","background-size":"auto","background-attachment":"scroll","background-type":"","background-media":"","overlay-type":"","overlay-color":"","overlay-opacity":"","overlay-gradient":""}},"ast-content-background-meta":{"desktop":{"background-color":"var(--ast-global-color-5)","background-image":"","background-repeat":"repeat","background-position":"center center","background-size":"auto","background-attachment":"scroll","background-type":"","background-media":"","overlay-type":"","overlay-color":"","overlay-opacity":"","overlay-gradient":""},"tablet":{"background-color":"var(--ast-global-color-5)","background-image":"","background-repeat":"repeat","background-position":"center center","background-size":"auto","background-attachment":"scroll","background-type":"","background-media":"","overlay-type":"","overlay-color":"","overlay-opacity":"","overlay-gradient":""},"mobile":{"background-color":"var(--ast-global-color-5)","background-image":"","background-repeat":"repeat","background-position":"center center","background-size":"auto","background-attachment":"scroll","background-type":"","background-media":"","overlay-type":"","overlay-color":"","overlay-opacity":"","overlay-gradient":""}},"footnotes":""},"class_list":["post-2127","page","type-page","status-publish","hentry"],"acf":[],"_links":{"self":[{"href":"https:\/\/bestwillcams.com\/es\/wp-json\/wp\/v2\/pages\/2127","targetHints":{"allow":["GET"]}}],"collection":[{"href":"https:\/\/bestwillcams.com\/es\/wp-json\/wp\/v2\/pages"}],"about":[{"href":"https:\/\/bestwillcams.com\/es\/wp-json\/wp\/v2\/types\/page"}],"author":[{"embeddable":true,"href":"https:\/\/bestwillcams.com\/es\/wp-json\/wp\/v2\/users\/1"}],"replies":[{"embeddable":true,"href":"https:\/\/bestwillcams.com\/es\/wp-json\/wp\/v2\/comments?post=2127"}],"version-history":[{"count":22,"href":"https:\/\/bestwillcams.com\/es\/wp-json\/wp\/v2\/pages\/2127\/revisions"}],"predecessor-version":[{"id":2834,"href":"https:\/\/bestwillcams.com\/es\/wp-json\/wp\/v2\/pages\/2127\/revisions\/2834"}],"wp:attachment":[{"href":"https:\/\/bestwillcams.com\/es\/wp-json\/wp\/v2\/media?parent=2127"}],"curies":[{"name":"wp","href":"https:\/\/api.w.org\/{rel}","templated":true}]}}