{"id":3,"date":"2025-12-22T02:27:02","date_gmt":"2025-12-22T02:27:02","guid":{"rendered":"https:\/\/d4q858h1pg.onrocket.site\/?page_id=3"},"modified":"2026-03-28T09:25:09","modified_gmt":"2026-03-28T01:25:09","slug":"privacy-policy","status":"publish","type":"page","link":"https:\/\/bestwillcams.com\/es\/privacy-policy\/","title":{"rendered":"Pol\u00edtica de privacidad"},"content":{"rendered":"<h4 class=\"wp-block-heading\">1. Introducci\u00f3n<\/h4>\n\n\n\n<p>Bienvenido a Bestwillcams.<br>Nos comprometemos a proteger su privacidad y a garantizar que sus datos personales se traten de forma segura y responsable.<\/p>\n\n\n\n<p>Esta Pol\u00edtica de privacidad explica c\u00f3mo recogemos, utilizamos y protegemos su informaci\u00f3n cuando visita nuestro sitio web.<\/p>\n\n\n\n<hr class=\"wp-block-separator has-text-color has-ast-global-color-4-color has-alpha-channel-opacity has-ast-global-color-4-background-color has-background is-style-wide\"\/>\n\n\n\n<h4 class=\"wp-block-heading\">2. Informaci\u00f3n que recopilamos<\/h4>\n\n\n\n<p>Podemos recopilar los siguientes tipos de informaci\u00f3n:<\/p>\n\n\n\n<h6 class=\"wp-block-heading\">Informaci\u00f3n personal<\/h6>\n\n\n\n<ul class=\"wp-block-list\">\n<li>Nombre<\/li>\n\n\n\n<li>Direcci\u00f3n de correo electr\u00f3nico<\/li>\n\n\n\n<li>N\u00famero de tel\u00e9fono \/ WhatsApp<\/li>\n\n\n\n<li>Nombre de la empresa<\/li>\n\n\n\n<li>Detalles del proyecto o contenido de la consulta<\/li>\n<\/ul>\n\n\n\n<h6 class=\"wp-block-heading\">Informaci\u00f3n t\u00e9cnica<\/h6>\n\n\n\n<ul class=\"wp-block-list\">\n<li>Direcci\u00f3n IP<\/li>\n\n\n\n<li>Tipo de navegador<\/li>\n\n\n\n<li>Informaci\u00f3n sobre el dispositivo<\/li>\n\n\n\n<li>P\u00e1ginas visitadas<\/li>\n<\/ul>\n\n\n\n<hr class=\"wp-block-separator has-text-color has-ast-global-color-4-color has-alpha-channel-opacity has-ast-global-color-4-background-color has-background is-style-wide\"\/>\n\n\n\n<h4 class=\"wp-block-heading\">3. C\u00f3mo utilizamos su informaci\u00f3n<\/h4>\n\n\n\n<p>Utilizamos su informaci\u00f3n para:<\/p>\n\n\n\n<ul class=\"wp-block-list\">\n<li>Responder a sus consultas y proporcionar presupuestos<\/li>\n\n\n\n<li>Recomendar productos o soluciones adecuados<\/li>\n\n\n\n<li>Mejorar nuestro sitio web y nuestros servicios<\/li>\n\n\n\n<li>Comunicarnos con usted en relaci\u00f3n con su solicitud<\/li>\n\n\n\n<li>Apoyo a la optimizaci\u00f3n del marketing y la publicidad<\/li>\n<\/ul>\n\n\n\n<hr class=\"wp-block-separator has-text-color has-ast-global-color-4-color has-alpha-channel-opacity has-ast-global-color-4-background-color has-background is-style-wide\"\/>\n\n\n\n<h4 class=\"wp-block-heading\">4. Cookies y tecnolog\u00edas de seguimiento<\/h4>\n\n\n\n<p>Utilizamos cookies y tecnolog\u00edas de seguimiento similares para:<\/p>\n\n\n\n<ul class=\"wp-block-list\">\n<li>Mejorar la experiencia del usuario<\/li>\n\n\n\n<li>Analizar el tr\u00e1fico del sitio web<\/li>\n\n\n\n<li>Apoyo a las campa\u00f1as de marketing y publicidad<\/li>\n<\/ul>\n\n\n\n<p>Podemos utilizar herramientas como:<\/p>\n\n\n\n<ul class=\"wp-block-list\">\n<li>Google Analytics<\/li>\n\n\n\n<li>Seguimiento de Google Ads<\/li>\n<\/ul>\n\n\n\n<p>Puede controlar o desactivar las cookies a trav\u00e9s de la configuraci\u00f3n de su navegador.<\/p>\n\n\n\n<hr class=\"wp-block-separator has-text-color has-ast-global-color-4-color has-alpha-channel-opacity has-ast-global-color-4-background-color has-background is-style-wide\"\/>\n\n\n\n<h4 class=\"wp-block-heading\">5. Servicios de terceros<\/h4>\n\n\n\n<p>Podemos compartir datos limitados con servicios de terceros de confianza, entre los que se incluyen:<\/p>\n\n\n\n<ul class=\"wp-block-list\">\n<li>Proveedores de an\u00e1lisis (por ejemplo, Google Analytics)<\/li>\n\n\n\n<li>Plataformas publicitarias (por ejemplo, Google Ads)<\/li>\n\n\n\n<li>Herramientas de comunicaci\u00f3n<\/li>\n<\/ul>\n\n\n\n<p>Estos servicios procesan datos \u00fanicamente para los fines descritos en esta pol\u00edtica.<\/p>\n\n\n\n<p>\ud83d\udc49 <strong>No vendemos sus datos personales a terceros.<\/strong><\/p>\n\n\n\n<hr class=\"wp-block-separator has-text-color has-ast-global-color-4-color has-alpha-channel-opacity has-ast-global-color-4-background-color has-background is-style-wide\"\/>\n\n\n\n<h4 class=\"wp-block-heading\">6. Conservaci\u00f3n de datos<\/h4>\n\n\n\n<p>Conservamos sus datos personales s\u00f3lo el tiempo necesario para:<\/p>\n\n\n\n<ul class=\"wp-block-list\">\n<li>Responder a sus consultas<\/li>\n\n\n\n<li>Prestar servicios<\/li>\n\n\n\n<li>Cumplir las obligaciones legales<\/li>\n<\/ul>\n\n\n\n<hr class=\"wp-block-separator has-text-color has-ast-global-color-4-color has-alpha-channel-opacity has-ast-global-color-4-background-color has-background is-style-wide\"\/>\n\n\n\n<h4 class=\"wp-block-heading\">7. 7. Seguridad de los datos<\/h4>\n\n\n\n<p>Tomamos medidas razonables para proteger sus datos, entre ellas:<\/p>\n\n\n\n<ul class=\"wp-block-list\">\n<li>Servidores seguros<\/li>\n\n\n\n<li>Acceso restringido<\/li>\n\n\n\n<li>Pr\u00e1cticas b\u00e1sicas de cifrado y seguridad<\/li>\n<\/ul>\n\n\n\n<p>Sin embargo, ning\u00fan m\u00e9todo de transmisi\u00f3n por Internet es 100% seguro.<\/p>\n\n\n\n<hr class=\"wp-block-separator has-text-color has-ast-global-color-4-color has-alpha-channel-opacity has-ast-global-color-4-background-color has-background is-style-wide\"\/>\n\n\n\n<h4 class=\"wp-block-heading\">8. Sus derechos (GDPR y usuarios internacionales)<\/h4>\n\n\n\n<p>Dependiendo de su ubicaci\u00f3n, puede tener derecho a:<\/p>\n\n\n\n<ul class=\"wp-block-list\">\n<li>Acceder a sus datos personales<\/li>\n\n\n\n<li>Solicitar la correcci\u00f3n de datos inexactos<\/li>\n\n\n\n<li>Solicitar la supresi\u00f3n de sus datos<\/li>\n\n\n\n<li>Retirar el consentimiento en cualquier momento<\/li>\n<\/ul>\n\n\n\n<p>Para ejercer sus derechos, p\u00f3ngase en contacto con nosotros utilizando los datos que figuran a continuaci\u00f3n.<\/p>\n\n\n\n<hr class=\"wp-block-separator has-text-color has-ast-global-color-4-color has-alpha-channel-opacity has-ast-global-color-4-background-color has-background is-style-wide\"\/>\n\n\n\n<h4 class=\"wp-block-heading\">9. Transferencias internacionales de datos<\/h4>\n\n\n\n<p>Como empresa global, sus datos pueden ser procesados fuera de su pa\u00eds de residencia.<br>Nos aseguramos de que existan salvaguardias adecuadas para proteger sus datos.<\/p>\n\n\n\n<hr class=\"wp-block-separator has-text-color has-ast-global-color-4-color has-alpha-channel-opacity has-ast-global-color-4-background-color has-background is-style-wide\"\/>\n\n\n\n<h4 class=\"wp-block-heading\">10. Enlaces a otros sitios web<\/h4>\n\n\n\n<p>Nuestro sitio web puede contener enlaces a sitios web de terceros.<br>No somos responsables de sus pr\u00e1cticas de privacidad.<\/p>\n\n\n\n<hr class=\"wp-block-separator has-text-color has-ast-global-color-4-color has-alpha-channel-opacity has-ast-global-color-4-background-color has-background is-style-wide\"\/>\n\n\n\n<h4 class=\"wp-block-heading\">11. Actualizaciones de esta pol\u00edtica<\/h4>\n\n\n\n<p>Podemos actualizar esta Pol\u00edtica de Privacidad de vez en cuando.<br>Los cambios se publicar\u00e1n en esta p\u00e1gina con la fecha actualizada.<\/p>\n\n\n\n<p><\/p>","protected":false},"excerpt":{"rendered":"<p>1. Introduction Welcome to Bestwillcams.We are committed to protecting your privacy and ensuring that your personal data is handled securely [&hellip;]<\/p>\n","protected":false},"author":1,"featured_media":0,"parent":0,"menu_order":0,"comment_status":"closed","ping_status":"open","template":"","meta":{"_acf_changed":false,"site-sidebar-layout":"default","site-content-layout":"","ast-site-content-layout":"narrow-width-container","site-content-style":"default","site-sidebar-style":"default","ast-global-header-display":"","ast-banner-title-visibility":"","ast-main-header-display":"","ast-hfb-above-header-display":"","ast-hfb-below-header-display":"","ast-hfb-mobile-header-display":"","site-post-title":"","ast-breadcrumbs-content":"","ast-featured-img":"","footer-sml-layout":"","ast-disable-related-posts":"","theme-transparent-header-meta":"","adv-header-id-meta":"","stick-header-meta":"","header-above-stick-meta":"","header-main-stick-meta":"","header-below-stick-meta":"","astra-migrate-meta-layouts":"set","ast-page-background-enabled":"default","ast-page-background-meta":{"desktop":{"background-color":"var(--ast-global-color-4)","background-image":"","background-repeat":"repeat","background-position":"center center","background-size":"auto","background-attachment":"scroll","background-type":"","background-media":"","overlay-type":"","overlay-color":"","overlay-opacity":"","overlay-gradient":""},"tablet":{"background-color":"","background-image":"","background-repeat":"repeat","background-position":"center center","background-size":"auto","background-attachment":"scroll","background-type":"","background-media":"","overlay-type":"","overlay-color":"","overlay-opacity":"","overlay-gradient":""},"mobile":{"background-color":"","background-image":"","background-repeat":"repeat","background-position":"center center","background-size":"auto","background-attachment":"scroll","background-type":"","background-media":"","overlay-type":"","overlay-color":"","overlay-opacity":"","overlay-gradient":""}},"ast-content-background-meta":{"desktop":{"background-color":"var(--ast-global-color-5)","background-image":"","background-repeat":"repeat","background-position":"center center","background-size":"auto","background-attachment":"scroll","background-type":"","background-media":"","overlay-type":"","overlay-color":"","overlay-opacity":"","overlay-gradient":""},"tablet":{"background-color":"var(--ast-global-color-5)","background-image":"","background-repeat":"repeat","background-position":"center center","background-size":"auto","background-attachment":"scroll","background-type":"","background-media":"","overlay-type":"","overlay-color":"","overlay-opacity":"","overlay-gradient":""},"mobile":{"background-color":"var(--ast-global-color-5)","background-image":"","background-repeat":"repeat","background-position":"center center","background-size":"auto","background-attachment":"scroll","background-type":"","background-media":"","overlay-type":"","overlay-color":"","overlay-opacity":"","overlay-gradient":""}},"footnotes":""},"class_list":["post-3","page","type-page","status-publish","hentry"],"acf":[],"_links":{"self":[{"href":"https:\/\/bestwillcams.com\/es\/wp-json\/wp\/v2\/pages\/3","targetHints":{"allow":["GET"]}}],"collection":[{"href":"https:\/\/bestwillcams.com\/es\/wp-json\/wp\/v2\/pages"}],"about":[{"href":"https:\/\/bestwillcams.com\/es\/wp-json\/wp\/v2\/types\/page"}],"author":[{"embeddable":true,"href":"https:\/\/bestwillcams.com\/es\/wp-json\/wp\/v2\/users\/1"}],"replies":[{"embeddable":true,"href":"https:\/\/bestwillcams.com\/es\/wp-json\/wp\/v2\/comments?post=3"}],"version-history":[{"count":4,"href":"https:\/\/bestwillcams.com\/es\/wp-json\/wp\/v2\/pages\/3\/revisions"}],"predecessor-version":[{"id":3137,"href":"https:\/\/bestwillcams.com\/es\/wp-json\/wp\/v2\/pages\/3\/revisions\/3137"}],"wp:attachment":[{"href":"https:\/\/bestwillcams.com\/es\/wp-json\/wp\/v2\/media?parent=3"}],"curies":[{"name":"wp","href":"https:\/\/api.w.org\/{rel}","templated":true}]}}