{"id":990,"date":"2025-12-22T07:55:47","date_gmt":"2025-12-22T07:55:47","guid":{"rendered":"https:\/\/bestwillcams.com\/about-us\/"},"modified":"2026-03-30T18:06:39","modified_gmt":"2026-03-30T10:06:39","slug":"about-us","status":"publish","type":"page","link":"https:\/\/bestwillcams.com\/es\/about-us\/","title":{"rendered":"Acerca de"},"content":{"rendered":"<div data-elementor-type=\"wp-page\" data-elementor-id=\"990\" class=\"elementor elementor-990\" data-elementor-post-type=\"page\">\n\t\t\t\t<div class=\"elementor-element elementor-element-57fe2ac e-flex e-con-boxed e-con e-parent\" data-id=\"57fe2ac\" data-element_type=\"container\" data-e-type=\"container\" data-settings=\"{&quot;background_background&quot;:&quot;classic&quot;}\">\n\t\t\t\t\t<div class=\"e-con-inner\">\n\t\t\t\t<div class=\"elementor-element elementor-element-e8b5bba elementor-widget elementor-widget-heading\" data-id=\"e8b5bba\" data-element_type=\"widget\" data-e-type=\"widget\" data-widget_type=\"heading.default\">\n\t\t\t\t\t\t\t<h2 class=\"elementor-heading-title elementor-size-default\">Qui\u00e9nes somos<\/h2>\t\t\t\t<\/div>\n\t\t\t\t\t<\/div>\n\t\t\t\t<\/div>\n\t\t<div class=\"elementor-element elementor-element-19d338a e-flex e-con-boxed e-con e-parent\" data-id=\"19d338a\" data-element_type=\"container\" data-e-type=\"container\" data-settings=\"{&quot;background_background&quot;:&quot;classic&quot;}\">\n\t\t\t\t\t<div class=\"e-con-inner\">\n\t\t\t\t<div class=\"elementor-element elementor-element-4deadad elementor-widget elementor-widget-heading\" data-id=\"4deadad\" data-element_type=\"widget\" data-e-type=\"widget\" data-widget_type=\"heading.default\">\n\t\t\t\t\t\t\t<h6 class=\"elementor-heading-title elementor-size-default\">Bestwill se adhiere al concepto de calidad de \"crear productos excelentes con la m\u00e1xima calidad\ncalidad\", persiste en ofrecer a los clientes productos y servicios de primera clase, y\ny servicios de primera clase, y construye de forma integral la competitividad b\u00e1sica de la empresa. Sus productos se exportan\na m\u00e1s de 80 pa\u00edses y regiones, como Europa, Am\u00e9rica, Australia, Sudam\u00e9rica y el Sudeste Asi\u00e1tico.\nAm\u00e9rica, Australia, Sudam\u00e9rica y el Sudeste Asi\u00e1tico.\nrelaciones de cooperaci\u00f3n estrat\u00e9gica a largo plazo con muchas empresas de renombre de todo el mundo.<\/h6>\t\t\t\t<\/div>\n\t\t\t\t<div class=\"elementor-element elementor-element-0b0f2ab elementor-widget elementor-widget-image\" data-id=\"0b0f2ab\" data-element_type=\"widget\" data-e-type=\"widget\" data-widget_type=\"image.default\">\n\t\t\t\t\t\t\t\t\t\t\t\t\t\t\t\t\t<img fetchpriority=\"high\" decoding=\"async\" width=\"1200\" height=\"900\" src=\"https:\/\/bestwillcams.com\/wp-content\/uploads\/2026\/02\/BestWill-Product-gallery.webp\" class=\"attachment-full size-full wp-image-2541\" alt=\"\" srcset=\"https:\/\/bestwillcams.com\/wp-content\/uploads\/2026\/02\/BestWill-Product-gallery.webp 1200w, https:\/\/bestwillcams.com\/wp-content\/uploads\/2026\/02\/BestWill-Product-gallery-300x225.webp 300w, https:\/\/bestwillcams.com\/wp-content\/uploads\/2026\/02\/BestWill-Product-gallery-1024x768.webp 1024w, https:\/\/bestwillcams.com\/wp-content\/uploads\/2026\/02\/BestWill-Product-gallery-768x576.webp 768w\" sizes=\"(max-width: 1200px) 100vw, 1200px\" \/>\t\t\t\t\t\t\t\t\t\t\t\t\t\t\t<\/div>\n\t\t\t\t<div class=\"elementor-element elementor-element-817f6d2 elementor-arrows-position-inside elementor-pagination-position-outside elementor-widget elementor-widget-image-carousel\" data-id=\"817f6d2\" data-element_type=\"widget\" data-e-type=\"widget\" data-settings=\"{&quot;slides_to_show&quot;:&quot;4&quot;,&quot;navigation&quot;:&quot;both&quot;,&quot;autoplay&quot;:&quot;yes&quot;,&quot;pause_on_hover&quot;:&quot;yes&quot;,&quot;pause_on_interaction&quot;:&quot;yes&quot;,&quot;autoplay_speed&quot;:5000,&quot;infinite&quot;:&quot;yes&quot;,&quot;speed&quot;:500,&quot;image_spacing_custom&quot;:{&quot;unit&quot;:&quot;px&quot;,&quot;size&quot;:20,&quot;sizes&quot;:[]},&quot;image_spacing_custom_tablet&quot;:{&quot;unit&quot;:&quot;px&quot;,&quot;size&quot;:&quot;&quot;,&quot;sizes&quot;:[]},&quot;image_spacing_custom_mobile&quot;:{&quot;unit&quot;:&quot;px&quot;,&quot;size&quot;:&quot;&quot;,&quot;sizes&quot;:[]}}\" data-widget_type=\"image-carousel.default\">\n\t\t\t\t\t\t\t\t\t<div class=\"elementor-image-carousel-wrapper swiper\" role=\"region\" aria-roledescription=\"carousel\" aria-label=\"Carrusel de im\u00e1genes\" dir=\"ltr\">\n\t\t\t<div class=\"elementor-image-carousel swiper-wrapper\" aria-live=\"off\">\n\t\t\t\t\t\t\t\t<div class=\"swiper-slide\" role=\"group\" aria-roledescription=\"slide\" aria-label=\"1 de 4\"><figure class=\"swiper-slide-inner\"><img decoding=\"async\" class=\"swiper-slide-image\" src=\"https:\/\/bestwillcams.com\/wp-content\/uploads\/2026\/03\/CE-EMC-BestWill.webp\" alt=\"CE EMC BestWill\" \/><\/figure><\/div><div class=\"swiper-slide\" role=\"group\" aria-roledescription=\"slide\" aria-label=\"2 de 4\"><figure class=\"swiper-slide-inner\"><img decoding=\"async\" class=\"swiper-slide-image\" src=\"https:\/\/bestwillcams.com\/wp-content\/uploads\/2026\/03\/Patent-certificate-for-underwater-video-surveillance-technology.webp\" alt=\"Certificado de patente para tecnolog\u00eda de videovigilancia submarina\" \/><\/figure><\/div><div class=\"swiper-slide\" role=\"group\" aria-roledescription=\"slide\" aria-label=\"3 de 4\"><figure class=\"swiper-slide-inner\"><img decoding=\"async\" class=\"swiper-slide-image\" src=\"https:\/\/bestwillcams.com\/wp-content\/uploads\/2026\/03\/BestWill-ISO-9001.webp\" alt=\"BestWill ISO 9001\" \/><\/figure><\/div><div class=\"swiper-slide\" role=\"group\" aria-roledescription=\"slide\" aria-label=\"4 de 4\"><figure class=\"swiper-slide-inner\"><img decoding=\"async\" class=\"swiper-slide-image\" src=\"https:\/\/bestwillcams.com\/wp-content\/uploads\/2026\/03\/patent-for-utility-models-BestWill.webp\" alt=\"patente de modelos de utilidad BestWill\" \/><\/figure><\/div>\t\t\t<\/div>\n\t\t\t\t\t\t\t\t\t\t\t\t<div class=\"elementor-swiper-button elementor-swiper-button-prev\" role=\"button\" tabindex=\"0\">\n\t\t\t\t\t\t<svg aria-hidden=\"true\" class=\"e-font-icon-svg e-eicon-chevron-left\" viewbox=\"0 0 1000 1000\" xmlns=\"http:\/\/www.w3.org\/2000\/svg\"><path d=\"M646 125C629 125 613 133 604 142L308 442C296 454 292 471 292 487 292 504 296 521 308 533L604 854C617 867 629 875 646 875 663 875 679 871 692 858 704 846 713 829 713 812 713 796 708 779 692 767L438 487 692 225C700 217 708 204 708 187 708 171 704 154 692 142 675 129 663 125 646 125Z\"><\/path><\/svg>\t\t\t\t\t<\/div>\n\t\t\t\t\t<div class=\"elementor-swiper-button elementor-swiper-button-next\" role=\"button\" tabindex=\"0\">\n\t\t\t\t\t\t<svg aria-hidden=\"true\" class=\"e-font-icon-svg e-eicon-chevron-right\" viewbox=\"0 0 1000 1000\" xmlns=\"http:\/\/www.w3.org\/2000\/svg\"><path d=\"M696 533C708 521 713 504 713 487 713 471 708 454 696 446L400 146C388 133 375 125 354 125 338 125 325 129 313 142 300 154 292 171 292 187 292 204 296 221 308 233L563 492 304 771C292 783 288 800 288 817 288 833 296 850 308 863 321 871 338 875 354 875 371 875 388 867 400 854L696 533Z\"><\/path><\/svg>\t\t\t\t\t<\/div>\n\t\t\t\t\n\t\t\t\t\t\t\t\t\t<div class=\"swiper-pagination\"><\/div>\n\t\t\t\t\t\t\t\t\t<\/div>\n\t\t\t\t\t\t<\/div>\n\t\t\t\t<div class=\"elementor-element elementor-element-34702d0 elementor-widget elementor-widget-heading\" data-id=\"34702d0\" data-element_type=\"widget\" data-e-type=\"widget\" data-widget_type=\"heading.default\">\n\t\t\t\t\t\t\t<p class=\"elementor-heading-title elementor-size-default\">Shenzhen Beyond Eletctronics Co., Ltd. Ltd. Est\u00e1 situada en la zona industrial Apollon Future de Longgang, Shenzhen, la famosa metr\u00f3polis de ciencia y tecnolog\u00eda de China. La empresa se ha dedicado profundamente a campos como las c\u00e1maras submarinas, los robots de detecci\u00f3n submarina\nendoscopios para tuber\u00edas y robots para tuber\u00edas. Ha desarrollado m\u00e1s de cuarenta patentes de invenci\u00f3n para sistemas de detecci\u00f3n subacu\u00e1tica y sistemas de inspecci\u00f3n de tuber\u00edas. \n<br>\n<br>\nAhora se ha convertido en una empresa nacional de alta tecnolog\u00eda que integra investigaci\u00f3n y desarrollo, producci\u00f3n, ventas y servicio. Sus productos se utilizan ampliamente en campos tecnol\u00f3gicos avanzados\ncomo la fotograf\u00eda submarina, la pesca en hielo, el salvamento de naufragios, las operaciones en aguas profundas en plataformas petrol\u00edferas y de gas en alta mar, la miner\u00eda, la oceanograf\u00eda, la industria qu\u00edmica, la vigilancia y el\nmantenimiento de redes urbanas de suministro de agua y diversas tuber\u00edas subterr\u00e1neas, restauraci\u00f3n de pozos petrol\u00edferos, detecci\u00f3n submarina, acuicultura, construcci\u00f3n, supervisi\u00f3n y salvamento de instalaciones de conservaci\u00f3n de agua como embalses, presas y canales, as\u00ed como rescate en pozos. Tras\na\u00f1os de esfuerzos, la empresa se ha convertido en:<\/p>\t\t\t\t<\/div>\n\t\t\t\t<div class=\"elementor-element elementor-element-75b7d70 elementor-widget elementor-widget-text-editor\" data-id=\"75b7d70\" data-element_type=\"widget\" data-e-type=\"widget\" data-widget_type=\"text-editor.default\">\n\t\t\t\t\t\t\t\t\t\t\t<p><strong>Empresa nacional de alta tecnolog\u00eda<\/strong><br \/><strong>Empresa con certificaci\u00f3n internacional ISO9001<\/strong><br \/><strong>Proveedor global de la cadena de suministro Alibaba<\/strong><br \/><strong>Walmart en l\u00ednea Proveedor global en <\/strong><strong>Estados Unidos<\/strong><\/p><p><strong>Empresa nacional de cr\u00e9dito AAA<\/strong><br \/><strong>JD Proveedor global de la cadena de suministro<\/strong><br \/><strong>Proveedor global de Amazon en <\/strong><strong>Estados Unidos<\/strong><\/p>\t\t\t\t\t\t\t\t<\/div>\n\t\t\t\t\t<\/div>\n\t\t\t\t<\/div>\n\t\t<div class=\"elementor-element elementor-element-9939bbb e-flex e-con-boxed e-con e-parent\" data-id=\"9939bbb\" data-element_type=\"container\" data-e-type=\"container\" data-settings=\"{&quot;background_background&quot;:&quot;classic&quot;}\">\n\t\t\t\t\t<div class=\"e-con-inner\">\n\t\t\t\t<div class=\"elementor-element elementor-element-27aef02 elementor-widget elementor-widget-image\" data-id=\"27aef02\" data-element_type=\"widget\" data-e-type=\"widget\" data-widget_type=\"image.default\">\n\t\t\t\t\t\t\t\t\t\t\t\t\t\t\t\t\t<img decoding=\"async\" width=\"1920\" height=\"1080\" src=\"https:\/\/bestwillcams.com\/wp-content\/uploads\/2026\/01\/Company.webp\" class=\"attachment-full size-full wp-image-2203\" alt=\"\" srcset=\"https:\/\/bestwillcams.com\/wp-content\/uploads\/2026\/01\/Company.webp 1920w, https:\/\/bestwillcams.com\/wp-content\/uploads\/2026\/01\/Company-300x169.webp 300w, https:\/\/bestwillcams.com\/wp-content\/uploads\/2026\/01\/Company-1024x576.webp 1024w, https:\/\/bestwillcams.com\/wp-content\/uploads\/2026\/01\/Company-768x432.webp 768w, https:\/\/bestwillcams.com\/wp-content\/uploads\/2026\/01\/Company-1536x864.webp 1536w\" sizes=\"(max-width: 1920px) 100vw, 1920px\" \/>\t\t\t\t\t\t\t\t\t\t\t\t\t\t\t<\/div>\n\t\t\t\t\t<\/div>\n\t\t\t\t<\/div>\n\t\t<div class=\"elementor-element elementor-element-9f04b16 e-flex e-con-boxed e-con e-parent\" data-id=\"9f04b16\" data-element_type=\"container\" data-e-type=\"container\" data-settings=\"{&quot;background_background&quot;:&quot;classic&quot;}\">\n\t\t\t\t\t<div class=\"e-con-inner\">\n\t\t<div class=\"elementor-element elementor-element-28b2a13 e-con-full e-flex e-con e-child\" data-id=\"28b2a13\" data-element_type=\"container\" data-e-type=\"container\">\n\t\t<div class=\"elementor-element elementor-element-65152da e-con-full e-flex e-con e-child\" data-id=\"65152da\" data-element_type=\"container\" data-e-type=\"container\">\n\t\t\t\t<div class=\"elementor-element elementor-element-81dc582 elementor-widget elementor-widget-heading\" data-id=\"81dc582\" data-element_type=\"widget\" data-e-type=\"widget\" data-widget_type=\"heading.default\">\n\t\t\t\t\t\t\t<p class=\"elementor-heading-title elementor-size-default\">Visi\u00f3n<\/p>\t\t\t\t<\/div>\n\t\t\t\t<\/div>\n\t\t<div class=\"elementor-element elementor-element-f66d257 e-con-full e-flex e-con e-child\" data-id=\"f66d257\" data-element_type=\"container\" data-e-type=\"container\">\n\t\t\t\t<div class=\"elementor-element elementor-element-cbd5f17 elementor-widget elementor-widget-heading\" data-id=\"cbd5f17\" data-element_type=\"widget\" data-e-type=\"widget\" data-widget_type=\"heading.default\">\n\t\t\t\t\t\t\t<h6 class=\"elementor-heading-title elementor-size-default\">Profundizar continuamente nuestra presencia en la fabricaci\u00f3n de c\u00e1maras subacu\u00e1ticas y apoyar diversas aplicaciones de inspecci\u00f3n y supervisi\u00f3n en todo el mundo.<\/h6>\t\t\t\t<\/div>\n\t\t\t\t<\/div>\n\t\t\t\t<\/div>\n\t\t<div class=\"elementor-element elementor-element-9c01163 e-con-full e-flex e-con e-child\" data-id=\"9c01163\" data-element_type=\"container\" data-e-type=\"container\">\n\t\t<div class=\"elementor-element elementor-element-70364dd e-con-full e-flex e-con e-child\" data-id=\"70364dd\" data-element_type=\"container\" data-e-type=\"container\">\n\t\t\t\t<div class=\"elementor-element elementor-element-2f0a718 elementor-widget elementor-widget-heading\" data-id=\"2f0a718\" data-element_type=\"widget\" data-e-type=\"widget\" data-widget_type=\"heading.default\">\n\t\t\t\t\t\t\t<p class=\"elementor-heading-title elementor-size-default\">Misi\u00f3n<\/p>\t\t\t\t<\/div>\n\t\t\t\t<\/div>\n\t\t<div class=\"elementor-element elementor-element-e0c8897 e-con-full e-flex e-con e-child\" data-id=\"e0c8897\" data-element_type=\"container\" data-e-type=\"container\">\n\t\t\t\t<div class=\"elementor-element elementor-element-bc2f40e elementor-widget elementor-widget-heading\" data-id=\"bc2f40e\" data-element_type=\"widget\" data-e-type=\"widget\" data-widget_type=\"heading.default\">\n\t\t\t\t\t\t\t<h6 class=\"elementor-heading-title elementor-size-default\">Apoyar a los clientes con productos pr\u00e1cticos para c\u00e1maras subacu\u00e1ticas basados en a\u00f1os de experiencia en fabricaci\u00f3n y conocimiento de las aplicaciones en el mundo real.<\/h6>\t\t\t\t<\/div>\n\t\t\t\t<\/div>\n\t\t\t\t<\/div>\n\t\t\t\t\t<\/div>\n\t\t\t\t<\/div>\n\t\t\t\t<\/div>","protected":false},"excerpt":{"rendered":"<p>About Us The Bestwill adheres to the quality concept of &#8220;creating excellent products with top-notch quality&#8221;, persists in providing customers [&hellip;]<\/p>\n","protected":false},"author":1,"featured_media":0,"parent":0,"menu_order":0,"comment_status":"closed","ping_status":"closed","template":"","meta":{"_acf_changed":false,"site-sidebar-layout":"no-sidebar","site-content-layout":"page-builder","ast-site-content-layout":"full-width-container","site-content-style":"default","site-sidebar-style":"default","ast-global-header-display":"","ast-banner-title-visibility":"disabled","ast-main-header-display":"","ast-hfb-above-header-display":"","ast-hfb-below-header-display":"","ast-hfb-mobile-header-display":"","site-post-title":"disabled","ast-breadcrumbs-content":"","ast-featured-img":"disabled","footer-sml-layout":"","ast-disable-related-posts":"","theme-transparent-header-meta":"","adv-header-id-meta":"","stick-header-meta":"","header-above-stick-meta":"","header-main-stick-meta":"","header-below-stick-meta":"","astra-migrate-meta-layouts":"set","ast-page-background-enabled":"default","ast-page-background-meta":{"desktop":{"background-color":"var(--ast-global-color-4)","background-image":"","background-repeat":"repeat","background-position":"center center","background-size":"auto","background-attachment":"scroll","background-type":"","background-media":"","overlay-type":"","overlay-color":"","overlay-opacity":"","overlay-gradient":""},"tablet":{"background-color":"","background-image":"","background-repeat":"repeat","background-position":"center center","background-size":"auto","background-attachment":"scroll","background-type":"","background-media":"","overlay-type":"","overlay-color":"","overlay-opacity":"","overlay-gradient":""},"mobile":{"background-color":"","background-image":"","background-repeat":"repeat","background-position":"center center","background-size":"auto","background-attachment":"scroll","background-type":"","background-media":"","overlay-type":"","overlay-color":"","overlay-opacity":"","overlay-gradient":""}},"ast-content-background-meta":{"desktop":{"background-color":"var(--ast-global-color-5)","background-image":"","background-repeat":"repeat","background-position":"center center","background-size":"auto","background-attachment":"scroll","background-type":"","background-media":"","overlay-type":"","overlay-color":"","overlay-opacity":"","overlay-gradient":""},"tablet":{"background-color":"var(--ast-global-color-5)","background-image":"","background-repeat":"repeat","background-position":"center center","background-size":"auto","background-attachment":"scroll","background-type":"","background-media":"","overlay-type":"","overlay-color":"","overlay-opacity":"","overlay-gradient":""},"mobile":{"background-color":"var(--ast-global-color-5)","background-image":"","background-repeat":"repeat","background-position":"center center","background-size":"auto","background-attachment":"scroll","background-type":"","background-media":"","overlay-type":"","overlay-color":"","overlay-opacity":"","overlay-gradient":""}},"footnotes":""},"class_list":["post-990","page","type-page","status-publish","hentry"],"acf":[],"_links":{"self":[{"href":"https:\/\/bestwillcams.com\/es\/wp-json\/wp\/v2\/pages\/990","targetHints":{"allow":["GET"]}}],"collection":[{"href":"https:\/\/bestwillcams.com\/es\/wp-json\/wp\/v2\/pages"}],"about":[{"href":"https:\/\/bestwillcams.com\/es\/wp-json\/wp\/v2\/types\/page"}],"author":[{"embeddable":true,"href":"https:\/\/bestwillcams.com\/es\/wp-json\/wp\/v2\/users\/1"}],"replies":[{"embeddable":true,"href":"https:\/\/bestwillcams.com\/es\/wp-json\/wp\/v2\/comments?post=990"}],"version-history":[{"count":55,"href":"https:\/\/bestwillcams.com\/es\/wp-json\/wp\/v2\/pages\/990\/revisions"}],"predecessor-version":[{"id":3162,"href":"https:\/\/bestwillcams.com\/es\/wp-json\/wp\/v2\/pages\/990\/revisions\/3162"}],"wp:attachment":[{"href":"https:\/\/bestwillcams.com\/es\/wp-json\/wp\/v2\/media?parent=990"}],"curies":[{"name":"wp","href":"https:\/\/api.w.org\/{rel}","templated":true}]}}