{"id":2038,"date":"2025-12-30T16:43:48","date_gmt":"2025-12-30T08:43:48","guid":{"rendered":"https:\/\/bestwillcams.com\/?page_id=2038"},"modified":"2026-03-03T09:44:14","modified_gmt":"2026-03-03T01:44:14","slug":"oem-manufacturing","status":"publish","type":"page","link":"https:\/\/bestwillcams.com\/fr\/oem-manufacturing\/","title":{"rendered":"Fabrication OEM"},"content":{"rendered":"<div data-elementor-type=\"wp-page\" data-elementor-id=\"2038\" class=\"elementor elementor-2038\" data-elementor-post-type=\"page\">\n\t\t\t\t<div class=\"elementor-element elementor-element-0e33895 e-flex e-con-boxed e-con e-parent\" data-id=\"0e33895\" data-element_type=\"container\" data-e-type=\"container\" data-settings=\"{&quot;background_background&quot;:&quot;classic&quot;}\">\n\t\t\t\t\t<div class=\"e-con-inner\">\n\t\t\t\t<div class=\"elementor-element elementor-element-6d37a41 elementor-widget elementor-widget-heading\" data-id=\"6d37a41\" data-element_type=\"widget\" data-e-type=\"widget\" data-widget_type=\"heading.default\">\n\t\t\t\t\t\t\t<h1 class=\"elementor-heading-title elementor-size-default\">Fabrication OEM de syst\u00e8mes de cam\u00e9ras sous-marines<\/h1>\t\t\t\t<\/div>\n\t\t\t\t<div class=\"elementor-element elementor-element-f5e35d8 elementor-hidden-tablet elementor-hidden-mobile elementor-widget elementor-widget-text-editor\" data-id=\"f5e35d8\" data-element_type=\"widget\" data-e-type=\"widget\" data-widget_type=\"text-editor.default\">\n\t\t\t\t\t\t\t\t\t\t\t<p>Nous fournissons <strong data-start=\"281\" data-end=\"311\">Services de fabrication OEM<\/strong> pour les clients qui ont d\u00e9j\u00e0 des sp\u00e9cifications de produits claires et qui recherchent un partenaire de production fiable. <strong data-start=\"457\" data-end=\"486\">syst\u00e8mes de cam\u00e9ras sous-marines<\/strong>, Nos services OEM sont ax\u00e9s sur <strong data-start=\"514\" data-end=\"578\">assemblage stable, qualit\u00e9 constante et production \u00e9volutive<\/strong>, Le programme d'innovation de l'Union europ\u00e9enne permet \u00e0 nos partenaires de commercialiser en toute confiance des produits qui ont fait leurs preuves.<\/p>\t\t\t\t\t\t\t\t<\/div>\n\t\t\t\t\t<\/div>\n\t\t\t\t<\/div>\n\t\t<div class=\"elementor-element elementor-element-5602ca4 e-flex e-con-boxed e-con e-parent\" data-id=\"5602ca4\" data-element_type=\"container\" data-e-type=\"container\">\n\t\t\t\t\t<div class=\"e-con-inner\">\n\t\t\t\t<div class=\"elementor-element elementor-element-b1f29a7 elementor-widget elementor-widget-text-editor\" data-id=\"b1f29a7\" data-element_type=\"widget\" data-e-type=\"widget\" data-widget_type=\"text-editor.default\">\n\t\t\t\t\t\t\t\t\t\t\t<h4>Ce que couvre notre fabrication OEM<\/h4><p>Nos services de fabrication OEM s'articulent autour des \u00e9l\u00e9ments suivants <strong>plates-formes de cam\u00e9ras sous-marines matures<\/strong> qui ont \u00e9t\u00e9 valid\u00e9es dans diff\u00e9rentes applications.<\/p><h5>Principales capacit\u00e9s des OEM<\/h5><ul><li>Assemblage complet du syst\u00e8me de cam\u00e9ra sous-marine<\/li><li>Int\u00e9gration de la cam\u00e9ra, du c\u00e2ble, de l'enrouleur et du moniteur<\/li><li>Processus de production standardis\u00e9 pour les commandes r\u00e9p\u00e9t\u00e9es<\/li><li>Inspection des mat\u00e9riaux entrants et contr\u00f4le de la qualit\u00e9 en ligne<\/li><li>Test final du produit avant exp\u00e9dition<\/li><\/ul><p>Nous nous concentrons sur la fabrication au niveau du syst\u00e8me, et pas seulement sur les composants individuels.<\/p>\t\t\t\t\t\t\t\t<\/div>\n\t\t\t\t<div class=\"elementor-element elementor-element-6263700 elementor-widget__width-initial elementor-widget elementor-widget-image\" data-id=\"6263700\" data-element_type=\"widget\" data-e-type=\"widget\" data-widget_type=\"image.default\">\n\t\t\t\t\t\t\t\t\t\t\t\t\t\t\t\t\t<img fetchpriority=\"high\" decoding=\"async\" width=\"1200\" height=\"800\" src=\"https:\/\/bestwillcams.com\/wp-content\/uploads\/2026\/02\/fishing-camera-OEM-Manufacturing.webp\" class=\"attachment-full size-full wp-image-2650\" alt=\"\" srcset=\"https:\/\/bestwillcams.com\/wp-content\/uploads\/2026\/02\/fishing-camera-OEM-Manufacturing.webp 1200w, https:\/\/bestwillcams.com\/wp-content\/uploads\/2026\/02\/fishing-camera-OEM-Manufacturing-300x200.webp 300w, https:\/\/bestwillcams.com\/wp-content\/uploads\/2026\/02\/fishing-camera-OEM-Manufacturing-1024x683.webp 1024w, https:\/\/bestwillcams.com\/wp-content\/uploads\/2026\/02\/fishing-camera-OEM-Manufacturing-768x512.webp 768w\" sizes=\"(max-width: 1200px) 100vw, 1200px\" \/>\t\t\t\t\t\t\t\t\t\t\t\t\t\t\t<\/div>\n\t\t\t\t\t<\/div>\n\t\t\t\t<\/div>\n\t\t<div class=\"elementor-element elementor-element-a0c8316 e-flex e-con-boxed e-con e-parent\" data-id=\"a0c8316\" data-element_type=\"container\" data-e-type=\"container\">\n\t\t\t\t\t<div class=\"e-con-inner\">\n\t\t\t\t<div class=\"elementor-element elementor-element-62ee913 elementor-widget elementor-widget-text-editor\" data-id=\"62ee913\" data-element_type=\"widget\" data-e-type=\"widget\" data-widget_type=\"text-editor.default\">\n\t\t\t\t\t\t\t\t\t\t\t<h5 data-start=\"1328\" data-end=\"1370\">Produits adapt\u00e9s \u00e0 la fabrication OEM<\/h5><p data-start=\"1372\" data-end=\"1444\">Nos services de fabrication OEM couvrent les cat\u00e9gories de produits suivantes :<\/p><ul data-start=\"1446\" data-end=\"1771\"><li data-start=\"1446\" data-end=\"1578\"><p data-start=\"1448\" data-end=\"1578\"><strong data-start=\"1448\" data-end=\"1488\">Syst\u00e8mes de cam\u00e9ras d'inspection sous-marine<\/strong><br data-start=\"1488\" data-end=\"1491\" \/>Pour l'inspection industrielle, la surveillance de l'aquaculture et l'observation sous-marine g\u00e9n\u00e9rale<\/p><\/li><li data-start=\"1580\" data-end=\"1675\"><p data-start=\"1582\" data-end=\"1675\"><strong data-start=\"1582\" data-end=\"1620\">Syst\u00e8mes de cam\u00e9ras pour l'inspection des forages<\/strong><br data-start=\"1620\" data-end=\"1623\" \/>Pour les applications d'inspection de puits profonds et verticaux<\/p><\/li><li data-start=\"1677\" data-end=\"1771\"><p data-start=\"1679\" data-end=\"1771\"><strong data-start=\"1679\" data-end=\"1716\">Syst\u00e8mes de cam\u00e9ras de p\u00eache sous-marine<\/strong><br data-start=\"1716\" data-end=\"1719\" \/>Pour les march\u00e9s de la p\u00eache grand public et semi-professionnelle<\/p><\/li><\/ul><p data-start=\"1773\" data-end=\"1874\">Tous les projets OEM sont bas\u00e9s sur <strong data-start=\"1803\" data-end=\"1833\">des plates-formes existantes et \u00e9prouv\u00e9es<\/strong> afin de garantir la stabilit\u00e9 et la rentabilit\u00e9.<\/p>\t\t\t\t\t\t\t\t<\/div>\n\t\t\t\t<div class=\"elementor-element elementor-element-27c086c elementor-widget elementor-widget-text-editor\" data-id=\"27c086c\" data-element_type=\"widget\" data-e-type=\"widget\" data-widget_type=\"text-editor.default\">\n\t\t\t\t\t\t\t\t\t\t\t<h5 data-start=\"1881\" data-end=\"1925\">Soutien technique pendant la production OEM<\/h5><p data-start=\"1927\" data-end=\"1976\">La fabrication OEM n'est pas synonyme de production rigide.<\/p><p data-start=\"1978\" data-end=\"2114\">Notre \u00e9quipe d'ing\u00e9nieurs apporte son soutien au cours du processus OEM afin de garantir <strong data-start=\"2049\" data-end=\"2102\">la compatibilit\u00e9, la fabricabilit\u00e9 et la fiabilit\u00e9<\/strong>, y compris :<\/p><ul data-start=\"2116\" data-end=\"2326\"><li data-start=\"2116\" data-end=\"2158\"><p data-start=\"2118\" data-end=\"2158\">Examen des sp\u00e9cifications avant la production<\/p><\/li><li data-start=\"2159\" data-end=\"2207\"><p data-start=\"2161\" data-end=\"2207\">Contr\u00f4les de compatibilit\u00e9 des composants et des interfaces<\/p><\/li><li data-start=\"2208\" data-end=\"2265\"><p data-start=\"2210\" data-end=\"2265\">V\u00e9rification de la longueur du c\u00e2ble, du bo\u00eetier et de la configuration<\/p><\/li><li data-start=\"2266\" data-end=\"2326\"><p data-start=\"2268\" data-end=\"2326\">Ajustements fonctionnels mineurs pour l'optimisation de la production<\/p><\/li><\/ul><p data-start=\"2328\" data-end=\"2398\">Ce soutien permet de r\u00e9duire les risques de production et d'\u00e9viter des r\u00e9visions co\u00fbteuses.<\/p>\t\t\t\t\t\t\t\t<\/div>\n\t\t\t\t<div class=\"elementor-element elementor-element-790f596 elementor-widget elementor-widget-text-editor\" data-id=\"790f596\" data-element_type=\"widget\" data-e-type=\"widget\" data-widget_type=\"text-editor.default\">\n\t\t\t\t\t\t\t\t\t\t\t<h5 data-start=\"2405\" data-end=\"2448\">Contr\u00f4le de la qualit\u00e9 et coh\u00e9rence de la production<\/h5><p data-start=\"2450\" data-end=\"2495\">La coh\u00e9rence est essentielle dans la fabrication des OEM.<\/p><p data-start=\"2497\" data-end=\"2600\">Nous mettons en \u0153uvre un contr\u00f4le de qualit\u00e9 \u00e0 plusieurs stades afin de garantir que chaque lot r\u00e9pond aux sp\u00e9cifications convenues :<\/p><ul data-start=\"2602\" data-end=\"2789\"><li data-start=\"2602\" data-end=\"2641\"><p data-start=\"2604\" data-end=\"2641\">Inspection des mat\u00e9riaux avant l'assemblage<\/p><\/li><li data-start=\"2642\" data-end=\"2670\"><p data-start=\"2644\" data-end=\"2670\">Contr\u00f4le des processus d'assemblage<\/p><\/li><li data-start=\"2671\" data-end=\"2738\"><p data-start=\"2673\" data-end=\"2738\">Essais fonctionnels de la cam\u00e9ra, de l'\u00e9clairage et de la transmission des signaux<\/p><\/li><li data-start=\"2739\" data-end=\"2789\"><p data-start=\"2741\" data-end=\"2789\">Inspection finale avant l'emballage et l'exp\u00e9dition<\/p><\/li><\/ul><p data-start=\"2791\" data-end=\"2859\">Notre objectif est de fournir <strong data-start=\"2814\" data-end=\"2836\">qualit\u00e9 reproductible<\/strong>, et non des \u00e9chantillons uniques.<\/p>\t\t\t\t\t\t\t\t<\/div>\n\t\t\t\t<div class=\"elementor-element elementor-element-37f05f7 elementor-widget elementor-widget-text-editor\" data-id=\"37f05f7\" data-element_type=\"widget\" data-e-type=\"widget\" data-widget_type=\"text-editor.default\">\n\t\t\t\t\t\t\t\t\t\t\t<h5 data-start=\"2866\" data-end=\"2903\">Flux de production typique d'un \u00e9quipementier<\/h5><p data-start=\"2905\" data-end=\"2961\">Notre processus de fabrication OEM est simple et transparent :<\/p><ol data-start=\"2963\" data-end=\"3140\"><li data-start=\"2963\" data-end=\"3002\"><p data-start=\"2966\" data-end=\"3002\">Confirmation des sp\u00e9cifications du produit<\/p><\/li><li data-start=\"3003\" data-end=\"3045\"><p data-start=\"3006\" data-end=\"3045\">Validation de la plate-forme et de la configuration<\/p><\/li><li data-start=\"3046\" data-end=\"3082\"><p data-start=\"3049\" data-end=\"3082\">Pr\u00e9paration et approbation des \u00e9chantillons<\/p><\/li><li data-start=\"3083\" data-end=\"3103\"><p data-start=\"3086\" data-end=\"3103\">Production de masse<\/p><\/li><li data-start=\"3104\" data-end=\"3140\"><p data-start=\"3107\" data-end=\"3140\">Contr\u00f4le de la qualit\u00e9 et livraison<\/p><\/li><\/ol><p data-start=\"3142\" data-end=\"3222\">Une communication claire \u00e0 chaque \u00e9tape permet d'aligner les d\u00e9lais et les attentes.<\/p>\t\t\t\t\t\t\t\t<\/div>\n\t\t\t\t<div class=\"elementor-element elementor-element-93411e1 elementor-widget elementor-widget-text-editor\" data-id=\"93411e1\" data-element_type=\"widget\" data-e-type=\"widget\" data-widget_type=\"text-editor.default\">\n\t\t\t\t\t\t\t\t\t\t\t<h5 data-start=\"3229\" data-end=\"3269\">\u00c0 qui s'adresse notre fabrication OEM ?<\/h5><h6 data-start=\"3271\" data-end=\"3320\"><strong data-start=\"3271\" data-end=\"3320\">La fabrication OEM est id\u00e9ale pour les clients qui :<\/strong><\/h6><ul data-start=\"3321\" data-end=\"3511\"><li data-start=\"3321\" data-end=\"3368\"><p data-start=\"3323\" data-end=\"3368\">Avoir d\u00e9j\u00e0 d\u00e9fini les sp\u00e9cifications du produit<\/p><\/li><li data-start=\"3369\" data-end=\"3410\"><p data-start=\"3371\" data-end=\"3410\">Exiger une production stable et reproductible<\/p><\/li><li data-start=\"3411\" data-end=\"3450\"><p data-start=\"3413\" data-end=\"3450\">Planifier l'approvisionnement \u00e0 moyen et long terme<\/p><\/li><li data-start=\"3451\" data-end=\"3511\"><p data-start=\"3453\" data-end=\"3511\">Valoriser la fiabilit\u00e9 de la fabrication et la r\u00e9gularit\u00e9 des livraisons<\/p><\/li><\/ul><h6 data-start=\"3513\" data-end=\"3558\"><strong data-start=\"3513\" data-end=\"3558\">La fabrication OEM peut ne pas convenir si<\/strong><\/h6><ul data-start=\"3559\" data-end=\"3649\"><li data-start=\"3559\" data-end=\"3601\"><p data-start=\"3561\" data-end=\"3601\">Le concept du produit n'est pas encore d\u00e9fini<\/p><\/li><li data-start=\"3602\" data-end=\"3649\"><p data-start=\"3604\" data-end=\"3649\">Des travaux d'am\u00e9nagement de grande ampleur sont n\u00e9cessaires<\/p><\/li><\/ul><p data-start=\"3651\" data-end=\"3731\">Cela nous permet de nous concentrer sur les projets pour lesquels la fabrication OEM apporte la plus grande valeur ajout\u00e9e.<\/p>\t\t\t\t\t\t\t\t<\/div>\n\t\t\t\t<div class=\"elementor-element elementor-element-7857ffd elementor-widget elementor-widget-text-editor\" data-id=\"7857ffd\" data-element_type=\"widget\" data-e-type=\"widget\" data-widget_type=\"text-editor.default\">\n\t\t\t\t\t\t\t\t\t\t\t<h5 data-start=\"3738\" data-end=\"3788\">Pourquoi nous choisir comme partenaire de fabrication OEM ?<\/h5><ul data-start=\"3790\" data-end=\"4010\"><li data-start=\"3790\" data-end=\"3834\"><p data-start=\"3792\" data-end=\"3834\">Sp\u00e9cialis\u00e9 dans les syst\u00e8mes de cam\u00e9ras sous-marines<\/p><\/li><li data-start=\"3835\" data-end=\"3869\"><p data-start=\"3837\" data-end=\"3869\">Plateformes de fabrication \u00e9prouv\u00e9es<\/p><\/li><li data-start=\"3870\" data-end=\"3918\"><p data-start=\"3872\" data-end=\"3918\">Cha\u00eene d'approvisionnement stable et int\u00e9gration de l'assemblage<\/p><\/li><li data-start=\"3919\" data-end=\"3976\"><p data-start=\"3921\" data-end=\"3976\">Soutien technique ax\u00e9 sur la faisabilit\u00e9 de la production<\/p><\/li><li data-start=\"3977\" data-end=\"4010\"><p data-start=\"3979\" data-end=\"4010\">Un esprit de partenariat \u00e0 long terme<\/p><\/li><\/ul><p data-start=\"4012\" data-end=\"4117\">Nous voulons \u00eatre plus qu'un simple fournisseur - nous travaillons en tant que partenaire. <strong data-start=\"4059\" data-end=\"4084\">partenaire de fabrication<\/strong> soutenir la croissance de votre entreprise.<\/p>\t\t\t\t\t\t\t\t<\/div>\n\t\t\t\t\t<\/div>\n\t\t\t\t<\/div>\n\t\t\t\t<\/div>","protected":false},"excerpt":{"rendered":"<p>OEM Manufacturing for Underwater Camera Systems We provide OEM manufacturing services for customers who already have clear product specifications and [&hellip;]<\/p>\n","protected":false},"author":1,"featured_media":0,"parent":0,"menu_order":0,"comment_status":"closed","ping_status":"closed","template":"","meta":{"_acf_changed":false,"site-sidebar-layout":"no-sidebar","site-content-layout":"","ast-site-content-layout":"full-width-container","site-content-style":"default","site-sidebar-style":"default","ast-global-header-display":"","ast-banner-title-visibility":"disabled","ast-main-header-display":"","ast-hfb-above-header-display":"","ast-hfb-below-header-display":"","ast-hfb-mobile-header-display":"","site-post-title":"disabled","ast-breadcrumbs-content":"","ast-featured-img":"","footer-sml-layout":"","ast-disable-related-posts":"","theme-transparent-header-meta":"","adv-header-id-meta":"","stick-header-meta":"","header-above-stick-meta":"","header-main-stick-meta":"","header-below-stick-meta":"","astra-migrate-meta-layouts":"set","ast-page-background-enabled":"default","ast-page-background-meta":{"desktop":{"background-color":"var(--ast-global-color-4)","background-image":"","background-repeat":"repeat","background-position":"center center","background-size":"auto","background-attachment":"scroll","background-type":"","background-media":"","overlay-type":"","overlay-color":"","overlay-opacity":"","overlay-gradient":""},"tablet":{"background-color":"","background-image":"","background-repeat":"repeat","background-position":"center center","background-size":"auto","background-attachment":"scroll","background-type":"","background-media":"","overlay-type":"","overlay-color":"","overlay-opacity":"","overlay-gradient":""},"mobile":{"background-color":"","background-image":"","background-repeat":"repeat","background-position":"center center","background-size":"auto","background-attachment":"scroll","background-type":"","background-media":"","overlay-type":"","overlay-color":"","overlay-opacity":"","overlay-gradient":""}},"ast-content-background-meta":{"desktop":{"background-color":"var(--ast-global-color-5)","background-image":"","background-repeat":"repeat","background-position":"center center","background-size":"auto","background-attachment":"scroll","background-type":"","background-media":"","overlay-type":"","overlay-color":"","overlay-opacity":"","overlay-gradient":""},"tablet":{"background-color":"var(--ast-global-color-5)","background-image":"","background-repeat":"repeat","background-position":"center center","background-size":"auto","background-attachment":"scroll","background-type":"","background-media":"","overlay-type":"","overlay-color":"","overlay-opacity":"","overlay-gradient":""},"mobile":{"background-color":"var(--ast-global-color-5)","background-image":"","background-repeat":"repeat","background-position":"center center","background-size":"auto","background-attachment":"scroll","background-type":"","background-media":"","overlay-type":"","overlay-color":"","overlay-opacity":"","overlay-gradient":""}},"footnotes":""},"class_list":["post-2038","page","type-page","status-publish","hentry"],"acf":[],"_links":{"self":[{"href":"https:\/\/bestwillcams.com\/fr\/wp-json\/wp\/v2\/pages\/2038","targetHints":{"allow":["GET"]}}],"collection":[{"href":"https:\/\/bestwillcams.com\/fr\/wp-json\/wp\/v2\/pages"}],"about":[{"href":"https:\/\/bestwillcams.com\/fr\/wp-json\/wp\/v2\/types\/page"}],"author":[{"embeddable":true,"href":"https:\/\/bestwillcams.com\/fr\/wp-json\/wp\/v2\/users\/1"}],"replies":[{"embeddable":true,"href":"https:\/\/bestwillcams.com\/fr\/wp-json\/wp\/v2\/comments?post=2038"}],"version-history":[{"count":31,"href":"https:\/\/bestwillcams.com\/fr\/wp-json\/wp\/v2\/pages\/2038\/revisions"}],"predecessor-version":[{"id":2822,"href":"https:\/\/bestwillcams.com\/fr\/wp-json\/wp\/v2\/pages\/2038\/revisions\/2822"}],"wp:attachment":[{"href":"https:\/\/bestwillcams.com\/fr\/wp-json\/wp\/v2\/media?parent=2038"}],"curies":[{"name":"wp","href":"https:\/\/api.w.org\/{rel}","templated":true}]}}