{"id":2064,"date":"2026-01-02T10:24:01","date_gmt":"2026-01-02T02:24:01","guid":{"rendered":"https:\/\/bestwillcams.com\/?page_id=2064"},"modified":"2026-03-03T09:43:14","modified_gmt":"2026-03-03T01:43:14","slug":"odm-customization","status":"publish","type":"page","link":"https:\/\/bestwillcams.com\/fr\/odm-customization\/","title":{"rendered":"Personnalisation ODM"},"content":{"rendered":"<div data-elementor-type=\"wp-page\" data-elementor-id=\"2064\" class=\"elementor elementor-2064\" data-elementor-post-type=\"page\">\n\t\t\t\t<div class=\"elementor-element elementor-element-73b2f44d e-flex e-con-boxed e-con e-parent\" data-id=\"73b2f44d\" data-element_type=\"container\" data-e-type=\"container\" data-settings=\"{&quot;background_background&quot;:&quot;classic&quot;}\">\n\t\t\t\t\t<div class=\"e-con-inner\">\n\t\t\t\t<div class=\"elementor-element elementor-element-6254af45 elementor-widget elementor-widget-heading\" data-id=\"6254af45\" data-element_type=\"widget\" data-e-type=\"widget\" data-widget_type=\"heading.default\">\n\t\t\t\t\t\t\t<h1 class=\"elementor-heading-title elementor-size-default\">Personnalisation ODM bas\u00e9e sur une cam\u00e9ra sous-marine \u00e9prouv\u00e9e<\/h1>\t\t\t\t<\/div>\n\t\t\t\t<div class=\"elementor-element elementor-element-4ede2f03 elementor-hidden-tablet elementor-hidden-mobile elementor-widget elementor-widget-text-editor\" data-id=\"4ede2f03\" data-element_type=\"widget\" data-e-type=\"widget\" data-widget_type=\"text-editor.default\">\n\t\t\t\t\t\t\t\t\t\t\t<p data-start=\"307\" data-end=\"428\">Nous proposons <strong data-start=\"316\" data-end=\"346\">Services de personnalisation ODM<\/strong> pour les clients qui ont besoin de diff\u00e9rencier leurs produits tout en minimisant les risques de d\u00e9veloppement. <strong data-start=\"450\" data-end=\"468\">bas\u00e9 sur une plate-forme<\/strong>, L'objectif est d'am\u00e9liorer la qualit\u00e9 des produits, en mettant l'accent sur la configuration fonctionnelle, l'adaptation structurelle et la personnalisation sp\u00e9cifique \u00e0 l'application, plut\u00f4t que sur le d\u00e9veloppement d'un produit \u00e0 partir de z\u00e9ro.<\/p>\t\t\t\t\t\t\t\t<\/div>\n\t\t\t\t\t<\/div>\n\t\t\t\t<\/div>\n\t\t<div class=\"elementor-element elementor-element-621dbcaa e-flex e-con-boxed e-con e-parent\" data-id=\"621dbcaa\" data-element_type=\"container\" data-e-type=\"container\">\n\t\t\t\t\t<div class=\"e-con-inner\">\n\t\t\t\t<div class=\"elementor-element elementor-element-667a61c4 elementor-widget elementor-widget-text-editor\" data-id=\"667a61c4\" data-element_type=\"widget\" data-e-type=\"widget\" data-widget_type=\"text-editor.default\">\n\t\t\t\t\t\t\t\t\t\t\t<h4 data-start=\"763\" data-end=\"799\">Ce que nous entendons par personnalisation ODM<\/h4><p data-start=\"801\" data-end=\"849\">La personnalisation ODM n'est pas une question de R&amp;D exp\u00e9rimentale.<\/p><p data-start=\"851\" data-end=\"963\">Il s'agit de <strong data-start=\"863\" data-end=\"910\">l'adaptation de plates-formes de cam\u00e9ras sous-marines \u00e9prouv\u00e9es<\/strong> pour r\u00e9pondre aux exigences sp\u00e9cifiques d'une application ou d'un march\u00e9.<\/p><p data-start=\"965\" data-end=\"1010\">Nos services ODM sont id\u00e9aux pour les clients qui :<\/p><ul data-start=\"1011\" data-end=\"1143\"><li data-start=\"1011\" data-end=\"1046\"><p data-start=\"1013\" data-end=\"1046\">Avoir un sc\u00e9nario d'application clair<\/p><\/li><li data-start=\"1047\" data-end=\"1092\"><p data-start=\"1049\" data-end=\"1092\">Besoin de diff\u00e9renciation par rapport aux produits standard<\/p><\/li><li data-start=\"1093\" data-end=\"1143\"><p data-start=\"1095\" data-end=\"1143\">Pr\u00e9f\u00e9rer des architectures de syst\u00e8mes stables et valid\u00e9es<\/p><\/li><\/ul>\t\t\t\t\t\t\t\t<\/div>\n\t\t\t\t<div class=\"elementor-element elementor-element-17dd837e elementor-widget__width-initial elementor-widget elementor-widget-image\" data-id=\"17dd837e\" data-element_type=\"widget\" data-e-type=\"widget\" data-widget_type=\"image.default\">\n\t\t\t\t\t\t\t\t\t\t\t\t\t\t\t\t\t<img fetchpriority=\"high\" decoding=\"async\" width=\"1200\" height=\"800\" src=\"https:\/\/bestwillcams.com\/wp-content\/uploads\/2026\/02\/fishing-camera-ODM-Customization.webp\" class=\"attachment-full size-full wp-image-2655\" alt=\"\" srcset=\"https:\/\/bestwillcams.com\/wp-content\/uploads\/2026\/02\/fishing-camera-ODM-Customization.webp 1200w, https:\/\/bestwillcams.com\/wp-content\/uploads\/2026\/02\/fishing-camera-ODM-Customization-300x200.webp 300w, https:\/\/bestwillcams.com\/wp-content\/uploads\/2026\/02\/fishing-camera-ODM-Customization-1024x683.webp 1024w, https:\/\/bestwillcams.com\/wp-content\/uploads\/2026\/02\/fishing-camera-ODM-Customization-768x512.webp 768w\" sizes=\"(max-width: 1200px) 100vw, 1200px\" \/>\t\t\t\t\t\t\t\t\t\t\t\t\t\t\t<\/div>\n\t\t\t\t\t<\/div>\n\t\t\t\t<\/div>\n\t\t<div class=\"elementor-element elementor-element-6f46d6c2 e-flex e-con-boxed e-con e-parent\" data-id=\"6f46d6c2\" data-element_type=\"container\" data-e-type=\"container\">\n\t\t\t\t\t<div class=\"e-con-inner\">\n\t\t\t\t<div class=\"elementor-element elementor-element-14974650 elementor-widget elementor-widget-text-editor\" data-id=\"14974650\" data-element_type=\"widget\" data-e-type=\"widget\" data-widget_type=\"text-editor.default\">\n\t\t\t\t\t\t\t\t\t\t\t<h5 data-start=\"1150\" data-end=\"1172\">Champ d'application de la personnalisation<\/h5><p data-start=\"1174\" data-end=\"1235\">Notre personnalisation ODM comprend g\u00e9n\u00e9ralement les domaines suivants :<\/p><h6 data-start=\"1237\" data-end=\"1261\">Configuration du syst\u00e8me<\/h6><ul data-start=\"1262\" data-end=\"1436\"><li data-start=\"1262\" data-end=\"1312\"><p data-start=\"1264\" data-end=\"1312\">S\u00e9lection du module de la cam\u00e9ra et options de r\u00e9solution<\/p><\/li><li data-start=\"1313\" data-end=\"1362\"><p data-start=\"1315\" data-end=\"1362\">Configuration de l'\u00e9clairage et angle d'\u00e9clairage<\/p><\/li><li data-start=\"1363\" data-end=\"1397\"><p data-start=\"1365\" data-end=\"1397\">Adaptation de la longueur et du type de c\u00e2ble<\/p><\/li><li data-start=\"1398\" data-end=\"1436\"><p data-start=\"1400\" data-end=\"1436\">Taille du moniteur et options d'interface<\/p><\/li><\/ul><h6 data-start=\"1438\" data-end=\"1479\">Personnalisation de la structure et de l'apparence<\/h6><ul data-start=\"1480\" data-end=\"1649\"><li data-start=\"1480\" data-end=\"1517\"><p data-start=\"1482\" data-end=\"1517\">Ajustements de la conception du bo\u00eetier de la cam\u00e9ra<\/p><\/li><li data-start=\"1518\" data-end=\"1560\"><p data-start=\"1520\" data-end=\"1560\">Optimisation de la structure et de la disposition des bobines<\/p><\/li><li data-start=\"1561\" data-end=\"1606\"><p data-start=\"1563\" data-end=\"1606\">Compatibilit\u00e9 m\u00e9canique avec les accessoires<\/p><\/li><li data-start=\"1607\" data-end=\"1649\"><p data-start=\"1609\" data-end=\"1649\">Modifications du facteur de forme en fonction de l'application<\/p><\/li><\/ul><h6 data-start=\"1651\" data-end=\"1676\">Adaptation fonctionnelle<\/h6><ul data-start=\"1677\" data-end=\"1802\"><li data-start=\"1677\" data-end=\"1722\"><p data-start=\"1679\" data-end=\"1722\">Configuration de l'interface et de la sortie des signaux<\/p><\/li><li data-start=\"1723\" data-end=\"1748\"><p data-start=\"1725\" data-end=\"1748\">Adaptation de l'alimentation<\/p><\/li><li data-start=\"1749\" data-end=\"1802\"><p data-start=\"1751\" data-end=\"1802\">Int\u00e9gration d'accessoires sp\u00e9cifiques \u00e0 l'application<\/p><\/li><\/ul><p data-start=\"1804\" data-end=\"1920\">Toutes les personnalisations sont \u00e9valu\u00e9es par notre \u00e9quipe d'ing\u00e9nieurs afin de garantir <strong data-start=\"1869\" data-end=\"1919\">faisabilit\u00e9 technique et stabilit\u00e9 de la production<\/strong>.<\/p>\t\t\t\t\t\t\t\t<\/div>\n\t\t\t\t<div class=\"elementor-element elementor-element-2a33457f elementor-widget elementor-widget-text-editor\" data-id=\"2a33457f\" data-element_type=\"widget\" data-e-type=\"widget\" data-widget_type=\"text-editor.default\">\n\t\t\t\t\t\t\t\t\t\t\t<h5 data-start=\"1927\" data-end=\"1966\">Soutien technique aux projets ODM<\/h5><p data-start=\"1968\" data-end=\"2059\">Notre \u00e9quipe d'ing\u00e9nieurs travaille en \u00e9troite collaboration avec les clients tout au long du processus de personnalisation ODM.<\/p><p data-start=\"2061\" data-end=\"2090\">Le soutien \u00e0 l'ing\u00e9nierie comprend<\/p><ul data-start=\"2091\" data-end=\"2259\"><li data-start=\"2091\" data-end=\"2139\"><p data-start=\"2093\" data-end=\"2139\">\u00c9valuation des besoins et mise en correspondance des plates-formes<\/p><\/li><li data-start=\"2140\" data-end=\"2182\"><p data-start=\"2142\" data-end=\"2182\">Faisabilit\u00e9 de la conception et \u00e9valuation des risques<\/p><\/li><li data-start=\"2183\" data-end=\"2219\"><p data-start=\"2185\" data-end=\"2219\">Pr\u00e9paration de prototypes et d'\u00e9chantillons<\/p><\/li><li data-start=\"2220\" data-end=\"2259\"><p data-start=\"2222\" data-end=\"2259\">Optimisation ax\u00e9e sur la fabrication<\/p><\/li><\/ul><p data-start=\"2261\" data-end=\"2391\">Ce processus de d\u00e9veloppement coop\u00e9ratif permet de s'assurer que les produits personnalis\u00e9s sont <strong data-start=\"2340\" data-end=\"2369\">pr\u00eat pour la production de masse<\/strong>, et pas seulement des prototypes.<\/p>\t\t\t\t\t\t\t\t<\/div>\n\t\t\t\t<div class=\"elementor-element elementor-element-11594fe6 elementor-widget elementor-widget-text-editor\" data-id=\"11594fe6\" data-element_type=\"widget\" data-e-type=\"widget\" data-widget_type=\"text-editor.default\">\n\t\t\t\t\t\t\t\t\t\t\t<h5 data-start=\"2405\" data-end=\"2448\">Contr\u00f4le de la qualit\u00e9 et coh\u00e9rence de la production<\/h5><p data-start=\"2450\" data-end=\"2495\">La coh\u00e9rence est essentielle dans la fabrication des OEM.<\/p><p data-start=\"2497\" data-end=\"2600\">Nous mettons en \u0153uvre un contr\u00f4le de qualit\u00e9 \u00e0 plusieurs stades afin de garantir que chaque lot r\u00e9pond aux sp\u00e9cifications convenues :<\/p><ul data-start=\"2602\" data-end=\"2789\"><li data-start=\"2602\" data-end=\"2641\"><p data-start=\"2604\" data-end=\"2641\">Inspection des mat\u00e9riaux avant l'assemblage<\/p><\/li><li data-start=\"2642\" data-end=\"2670\"><p data-start=\"2644\" data-end=\"2670\">Contr\u00f4le des processus d'assemblage<\/p><\/li><li data-start=\"2671\" data-end=\"2738\"><p data-start=\"2673\" data-end=\"2738\">Essais fonctionnels de la cam\u00e9ra, de l'\u00e9clairage et de la transmission des signaux<\/p><\/li><li data-start=\"2739\" data-end=\"2789\"><p data-start=\"2741\" data-end=\"2789\">Inspection finale avant l'emballage et l'exp\u00e9dition<\/p><\/li><\/ul><p data-start=\"2791\" data-end=\"2859\">Notre objectif est de fournir <strong data-start=\"2814\" data-end=\"2836\">qualit\u00e9 reproductible<\/strong>, et non des \u00e9chantillons uniques.<\/p>\t\t\t\t\t\t\t\t<\/div>\n\t\t\t\t<div class=\"elementor-element elementor-element-fe8dd5e elementor-widget elementor-widget-text-editor\" data-id=\"fe8dd5e\" data-element_type=\"widget\" data-e-type=\"widget\" data-widget_type=\"text-editor.default\">\n\t\t\t\t\t\t\t\t\t\t\t<h5 data-start=\"2735\" data-end=\"2764\">Processus de personnalisation ODM<\/h5><p data-start=\"2766\" data-end=\"2826\">Notre processus de personnalisation ODM est structur\u00e9 et transparent :<\/p><ol data-start=\"2828\" data-end=\"3046\"><li data-start=\"2828\" data-end=\"2871\"><p data-start=\"2831\" data-end=\"2871\">Discussion sur les demandes et les exigences<\/p><\/li><li data-start=\"2872\" data-end=\"2922\"><p data-start=\"2875\" data-end=\"2922\">S\u00e9lection de la plate-forme et proposition de personnalisation<\/p><\/li><li data-start=\"2923\" data-end=\"2964\"><p data-start=\"2926\" data-end=\"2964\">\u00c9valuation technique et devis<\/p><\/li><li data-start=\"2965\" data-end=\"3005\"><p data-start=\"2968\" data-end=\"3005\">D\u00e9veloppement et confirmation de l'\u00e9chantillon<\/p><\/li><li data-start=\"3006\" data-end=\"3046\"><p data-start=\"3009\" data-end=\"3046\">Production de masse et contr\u00f4le de la qualit\u00e9<\/p><\/li><\/ol><p data-start=\"3048\" data-end=\"3122\">Chaque \u00e9tape est guid\u00e9e par la faisabilit\u00e9 de la fabrication et la fiabilit\u00e9 de la livraison.<\/p>\t\t\t\t\t\t\t\t<\/div>\n\t\t\t\t<div class=\"elementor-element elementor-element-5fa4bfac elementor-widget elementor-widget-text-editor\" data-id=\"5fa4bfac\" data-element_type=\"widget\" data-e-type=\"widget\" data-widget_type=\"text-editor.default\">\n\t\t\t\t\t\t\t\t\t\t\t<h5 data-start=\"3549\" data-end=\"3585\">\u00c0 qui s'adresse la personnalisation ODM ?<\/h5><p data-start=\"3587\" data-end=\"3636\"><strong data-start=\"3587\" data-end=\"3636\">La personnalisation ODM est id\u00e9ale pour les clients qui :<\/strong><\/p><ul data-start=\"3637\" data-end=\"3812\"><li data-start=\"3637\" data-end=\"3686\"><p data-start=\"3639\" data-end=\"3686\">N\u00e9cessit\u00e9 d'une diff\u00e9renciation fonctionnelle ou structurelle<\/p><\/li><li data-start=\"3687\" data-end=\"3725\"><p data-start=\"3689\" data-end=\"3725\">Vouloir raccourcir les cycles de d\u00e9veloppement<\/p><\/li><li data-start=\"3726\" data-end=\"3779\"><p data-start=\"3728\" data-end=\"3779\">Privil\u00e9gier la ma\u00eetrise des co\u00fbts et la r\u00e9duction des risques techniques<\/p><\/li><li data-start=\"3780\" data-end=\"3812\"><p data-start=\"3782\" data-end=\"3812\">Planifier une production \u00e9volutive<\/p><\/li><\/ul><p data-start=\"3814\" data-end=\"3874\"><strong data-start=\"3814\" data-end=\"3874\">La personnalisation ODM peut ne pas convenir aux clients qui :<\/strong><\/p><ul data-start=\"3875\" data-end=\"3971\"><li data-start=\"3875\" data-end=\"3922\"><p data-start=\"3877\" data-end=\"3922\">Exiger une R&amp;D compl\u00e8te du produit d\u00e8s le stade du concept<\/p><\/li><li data-start=\"3923\" data-end=\"3971\"><p data-start=\"3925\" data-end=\"3971\">Recherche de projets exp\u00e9rimentaux ou de prototypes uniquement<\/p><\/li><\/ul>\t\t\t\t\t\t\t\t<\/div>\n\t\t\t\t<div class=\"elementor-element elementor-element-545c3eb3 elementor-widget elementor-widget-text-editor\" data-id=\"545c3eb3\" data-element_type=\"widget\" data-e-type=\"widget\" data-widget_type=\"text-editor.default\">\n\t\t\t\t\t\t\t\t\t\t\t<h5 data-start=\"3978\" data-end=\"4016\">Pourquoi nous choisir pour la personnalisation ODM<\/h5><ul data-start=\"4018\" data-end=\"4270\"><li data-start=\"4018\" data-end=\"4064\"><p data-start=\"4020\" data-end=\"4064\">Plateformes de produits de cam\u00e9ras sous-marines \u00e9prouv\u00e9es<\/p><\/li><li data-start=\"4065\" data-end=\"4122\"><p data-start=\"4067\" data-end=\"4122\">Soutien technique pratique et orient\u00e9 vers la fabrication<\/p><\/li><li data-start=\"4123\" data-end=\"4167\"><p data-start=\"4125\" data-end=\"4167\">Port\u00e9e et limites claires de la personnalisation<\/p><\/li><li data-start=\"4168\" data-end=\"4217\"><p data-start=\"4170\" data-end=\"4217\">Cha\u00eene d'approvisionnement et capacit\u00e9 de production stables<\/p><\/li><li data-start=\"4218\" data-end=\"4270\"><p data-start=\"4220\" data-end=\"4270\">Exp\u00e9rience de plusieurs sc\u00e9narios d'application<\/p><\/li><\/ul><p data-start=\"4272\" data-end=\"4371\">Notre objectif est de fournir <strong data-start=\"4295\" data-end=\"4370\">des produits personnalis\u00e9s qui peuvent \u00eatre fabriqu\u00e9s, qui sont fiables et qui sont pr\u00eats \u00e0 \u00eatre commercialis\u00e9s<\/strong>.<\/p>\t\t\t\t\t\t\t\t<\/div>\n\t\t\t\t\t<\/div>\n\t\t\t\t<\/div>\n\t\t\t\t<\/div>","protected":false},"excerpt":{"rendered":"<p>ODM Customization Based on Proven Underwater Camera We offer ODM customization services for customers who need product differentiation while minimizing [&hellip;]<\/p>\n","protected":false},"author":1,"featured_media":0,"parent":0,"menu_order":0,"comment_status":"closed","ping_status":"closed","template":"","meta":{"_acf_changed":false,"site-sidebar-layout":"no-sidebar","site-content-layout":"page-builder","ast-site-content-layout":"full-width-container","site-content-style":"default","site-sidebar-style":"default","ast-global-header-display":"","ast-banner-title-visibility":"","ast-main-header-display":"","ast-hfb-above-header-display":"","ast-hfb-below-header-display":"","ast-hfb-mobile-header-display":"","site-post-title":"disabled","ast-breadcrumbs-content":"","ast-featured-img":"disabled","footer-sml-layout":"","ast-disable-related-posts":"","theme-transparent-header-meta":"","adv-header-id-meta":"","stick-header-meta":"","header-above-stick-meta":"","header-main-stick-meta":"","header-below-stick-meta":"","astra-migrate-meta-layouts":"set","ast-page-background-enabled":"default","ast-page-background-meta":{"desktop":{"background-color":"var(--ast-global-color-4)","background-image":"","background-repeat":"repeat","background-position":"center center","background-size":"auto","background-attachment":"scroll","background-type":"","background-media":"","overlay-type":"","overlay-color":"","overlay-opacity":"","overlay-gradient":""},"tablet":{"background-color":"","background-image":"","background-repeat":"repeat","background-position":"center center","background-size":"auto","background-attachment":"scroll","background-type":"","background-media":"","overlay-type":"","overlay-color":"","overlay-opacity":"","overlay-gradient":""},"mobile":{"background-color":"","background-image":"","background-repeat":"repeat","background-position":"center center","background-size":"auto","background-attachment":"scroll","background-type":"","background-media":"","overlay-type":"","overlay-color":"","overlay-opacity":"","overlay-gradient":""}},"ast-content-background-meta":{"desktop":{"background-color":"var(--ast-global-color-5)","background-image":"","background-repeat":"repeat","background-position":"center center","background-size":"auto","background-attachment":"scroll","background-type":"","background-media":"","overlay-type":"","overlay-color":"","overlay-opacity":"","overlay-gradient":""},"tablet":{"background-color":"var(--ast-global-color-5)","background-image":"","background-repeat":"repeat","background-position":"center center","background-size":"auto","background-attachment":"scroll","background-type":"","background-media":"","overlay-type":"","overlay-color":"","overlay-opacity":"","overlay-gradient":""},"mobile":{"background-color":"var(--ast-global-color-5)","background-image":"","background-repeat":"repeat","background-position":"center center","background-size":"auto","background-attachment":"scroll","background-type":"","background-media":"","overlay-type":"","overlay-color":"","overlay-opacity":"","overlay-gradient":""}},"footnotes":""},"class_list":["post-2064","page","type-page","status-publish","hentry"],"acf":[],"_links":{"self":[{"href":"https:\/\/bestwillcams.com\/fr\/wp-json\/wp\/v2\/pages\/2064","targetHints":{"allow":["GET"]}}],"collection":[{"href":"https:\/\/bestwillcams.com\/fr\/wp-json\/wp\/v2\/pages"}],"about":[{"href":"https:\/\/bestwillcams.com\/fr\/wp-json\/wp\/v2\/types\/page"}],"author":[{"embeddable":true,"href":"https:\/\/bestwillcams.com\/fr\/wp-json\/wp\/v2\/users\/1"}],"replies":[{"embeddable":true,"href":"https:\/\/bestwillcams.com\/fr\/wp-json\/wp\/v2\/comments?post=2064"}],"version-history":[{"count":16,"href":"https:\/\/bestwillcams.com\/fr\/wp-json\/wp\/v2\/pages\/2064\/revisions"}],"predecessor-version":[{"id":2819,"href":"https:\/\/bestwillcams.com\/fr\/wp-json\/wp\/v2\/pages\/2064\/revisions\/2819"}],"wp:attachment":[{"href":"https:\/\/bestwillcams.com\/fr\/wp-json\/wp\/v2\/media?parent=2064"}],"curies":[{"name":"wp","href":"https:\/\/api.w.org\/{rel}","templated":true}]}}