{"id":2123,"date":"2026-01-03T10:25:57","date_gmt":"2026-01-03T02:25:57","guid":{"rendered":"https:\/\/bestwillcams.com\/?page_id=2123"},"modified":"2026-03-03T09:50:40","modified_gmt":"2026-03-03T01:50:40","slug":"quality-compliance","status":"publish","type":"page","link":"https:\/\/bestwillcams.com\/fr\/quality-compliance\/","title":{"rendered":"Qualit\u00e9 et conformit\u00e9"},"content":{"rendered":"<div data-elementor-type=\"wp-page\" data-elementor-id=\"2123\" class=\"elementor elementor-2123\" data-elementor-post-type=\"page\">\n\t\t\t\t<div class=\"elementor-element elementor-element-6f5c90da e-flex e-con-boxed e-con e-parent\" data-id=\"6f5c90da\" data-element_type=\"container\" data-e-type=\"container\" data-settings=\"{&quot;background_background&quot;:&quot;classic&quot;}\">\n\t\t\t\t\t<div class=\"e-con-inner\">\n\t\t\t\t<div class=\"elementor-element elementor-element-613ffbce elementor-widget elementor-widget-heading\" data-id=\"613ffbce\" data-element_type=\"widget\" data-e-type=\"widget\" data-widget_type=\"heading.default\">\n\t\t\t\t\t\t\t<h2 class=\"elementor-heading-title elementor-size-default\">La qualit\u00e9 que vous pouvez v\u00e9rifier. Une conformit\u00e9 sur laquelle vous pouvez compter<\/h2>\t\t\t\t<\/div>\n\t\t\t\t<div class=\"elementor-element elementor-element-3c174bbc elementor-hidden-tablet elementor-hidden-mobile elementor-widget elementor-widget-text-editor\" data-id=\"3c174bbc\" data-element_type=\"widget\" data-e-type=\"widget\" data-widget_type=\"text-editor.default\">\n\t\t\t\t\t\t\t\t\t\t\t<p>Nous int\u00e9grons le contr\u00f4le de la qualit\u00e9 et le respect des r\u00e9glementations \u00e0 chaque \u00e9tape de la fabrication.<br data-start=\"497\" data-end=\"500\" \/>afin que nos partenaires puissent \u00e9voluer en toute confiance sur les march\u00e9s mondiaux.<\/p>\t\t\t\t\t\t\t\t<\/div>\n\t\t\t\t\t<\/div>\n\t\t\t\t<\/div>\n\t\t<div class=\"elementor-element elementor-element-37e594d3 e-flex e-con-boxed e-con e-parent\" data-id=\"37e594d3\" data-element_type=\"container\" data-e-type=\"container\">\n\t\t\t\t\t<div class=\"e-con-inner\">\n\t\t\t\t<div class=\"elementor-element elementor-element-496e0ad8 elementor-widget elementor-widget-text-editor\" data-id=\"496e0ad8\" data-element_type=\"widget\" data-e-type=\"widget\" data-widget_type=\"text-editor.default\">\n\t\t\t\t\t\t\t\t\t\t\t<p>De l'approvisionnement en composants \u00e0 l'inspection finale, chaque processus suit des proc\u00e9dures normalis\u00e9es, des enregistrements document\u00e9s et des points de contr\u00f4le tra\u00e7ables.<\/p><p>Au-del\u00e0 de la performance des produits, nous soutenons activement les exigences de conformit\u00e9 internationale - permettant \u00e0 nos clients de r\u00e9pondre efficacement aux normes d'acc\u00e8s au march\u00e9 tout en minimisant le risque r\u00e9glementaire.<\/p>\t\t\t\t\t\t\t\t<\/div>\n\t\t\t\t<div class=\"elementor-element elementor-element-59c8b056 elementor-widget__width-initial elementor-widget elementor-widget-image\" data-id=\"59c8b056\" data-element_type=\"widget\" data-e-type=\"widget\" data-widget_type=\"image.default\">\n\t\t\t\t\t\t\t\t\t\t\t\t\t\t\t\t\t<img fetchpriority=\"high\" decoding=\"async\" width=\"1200\" height=\"800\" src=\"https:\/\/bestwillcams.com\/wp-content\/uploads\/2026\/02\/quality-control.webp\" class=\"attachment-full size-full wp-image-2669\" alt=\"\" srcset=\"https:\/\/bestwillcams.com\/wp-content\/uploads\/2026\/02\/quality-control.webp 1200w, https:\/\/bestwillcams.com\/wp-content\/uploads\/2026\/02\/quality-control-300x200.webp 300w, https:\/\/bestwillcams.com\/wp-content\/uploads\/2026\/02\/quality-control-1024x683.webp 1024w, https:\/\/bestwillcams.com\/wp-content\/uploads\/2026\/02\/quality-control-768x512.webp 768w\" sizes=\"(max-width: 1200px) 100vw, 1200px\" \/>\t\t\t\t\t\t\t\t\t\t\t\t\t\t\t<\/div>\n\t\t\t\t\t<\/div>\n\t\t\t\t<\/div>\n\t\t<div class=\"elementor-element elementor-element-77432604 e-flex e-con-boxed e-con e-parent\" data-id=\"77432604\" data-element_type=\"container\" data-e-type=\"container\">\n\t\t\t\t\t<div class=\"e-con-inner\">\n\t\t\t\t<div class=\"elementor-element elementor-element-3b4970a6 elementor-widget elementor-widget-text-editor\" data-id=\"3b4970a6\" data-element_type=\"widget\" data-e-type=\"widget\" data-widget_type=\"text-editor.default\">\n\t\t\t\t\t\t\t\t\t\t\t<h5 data-start=\"1328\" data-end=\"1370\">Gestion structur\u00e9e de la qualit\u00e9<\/h5><ul><li data-start=\"1386\" data-end=\"1431\"><p data-start=\"1388\" data-end=\"1431\">Inspection normalis\u00e9e des mat\u00e9riaux entrants<\/p><\/li><li data-start=\"1432\" data-end=\"1487\"><p data-start=\"1434\" data-end=\"1487\">Contr\u00f4le de la qualit\u00e9 en cours de fabrication \u00e0 des \u00e9tapes cl\u00e9s de la production<\/p><\/li><li data-start=\"1488\" data-end=\"1544\"><p data-start=\"1490\" data-end=\"1544\">Inspection fonctionnelle et visuelle finale avant exp\u00e9dition<\/p><\/li><li data-start=\"1545\" data-end=\"1593\"><p data-start=\"1547\" data-end=\"1593\">Tra\u00e7abilit\u00e9 au niveau des lots et enregistrements de la qualit\u00e9<\/p><\/li><\/ul>\t\t\t\t\t\t\t\t<\/div>\n\t\t\t\t<div class=\"elementor-element elementor-element-341b7682 elementor-widget elementor-widget-text-editor\" data-id=\"341b7682\" data-element_type=\"widget\" data-e-type=\"widget\" data-widget_type=\"text-editor.default\">\n\t\t\t\t\t\t\t\t\t\t\t<h5 data-start=\"1881\" data-end=\"1925\">Conformit\u00e9 mondiale et pr\u00e9paration \u00e0 la certification<\/h5><p data-start=\"1819\" data-end=\"1926\">Nous aidons nos clients \u00e0 respecter les exigences internationales communes en mati\u00e8re de conformit\u00e9, y compris, mais sans s'y limiter, les suivantes<\/p><ul data-start=\"1928\" data-end=\"2102\"><li data-start=\"1928\" data-end=\"1955\"><p data-start=\"1930\" data-end=\"1955\">CE \/ FCC \/ RoHS \/ REACH<\/p><\/li><li data-start=\"1956\" data-end=\"2006\"><p data-start=\"1958\" data-end=\"2006\">Rapports d'essais et documentation relatifs aux produits<\/p><\/li><li data-start=\"2007\" data-end=\"2059\"><p data-start=\"2009\" data-end=\"2059\">Coordination de la certification avec des laboratoires tiers<\/p><\/li><li data-start=\"2060\" data-end=\"2102\"><p data-start=\"2062\" data-end=\"2102\">Pr\u00e9paration \u00e0 la mise en conformit\u00e9 sp\u00e9cifique au march\u00e9<\/p><\/li><\/ul>\t\t\t\t\t\t\t\t<\/div>\n\t\t\t\t<div class=\"elementor-element elementor-element-4c02f206 elementor-widget elementor-widget-text-editor\" data-id=\"4c02f206\" data-element_type=\"widget\" data-e-type=\"widget\" data-widget_type=\"text-editor.default\">\n\t\t\t\t\t\t\t\t\t\t\t<h5 data-start=\"2405\" data-end=\"2448\">Audit et qualit\u00e9 Transparence<\/h5><p data-start=\"2450\" data-end=\"2495\">Des processus transparents et pr\u00eats pour l'audit<\/p><ul><li data-start=\"2367\" data-end=\"2415\"><p data-start=\"2369\" data-end=\"2415\">Prise en charge des audits d'usine (sur site ou \u00e0 distance)<\/p><\/li><li data-start=\"2416\" data-end=\"2464\"><p data-start=\"2418\" data-end=\"2464\">Documentation sur la qualit\u00e9 disponible sur demande<\/p><\/li><li data-start=\"2465\" data-end=\"2518\"><p data-start=\"2467\" data-end=\"2518\">Am\u00e9lioration continue bas\u00e9e sur le retour d'information des clients<\/p><\/li><\/ul>\t\t\t\t\t\t\t\t<\/div>\n\t\t\t\t<div class=\"elementor-element elementor-element-595ca80b elementor-widget elementor-widget-text-editor\" data-id=\"595ca80b\" data-element_type=\"widget\" data-e-type=\"widget\" data-widget_type=\"text-editor.default\">\n\t\t\t\t\t\t\t\t\t\t\t<h5 data-start=\"2647\" data-end=\"2724\">La qualit\u00e9 et la conformit\u00e9 travaillent main dans la main avec nos capacit\u00e9s de soutien plus larges.<\/h5><p data-start=\"2728\" data-end=\"2795\"><em><strong data-start=\"2728\" data-end=\"2747\">Soutien au projet<\/strong> \u2192 assurer la qualit\u00e9 de la conception \u00e0 la production<\/em><\/p><p data-start=\"2798\" data-end=\"2872\"><em><strong data-start=\"2798\" data-end=\"2830\">Assistance apr\u00e8s-vente et r\u00e9paration<\/strong> \u2192 gestion des probl\u00e8mes de qualit\u00e9 apr\u00e8s la livraison<\/em><\/p><p data-start=\"2875\" data-end=\"2952\"><em><strong data-start=\"2875\" data-end=\"2899\">Logistique et livraison<\/strong> \u2192 traitement conforme lors de l'exp\u00e9dition internationale<\/em><\/p>\t\t\t\t\t\t\t\t<\/div>\n\t\t\t\t\t<\/div>\n\t\t\t\t<\/div>\n\t\t\t\t<\/div>","protected":false},"excerpt":{"rendered":"<p>Quality You Can Audit. Compliance You Can Rely On We integrate quality control and regulatory compliance into every stage of [&hellip;]<\/p>\n","protected":false},"author":1,"featured_media":0,"parent":0,"menu_order":0,"comment_status":"closed","ping_status":"closed","template":"","meta":{"_acf_changed":false,"site-sidebar-layout":"no-sidebar","site-content-layout":"page-builder","ast-site-content-layout":"full-width-container","site-content-style":"default","site-sidebar-style":"default","ast-global-header-display":"","ast-banner-title-visibility":"","ast-main-header-display":"","ast-hfb-above-header-display":"","ast-hfb-below-header-display":"","ast-hfb-mobile-header-display":"","site-post-title":"disabled","ast-breadcrumbs-content":"","ast-featured-img":"disabled","footer-sml-layout":"","ast-disable-related-posts":"","theme-transparent-header-meta":"","adv-header-id-meta":"","stick-header-meta":"","header-above-stick-meta":"","header-main-stick-meta":"","header-below-stick-meta":"","astra-migrate-meta-layouts":"set","ast-page-background-enabled":"default","ast-page-background-meta":{"desktop":{"background-color":"var(--ast-global-color-4)","background-image":"","background-repeat":"repeat","background-position":"center center","background-size":"auto","background-attachment":"scroll","background-type":"","background-media":"","overlay-type":"","overlay-color":"","overlay-opacity":"","overlay-gradient":""},"tablet":{"background-color":"","background-image":"","background-repeat":"repeat","background-position":"center center","background-size":"auto","background-attachment":"scroll","background-type":"","background-media":"","overlay-type":"","overlay-color":"","overlay-opacity":"","overlay-gradient":""},"mobile":{"background-color":"","background-image":"","background-repeat":"repeat","background-position":"center center","background-size":"auto","background-attachment":"scroll","background-type":"","background-media":"","overlay-type":"","overlay-color":"","overlay-opacity":"","overlay-gradient":""}},"ast-content-background-meta":{"desktop":{"background-color":"var(--ast-global-color-5)","background-image":"","background-repeat":"repeat","background-position":"center center","background-size":"auto","background-attachment":"scroll","background-type":"","background-media":"","overlay-type":"","overlay-color":"","overlay-opacity":"","overlay-gradient":""},"tablet":{"background-color":"var(--ast-global-color-5)","background-image":"","background-repeat":"repeat","background-position":"center center","background-size":"auto","background-attachment":"scroll","background-type":"","background-media":"","overlay-type":"","overlay-color":"","overlay-opacity":"","overlay-gradient":""},"mobile":{"background-color":"var(--ast-global-color-5)","background-image":"","background-repeat":"repeat","background-position":"center center","background-size":"auto","background-attachment":"scroll","background-type":"","background-media":"","overlay-type":"","overlay-color":"","overlay-opacity":"","overlay-gradient":""}},"footnotes":""},"class_list":["post-2123","page","type-page","status-publish","hentry"],"acf":[],"_links":{"self":[{"href":"https:\/\/bestwillcams.com\/fr\/wp-json\/wp\/v2\/pages\/2123","targetHints":{"allow":["GET"]}}],"collection":[{"href":"https:\/\/bestwillcams.com\/fr\/wp-json\/wp\/v2\/pages"}],"about":[{"href":"https:\/\/bestwillcams.com\/fr\/wp-json\/wp\/v2\/types\/page"}],"author":[{"embeddable":true,"href":"https:\/\/bestwillcams.com\/fr\/wp-json\/wp\/v2\/users\/1"}],"replies":[{"embeddable":true,"href":"https:\/\/bestwillcams.com\/fr\/wp-json\/wp\/v2\/comments?post=2123"}],"version-history":[{"count":16,"href":"https:\/\/bestwillcams.com\/fr\/wp-json\/wp\/v2\/pages\/2123\/revisions"}],"predecessor-version":[{"id":2831,"href":"https:\/\/bestwillcams.com\/fr\/wp-json\/wp\/v2\/pages\/2123\/revisions\/2831"}],"wp:attachment":[{"href":"https:\/\/bestwillcams.com\/fr\/wp-json\/wp\/v2\/media?parent=2123"}],"curies":[{"name":"wp","href":"https:\/\/api.w.org\/{rel}","templated":true}]}}