{"id":2125,"date":"2026-01-03T10:27:20","date_gmt":"2026-01-03T02:27:20","guid":{"rendered":"https:\/\/bestwillcams.com\/?page_id=2125"},"modified":"2026-03-03T09:53:02","modified_gmt":"2026-03-03T01:53:02","slug":"logistics-delivery-support","status":"publish","type":"page","link":"https:\/\/bestwillcams.com\/fr\/logistics-delivery-support\/","title":{"rendered":"Logistique et soutien \u00e0 la livraison"},"content":{"rendered":"<div data-elementor-type=\"wp-page\" data-elementor-id=\"2125\" class=\"elementor elementor-2125\" data-elementor-post-type=\"page\">\n\t\t\t\t<div class=\"elementor-element elementor-element-9ee7ce0 e-flex e-con-boxed e-con e-parent\" data-id=\"9ee7ce0\" data-element_type=\"container\" data-e-type=\"container\" data-settings=\"{&quot;background_background&quot;:&quot;classic&quot;}\">\n\t\t\t\t\t<div class=\"e-con-inner\">\n\t\t\t\t<div class=\"elementor-element elementor-element-2d53e156 elementor-widget elementor-widget-heading\" data-id=\"2d53e156\" data-element_type=\"widget\" data-e-type=\"widget\" data-widget_type=\"heading.default\">\n\t\t\t\t\t\t\t<h1 class=\"elementor-heading-title elementor-size-default\">Solutions flexibles de logistique et de livraison pour le B2B mondial<\/h1>\t\t\t\t<\/div>\n\t\t\t\t<div class=\"elementor-element elementor-element-520e3681 elementor-hidden-tablet elementor-hidden-mobile elementor-widget elementor-widget-text-editor\" data-id=\"520e3681\" data-element_type=\"widget\" data-e-type=\"widget\" data-widget_type=\"text-editor.default\">\n\t\t\t\t\t\t\t\t\t\t\t<p data-start=\"374\" data-end=\"472\">Des exp\u00e9ditions planifi\u00e9es, des calendriers clairs et des strat\u00e9gies de livraison rentables pour les partenaires OEM et ODM. De l'exp\u00e9dition en usine aux entrep\u00f4ts \u00e0 l'\u00e9tranger, nous soutenons une logistique structur\u00e9e plut\u00f4t qu'une exp\u00e9dition \u00e0 taille unique.<\/p>\t\t\t\t\t\t\t\t<\/div>\n\t\t\t\t\t<\/div>\n\t\t\t\t<\/div>\n\t\t<div class=\"elementor-element elementor-element-5b150afc e-flex e-con-boxed e-con e-parent\" data-id=\"5b150afc\" data-element_type=\"container\" data-e-type=\"container\">\n\t\t\t\t\t<div class=\"e-con-inner\">\n\t\t\t\t<div class=\"elementor-element elementor-element-657f5f13 elementor-widget elementor-widget-text-editor\" data-id=\"657f5f13\" data-element_type=\"widget\" data-e-type=\"widget\" data-widget_type=\"text-editor.default\">\n\t\t\t\t\t\t\t\t\t\t\t<h4 data-start=\"637\" data-end=\"686\">Une logistique con\u00e7ue pour les partenaires de l'industrie manufacturi\u00e8re<\/h4><p data-start=\"695\" data-end=\"770\">Pour les acheteurs B2B, la logistique ne se limite pas \u00e0 l'exp\u00e9dition de produits - elle a un impact sur la vie quotidienne :<\/p><ul data-start=\"771\" data-end=\"835\"><li data-start=\"771\" data-end=\"791\"><p data-start=\"773\" data-end=\"791\">Planification des stocks<\/p><\/li><li data-start=\"792\" data-end=\"803\"><p data-start=\"794\" data-end=\"803\">Flux de tr\u00e9sorerie<\/p><\/li><li data-start=\"804\" data-end=\"835\"><p data-start=\"806\" data-end=\"835\">Efficacit\u00e9 de la distribution locale<\/p><\/li><\/ul><p data-start=\"837\" data-end=\"951\">Notre soutien logistique se concentre sur <strong data-start=\"870\" data-end=\"900\">stabilit\u00e9 et transparence<\/strong>, Les partenaires peuvent ainsi planifier leurs livraisons en toute confiance.<\/p>\t\t\t\t\t\t\t\t<\/div>\n\t\t\t\t<div class=\"elementor-element elementor-element-6822d5fd elementor-widget__width-initial elementor-widget elementor-widget-image\" data-id=\"6822d5fd\" data-element_type=\"widget\" data-e-type=\"widget\" data-widget_type=\"image.default\">\n\t\t\t\t\t\t\t\t\t\t\t\t\t\t\t\t\t<img fetchpriority=\"high\" decoding=\"async\" width=\"1200\" height=\"800\" src=\"https:\/\/bestwillcams.com\/wp-content\/uploads\/2026\/02\/Delivery-Solutions.webp\" class=\"attachment-full size-full wp-image-2685\" alt=\"\" srcset=\"https:\/\/bestwillcams.com\/wp-content\/uploads\/2026\/02\/Delivery-Solutions.webp 1200w, https:\/\/bestwillcams.com\/wp-content\/uploads\/2026\/02\/Delivery-Solutions-300x200.webp 300w, https:\/\/bestwillcams.com\/wp-content\/uploads\/2026\/02\/Delivery-Solutions-1024x683.webp 1024w, https:\/\/bestwillcams.com\/wp-content\/uploads\/2026\/02\/Delivery-Solutions-768x512.webp 768w\" sizes=\"(max-width: 1200px) 100vw, 1200px\" \/>\t\t\t\t\t\t\t\t\t\t\t\t\t\t\t<\/div>\n\t\t\t\t\t<\/div>\n\t\t\t\t<\/div>\n\t\t<div class=\"elementor-element elementor-element-4e5d8e2b e-flex e-con-boxed e-con e-parent\" data-id=\"4e5d8e2b\" data-element_type=\"container\" data-e-type=\"container\">\n\t\t\t\t\t<div class=\"e-con-inner\">\n\t\t\t\t<div class=\"elementor-element elementor-element-24147f0e elementor-widget elementor-widget-text-editor\" data-id=\"24147f0e\" data-element_type=\"widget\" data-e-type=\"widget\" data-widget_type=\"text-editor.default\">\n\t\t\t\t\t\t\t\t\t\t\t<h5 data-start=\"993\" data-end=\"1026\">Deux mod\u00e8les de prestation pratiques<\/h5><h6>Exp\u00e9dition directe de l'usine<\/h6><ul><li data-start=\"1091\" data-end=\"1114\"><p data-start=\"1093\" data-end=\"1114\">Commandes en vrac OEM \/ ODM<\/p><\/li><li data-start=\"1115\" data-end=\"1136\"><p data-start=\"1117\" data-end=\"1136\">Produits personnalis\u00e9s<\/p><\/li><li data-start=\"1137\" data-end=\"1166\"><p data-start=\"1139\" data-end=\"1166\">Lots de production standard<\/p><\/li><\/ul><h6 data-start=\"1773\" data-end=\"1874\">Soutien aux entrep\u00f4ts d'outre-mer<\/h6><ul><li data-start=\"1444\" data-end=\"1471\"><p data-start=\"1446\" data-end=\"1471\">S\u00e9lection d'UGS \u00e0 rotation rapide<\/p><\/li><li data-start=\"1472\" data-end=\"1509\"><p data-start=\"1474\" data-end=\"1509\">Remplacement ou r\u00e9approvisionnement urgent<\/p><\/li><li data-start=\"1510\" data-end=\"1535\"><p data-start=\"1512\" data-end=\"1535\">Planification r\u00e9gionale des stocks<\/p><\/li><\/ul><p data-start=\"1537\" data-end=\"1645\">Nous maintenons <strong data-start=\"1562\" data-end=\"1598\">stock limit\u00e9 dans les entrep\u00f4ts d'outre-mer<\/strong> pour les mod\u00e8les s\u00e9lectionn\u00e9s uniquement, con\u00e7u pour soutenir : 1. un remplacement plus rapide, 2. un d\u00e9lai d'ex\u00e9cution r\u00e9duit pour les articles \u00e0 forte vente. <strong data-start=\"1720\" data-end=\"1743\">solution de soutien<\/strong>, Il ne s'agit pas d'un remplacement complet de l'inventaire de l'usine.<\/p>\t\t\t\t\t\t\t\t<\/div>\n\t\t\t\t<div class=\"elementor-element elementor-element-89c16cf elementor-widget elementor-widget-text-editor\" data-id=\"89c16cf\" data-element_type=\"widget\" data-e-type=\"widget\" data-widget_type=\"text-editor.default\">\n\t\t\t\t\t\t\t\t\t\t\t<h5 data-start=\"1881\" data-end=\"1925\">D\u00e9lais de livraison planifi\u00e9s et programmation des livraisons<\/h5><p data-start=\"1893\" data-end=\"1941\">Nous soutenons la planification structur\u00e9e des livraisons par le biais de :<\/p><ul data-start=\"1942\" data-end=\"2077\"><li data-start=\"1942\" data-end=\"1990\"><p data-start=\"1944\" data-end=\"1990\">Confirmation du d\u00e9lai de production avant la commande<\/p><\/li><li data-start=\"1991\" data-end=\"2018\"><p data-start=\"1993\" data-end=\"2018\">Programmation des envois par lots<\/p><\/li><li data-start=\"2019\" data-end=\"2077\"><p data-start=\"2021\" data-end=\"2077\">Communication transparente pendant la production et l'exp\u00e9dition<\/p><\/li><\/ul><p data-start=\"2079\" data-end=\"2174\">Cela permet aux partenaires d'aligner plus efficacement la fabrication, l'exp\u00e9dition et la distribution locale.<\/p>\t\t\t\t\t\t\t\t<\/div>\n\t\t\t\t<div class=\"elementor-element elementor-element-5633965 elementor-widget elementor-widget-text-editor\" data-id=\"5633965\" data-element_type=\"widget\" data-e-type=\"widget\" data-widget_type=\"text-editor.default\">\n\t\t\t\t\t\t\t\t\t\t\t<h5 data-start=\"2405\" data-end=\"2448\">\u00c0 qui ce mod\u00e8le logistique convient-il le mieux ?<\/h5><ul><li data-start=\"2886\" data-end=\"2933\"><p data-start=\"2888\" data-end=\"2933\">Propri\u00e9taires de marques g\u00e9rant la distribution \u00e0 l'\u00e9tranger<\/p><\/li><li data-start=\"2934\" data-end=\"2973\"><p data-start=\"2936\" data-end=\"2973\">Distributeurs planifiant des importations par lots<\/p><\/li><li data-start=\"2974\" data-end=\"3031\"><p data-start=\"2976\" data-end=\"3031\">Clients OEM \/ ODM exigeant des calendriers d'approvisionnement stables<\/p><\/li><li data-start=\"3032\" data-end=\"3099\"><p data-start=\"3034\" data-end=\"3099\">Partenaires recherchant des livraisons pr\u00e9visibles plut\u00f4t que des exp\u00e9ditions urgentes<\/p><\/li><\/ul>\t\t\t\t\t\t\t\t<\/div>\n\t\t\t\t<div class=\"elementor-element elementor-element-5270ec72 elementor-widget elementor-widget-text-editor\" data-id=\"5270ec72\" data-element_type=\"widget\" data-e-type=\"widget\" data-widget_type=\"text-editor.default\">\n\t\t\t\t\t\t\t\t\t\t\t<h5 data-start=\"3738\" data-end=\"3788\">Int\u00e9gr\u00e9 \u00e0 la fabrication et au service apr\u00e8s-vente<\/h5><p data-start=\"3214\" data-end=\"3267\">Nos services de logistique et de livraison sont align\u00e9s sur :<\/p><ul data-start=\"3268\" data-end=\"3466\"><li data-start=\"3268\" data-end=\"3337\"><p data-start=\"3270\" data-end=\"3337\"><em><strong data-start=\"3270\" data-end=\"3297\">Fabrication OEM et ODM<\/strong> - planification des exp\u00e9ditions en fonction de la production<\/em><\/p><\/li><li data-start=\"3338\" data-end=\"3399\"><p data-start=\"3340\" data-end=\"3399\"><em><strong data-start=\"3340\" data-end=\"3364\">Apr\u00e8s-vente et r\u00e9paration<\/strong> - r\u00e9paration et remplacement de l'acheminement<\/em><\/p><\/li><li data-start=\"3400\" data-end=\"3466\"><p data-start=\"3402\" data-end=\"3466\"><em><strong data-start=\"3402\" data-end=\"3421\">Soutien au projet<\/strong> - livraison align\u00e9e sur les \u00e9tapes du projet<\/em><\/p><\/li><\/ul>\t\t\t\t\t\t\t\t<\/div>\n\t\t\t\t\t<\/div>\n\t\t\t\t<\/div>\n\t\t\t\t<\/div>","protected":false},"excerpt":{"rendered":"<p>Flexible Logistics &amp; Delivery Solutions for Global B2B Planned shipments, clear timelines, and cost-efficient delivery strategies for OEM &amp; ODM [&hellip;]<\/p>\n","protected":false},"author":1,"featured_media":0,"parent":0,"menu_order":0,"comment_status":"closed","ping_status":"closed","template":"","meta":{"_acf_changed":false,"site-sidebar-layout":"no-sidebar","site-content-layout":"page-builder","ast-site-content-layout":"full-width-container","site-content-style":"default","site-sidebar-style":"default","ast-global-header-display":"","ast-banner-title-visibility":"","ast-main-header-display":"","ast-hfb-above-header-display":"","ast-hfb-below-header-display":"","ast-hfb-mobile-header-display":"","site-post-title":"disabled","ast-breadcrumbs-content":"","ast-featured-img":"disabled","footer-sml-layout":"","ast-disable-related-posts":"","theme-transparent-header-meta":"","adv-header-id-meta":"","stick-header-meta":"","header-above-stick-meta":"","header-main-stick-meta":"","header-below-stick-meta":"","astra-migrate-meta-layouts":"set","ast-page-background-enabled":"default","ast-page-background-meta":{"desktop":{"background-color":"var(--ast-global-color-4)","background-image":"","background-repeat":"repeat","background-position":"center center","background-size":"auto","background-attachment":"scroll","background-type":"","background-media":"","overlay-type":"","overlay-color":"","overlay-opacity":"","overlay-gradient":""},"tablet":{"background-color":"","background-image":"","background-repeat":"repeat","background-position":"center center","background-size":"auto","background-attachment":"scroll","background-type":"","background-media":"","overlay-type":"","overlay-color":"","overlay-opacity":"","overlay-gradient":""},"mobile":{"background-color":"","background-image":"","background-repeat":"repeat","background-position":"center center","background-size":"auto","background-attachment":"scroll","background-type":"","background-media":"","overlay-type":"","overlay-color":"","overlay-opacity":"","overlay-gradient":""}},"ast-content-background-meta":{"desktop":{"background-color":"var(--ast-global-color-5)","background-image":"","background-repeat":"repeat","background-position":"center center","background-size":"auto","background-attachment":"scroll","background-type":"","background-media":"","overlay-type":"","overlay-color":"","overlay-opacity":"","overlay-gradient":""},"tablet":{"background-color":"var(--ast-global-color-5)","background-image":"","background-repeat":"repeat","background-position":"center center","background-size":"auto","background-attachment":"scroll","background-type":"","background-media":"","overlay-type":"","overlay-color":"","overlay-opacity":"","overlay-gradient":""},"mobile":{"background-color":"var(--ast-global-color-5)","background-image":"","background-repeat":"repeat","background-position":"center center","background-size":"auto","background-attachment":"scroll","background-type":"","background-media":"","overlay-type":"","overlay-color":"","overlay-opacity":"","overlay-gradient":""}},"footnotes":""},"class_list":["post-2125","page","type-page","status-publish","hentry"],"acf":[],"_links":{"self":[{"href":"https:\/\/bestwillcams.com\/fr\/wp-json\/wp\/v2\/pages\/2125","targetHints":{"allow":["GET"]}}],"collection":[{"href":"https:\/\/bestwillcams.com\/fr\/wp-json\/wp\/v2\/pages"}],"about":[{"href":"https:\/\/bestwillcams.com\/fr\/wp-json\/wp\/v2\/types\/page"}],"author":[{"embeddable":true,"href":"https:\/\/bestwillcams.com\/fr\/wp-json\/wp\/v2\/users\/1"}],"replies":[{"embeddable":true,"href":"https:\/\/bestwillcams.com\/fr\/wp-json\/wp\/v2\/comments?post=2125"}],"version-history":[{"count":19,"href":"https:\/\/bestwillcams.com\/fr\/wp-json\/wp\/v2\/pages\/2125\/revisions"}],"predecessor-version":[{"id":2837,"href":"https:\/\/bestwillcams.com\/fr\/wp-json\/wp\/v2\/pages\/2125\/revisions\/2837"}],"wp:attachment":[{"href":"https:\/\/bestwillcams.com\/fr\/wp-json\/wp\/v2\/media?parent=2125"}],"curies":[{"name":"wp","href":"https:\/\/api.w.org\/{rel}","templated":true}]}}