{"id":2127,"date":"2026-01-03T10:27:56","date_gmt":"2026-01-03T02:27:56","guid":{"rendered":"https:\/\/bestwillcams.com\/?page_id=2127"},"modified":"2026-03-03T09:51:46","modified_gmt":"2026-03-03T01:51:46","slug":"after-sales-repair-support","status":"publish","type":"page","link":"https:\/\/bestwillcams.com\/fr\/after-sales-repair-support\/","title":{"rendered":"Assistance apr\u00e8s-vente et r\u00e9paration"},"content":{"rendered":"<div data-elementor-type=\"wp-page\" data-elementor-id=\"2127\" class=\"elementor elementor-2127\" data-elementor-post-type=\"page\">\n\t\t\t\t<div class=\"elementor-element elementor-element-62e0dc6e e-flex e-con-boxed e-con e-parent\" data-id=\"62e0dc6e\" data-element_type=\"container\" data-e-type=\"container\" data-settings=\"{&quot;background_background&quot;:&quot;classic&quot;}\">\n\t\t\t\t\t<div class=\"e-con-inner\">\n\t\t\t\t<div class=\"elementor-element elementor-element-28efee39 elementor-widget elementor-widget-heading\" data-id=\"28efee39\" data-element_type=\"widget\" data-e-type=\"widget\" data-widget_type=\"heading.default\">\n\t\t\t\t\t\t\t<h2 class=\"elementor-heading-title elementor-size-default\">Un support apr\u00e8s-vente et de r\u00e9paration fiable pour les partenaires B2B<\/h2>\t\t\t\t<\/div>\n\t\t\t\t<div class=\"elementor-element elementor-element-34791f6c elementor-hidden-tablet elementor-hidden-mobile elementor-widget elementor-widget-text-editor\" data-id=\"34791f6c\" data-element_type=\"widget\" data-e-type=\"widget\" data-widget_type=\"text-editor.default\">\n\t\t\t\t\t\t\t\t\t\t\t<p>Nous nous concentrons sur <strong data-start=\"559\" data-end=\"591\">r\u00e9solution efficace des probl\u00e8mes<\/strong>, Le syst\u00e8me de gestion des risques de l'entreprise, des promesses non compliqu\u00e9es, aide les distributeurs et les propri\u00e9taires de marques \u00e0 r\u00e9duire les risques op\u00e9rationnels.<\/p>\t\t\t\t\t\t\t\t<\/div>\n\t\t\t\t\t<\/div>\n\t\t\t\t<\/div>\n\t\t<div class=\"elementor-element elementor-element-d3f7591 e-flex e-con-boxed e-con e-parent\" data-id=\"d3f7591\" data-element_type=\"container\" data-e-type=\"container\">\n\t\t\t\t\t<div class=\"e-con-inner\">\n\t\t\t\t<div class=\"elementor-element elementor-element-45cbcfc8 elementor-widget elementor-widget-text-editor\" data-id=\"45cbcfc8\" data-element_type=\"widget\" data-e-type=\"widget\" data-widget_type=\"text-editor.default\">\n\t\t\t\t\t\t\t\t\t\t\t<h4>Con\u00e7u pour l'efficacit\u00e9 du service apr\u00e8s-vente B2B<\/h4><p data-start=\"791\" data-end=\"921\">Contrairement au service apr\u00e8s-vente des consommateurs, les clients B2B se soucient de <strong data-start=\"853\" data-end=\"920\">traitement par lots, responsabilit\u00e9s claires et processus pr\u00e9visibles<\/strong>.<\/p><p data-start=\"923\" data-end=\"982\">Notre service apr\u00e8s-vente et notre service de r\u00e9paration sont con\u00e7us pour vous aider :<\/p><ul data-start=\"983\" data-end=\"1124\"><li data-start=\"983\" data-end=\"1023\"><p data-start=\"985\" data-end=\"1023\">Traiter efficacement les retours et les r\u00e9parations<\/p><\/li><li data-start=\"1024\" data-end=\"1071\"><p data-start=\"1026\" data-end=\"1071\">R\u00e9duire les probl\u00e8mes r\u00e9currents gr\u00e2ce \u00e0 des boucles de r\u00e9troaction<\/p><\/li><li data-start=\"1072\" data-end=\"1124\"><p data-start=\"1074\" data-end=\"1124\">Prot\u00e9ger la r\u00e9putation de votre marque sur votre march\u00e9 local<\/p><\/li><\/ul>\t\t\t\t\t\t\t\t<\/div>\n\t\t\t\t<div class=\"elementor-element elementor-element-7f82792f elementor-widget__width-initial elementor-widget elementor-widget-image\" data-id=\"7f82792f\" data-element_type=\"widget\" data-e-type=\"widget\" data-widget_type=\"image.default\">\n\t\t\t\t\t\t\t\t\t\t\t\t\t\t\t\t\t<img fetchpriority=\"high\" decoding=\"async\" width=\"1200\" height=\"800\" src=\"https:\/\/bestwillcams.com\/wp-content\/uploads\/2026\/02\/B2B-After-Sales-Efficiency.webp\" class=\"attachment-full size-full wp-image-2677\" alt=\"\" srcset=\"https:\/\/bestwillcams.com\/wp-content\/uploads\/2026\/02\/B2B-After-Sales-Efficiency.webp 1200w, https:\/\/bestwillcams.com\/wp-content\/uploads\/2026\/02\/B2B-After-Sales-Efficiency-300x200.webp 300w, https:\/\/bestwillcams.com\/wp-content\/uploads\/2026\/02\/B2B-After-Sales-Efficiency-1024x683.webp 1024w, https:\/\/bestwillcams.com\/wp-content\/uploads\/2026\/02\/B2B-After-Sales-Efficiency-768x512.webp 768w\" sizes=\"(max-width: 1200px) 100vw, 1200px\" \/>\t\t\t\t\t\t\t\t\t\t\t\t\t\t\t<\/div>\n\t\t\t\t\t<\/div>\n\t\t\t\t<\/div>\n\t\t<div class=\"elementor-element elementor-element-e6b1ae4 e-flex e-con-boxed e-con e-parent\" data-id=\"e6b1ae4\" data-element_type=\"container\" data-e-type=\"container\">\n\t\t\t\t\t<div class=\"e-con-inner\">\n\t\t\t\t<div class=\"elementor-element elementor-element-302bca0e elementor-widget elementor-widget-text-editor\" data-id=\"302bca0e\" data-element_type=\"widget\" data-e-type=\"widget\" data-widget_type=\"text-editor.default\">\n\t\t\t\t\t\t\t\t\t\t\t<h5 data-start=\"1165\" data-end=\"1204\">R\u00e9paration centralis\u00e9e et traitement par lots<\/h5><p data-start=\"1225\" data-end=\"1302\">Nous soutenons <strong data-start=\"1236\" data-end=\"1279\">des flux de travail centralis\u00e9s pour les retours et les r\u00e9parations<\/strong> pour les partenaires \u00e9trangers.<\/p><p data-start=\"1304\" data-end=\"1365\">Au lieu de traiter les r\u00e9parations unit\u00e9 par unit\u00e9, notre processus permet :<\/p><ul data-start=\"1366\" data-end=\"1494\"><li data-start=\"1366\" data-end=\"1400\"><p data-start=\"1368\" data-end=\"1400\">Retour par lot pour les produits d\u00e9fectueux<\/p><\/li><li data-start=\"1401\" data-end=\"1453\"><p data-start=\"1403\" data-end=\"1453\">Inspection et r\u00e9paration centralis\u00e9es au niveau de l'usine<\/p><\/li><li data-start=\"1454\" data-end=\"1494\"><p data-start=\"1456\" data-end=\"1494\">Retour d'information consolid\u00e9 sur les questions communes<\/p><\/li><\/ul><p data-start=\"1496\" data-end=\"1612\">Cette approche aide les distributeurs et les propri\u00e9taires de marques \u00e0 <strong data-start=\"1546\" data-end=\"1571\">r\u00e9duction des co\u00fbts logistiques<\/strong> et <strong data-start=\"1576\" data-end=\"1611\">simplifier la gestion du service apr\u00e8s-vente<\/strong>.<\/p>\t\t\t\t\t\t\t\t<\/div>\n\t\t\t\t<div class=\"elementor-element elementor-element-54547883 elementor-widget elementor-widget-text-editor\" data-id=\"54547883\" data-element_type=\"widget\" data-e-type=\"widget\" data-widget_type=\"text-editor.default\">\n\t\t\t\t\t\t\t\t\t\t\t<h5 data-start=\"1661\" data-end=\"1719\">Routes de r\u00e9paration flexibles avec soutien d'un entrep\u00f4t \u00e0 l'\u00e9tranger<\/h5><p data-start=\"1744\" data-end=\"1869\">Pour certains mod\u00e8les \u00e0 \u00e9volution rapide, nous maintenons <strong data-start=\"1789\" data-end=\"1825\">stock limit\u00e9 dans les entrep\u00f4ts d'outre-mer<\/strong> pour permettre un remplacement plus rapide en cas de besoin.<\/p><p data-start=\"1871\" data-end=\"1918\">Pour la plupart des produits, les r\u00e9parations sont effectu\u00e9es par l'interm\u00e9diaire de la Commission europ\u00e9enne :<\/p><ul data-start=\"1919\" data-end=\"2051\"><li data-start=\"1919\" data-end=\"1953\"><p data-start=\"1921\" data-end=\"1953\">Collecte locale par le client<\/p><\/li><li data-start=\"1954\" data-end=\"1989\"><p data-start=\"1956\" data-end=\"1989\">Retour centralis\u00e9 \u00e0 notre usine<\/p><\/li><li data-start=\"1990\" data-end=\"2051\"><p data-start=\"1992\" data-end=\"2051\">R\u00e9paration ou remplacement professionnel sur la base des politiques convenues<\/p><\/li><\/ul><p data-start=\"2053\" data-end=\"2153\">Ce mod\u00e8le hybride garantit <strong data-start=\"2079\" data-end=\"2110\">l'efficacit\u00e9 et le contr\u00f4le des co\u00fbts<\/strong>, Les entreprises doivent \u00eatre en mesure d'offrir des services de qualit\u00e9, en particulier dans le cadre d'une coop\u00e9ration interentreprises \u00e0 long terme.<\/p>\t\t\t\t\t\t\t\t<\/div>\n\t\t\t\t<div class=\"elementor-element elementor-element-11d5aa23 elementor-widget elementor-widget-text-editor\" data-id=\"11d5aa23\" data-element_type=\"widget\" data-e-type=\"widget\" data-widget_type=\"text-editor.default\">\n\t\t\t\t\t\t\t\t\t\t\t<h5 data-start=\"2195\" data-end=\"2224\">Un processus apr\u00e8s-vente clair<\/h5><ol><li data-start=\"2242\" data-end=\"2311\"><p data-start=\"2245\" data-end=\"2311\"><strong data-start=\"2245\" data-end=\"2264\">Rapport sur les enjeux<\/strong><br data-start=\"2264\" data-end=\"2267\" \/>Description du probl\u00e8me avec photos ou vid\u00e9os<\/p><\/li><li data-start=\"2313\" data-end=\"2381\"><p data-start=\"2316\" data-end=\"2381\"><strong data-start=\"2316\" data-end=\"2336\">Examen technique<\/strong><br data-start=\"2336\" data-end=\"2339\" \/>Analyse des causes profondes par l'\u00e9quipe d'ing\u00e9nierie<\/p><\/li><li data-start=\"2383\" data-end=\"2447\"><p data-start=\"2386\" data-end=\"2447\"><strong data-start=\"2386\" data-end=\"2411\">R\u00e9paration ou remplacement<\/strong><br data-start=\"2411\" data-end=\"2414\" \/>Sur la base de la politique de service convenue<\/p><\/li><li data-start=\"2449\" data-end=\"2525\"><p data-start=\"2452\" data-end=\"2525\"><strong data-start=\"2452\" data-end=\"2478\">Retour d'information et am\u00e9lioration<\/strong><br data-start=\"2478\" data-end=\"2481\" \/>Synth\u00e8se partag\u00e9e pour r\u00e9duire les r\u00e9cidives<\/p><\/li><\/ol>\t\t\t\t\t\t\t\t<\/div>\n\t\t\t\t<div class=\"elementor-element elementor-element-787b44a2 elementor-widget elementor-widget-text-editor\" data-id=\"787b44a2\" data-element_type=\"widget\" data-e-type=\"widget\" data-widget_type=\"text-editor.default\">\n\t\t\t\t\t\t\t\t\t\t\t<h5 data-start=\"2590\" data-end=\"2626\">\u00c0 qui s'adresse ce soutien ?<\/h5><ul><li data-start=\"2628\" data-end=\"2677\"><p data-start=\"2630\" data-end=\"2677\">Les propri\u00e9taires de marques construisent des lignes de produits \u00e0 long terme<\/p><\/li><li data-start=\"2678\" data-end=\"2729\"><p data-start=\"2680\" data-end=\"2729\">Distributeurs g\u00e9rant le service apr\u00e8s-vente local<\/p><\/li><li data-start=\"2730\" data-end=\"2785\"><p data-start=\"2732\" data-end=\"2785\">Partenaires OEM \/ ODM exigeant un contr\u00f4le de qualit\u00e9 stable<\/p><\/li><li data-start=\"2786\" data-end=\"2820\"><p data-start=\"2788\" data-end=\"2820\">Acheteurs B2B traitant des commandes par lots<\/p><\/li><\/ul>\t\t\t\t\t\t\t\t<\/div>\n\t\t\t\t<div class=\"elementor-element elementor-element-2c9208 elementor-widget elementor-widget-text-editor\" data-id=\"2c9208\" data-element_type=\"widget\" data-e-type=\"widget\" data-widget_type=\"text-editor.default\">\n\t\t\t\t\t\t\t\t\t\t\t<h5 data-start=\"3738\" data-end=\"3788\">Int\u00e9gr\u00e9 \u00e0 nos services de fabrication et d'assistance aux projets<\/h5><p data-start=\"3258\" data-end=\"3312\">Notre service apr\u00e8s-vente et de r\u00e9paration travaille en \u00e9troite collaboration avec :<\/p><ul data-start=\"3313\" data-end=\"3497\"><li data-start=\"3313\" data-end=\"3370\"><p data-start=\"3315\" data-end=\"3370\"><em><strong data-start=\"3315\" data-end=\"3334\">Soutien au projet<\/strong> - r\u00e9duire les probl\u00e8mes \u00e0 un stade pr\u00e9coce<\/em><\/p><\/li><li data-start=\"3371\" data-end=\"3430\"><p data-start=\"3373\" data-end=\"3430\"><em><strong data-start=\"3373\" data-end=\"3397\">Qualit\u00e9 et conformit\u00e9<\/strong> - pr\u00e9venir les \u00e9checs r\u00e9p\u00e9t\u00e9s<\/em><\/p><\/li><li data-start=\"3431\" data-end=\"3497\"><p data-start=\"3433\" data-end=\"3497\"><em><strong data-start=\"3433\" data-end=\"3460\">Fabrication OEM et ODM<\/strong> - l'am\u00e9lioration des futures s\u00e9ries de production<\/em><\/p><\/li><\/ul>\t\t\t\t\t\t\t\t<\/div>\n\t\t\t\t\t<\/div>\n\t\t\t\t<\/div>\n\t\t\t\t<\/div>","protected":false},"excerpt":{"rendered":"<p>Reliable After-Sales &amp; Repair Support for B2B Partners We focus on efficient problem resolution, not complicated promises \u2014 helping distributors [&hellip;]<\/p>\n","protected":false},"author":1,"featured_media":0,"parent":0,"menu_order":0,"comment_status":"closed","ping_status":"closed","template":"","meta":{"_acf_changed":false,"site-sidebar-layout":"no-sidebar","site-content-layout":"page-builder","ast-site-content-layout":"full-width-container","site-content-style":"default","site-sidebar-style":"default","ast-global-header-display":"","ast-banner-title-visibility":"","ast-main-header-display":"","ast-hfb-above-header-display":"","ast-hfb-below-header-display":"","ast-hfb-mobile-header-display":"","site-post-title":"disabled","ast-breadcrumbs-content":"","ast-featured-img":"disabled","footer-sml-layout":"","ast-disable-related-posts":"","theme-transparent-header-meta":"","adv-header-id-meta":"","stick-header-meta":"","header-above-stick-meta":"","header-main-stick-meta":"","header-below-stick-meta":"","astra-migrate-meta-layouts":"set","ast-page-background-enabled":"default","ast-page-background-meta":{"desktop":{"background-color":"var(--ast-global-color-4)","background-image":"","background-repeat":"repeat","background-position":"center center","background-size":"auto","background-attachment":"scroll","background-type":"","background-media":"","overlay-type":"","overlay-color":"","overlay-opacity":"","overlay-gradient":""},"tablet":{"background-color":"","background-image":"","background-repeat":"repeat","background-position":"center center","background-size":"auto","background-attachment":"scroll","background-type":"","background-media":"","overlay-type":"","overlay-color":"","overlay-opacity":"","overlay-gradient":""},"mobile":{"background-color":"","background-image":"","background-repeat":"repeat","background-position":"center center","background-size":"auto","background-attachment":"scroll","background-type":"","background-media":"","overlay-type":"","overlay-color":"","overlay-opacity":"","overlay-gradient":""}},"ast-content-background-meta":{"desktop":{"background-color":"var(--ast-global-color-5)","background-image":"","background-repeat":"repeat","background-position":"center center","background-size":"auto","background-attachment":"scroll","background-type":"","background-media":"","overlay-type":"","overlay-color":"","overlay-opacity":"","overlay-gradient":""},"tablet":{"background-color":"var(--ast-global-color-5)","background-image":"","background-repeat":"repeat","background-position":"center center","background-size":"auto","background-attachment":"scroll","background-type":"","background-media":"","overlay-type":"","overlay-color":"","overlay-opacity":"","overlay-gradient":""},"mobile":{"background-color":"var(--ast-global-color-5)","background-image":"","background-repeat":"repeat","background-position":"center center","background-size":"auto","background-attachment":"scroll","background-type":"","background-media":"","overlay-type":"","overlay-color":"","overlay-opacity":"","overlay-gradient":""}},"footnotes":""},"class_list":["post-2127","page","type-page","status-publish","hentry"],"acf":[],"_links":{"self":[{"href":"https:\/\/bestwillcams.com\/fr\/wp-json\/wp\/v2\/pages\/2127","targetHints":{"allow":["GET"]}}],"collection":[{"href":"https:\/\/bestwillcams.com\/fr\/wp-json\/wp\/v2\/pages"}],"about":[{"href":"https:\/\/bestwillcams.com\/fr\/wp-json\/wp\/v2\/types\/page"}],"author":[{"embeddable":true,"href":"https:\/\/bestwillcams.com\/fr\/wp-json\/wp\/v2\/users\/1"}],"replies":[{"embeddable":true,"href":"https:\/\/bestwillcams.com\/fr\/wp-json\/wp\/v2\/comments?post=2127"}],"version-history":[{"count":22,"href":"https:\/\/bestwillcams.com\/fr\/wp-json\/wp\/v2\/pages\/2127\/revisions"}],"predecessor-version":[{"id":2834,"href":"https:\/\/bestwillcams.com\/fr\/wp-json\/wp\/v2\/pages\/2127\/revisions\/2834"}],"wp:attachment":[{"href":"https:\/\/bestwillcams.com\/fr\/wp-json\/wp\/v2\/media?parent=2127"}],"curies":[{"name":"wp","href":"https:\/\/api.w.org\/{rel}","templated":true}]}}