{"id":988,"date":"2025-12-22T07:55:47","date_gmt":"2025-12-22T07:55:47","guid":{"rendered":"https:\/\/bestwillcams.com\/services\/"},"modified":"2026-03-02T17:49:47","modified_gmt":"2026-03-02T09:49:47","slug":"product-capabilities","status":"publish","type":"page","link":"https:\/\/bestwillcams.com\/fr\/product-capabilities\/","title":{"rendered":"Capacit\u00e9s des produits"},"content":{"rendered":"<div data-elementor-type=\"wp-page\" data-elementor-id=\"988\" class=\"elementor elementor-988\" data-elementor-post-type=\"page\">\n\t\t\t\t<div class=\"elementor-element elementor-element-8a678ce e-flex e-con-boxed e-con e-parent\" data-id=\"8a678ce\" data-element_type=\"container\" data-e-type=\"container\" data-settings=\"{&quot;background_background&quot;:&quot;classic&quot;}\">\n\t\t\t\t\t<div class=\"e-con-inner\">\n\t\t\t\t<div class=\"elementor-element elementor-element-6f21b5c elementor-widget elementor-widget-heading\" data-id=\"6f21b5c\" data-element_type=\"widget\" data-e-type=\"widget\" data-widget_type=\"heading.default\">\n\t\t\t\t\t\t\t<h1 class=\"elementor-heading-title elementor-size-default\">Capacit\u00e9s des produits de la cam\u00e9ra sous-marine<\/h1>\t\t\t\t<\/div>\n\t\t\t\t<div class=\"elementor-element elementor-element-2a63fcf elementor-hidden-tablet elementor-hidden-mobile elementor-widget elementor-widget-text-editor\" data-id=\"2a63fcf\" data-element_type=\"widget\" data-e-type=\"widget\" data-widget_type=\"text-editor.default\">\n\t\t\t\t\t\t\t\t\t\t\t<p>Notre travail est ax\u00e9 sur l'assemblage et la fabrication de cam\u00e9ras sous-marines offrant des performances d'imagerie stables.<br data-start=\"1257\" data-end=\"1260\" \/>Les applications comprennent l'inspection des puits profonds et des trous de forage, la surveillance de l'aquaculture et les cas d'utilisation li\u00e9s \u00e0 la p\u00eache, soutenus par une production et une personnalisation ax\u00e9es sur les OEM.<\/p>\t\t\t\t\t\t\t\t<\/div>\n\t\t\t\t\t<\/div>\n\t\t\t\t<\/div>\n\t\t<div class=\"elementor-element elementor-element-61e7da5 e-flex e-con-boxed e-con e-parent\" data-id=\"61e7da5\" data-element_type=\"container\" data-e-type=\"container\" data-settings=\"{&quot;background_background&quot;:&quot;classic&quot;}\">\n\t\t\t\t\t<div class=\"e-con-inner\">\n\t\t<div class=\"elementor-element elementor-element-20334bf e-con-full e-flex e-con e-child\" data-id=\"20334bf\" data-element_type=\"container\" data-e-type=\"container\">\n\t\t\t\t<div class=\"elementor-element elementor-element-7a7f244 elementor-widget elementor-widget-text-editor\" data-id=\"7a7f244\" data-element_type=\"widget\" data-e-type=\"widget\" data-widget_type=\"text-editor.default\">\n\t\t\t\t\t\t\t\t\t\t\t<p data-start=\"249\" data-end=\"663\">Nos capacit\u00e9s en mati\u00e8re de produits s'articulent autour de la fabrication et de l'assemblage de cam\u00e9ras sous-marines con\u00e7ues pour une utilisation pratique et concr\u00e8te.<br data-start=\"391\" data-end=\"394\" \/>Plut\u00f4t que de proposer des mod\u00e8les standardis\u00e9s, nous nous concentrons sur la production d'\u00e9quipements d'imagerie sous-marine fonctionnels adapt\u00e9s aux exigences d'applications sp\u00e9cifiques, en mettant l'accent sur la fiabilit\u00e9, la simplicit\u00e9 structurelle et la s\u00e9curit\u00e9. <a href=\"\/fr\/support\/\">performance stable<\/a> dans des environnements submerg\u00e9s.<\/p><p data-start=\"665\" data-end=\"1002\">Notre exp\u00e9rience de base se situe dans les domaines suivants <a href=\"\/fr\/product-categories\/borehole-inspection-camera\/\">cam\u00e9ras d'inspection sous-marine pour les puits profonds<\/a> et les forages, o\u00f9 le d\u00e9ploiement de longs c\u00e2bles, les structures compactes de la cam\u00e9ra et une sortie d'image coh\u00e9rente sont essentiels. En outre, nous soutenons la surveillance de l'aquaculture et les applications li\u00e9es \u00e0 la p\u00eache gr\u00e2ce \u00e0 des ensembles de cam\u00e9ras adaptables et \u00e0 des configurations OEM flexibles.<\/p>\t\t\t\t\t\t\t\t<\/div>\n\t\t\t\t<\/div>\n\t\t<div class=\"elementor-element elementor-element-2a63b66 e-con-full elementor-hidden-tablet elementor-hidden-mobile e-flex e-con e-child\" data-id=\"2a63b66\" data-element_type=\"container\" data-e-type=\"container\">\n\t\t\t\t<div class=\"elementor-element elementor-element-504139b uael-aspect-ratio-16_9 elementor-widget elementor-widget-uael-video\" data-id=\"504139b\" data-element_type=\"widget\" data-e-type=\"widget\" data-widget_type=\"uael-video.default\">\n\t\t\t\t\t\t<div class=\"elementor-widget-container\">\n\t\t\t\t\t\t\t\t\t\t\t<div class=\"uael-video__outer-wrap  uael-video-type-hosted\" data-device=\"false\" data-vsticky=\"no\" data-hidedesktop=\"\" data-hidetablet=\"\" data-hidemobile=\"\" data-vsticky-viewport=\"0\" data-hosted-html=\"&quot; &lt;video class=\\&quot;uael-hosted-video\\&quot; src=\\&quot;https:\\\/\\\/bestwillcams.com\\\/wp-content\\\/uploads\\\/2026\\\/02\\\/Bestwill-Video.mp4\\&quot; controls=&amp;quot;&amp;quot;&gt;&lt;\\\/video&gt; &quot;\" data-autoplay=\"0\">\n\t\t\t\t\t\t<div class=\"uael-video-inner-wrap\">\n\t\t\t\t<div class=\"uael-video__play\" data-src=\"https:\/\/bestwillcams.com\/wp-content\/uploads\/2026\/02\/Bestwill-Video.mp4\">\n\t\t\t\t\t<video class=\"uael-video__thumb\" src=\"https:\/\/bestwillcams.com\/wp-content\/uploads\/2026\/02\/Bestwill-Video.mp4\" alt=\"\"><\/video>\n\t\t\t\t\t<div class=\"uael-video__play-icon uael-animation-\">\n\t\t\t\t\t\t<svg aria-hidden=\"true\" class=\"e-font-icon-svg e-fa-play-circle\" viewbox=\"0 0 512 512\" xmlns=\"http:\/\/www.w3.org\/2000\/svg\"><path d=\"M256 8C119 8 8 119 8 256s111 248 248 248 248-111 248-248S393 8 256 8zm115.7 272l-176 101c-15.8 8.8-35.7-2.5-35.7-21V152c0-18.4 19.8-29.8 35.7-21l176 107c16.4 9.2 16.4 32.9 0 42z\"><\/path><\/svg>\t\t\t\t\t<\/div>\n\t\t\t\t<\/div>\n\t\t\t\t\t\t\t\t\t\t\t<\/div>\n\t\t<\/div>\n\t\t\t\t\t\t\t<\/div>\n\t\t\t\t<\/div>\n\t\t\t\t<\/div>\n\t\t\t\t\t<\/div>\n\t\t\t\t<\/div>\n\t\t<div class=\"elementor-element elementor-element-55a567c e-flex e-con-boxed e-con e-parent\" data-id=\"55a567c\" data-element_type=\"container\" data-e-type=\"container\" data-settings=\"{&quot;background_background&quot;:&quot;classic&quot;}\">\n\t\t\t\t\t<div class=\"e-con-inner\">\n\t\t\t\t<div class=\"elementor-element elementor-element-dfa20d9 elementor-widget elementor-widget-image\" data-id=\"dfa20d9\" data-element_type=\"widget\" data-e-type=\"widget\" data-widget_type=\"image.default\">\n\t\t\t\t\t\t\t\t\t\t\t\t\t\t\t\t\t<img fetchpriority=\"high\" decoding=\"async\" width=\"800\" height=\"600\" src=\"https:\/\/bestwillcams.com\/wp-content\/uploads\/2026\/02\/Underwater-Fishing-Camera-Series.webp\" class=\"attachment-full size-full wp-image-2510\" alt=\"\" srcset=\"https:\/\/bestwillcams.com\/wp-content\/uploads\/2026\/02\/Underwater-Fishing-Camera-Series.webp 800w, https:\/\/bestwillcams.com\/wp-content\/uploads\/2026\/02\/Underwater-Fishing-Camera-Series-300x225.webp 300w, https:\/\/bestwillcams.com\/wp-content\/uploads\/2026\/02\/Underwater-Fishing-Camera-Series-768x576.webp 768w\" sizes=\"(max-width: 800px) 100vw, 800px\" \/>\t\t\t\t\t\t\t\t\t\t\t\t\t\t\t<\/div>\n\t\t<div class=\"elementor-element elementor-element-e32c4ad e-con-full e-flex e-con e-child\" data-id=\"e32c4ad\" data-element_type=\"container\" data-e-type=\"container\">\n\t\t\t\t<div class=\"elementor-element elementor-element-b5d7671 elementor-widget elementor-widget-image-box\" data-id=\"b5d7671\" data-element_type=\"widget\" data-e-type=\"widget\" data-widget_type=\"image-box.default\">\n\t\t\t\t\t\t\t<div class=\"elementor-image-box-wrapper\"><div class=\"elementor-image-box-content\"><h6 class=\"elementor-image-box-title\">Cam\u00e9ra de p\u00eache sous-marine<\/h6><p class=\"elementor-image-box-description\">Nos capacit\u00e9s en mati\u00e8re de cam\u00e9ras de p\u00eache couvrent les assemblages de cam\u00e9ras sous-marines compactes con\u00e7ues pour les cas d'utilisation li\u00e9s \u00e0 la p\u00eache.\nLes configurations courantes comprennent des moniteurs portables, des configurations de c\u00e2bles pratiques et une personnalisation OEM flexible pour r\u00e9pondre aux diff\u00e9rents besoins des marques et du march\u00e9.<\/p><\/div><\/div>\t\t\t\t<\/div>\n\t\t\t\t<div class=\"elementor-element elementor-element-a432d5e elementor-widget elementor-widget-button\" data-id=\"a432d5e\" data-element_type=\"widget\" data-e-type=\"widget\" data-widget_type=\"button.default\">\n\t\t\t\t\t\t\t\t\t\t\t\t<a class=\"elementor-button elementor-button-link elementor-size-sm\" href=\"\/fr\/product-categories\/underwater-fishing-camera\/\">\n\t\t\t\t\t\t<span class=\"elementor-button-content-wrapper\">\n\t\t\t\t\t\t\t\t\t<span class=\"elementor-button-text\">En savoir plus<\/span>\n\t\t\t\t\t<\/span>\n\t\t\t\t\t<\/a>\n\t\t\t\t\t\t\t\t<\/div>\n\t\t\t\t<\/div>\n\t\t\t\t\t<\/div>\n\t\t\t\t<\/div>\n\t\t<div class=\"elementor-element elementor-element-8fa80be e-flex e-con-boxed e-con e-parent\" data-id=\"8fa80be\" data-element_type=\"container\" data-e-type=\"container\" data-settings=\"{&quot;background_background&quot;:&quot;classic&quot;}\">\n\t\t\t\t\t<div class=\"e-con-inner\">\n\t\t\t\t<div class=\"elementor-element elementor-element-dcb50fc elementor-widget elementor-widget-image\" data-id=\"dcb50fc\" data-element_type=\"widget\" data-e-type=\"widget\" data-widget_type=\"image.default\">\n\t\t\t\t\t\t\t\t\t\t\t\t\t\t\t\t\t<img decoding=\"async\" width=\"800\" height=\"600\" src=\"https:\/\/bestwillcams.com\/wp-content\/uploads\/2026\/02\/Underwater-Inspection-Camera-Series.webp\" class=\"attachment-full size-full wp-image-2512\" alt=\"\" srcset=\"https:\/\/bestwillcams.com\/wp-content\/uploads\/2026\/02\/Underwater-Inspection-Camera-Series.webp 800w, https:\/\/bestwillcams.com\/wp-content\/uploads\/2026\/02\/Underwater-Inspection-Camera-Series-300x225.webp 300w, https:\/\/bestwillcams.com\/wp-content\/uploads\/2026\/02\/Underwater-Inspection-Camera-Series-768x576.webp 768w\" sizes=\"(max-width: 800px) 100vw, 800px\" \/>\t\t\t\t\t\t\t\t\t\t\t\t\t\t\t<\/div>\n\t\t<div class=\"elementor-element elementor-element-63b647b e-con-full e-flex e-con e-child\" data-id=\"63b647b\" data-element_type=\"container\" data-e-type=\"container\">\n\t\t\t\t<div class=\"elementor-element elementor-element-8cdbf66 elementor-widget elementor-widget-image-box\" data-id=\"8cdbf66\" data-element_type=\"widget\" data-e-type=\"widget\" data-widget_type=\"image-box.default\">\n\t\t\t\t\t\t\t<div class=\"elementor-image-box-wrapper\"><div class=\"elementor-image-box-content\"><h6 class=\"elementor-image-box-title\">Cam\u00e9ra d'inspection sous-marine<\/h6><p class=\"elementor-image-box-description\">Nos cam\u00e9ras d'inspection sous-marine sont con\u00e7ues pour l'inspection visuelle et l'observation dans divers environnements submerg\u00e9s.\nLes applications typiques comprennent la surveillance de l'aquaculture, l'inspection des infrastructures et l'\u00e9valuation g\u00e9n\u00e9rale de l'\u00e9tat de l'eau.\nLes configurations sont ax\u00e9es sur une imagerie stable, des structures \u00e9tanches fiables et des options de c\u00e2ble et de moniteur flexibles.<\/p><\/div><\/div>\t\t\t\t<\/div>\n\t\t\t\t<div class=\"elementor-element elementor-element-f85d575 elementor-widget elementor-widget-button\" data-id=\"f85d575\" data-element_type=\"widget\" data-e-type=\"widget\" data-widget_type=\"button.default\">\n\t\t\t\t\t\t\t\t\t\t\t\t<a class=\"elementor-button elementor-button-link elementor-size-sm\" href=\"\/fr\/product-categories\/underwater-inspection-camera\/\">\n\t\t\t\t\t\t<span class=\"elementor-button-content-wrapper\">\n\t\t\t\t\t\t\t\t\t<span class=\"elementor-button-text\">En savoir plus<\/span>\n\t\t\t\t\t<\/span>\n\t\t\t\t\t<\/a>\n\t\t\t\t\t\t\t\t<\/div>\n\t\t\t\t<\/div>\n\t\t\t\t\t<\/div>\n\t\t\t\t<\/div>\n\t\t<div class=\"elementor-element elementor-element-7f9c994 e-flex e-con-boxed e-con e-parent\" data-id=\"7f9c994\" data-element_type=\"container\" data-e-type=\"container\" data-settings=\"{&quot;background_background&quot;:&quot;classic&quot;}\">\n\t\t\t\t\t<div class=\"e-con-inner\">\n\t\t\t\t<div class=\"elementor-element elementor-element-8b2f398 elementor-widget elementor-widget-image\" data-id=\"8b2f398\" data-element_type=\"widget\" data-e-type=\"widget\" data-widget_type=\"image.default\">\n\t\t\t\t\t\t\t\t\t\t\t\t\t\t\t\t\t<img decoding=\"async\" width=\"800\" height=\"600\" src=\"https:\/\/bestwillcams.com\/wp-content\/uploads\/2026\/02\/Borehole-Inspection-Camera-Series.webp\" class=\"attachment-full size-full wp-image-2508\" alt=\"\" srcset=\"https:\/\/bestwillcams.com\/wp-content\/uploads\/2026\/02\/Borehole-Inspection-Camera-Series.webp 800w, https:\/\/bestwillcams.com\/wp-content\/uploads\/2026\/02\/Borehole-Inspection-Camera-Series-300x225.webp 300w, https:\/\/bestwillcams.com\/wp-content\/uploads\/2026\/02\/Borehole-Inspection-Camera-Series-768x576.webp 768w\" sizes=\"(max-width: 800px) 100vw, 800px\" \/>\t\t\t\t\t\t\t\t\t\t\t\t\t\t\t<\/div>\n\t\t<div class=\"elementor-element elementor-element-4a4ffd7 e-con-full e-flex e-con e-child\" data-id=\"4a4ffd7\" data-element_type=\"container\" data-e-type=\"container\">\n\t\t\t\t<div class=\"elementor-element elementor-element-893f009 elementor-widget elementor-widget-image-box\" data-id=\"893f009\" data-element_type=\"widget\" data-e-type=\"widget\" data-widget_type=\"image-box.default\">\n\t\t\t\t\t\t\t<div class=\"elementor-image-box-wrapper\"><div class=\"elementor-image-box-content\"><h6 class=\"elementor-image-box-title\">Cam\u00e9ra d'inspection des forages<\/h6><p class=\"elementor-image-box-description\">Nos cam\u00e9ras d'inspection de trous de forage se concentrent sur l'imagerie sous-marine stable dans des environnements profonds et \u00e9troits.\nLes configurations typiques comprennent des c\u00e2bles \u00e0 longue distance, des bo\u00eetiers de cam\u00e9ra compacts et des unit\u00e9s de surveillance portables adapt\u00e9es aux t\u00e2ches d'inspection des puits d'eau et des forages.<\/p><\/div><\/div>\t\t\t\t<\/div>\n\t\t\t\t<div class=\"elementor-element elementor-element-9e72a2b elementor-widget elementor-widget-button\" data-id=\"9e72a2b\" data-element_type=\"widget\" data-e-type=\"widget\" data-widget_type=\"button.default\">\n\t\t\t\t\t\t\t\t\t\t\t\t<a class=\"elementor-button elementor-button-link elementor-size-sm\" href=\"\/fr\/product-categories\/borehole-inspection-camera\/\">\n\t\t\t\t\t\t<span class=\"elementor-button-content-wrapper\">\n\t\t\t\t\t\t\t\t\t<span class=\"elementor-button-text\">En savoir plus<\/span>\n\t\t\t\t\t<\/span>\n\t\t\t\t\t<\/a>\n\t\t\t\t\t\t\t\t<\/div>\n\t\t\t\t<\/div>\n\t\t\t\t\t<\/div>\n\t\t\t\t<\/div>\n\t\t\t\t<\/div>","protected":false},"excerpt":{"rendered":"<p>Underwater Camera Product Capabilities Our work centers on assembling and manufacturing underwater camera products with stable imaging performance.Applications include deep [&hellip;]<\/p>\n","protected":false},"author":1,"featured_media":0,"parent":0,"menu_order":0,"comment_status":"closed","ping_status":"closed","template":"","meta":{"_acf_changed":false,"site-sidebar-layout":"no-sidebar","site-content-layout":"page-builder","ast-site-content-layout":"full-width-container","site-content-style":"default","site-sidebar-style":"default","ast-global-header-display":"","ast-banner-title-visibility":"disabled","ast-main-header-display":"","ast-hfb-above-header-display":"","ast-hfb-below-header-display":"","ast-hfb-mobile-header-display":"","site-post-title":"disabled","ast-breadcrumbs-content":"","ast-featured-img":"disabled","footer-sml-layout":"","ast-disable-related-posts":"","theme-transparent-header-meta":"","adv-header-id-meta":"","stick-header-meta":"","header-above-stick-meta":"","header-main-stick-meta":"","header-below-stick-meta":"","astra-migrate-meta-layouts":"set","ast-page-background-enabled":"default","ast-page-background-meta":{"desktop":{"background-color":"var(--ast-global-color-4)","background-image":"","background-repeat":"repeat","background-position":"center center","background-size":"auto","background-attachment":"scroll","background-type":"","background-media":"","overlay-type":"","overlay-color":"","overlay-opacity":"","overlay-gradient":""},"tablet":{"background-color":"","background-image":"","background-repeat":"repeat","background-position":"center center","background-size":"auto","background-attachment":"scroll","background-type":"","background-media":"","overlay-type":"","overlay-color":"","overlay-opacity":"","overlay-gradient":""},"mobile":{"background-color":"","background-image":"","background-repeat":"repeat","background-position":"center center","background-size":"auto","background-attachment":"scroll","background-type":"","background-media":"","overlay-type":"","overlay-color":"","overlay-opacity":"","overlay-gradient":""}},"ast-content-background-meta":{"desktop":{"background-color":"var(--ast-global-color-5)","background-image":"","background-repeat":"repeat","background-position":"center center","background-size":"auto","background-attachment":"scroll","background-type":"","background-media":"","overlay-type":"","overlay-color":"","overlay-opacity":"","overlay-gradient":""},"tablet":{"background-color":"var(--ast-global-color-5)","background-image":"","background-repeat":"repeat","background-position":"center center","background-size":"auto","background-attachment":"scroll","background-type":"","background-media":"","overlay-type":"","overlay-color":"","overlay-opacity":"","overlay-gradient":""},"mobile":{"background-color":"var(--ast-global-color-5)","background-image":"","background-repeat":"repeat","background-position":"center center","background-size":"auto","background-attachment":"scroll","background-type":"","background-media":"","overlay-type":"","overlay-color":"","overlay-opacity":"","overlay-gradient":""}},"footnotes":""},"class_list":["post-988","page","type-page","status-publish","hentry"],"acf":[],"_links":{"self":[{"href":"https:\/\/bestwillcams.com\/fr\/wp-json\/wp\/v2\/pages\/988","targetHints":{"allow":["GET"]}}],"collection":[{"href":"https:\/\/bestwillcams.com\/fr\/wp-json\/wp\/v2\/pages"}],"about":[{"href":"https:\/\/bestwillcams.com\/fr\/wp-json\/wp\/v2\/types\/page"}],"author":[{"embeddable":true,"href":"https:\/\/bestwillcams.com\/fr\/wp-json\/wp\/v2\/users\/1"}],"replies":[{"embeddable":true,"href":"https:\/\/bestwillcams.com\/fr\/wp-json\/wp\/v2\/comments?post=988"}],"version-history":[{"count":70,"href":"https:\/\/bestwillcams.com\/fr\/wp-json\/wp\/v2\/pages\/988\/revisions"}],"predecessor-version":[{"id":2798,"href":"https:\/\/bestwillcams.com\/fr\/wp-json\/wp\/v2\/pages\/988\/revisions\/2798"}],"wp:attachment":[{"href":"https:\/\/bestwillcams.com\/fr\/wp-json\/wp\/v2\/media?parent=988"}],"curies":[{"name":"wp","href":"https:\/\/api.w.org\/{rel}","templated":true}]}}