{"id":2351,"date":"2026-01-26T15:08:08","date_gmt":"2026-01-26T07:08:08","guid":{"rendered":"https:\/\/bestwillcams.com\/?post_type=product&#038;p=2351"},"modified":"2026-03-05T13:39:16","modified_gmt":"2026-03-05T05:39:16","slug":"7-underwater-fishing-camera-systemcr110-7s-dl","status":"publish","type":"product","link":"https:\/\/bestwillcams.com\/fr\/product\/7-underwater-fishing-camera-systemcr110-7s-dl\/","title":{"rendered":"Syst\u00e8me de cam\u00e9ra de p\u00eache sous-marine 7\u2033 (CR110-7S-DL)"},"content":{"rendered":"<figure class=\"wp-block-image aligncenter size-large\"><img fetchpriority=\"high\" decoding=\"async\" width=\"1024\" height=\"410\" src=\"https:\/\/bestwillcams.com\/wp-content\/uploads\/2026\/01\/7-inches-Underwater-Fishing-Camera-Description-1024x410.webp\" alt=\"\" class=\"wp-image-2350\" srcset=\"https:\/\/bestwillcams.com\/wp-content\/uploads\/2026\/01\/7-inches-Underwater-Fishing-Camera-Description-1024x410.webp 1024w, https:\/\/bestwillcams.com\/wp-content\/uploads\/2026\/01\/7-inches-Underwater-Fishing-Camera-Description-300x120.webp 300w, https:\/\/bestwillcams.com\/wp-content\/uploads\/2026\/01\/7-inches-Underwater-Fishing-Camera-Description-768x307.webp 768w, https:\/\/bestwillcams.com\/wp-content\/uploads\/2026\/01\/7-inches-Underwater-Fishing-Camera-Description.webp 1500w\" sizes=\"(max-width: 1024px) 100vw, 1024px\" \/><\/figure>\n\n\n\n<p><\/p>\n\n\n\n<h5 class=\"wp-block-heading has-text-align-center\">Sc\u00e9narios d'application<\/h5>\n\n\n\n<p class=\"has-text-align-center\">P\u00eache sur glace<br>P\u00eache en lac<br>Recherche visuelle de poissons<br>Observation sous-marine<\/p>","protected":false},"excerpt":{"rendered":"<p>Application Scenarios Ice fishingLake fishingVisual fish findingUnderwater observation<\/p>","protected":false},"featured_media":2349,"template":"","meta":{"_acf_changed":true,"site-sidebar-layout":"default","site-content-layout":"","ast-site-content-layout":"default","site-content-style":"default","site-sidebar-style":"default","ast-global-header-display":"","ast-banner-title-visibility":"","ast-main-header-display":"","ast-hfb-above-header-display":"","ast-hfb-below-header-display":"","ast-hfb-mobile-header-display":"","site-post-title":"","ast-breadcrumbs-content":"","ast-featured-img":"","footer-sml-layout":"","ast-disable-related-posts":"","theme-transparent-header-meta":"","adv-header-id-meta":"","stick-header-meta":"","header-above-stick-meta":"","header-main-stick-meta":"","header-below-stick-meta":"","astra-migrate-meta-layouts":"set","ast-page-background-enabled":"default","ast-page-background-meta":{"desktop":{"background-color":"var(--ast-global-color-4)","background-image":"","background-repeat":"repeat","background-position":"center center","background-size":"auto","background-attachment":"scroll","background-type":"","background-media":"","overlay-type":"","overlay-color":"","overlay-opacity":"","overlay-gradient":""},"tablet":{"background-color":"","background-image":"","background-repeat":"repeat","background-position":"center center","background-size":"auto","background-attachment":"scroll","background-type":"","background-media":"","overlay-type":"","overlay-color":"","overlay-opacity":"","overlay-gradient":""},"mobile":{"background-color":"","background-image":"","background-repeat":"repeat","background-position":"center center","background-size":"auto","background-attachment":"scroll","background-type":"","background-media":"","overlay-type":"","overlay-color":"","overlay-opacity":"","overlay-gradient":""}},"ast-content-background-meta":{"desktop":{"background-color":"var(--ast-global-color-5)","background-image":"","background-repeat":"repeat","background-position":"center center","background-size":"auto","background-attachment":"scroll","background-type":"","background-media":"","overlay-type":"","overlay-color":"","overlay-opacity":"","overlay-gradient":""},"tablet":{"background-color":"var(--ast-global-color-5)","background-image":"","background-repeat":"repeat","background-position":"center center","background-size":"auto","background-attachment":"scroll","background-type":"","background-media":"","overlay-type":"","overlay-color":"","overlay-opacity":"","overlay-gradient":""},"mobile":{"background-color":"var(--ast-global-color-5)","background-image":"","background-repeat":"repeat","background-position":"center center","background-size":"auto","background-attachment":"scroll","background-type":"","background-media":"","overlay-type":"","overlay-color":"","overlay-opacity":"","overlay-gradient":""}}},"product-category":[14],"class_list":["post-2351","product","type-product","status-publish","has-post-thumbnail","hentry","product-category-underwater-fishing-camera"],"acf":[],"_links":{"self":[{"href":"https:\/\/bestwillcams.com\/fr\/wp-json\/wp\/v2\/product\/2351","targetHints":{"allow":["GET"]}}],"collection":[{"href":"https:\/\/bestwillcams.com\/fr\/wp-json\/wp\/v2\/product"}],"about":[{"href":"https:\/\/bestwillcams.com\/fr\/wp-json\/wp\/v2\/types\/product"}],"wp:featuredmedia":[{"embeddable":true,"href":"https:\/\/bestwillcams.com\/fr\/wp-json\/wp\/v2\/media\/2349"}],"wp:attachment":[{"href":"https:\/\/bestwillcams.com\/fr\/wp-json\/wp\/v2\/media?parent=2351"}],"wp:term":[{"taxonomy":"product-category","embeddable":true,"href":"https:\/\/bestwillcams.com\/fr\/wp-json\/wp\/v2\/product-category?post=2351"}],"curies":[{"name":"wp","href":"https:\/\/api.w.org\/{rel}","templated":true}]}}