{"id":2038,"date":"2025-12-30T16:43:48","date_gmt":"2025-12-30T08:43:48","guid":{"rendered":"https:\/\/bestwillcams.com\/?page_id=2038"},"modified":"2026-03-03T09:44:14","modified_gmt":"2026-03-03T01:44:14","slug":"oem-manufacturing","status":"publish","type":"page","link":"https:\/\/bestwillcams.com\/pl\/oem-manufacturing\/","title":{"rendered":"Produkcja OEM"},"content":{"rendered":"<div data-elementor-type=\"wp-page\" data-elementor-id=\"2038\" class=\"elementor elementor-2038\" data-elementor-post-type=\"page\">\n\t\t\t\t<div class=\"elementor-element elementor-element-0e33895 e-flex e-con-boxed e-con e-parent\" data-id=\"0e33895\" data-element_type=\"container\" data-e-type=\"container\" data-settings=\"{&quot;background_background&quot;:&quot;classic&quot;}\">\n\t\t\t\t\t<div class=\"e-con-inner\">\n\t\t\t\t<div class=\"elementor-element elementor-element-6d37a41 elementor-widget elementor-widget-heading\" data-id=\"6d37a41\" data-element_type=\"widget\" data-e-type=\"widget\" data-widget_type=\"heading.default\">\n\t\t\t\t\t\t\t<h1 class=\"elementor-heading-title elementor-size-default\">Produkcja OEM dla system\u00f3w kamer podwodnych<\/h1>\t\t\t\t<\/div>\n\t\t\t\t<div class=\"elementor-element elementor-element-f5e35d8 elementor-hidden-tablet elementor-hidden-mobile elementor-widget elementor-widget-text-editor\" data-id=\"f5e35d8\" data-element_type=\"widget\" data-e-type=\"widget\" data-widget_type=\"text-editor.default\">\n\t\t\t\t\t\t\t\t\t\t\t<p>Zapewniamy <strong data-start=\"281\" data-end=\"311\">Us\u0142ugi produkcyjne OEM<\/strong> Dla klient\u00f3w, kt\u00f3rzy maj\u0105 ju\u017c jasn\u0105 specyfikacj\u0119 produktu i szukaj\u0105 niezawodnego partnera produkcyjnego. <strong data-start=\"457\" data-end=\"486\">Systemy kamer podwodnych<\/strong>, Nasze us\u0142ugi OEM koncentruj\u0105 si\u0119 na <strong data-start=\"514\" data-end=\"578\">stabilny monta\u017c, sta\u0142a jako\u015b\u0107 i skalowalna produkcja<\/strong>, pomagaj\u0105c naszym partnerom we wprowadzaniu sprawdzonych produkt\u00f3w na rynek.<\/p>\t\t\t\t\t\t\t\t<\/div>\n\t\t\t\t\t<\/div>\n\t\t\t\t<\/div>\n\t\t<div class=\"elementor-element elementor-element-5602ca4 e-flex e-con-boxed e-con e-parent\" data-id=\"5602ca4\" data-element_type=\"container\" data-e-type=\"container\">\n\t\t\t\t\t<div class=\"e-con-inner\">\n\t\t\t\t<div class=\"elementor-element elementor-element-b1f29a7 elementor-widget elementor-widget-text-editor\" data-id=\"b1f29a7\" data-element_type=\"widget\" data-e-type=\"widget\" data-widget_type=\"text-editor.default\">\n\t\t\t\t\t\t\t\t\t\t\t<h4>Co obejmuje nasza produkcja OEM<\/h4><p>Nasze us\u0142ugi produkcyjne OEM opieraj\u0105 si\u0119 na <strong>dojrza\u0142e platformy kamer podwodnych<\/strong> kt\u00f3re zosta\u0142y zweryfikowane w r\u00f3\u017cnych aplikacjach.<\/p><h5>Podstawowe mo\u017cliwo\u015bci OEM<\/h5><ul><li>Kompletny system kamer podwodnych<\/li><li>Integracja kamery, kabla, b\u0119bna i monitora<\/li><li>Standaryzowany proces produkcji dla powtarzaj\u0105cych si\u0119 zam\u00f3wie\u0144<\/li><li>Kontrola materia\u0142\u00f3w przychodz\u0105cych i kontrola jako\u015bci na linii produkcyjnej<\/li><li>Testowanie produktu ko\u0144cowego przed wysy\u0142k\u0105<\/li><\/ul><p>Koncentrujemy si\u0119 na produkcji na poziomie systemu, a nie tylko poszczeg\u00f3lnych komponent\u00f3w.<\/p>\t\t\t\t\t\t\t\t<\/div>\n\t\t\t\t<div class=\"elementor-element elementor-element-6263700 elementor-widget__width-initial elementor-widget elementor-widget-image\" data-id=\"6263700\" data-element_type=\"widget\" data-e-type=\"widget\" data-widget_type=\"image.default\">\n\t\t\t\t\t\t\t\t\t\t\t\t\t\t\t\t\t<img fetchpriority=\"high\" decoding=\"async\" width=\"1200\" height=\"800\" src=\"https:\/\/bestwillcams.com\/wp-content\/uploads\/2026\/02\/fishing-camera-OEM-Manufacturing.webp\" class=\"attachment-full size-full wp-image-2650\" alt=\"\" srcset=\"https:\/\/bestwillcams.com\/wp-content\/uploads\/2026\/02\/fishing-camera-OEM-Manufacturing.webp 1200w, https:\/\/bestwillcams.com\/wp-content\/uploads\/2026\/02\/fishing-camera-OEM-Manufacturing-300x200.webp 300w, https:\/\/bestwillcams.com\/wp-content\/uploads\/2026\/02\/fishing-camera-OEM-Manufacturing-1024x683.webp 1024w, https:\/\/bestwillcams.com\/wp-content\/uploads\/2026\/02\/fishing-camera-OEM-Manufacturing-768x512.webp 768w\" sizes=\"(max-width: 1200px) 100vw, 1200px\" \/>\t\t\t\t\t\t\t\t\t\t\t\t\t\t\t<\/div>\n\t\t\t\t\t<\/div>\n\t\t\t\t<\/div>\n\t\t<div class=\"elementor-element elementor-element-a0c8316 e-flex e-con-boxed e-con e-parent\" data-id=\"a0c8316\" data-element_type=\"container\" data-e-type=\"container\">\n\t\t\t\t\t<div class=\"e-con-inner\">\n\t\t\t\t<div class=\"elementor-element elementor-element-62ee913 elementor-widget elementor-widget-text-editor\" data-id=\"62ee913\" data-element_type=\"widget\" data-e-type=\"widget\" data-widget_type=\"text-editor.default\">\n\t\t\t\t\t\t\t\t\t\t\t<h5 data-start=\"1328\" data-end=\"1370\">Produkty odpowiednie do produkcji OEM<\/h5><p data-start=\"1372\" data-end=\"1444\">Nasze us\u0142ugi produkcyjne OEM obs\u0142uguj\u0105 nast\u0119puj\u0105ce kategorie produkt\u00f3w:<\/p><ul data-start=\"1446\" data-end=\"1771\"><li data-start=\"1446\" data-end=\"1578\"><p data-start=\"1448\" data-end=\"1578\"><strong data-start=\"1448\" data-end=\"1488\">Systemy kamer do inspekcji podwodnych<\/strong><br data-start=\"1488\" data-end=\"1491\" \/>Do inspekcji przemys\u0142owych, monitorowania akwakultury i og\u00f3lnej obserwacji podwodnej<\/p><\/li><li data-start=\"1580\" data-end=\"1675\"><p data-start=\"1582\" data-end=\"1675\"><strong data-start=\"1582\" data-end=\"1620\">Systemy kamer do inspekcji odwiert\u00f3w<\/strong><br data-start=\"1620\" data-end=\"1623\" \/>Do g\u0142\u0119bokich studni i inspekcji pionowych<\/p><\/li><li data-start=\"1677\" data-end=\"1771\"><p data-start=\"1679\" data-end=\"1771\"><strong data-start=\"1679\" data-end=\"1716\">Systemy kamer do po\u0142ow\u00f3w podwodnych<\/strong><br data-start=\"1716\" data-end=\"1719\" \/>Dla konsument\u00f3w i p\u00f3\u0142profesjonalnych rynk\u00f3w w\u0119dkarskich<\/p><\/li><\/ul><p data-start=\"1773\" data-end=\"1874\">Wszystkie projekty OEM opieraj\u0105 si\u0119 na <strong data-start=\"1803\" data-end=\"1833\">istniej\u0105ce, sprawdzone platformy<\/strong> aby zapewni\u0107 stabilno\u015b\u0107 i efektywno\u015b\u0107 kosztow\u0105.<\/p>\t\t\t\t\t\t\t\t<\/div>\n\t\t\t\t<div class=\"elementor-element elementor-element-27c086c elementor-widget elementor-widget-text-editor\" data-id=\"27c086c\" data-element_type=\"widget\" data-e-type=\"widget\" data-widget_type=\"text-editor.default\">\n\t\t\t\t\t\t\t\t\t\t\t<h5 data-start=\"1881\" data-end=\"1925\">Wsparcie in\u017cynieryjne podczas produkcji OEM<\/h5><p data-start=\"1927\" data-end=\"1976\">Produkcja OEM nie oznacza sztywnej produkcji.<\/p><p data-start=\"1978\" data-end=\"2114\">Nasz zesp\u00f3\u0142 in\u017cynier\u00f3w zapewnia wsparcie podczas procesu OEM, aby zapewni\u0107 <strong data-start=\"2049\" data-end=\"2102\">Kompatybilno\u015b\u0107, mo\u017cliwo\u015b\u0107 produkcji i niezawodno\u015b\u0107<\/strong>, w tym:<\/p><ul data-start=\"2116\" data-end=\"2326\"><li data-start=\"2116\" data-end=\"2158\"><p data-start=\"2118\" data-end=\"2158\">Przegl\u0105d specyfikacji przed rozpocz\u0119ciem produkcji<\/p><\/li><li data-start=\"2159\" data-end=\"2207\"><p data-start=\"2161\" data-end=\"2207\">Sprawdzanie kompatybilno\u015bci komponent\u00f3w i interfejs\u00f3w<\/p><\/li><li data-start=\"2208\" data-end=\"2265\"><p data-start=\"2210\" data-end=\"2265\">Weryfikacja d\u0142ugo\u015bci kabla, obudowy i konfiguracji<\/p><\/li><li data-start=\"2266\" data-end=\"2326\"><p data-start=\"2268\" data-end=\"2326\">Drobne korekty funkcjonalne w celu optymalizacji produkcji<\/p><\/li><\/ul><p data-start=\"2328\" data-end=\"2398\">Wsparcie to pomaga zmniejszy\u0107 ryzyko produkcyjne i unikn\u0105\u0107 kosztownych poprawek.<\/p>\t\t\t\t\t\t\t\t<\/div>\n\t\t\t\t<div class=\"elementor-element elementor-element-790f596 elementor-widget elementor-widget-text-editor\" data-id=\"790f596\" data-element_type=\"widget\" data-e-type=\"widget\" data-widget_type=\"text-editor.default\">\n\t\t\t\t\t\t\t\t\t\t\t<h5 data-start=\"2405\" data-end=\"2448\">Kontrola jako\u015bci i sp\u00f3jno\u015b\u0107 produkcji<\/h5><p data-start=\"2450\" data-end=\"2495\">Sp\u00f3jno\u015b\u0107 ma kluczowe znaczenie w produkcji OEM.<\/p><p data-start=\"2497\" data-end=\"2600\">Wdra\u017camy kontrol\u0119 jako\u015bci na wielu etapach, aby zapewni\u0107, \u017ce ka\u017cda partia spe\u0142nia uzgodnione specyfikacje:<\/p><ul data-start=\"2602\" data-end=\"2789\"><li data-start=\"2602\" data-end=\"2641\"><p data-start=\"2604\" data-end=\"2641\">Kontrola materia\u0142\u00f3w przed monta\u017cem<\/p><\/li><li data-start=\"2642\" data-end=\"2670\"><p data-start=\"2644\" data-end=\"2670\">Kontrola procesu monta\u017cu<\/p><\/li><li data-start=\"2671\" data-end=\"2738\"><p data-start=\"2673\" data-end=\"2738\">Testy funkcjonalne kamery, o\u015bwietlenia i transmisji sygna\u0142u<\/p><\/li><li data-start=\"2739\" data-end=\"2789\"><p data-start=\"2741\" data-end=\"2789\">Kontrola ko\u0144cowa przed pakowaniem i wysy\u0142k\u0105<\/p><\/li><\/ul><p data-start=\"2791\" data-end=\"2859\">Naszym celem jest dostarczanie <strong data-start=\"2814\" data-end=\"2836\">powtarzalna jako\u015b\u0107<\/strong>, a nie jednorazowe pr\u00f3bki.<\/p>\t\t\t\t\t\t\t\t<\/div>\n\t\t\t\t<div class=\"elementor-element elementor-element-37f05f7 elementor-widget elementor-widget-text-editor\" data-id=\"37f05f7\" data-element_type=\"widget\" data-e-type=\"widget\" data-widget_type=\"text-editor.default\">\n\t\t\t\t\t\t\t\t\t\t\t<h5 data-start=\"2866\" data-end=\"2903\">Typowy przep\u0142yw pracy w produkcji OEM<\/h5><p data-start=\"2905\" data-end=\"2961\">Nasz proces produkcji OEM jest prosty i przejrzysty:<\/p><ol data-start=\"2963\" data-end=\"3140\"><li data-start=\"2963\" data-end=\"3002\"><p data-start=\"2966\" data-end=\"3002\">Potwierdzenie specyfikacji produktu<\/p><\/li><li data-start=\"3003\" data-end=\"3045\"><p data-start=\"3006\" data-end=\"3045\">Weryfikacja platformy i konfiguracji<\/p><\/li><li data-start=\"3046\" data-end=\"3082\"><p data-start=\"3049\" data-end=\"3082\">Przygotowanie i zatwierdzenie pr\u00f3bki<\/p><\/li><li data-start=\"3083\" data-end=\"3103\"><p data-start=\"3086\" data-end=\"3103\">Produkcja masowa<\/p><\/li><li data-start=\"3104\" data-end=\"3140\"><p data-start=\"3107\" data-end=\"3140\">Kontrola jako\u015bci i dostawa<\/p><\/li><\/ol><p data-start=\"3142\" data-end=\"3222\">Jasna komunikacja na ka\u017cdym etapie pomaga zachowa\u0107 zgodno\u015b\u0107 harmonogram\u00f3w i oczekiwa\u0144.<\/p>\t\t\t\t\t\t\t\t<\/div>\n\t\t\t\t<div class=\"elementor-element elementor-element-93411e1 elementor-widget elementor-widget-text-editor\" data-id=\"93411e1\" data-element_type=\"widget\" data-e-type=\"widget\" data-widget_type=\"text-editor.default\">\n\t\t\t\t\t\t\t\t\t\t\t<h5 data-start=\"3229\" data-end=\"3269\">Dla kogo nasza produkcja OEM jest najlepsza<\/h5><h6 data-start=\"3271\" data-end=\"3320\"><strong data-start=\"3271\" data-end=\"3320\">Produkcja OEM jest idealna dla klient\u00f3w, kt\u00f3rzy:<\/strong><\/h6><ul data-start=\"3321\" data-end=\"3511\"><li data-start=\"3321\" data-end=\"3368\"><p data-start=\"3323\" data-end=\"3368\">Zdefiniowane ju\u017c specyfikacje produktu<\/p><\/li><li data-start=\"3369\" data-end=\"3410\"><p data-start=\"3371\" data-end=\"3410\">Wymagaj\u0105 stabilnej, powtarzalnej produkcji<\/p><\/li><li data-start=\"3411\" data-end=\"3450\"><p data-start=\"3413\" data-end=\"3450\">Plan dostaw \u015brednio- i d\u0142ugoterminowych<\/p><\/li><li data-start=\"3451\" data-end=\"3511\"><p data-start=\"3453\" data-end=\"3511\">Niezawodno\u015b\u0107 produkcji i sp\u00f3jno\u015b\u0107 dostaw<\/p><\/li><\/ul><h6 data-start=\"3513\" data-end=\"3558\"><strong data-start=\"3513\" data-end=\"3558\">Produkcja OEM mo\u017ce nie by\u0107 odpowiednia, je\u015bli<\/strong><\/h6><ul data-start=\"3559\" data-end=\"3649\"><li data-start=\"3559\" data-end=\"3601\"><p data-start=\"3561\" data-end=\"3601\">Koncepcja produktu nie zosta\u0142a jeszcze zdefiniowana<\/p><\/li><li data-start=\"3602\" data-end=\"3649\"><p data-start=\"3604\" data-end=\"3649\">Wymagana jest szeroko zakrojona rozbudowa<\/p><\/li><\/ul><p data-start=\"3651\" data-end=\"3731\">Pozwala nam to skupi\u0107 si\u0119 na projektach, w kt\u00f3rych produkcja OEM wnosi najwi\u0119ksz\u0105 warto\u015b\u0107 dodan\u0105.<\/p>\t\t\t\t\t\t\t\t<\/div>\n\t\t\t\t<div class=\"elementor-element elementor-element-7857ffd elementor-widget elementor-widget-text-editor\" data-id=\"7857ffd\" data-element_type=\"widget\" data-e-type=\"widget\" data-widget_type=\"text-editor.default\">\n\t\t\t\t\t\t\t\t\t\t\t<h5 data-start=\"3738\" data-end=\"3788\">Dlaczego warto wybra\u0107 nas jako partnera produkcyjnego OEM<\/h5><ul data-start=\"3790\" data-end=\"4010\"><li data-start=\"3790\" data-end=\"3834\"><p data-start=\"3792\" data-end=\"3834\">Specjalizuje si\u0119 w systemach kamer podwodnych<\/p><\/li><li data-start=\"3835\" data-end=\"3869\"><p data-start=\"3837\" data-end=\"3869\">Sprawdzone platformy produkcyjne<\/p><\/li><li data-start=\"3870\" data-end=\"3918\"><p data-start=\"3872\" data-end=\"3918\">Stabilny \u0142a\u0144cuch dostaw i integracja monta\u017cu<\/p><\/li><li data-start=\"3919\" data-end=\"3976\"><p data-start=\"3921\" data-end=\"3976\">Wsparcie in\u017cynieryjne skoncentrowane na wykonalno\u015bci produkcji<\/p><\/li><li data-start=\"3977\" data-end=\"4010\"><p data-start=\"3979\" data-end=\"4010\">D\u0142ugoterminowe nastawienie na partnerstwo<\/p><\/li><\/ul><p data-start=\"4012\" data-end=\"4117\">Chcemy by\u0107 czym\u015b wi\u0119cej ni\u017c tylko dostawc\u0105 - pracujemy jako <strong data-start=\"4059\" data-end=\"4084\">partner produkcyjny<\/strong> wspieranie rozwoju firmy.<\/p>\t\t\t\t\t\t\t\t<\/div>\n\t\t\t\t\t<\/div>\n\t\t\t\t<\/div>\n\t\t\t\t<\/div>","protected":false},"excerpt":{"rendered":"<p>OEM Manufacturing for Underwater Camera Systems We provide OEM manufacturing services for customers who already have clear product specifications and [&hellip;]<\/p>\n","protected":false},"author":1,"featured_media":0,"parent":0,"menu_order":0,"comment_status":"closed","ping_status":"closed","template":"","meta":{"_acf_changed":false,"site-sidebar-layout":"no-sidebar","site-content-layout":"","ast-site-content-layout":"full-width-container","site-content-style":"default","site-sidebar-style":"default","ast-global-header-display":"","ast-banner-title-visibility":"disabled","ast-main-header-display":"","ast-hfb-above-header-display":"","ast-hfb-below-header-display":"","ast-hfb-mobile-header-display":"","site-post-title":"disabled","ast-breadcrumbs-content":"","ast-featured-img":"","footer-sml-layout":"","ast-disable-related-posts":"","theme-transparent-header-meta":"","adv-header-id-meta":"","stick-header-meta":"","header-above-stick-meta":"","header-main-stick-meta":"","header-below-stick-meta":"","astra-migrate-meta-layouts":"set","ast-page-background-enabled":"default","ast-page-background-meta":{"desktop":{"background-color":"var(--ast-global-color-4)","background-image":"","background-repeat":"repeat","background-position":"center center","background-size":"auto","background-attachment":"scroll","background-type":"","background-media":"","overlay-type":"","overlay-color":"","overlay-opacity":"","overlay-gradient":""},"tablet":{"background-color":"","background-image":"","background-repeat":"repeat","background-position":"center center","background-size":"auto","background-attachment":"scroll","background-type":"","background-media":"","overlay-type":"","overlay-color":"","overlay-opacity":"","overlay-gradient":""},"mobile":{"background-color":"","background-image":"","background-repeat":"repeat","background-position":"center center","background-size":"auto","background-attachment":"scroll","background-type":"","background-media":"","overlay-type":"","overlay-color":"","overlay-opacity":"","overlay-gradient":""}},"ast-content-background-meta":{"desktop":{"background-color":"var(--ast-global-color-5)","background-image":"","background-repeat":"repeat","background-position":"center center","background-size":"auto","background-attachment":"scroll","background-type":"","background-media":"","overlay-type":"","overlay-color":"","overlay-opacity":"","overlay-gradient":""},"tablet":{"background-color":"var(--ast-global-color-5)","background-image":"","background-repeat":"repeat","background-position":"center center","background-size":"auto","background-attachment":"scroll","background-type":"","background-media":"","overlay-type":"","overlay-color":"","overlay-opacity":"","overlay-gradient":""},"mobile":{"background-color":"var(--ast-global-color-5)","background-image":"","background-repeat":"repeat","background-position":"center center","background-size":"auto","background-attachment":"scroll","background-type":"","background-media":"","overlay-type":"","overlay-color":"","overlay-opacity":"","overlay-gradient":""}},"footnotes":""},"class_list":["post-2038","page","type-page","status-publish","hentry"],"acf":[],"_links":{"self":[{"href":"https:\/\/bestwillcams.com\/pl\/wp-json\/wp\/v2\/pages\/2038","targetHints":{"allow":["GET"]}}],"collection":[{"href":"https:\/\/bestwillcams.com\/pl\/wp-json\/wp\/v2\/pages"}],"about":[{"href":"https:\/\/bestwillcams.com\/pl\/wp-json\/wp\/v2\/types\/page"}],"author":[{"embeddable":true,"href":"https:\/\/bestwillcams.com\/pl\/wp-json\/wp\/v2\/users\/1"}],"replies":[{"embeddable":true,"href":"https:\/\/bestwillcams.com\/pl\/wp-json\/wp\/v2\/comments?post=2038"}],"version-history":[{"count":31,"href":"https:\/\/bestwillcams.com\/pl\/wp-json\/wp\/v2\/pages\/2038\/revisions"}],"predecessor-version":[{"id":2822,"href":"https:\/\/bestwillcams.com\/pl\/wp-json\/wp\/v2\/pages\/2038\/revisions\/2822"}],"wp:attachment":[{"href":"https:\/\/bestwillcams.com\/pl\/wp-json\/wp\/v2\/media?parent=2038"}],"curies":[{"name":"wp","href":"https:\/\/api.w.org\/{rel}","templated":true}]}}