{"id":2070,"date":"2026-01-02T10:38:46","date_gmt":"2026-01-02T02:38:46","guid":{"rendered":"https:\/\/bestwillcams.com\/?page_id=2070"},"modified":"2026-03-03T09:45:23","modified_gmt":"2026-03-03T01:45:23","slug":"private-label-custom-branding","status":"publish","type":"page","link":"https:\/\/bestwillcams.com\/pl\/private-label-custom-branding\/","title":{"rendered":"Marka w\u0142asna \/ marka niestandardowa"},"content":{"rendered":"<div data-elementor-type=\"wp-page\" data-elementor-id=\"2070\" class=\"elementor elementor-2070\" data-elementor-post-type=\"page\">\n\t\t\t\t<div class=\"elementor-element elementor-element-2cc62a3a e-flex e-con-boxed e-con e-parent\" data-id=\"2cc62a3a\" data-element_type=\"container\" data-e-type=\"container\" data-settings=\"{&quot;background_background&quot;:&quot;classic&quot;}\">\n\t\t\t\t\t<div class=\"e-con-inner\">\n\t\t\t\t<div class=\"elementor-element elementor-element-4bec1755 elementor-widget elementor-widget-heading\" data-id=\"4bec1755\" data-element_type=\"widget\" data-e-type=\"widget\" data-widget_type=\"heading.default\">\n\t\t\t\t\t\t\t<h1 class=\"elementor-heading-title elementor-size-default\">Marka w\u0142asna i niestandardowy branding dla kamer podwodnych<\/h1>\t\t\t\t<\/div>\n\t\t\t\t<div class=\"elementor-element elementor-element-69ace026 elementor-hidden-tablet elementor-hidden-mobile elementor-widget elementor-widget-text-editor\" data-id=\"69ace026\" data-element_type=\"widget\" data-e-type=\"widget\" data-widget_type=\"text-editor.default\">\n\t\t\t\t\t\t\t\t\t\t\t<p data-start=\"289\" data-end=\"447\">Oferujemy <strong data-start=\"298\" data-end=\"345\">Marki w\u0142asne i niestandardowe rozwi\u0105zania brandingowe<\/strong> Dla klient\u00f3w, kt\u00f3rzy chc\u0105 szybko wej\u015b\u0107 lub rozszerzy\u0107 rynek kamer podwodnych przy u\u017cyciu sprawdzonych produkt\u00f3w. <strong data-start=\"489\" data-end=\"527\">dojrza\u0142e platformy kamer podwodnych<\/strong>, umo\u017cliwiaj\u0105c partnerom wprowadzanie na rynek markowych produkt\u00f3w przy minimalnym ryzyku rozwoju i kr\u00f3tkim czasie realizacji.<\/p>\t\t\t\t\t\t\t\t<\/div>\n\t\t\t\t\t<\/div>\n\t\t\t\t<\/div>\n\t\t<div class=\"elementor-element elementor-element-5c794ac1 e-flex e-con-boxed e-con e-parent\" data-id=\"5c794ac1\" data-element_type=\"container\" data-e-type=\"container\">\n\t\t\t\t\t<div class=\"e-con-inner\">\n\t\t\t\t<div class=\"elementor-element elementor-element-22ea85 elementor-widget elementor-widget-text-editor\" data-id=\"22ea85\" data-element_type=\"widget\" data-e-type=\"widget\" data-widget_type=\"text-editor.default\">\n\t\t\t\t\t\t\t\t\t\t\t<h4 data-start=\"632\" data-end=\"674\">Co obejmuje nasza us\u0142uga marki w\u0142asnej<\/h4><p data-start=\"676\" data-end=\"754\">Marka w\u0142asna to <strong data-start=\"699\" data-end=\"728\">branding i wej\u015bcie na rynek<\/strong>, a nie rozw\u00f3j produktu.<\/p><p data-start=\"756\" data-end=\"787\">Nasze us\u0142ugi zazwyczaj obejmuj\u0105:<\/p><ul data-start=\"788\" data-end=\"970\"><li data-start=\"788\" data-end=\"827\"><p data-start=\"790\" data-end=\"827\">Aplikacja niestandardowego logo na produktach<\/p><\/li><li data-start=\"828\" data-end=\"869\"><p data-start=\"830\" data-end=\"869\">Projektowanie opakowa\u0144 i wsparcie w zakresie brandingu<\/p><\/li><li data-start=\"870\" data-end=\"914\"><p data-start=\"872\" data-end=\"914\">Etykietowanie i dostosowywanie dokumentacji<\/p><\/li><li data-start=\"915\" data-end=\"970\"><p data-start=\"917\" data-end=\"970\">Dostosowanie konfiguracji produktu do rynk\u00f3w docelowych<\/p><\/li><\/ul><p data-start=\"972\" data-end=\"1076\">Takie podej\u015bcie pozwala skupi\u0107 si\u0119 na sprzeda\u017cy i dystrybucji, podczas gdy my zajmujemy si\u0119 produkcj\u0105 i monta\u017cem.<\/p>\t\t\t\t\t\t\t\t<\/div>\n\t\t\t\t<div class=\"elementor-element elementor-element-1c66fbf3 elementor-widget__width-initial elementor-widget elementor-widget-image\" data-id=\"1c66fbf3\" data-element_type=\"widget\" data-e-type=\"widget\" data-widget_type=\"image.default\">\n\t\t\t\t\t\t\t\t\t\t\t\t\t\t\t\t\t<img fetchpriority=\"high\" decoding=\"async\" width=\"1200\" height=\"800\" src=\"https:\/\/bestwillcams.com\/wp-content\/uploads\/2026\/02\/custom-branding-solutions.webp\" class=\"attachment-full size-full wp-image-2660\" alt=\"\" srcset=\"https:\/\/bestwillcams.com\/wp-content\/uploads\/2026\/02\/custom-branding-solutions.webp 1200w, https:\/\/bestwillcams.com\/wp-content\/uploads\/2026\/02\/custom-branding-solutions-300x200.webp 300w, https:\/\/bestwillcams.com\/wp-content\/uploads\/2026\/02\/custom-branding-solutions-1024x683.webp 1024w, https:\/\/bestwillcams.com\/wp-content\/uploads\/2026\/02\/custom-branding-solutions-768x512.webp 768w\" sizes=\"(max-width: 1200px) 100vw, 1200px\" \/>\t\t\t\t\t\t\t\t\t\t\t\t\t\t\t<\/div>\n\t\t\t\t\t<\/div>\n\t\t\t\t<\/div>\n\t\t<div class=\"elementor-element elementor-element-4b96e56 e-flex e-con-boxed e-con e-parent\" data-id=\"4b96e56\" data-element_type=\"container\" data-e-type=\"container\">\n\t\t\t\t\t<div class=\"e-con-inner\">\n\t\t\t\t<div class=\"elementor-element elementor-element-6f231dad elementor-widget elementor-widget-text-editor\" data-id=\"6f231dad\" data-element_type=\"widget\" data-e-type=\"widget\" data-widget_type=\"text-editor.default\">\n\t\t\t\t\t\t\t\t\t\t\t<h5 data-start=\"1563\" data-end=\"1600\">Dlaczego warto wybra\u0107 rozwi\u0105zania marki w\u0142asnej<\/h5><p data-start=\"1602\" data-end=\"1677\">Marka w\u0142asna to najszybszy spos\u00f3b na zbudowanie lub rozszerzenie portfolio produkt\u00f3w.<\/p><p data-start=\"1679\" data-end=\"1700\">Kluczowe korzy\u015bci obejmuj\u0105:<\/p><ul data-start=\"1701\" data-end=\"1847\"><li data-start=\"1701\" data-end=\"1727\"><p data-start=\"1703\" data-end=\"1727\">Kr\u00f3tszy czas wprowadzenia na rynek<\/p><\/li><li data-start=\"1728\" data-end=\"1756\"><p data-start=\"1730\" data-end=\"1756\">Ni\u017csza inwestycja pocz\u0105tkowa<\/p><\/li><li data-start=\"1757\" data-end=\"1787\"><p data-start=\"1759\" data-end=\"1787\">Sprawdzona wydajno\u015b\u0107 produktu<\/p><\/li><li data-start=\"1788\" data-end=\"1820\"><p data-start=\"1790\" data-end=\"1820\">Skalowalna zdolno\u015b\u0107 produkcyjna<\/p><\/li><li data-start=\"1821\" data-end=\"1847\"><p data-start=\"1823\" data-end=\"1847\">Zmniejszone ryzyko techniczne<\/p><\/li><\/ul><p data-start=\"1849\" data-end=\"1923\">Model ten jest szeroko stosowany przez dystrybutor\u00f3w, sprzedawc\u00f3w detalicznych i marki regionalne.<\/p>\t\t\t\t\t\t\t\t<\/div>\n\t\t\t\t<div class=\"elementor-element elementor-element-588ddc1e elementor-widget elementor-widget-text-editor\" data-id=\"588ddc1e\" data-element_type=\"widget\" data-e-type=\"widget\" data-widget_type=\"text-editor.default\">\n\t\t\t\t\t\t\t\t\t\t\t<h5 data-start=\"1930\" data-end=\"1967\">Branding i personalizacja opakowa\u0144<\/h5><p data-start=\"1969\" data-end=\"2034\">Wspieramy personalizacj\u0119 marki, kt\u00f3ra pasuje do Twojej strategii rynkowej:<\/p><ul data-start=\"2036\" data-end=\"2247\"><li data-start=\"2036\" data-end=\"2088\"><p data-start=\"2038\" data-end=\"2088\">Umieszczenie logo na kamerze, monitorze i opakowaniu<\/p><\/li><li data-start=\"2089\" data-end=\"2149\"><p data-start=\"2091\" data-end=\"2149\">Indywidualny projekt opakowania oparty na to\u017csamo\u015bci marki<\/p><\/li><li data-start=\"2150\" data-end=\"2197\"><p data-start=\"2152\" data-end=\"2197\">W razie potrzeby wieloj\u0119zyczne etykiety i instrukcje obs\u0142ugi<\/p><\/li><li data-start=\"2198\" data-end=\"2247\"><p data-start=\"2200\" data-end=\"2247\">Sp\u00f3jno\u015b\u0107 wygl\u0105du produktu we wszystkich partiach<\/p><\/li><\/ul><p data-start=\"2249\" data-end=\"2333\">Wszystkie elementy brandingu s\u0105 weryfikowane w celu zapewnienia wykonalno\u015bci i sp\u00f3jno\u015bci produkcji.<\/p>\t\t\t\t\t\t\t\t<\/div>\n\t\t\t\t<div class=\"elementor-element elementor-element-469db73d elementor-widget elementor-widget-text-editor\" data-id=\"469db73d\" data-element_type=\"widget\" data-e-type=\"widget\" data-widget_type=\"text-editor.default\">\n\t\t\t\t\t\t\t\t\t\t\t<h5 data-start=\"2340\" data-end=\"2375\">Jako\u015b\u0107 i sp\u00f3jno\u015b\u0107 produkcji<\/h5><p data-start=\"2377\" data-end=\"2447\">Nawet w przypadku projekt\u00f3w realizowanych pod markami w\u0142asnymi sp\u00f3jno\u015b\u0107 jako\u015bci ma kluczowe znaczenie.<\/p><p data-start=\"2449\" data-end=\"2509\">Stosujemy te same standardy produkcji, co w przypadku produkcji OEM:<\/p><ul data-start=\"2510\" data-end=\"2645\"><li data-start=\"2510\" data-end=\"2546\"><p data-start=\"2512\" data-end=\"2546\">Standaryzowane procedury monta\u017cu<\/p><\/li><li data-start=\"2547\" data-end=\"2585\"><p data-start=\"2549\" data-end=\"2585\">Testy funkcjonalne przed wysy\u0142k\u0105<\/p><\/li><li data-start=\"2586\" data-end=\"2616\"><p data-start=\"2588\" data-end=\"2616\">Kontrole jako\u015bci na poziomie partii<\/p><\/li><li data-start=\"2617\" data-end=\"2645\"><p data-start=\"2619\" data-end=\"2645\">Stabilne pozyskiwanie materia\u0142\u00f3w<\/p><\/li><\/ul><p data-start=\"2647\" data-end=\"2723\">Dzi\u0119ki temu markowe produkty pozostaj\u0105 sp\u00f3jne we wszystkich dostawach.<\/p>\t\t\t\t\t\t\t\t<\/div>\n\t\t\t\t<div class=\"elementor-element elementor-element-2b387c3 elementor-widget elementor-widget-text-editor\" data-id=\"2b387c3\" data-element_type=\"widget\" data-e-type=\"widget\" data-widget_type=\"text-editor.default\">\n\t\t\t\t\t\t\t\t\t\t\t<h5 data-start=\"2730\" data-end=\"2774\">Dla kogo nasza us\u0142uga marki w\u0142asnej jest najlepsza<\/h5><p data-start=\"2776\" data-end=\"2807\"><strong data-start=\"2776\" data-end=\"2807\">Private Label jest idealny dla:<\/strong><\/p><ul data-start=\"2808\" data-end=\"2993\"><li data-start=\"2808\" data-end=\"2862\"><p data-start=\"2810\" data-end=\"2862\">W\u0142a\u015bciciele marek wchodz\u0105cy na rynek kamer podwodnych<\/p><\/li><li data-start=\"2863\" data-end=\"2909\"><p data-start=\"2865\" data-end=\"2909\">Dystrybutorzy rozszerzaj\u0105cy swoje linie produkt\u00f3w<\/p><\/li><li data-start=\"2910\" data-end=\"2946\"><p data-start=\"2912\" data-end=\"2946\">Sprzedawcy detaliczni i sprzedawcy e-commerce<\/p><\/li><li data-start=\"2947\" data-end=\"2993\"><p data-start=\"2949\" data-end=\"2993\">Klienci poszukuj\u0105cy szybkich i niezawodnych dostaw<\/p><\/li><\/ul><p data-start=\"2995\" data-end=\"3037\"><strong data-start=\"2995\" data-end=\"3037\">Private Label mo\u017ce nie by\u0107 odpowiedni dla:<\/strong><\/p><ul data-start=\"3038\" data-end=\"3134\"><li data-start=\"3038\" data-end=\"3088\"><p data-start=\"3040\" data-end=\"3088\">Klienci wymagaj\u0105cy gruntownego przeprojektowania produktu<\/p><\/li><li data-start=\"3089\" data-end=\"3134\"><p data-start=\"3091\" data-end=\"3134\">Projekty skupiaj\u0105ce si\u0119 na funkcjach eksperymentalnych<\/p><\/li><\/ul>\t\t\t\t\t\t\t\t<\/div>\n\t\t\t\t<div class=\"elementor-element elementor-element-110d98e4 elementor-widget elementor-widget-text-editor\" data-id=\"110d98e4\" data-element_type=\"widget\" data-e-type=\"widget\" data-widget_type=\"text-editor.default\">\n\t\t\t\t\t\t\t\t\t\t\t<h5 data-start=\"3141\" data-end=\"3190\">Dlaczego warto wsp\u00f3\u0142pracowa\u0107 z nami jako partnerem w zakresie marek w\u0142asnych?<\/h5><ul data-start=\"3192\" data-end=\"3397\"><li data-start=\"3192\" data-end=\"3230\"><p data-start=\"3194\" data-end=\"3230\">Sprawdzone platformy kamer podwodnych<\/p><\/li><li data-start=\"3231\" data-end=\"3279\"><p data-start=\"3233\" data-end=\"3279\">Efektywna integracja marki i opakowania<\/p><\/li><li data-start=\"3280\" data-end=\"3309\"><p data-start=\"3282\" data-end=\"3309\">Elastyczne ilo\u015bci zam\u00f3wie\u0144<\/p><\/li><li data-start=\"3310\" data-end=\"3357\"><p data-start=\"3312\" data-end=\"3357\">Stabilny \u0142a\u0144cuch dostaw i mo\u017cliwo\u015bci dostaw<\/p><\/li><li data-start=\"3358\" data-end=\"3397\"><p data-start=\"3360\" data-end=\"3397\">Do\u015bwiadczenie we wspieraniu globalnych marek<\/p><\/li><\/ul><p data-start=\"3399\" data-end=\"3473\">Pomagamy naszym partnerom skupi\u0107 si\u0119 na rozwoju, podczas gdy my zajmujemy si\u0119 produkcj\u0105.<\/p>\t\t\t\t\t\t\t\t<\/div>\n\t\t\t\t\t<\/div>\n\t\t\t\t<\/div>\n\t\t\t\t<\/div>","protected":false},"excerpt":{"rendered":"<p>Private Label &amp; Custom Branding for Underwater Camera We offer private label and custom branding solutions for customers who want [&hellip;]<\/p>\n","protected":false},"author":1,"featured_media":0,"parent":0,"menu_order":0,"comment_status":"closed","ping_status":"closed","template":"","meta":{"_acf_changed":false,"site-sidebar-layout":"no-sidebar","site-content-layout":"page-builder","ast-site-content-layout":"full-width-container","site-content-style":"default","site-sidebar-style":"default","ast-global-header-display":"","ast-banner-title-visibility":"","ast-main-header-display":"","ast-hfb-above-header-display":"","ast-hfb-below-header-display":"","ast-hfb-mobile-header-display":"","site-post-title":"disabled","ast-breadcrumbs-content":"","ast-featured-img":"disabled","footer-sml-layout":"","ast-disable-related-posts":"","theme-transparent-header-meta":"","adv-header-id-meta":"","stick-header-meta":"","header-above-stick-meta":"","header-main-stick-meta":"","header-below-stick-meta":"","astra-migrate-meta-layouts":"set","ast-page-background-enabled":"default","ast-page-background-meta":{"desktop":{"background-color":"var(--ast-global-color-4)","background-image":"","background-repeat":"repeat","background-position":"center center","background-size":"auto","background-attachment":"scroll","background-type":"","background-media":"","overlay-type":"","overlay-color":"","overlay-opacity":"","overlay-gradient":""},"tablet":{"background-color":"","background-image":"","background-repeat":"repeat","background-position":"center center","background-size":"auto","background-attachment":"scroll","background-type":"","background-media":"","overlay-type":"","overlay-color":"","overlay-opacity":"","overlay-gradient":""},"mobile":{"background-color":"","background-image":"","background-repeat":"repeat","background-position":"center center","background-size":"auto","background-attachment":"scroll","background-type":"","background-media":"","overlay-type":"","overlay-color":"","overlay-opacity":"","overlay-gradient":""}},"ast-content-background-meta":{"desktop":{"background-color":"var(--ast-global-color-5)","background-image":"","background-repeat":"repeat","background-position":"center center","background-size":"auto","background-attachment":"scroll","background-type":"","background-media":"","overlay-type":"","overlay-color":"","overlay-opacity":"","overlay-gradient":""},"tablet":{"background-color":"var(--ast-global-color-5)","background-image":"","background-repeat":"repeat","background-position":"center center","background-size":"auto","background-attachment":"scroll","background-type":"","background-media":"","overlay-type":"","overlay-color":"","overlay-opacity":"","overlay-gradient":""},"mobile":{"background-color":"var(--ast-global-color-5)","background-image":"","background-repeat":"repeat","background-position":"center center","background-size":"auto","background-attachment":"scroll","background-type":"","background-media":"","overlay-type":"","overlay-color":"","overlay-opacity":"","overlay-gradient":""}},"footnotes":""},"class_list":["post-2070","page","type-page","status-publish","hentry"],"acf":[],"_links":{"self":[{"href":"https:\/\/bestwillcams.com\/pl\/wp-json\/wp\/v2\/pages\/2070","targetHints":{"allow":["GET"]}}],"collection":[{"href":"https:\/\/bestwillcams.com\/pl\/wp-json\/wp\/v2\/pages"}],"about":[{"href":"https:\/\/bestwillcams.com\/pl\/wp-json\/wp\/v2\/types\/page"}],"author":[{"embeddable":true,"href":"https:\/\/bestwillcams.com\/pl\/wp-json\/wp\/v2\/users\/1"}],"replies":[{"embeddable":true,"href":"https:\/\/bestwillcams.com\/pl\/wp-json\/wp\/v2\/comments?post=2070"}],"version-history":[{"count":19,"href":"https:\/\/bestwillcams.com\/pl\/wp-json\/wp\/v2\/pages\/2070\/revisions"}],"predecessor-version":[{"id":2825,"href":"https:\/\/bestwillcams.com\/pl\/wp-json\/wp\/v2\/pages\/2070\/revisions\/2825"}],"wp:attachment":[{"href":"https:\/\/bestwillcams.com\/pl\/wp-json\/wp\/v2\/media?parent=2070"}],"curies":[{"name":"wp","href":"https:\/\/api.w.org\/{rel}","templated":true}]}}