{"id":2114,"date":"2026-01-02T17:27:36","date_gmt":"2026-01-02T09:27:36","guid":{"rendered":"https:\/\/bestwillcams.com\/?page_id=2114"},"modified":"2026-03-03T09:48:04","modified_gmt":"2026-03-03T01:48:04","slug":"project-support","status":"publish","type":"page","link":"https:\/\/bestwillcams.com\/pl\/project-support\/","title":{"rendered":"Wsparcie projektu"},"content":{"rendered":"<div data-elementor-type=\"wp-page\" data-elementor-id=\"2114\" class=\"elementor elementor-2114\" data-elementor-post-type=\"page\">\n\t\t\t\t<div class=\"elementor-element elementor-element-66ca47ee e-flex e-con-boxed e-con e-parent\" data-id=\"66ca47ee\" data-element_type=\"container\" data-e-type=\"container\" data-settings=\"{&quot;background_background&quot;:&quot;classic&quot;}\">\n\t\t\t\t\t<div class=\"e-con-inner\">\n\t\t\t\t<div class=\"elementor-element elementor-element-222b0216 elementor-widget elementor-widget-heading\" data-id=\"222b0216\" data-element_type=\"widget\" data-e-type=\"widget\" data-widget_type=\"heading.default\">\n\t\t\t\t\t\t\t<h2 class=\"elementor-heading-title elementor-size-default\">Koordynacja projekt\u00f3w po stronie produkcji<\/h2>\t\t\t\t<\/div>\n\t\t\t\t<div class=\"elementor-element elementor-element-3f61d319 elementor-hidden-tablet elementor-hidden-mobile elementor-widget elementor-widget-text-editor\" data-id=\"3f61d319\" data-element_type=\"widget\" data-e-type=\"widget\" data-widget_type=\"text-editor.default\">\n\t\t\t\t\t\t\t\t\t\t\t<p data-start=\"714\" data-end=\"836\">Nasze wsparcie projektowe koncentruje si\u0119 na <strong data-start=\"745\" data-end=\"772\">realizacja produkcji<\/strong>, \u015aci\u015ble wsp\u00f3\u0142pracujemy z partnerami OEM i private label w celu zarz\u0105dzania pr\u00f3bkami, poprawkami, gotowo\u015bci\u0105 produkcyjn\u0105 i dostosowaniem dostaw - zapewniaj\u0105c post\u0119p ka\u017cdego projektu w kontrolowany i przewidywalny spos\u00f3b.<\/p>\t\t\t\t\t\t\t\t<\/div>\n\t\t\t\t\t<\/div>\n\t\t\t\t<\/div>\n\t\t<div class=\"elementor-element elementor-element-34b86e66 e-flex e-con-boxed e-con e-parent\" data-id=\"34b86e66\" data-element_type=\"container\" data-e-type=\"container\">\n\t\t\t\t\t<div class=\"e-con-inner\">\n\t\t\t\t<div class=\"elementor-element elementor-element-2ea31d4b elementor-widget elementor-widget-text-editor\" data-id=\"2ea31d4b\" data-element_type=\"widget\" data-e-type=\"widget\" data-widget_type=\"text-editor.default\">\n\t\t\t\t\t\t\t\t\t\t\t<h4>Wsparcie projektu podczas realizacji produkcji<\/h4><ol><li>Wsparcie w zakresie pr\u00f3bkowania i oceny - od wymaga\u0144 do zweryfikowanej pr\u00f3bki<\/li><li>Koordynacja personalizacji Wsparcie personalizacji na poziomie produkcji<\/li><li>Przygotowanie do stabilnej produkcji<\/li><li>Koordynacja dostaw i dzia\u0142a\u0144 poprodukcyjnych Ci\u0105g\u0142o\u015b\u0107 projektu po wysy\u0142ce<\/li><\/ol>\t\t\t\t\t\t\t\t<\/div>\n\t\t\t\t<div class=\"elementor-element elementor-element-1c51a055 elementor-widget__width-initial elementor-widget elementor-widget-image\" data-id=\"1c51a055\" data-element_type=\"widget\" data-e-type=\"widget\" data-widget_type=\"image.default\">\n\t\t\t\t\t\t\t\t\t\t\t\t\t\t\t\t\t<img fetchpriority=\"high\" decoding=\"async\" width=\"1200\" height=\"800\" src=\"https:\/\/bestwillcams.com\/wp-content\/uploads\/2026\/02\/Manufacturing-level-Customization-Support.webp\" class=\"attachment-full size-full wp-image-2665\" alt=\"\" srcset=\"https:\/\/bestwillcams.com\/wp-content\/uploads\/2026\/02\/Manufacturing-level-Customization-Support.webp 1200w, https:\/\/bestwillcams.com\/wp-content\/uploads\/2026\/02\/Manufacturing-level-Customization-Support-300x200.webp 300w, https:\/\/bestwillcams.com\/wp-content\/uploads\/2026\/02\/Manufacturing-level-Customization-Support-1024x683.webp 1024w, https:\/\/bestwillcams.com\/wp-content\/uploads\/2026\/02\/Manufacturing-level-Customization-Support-768x512.webp 768w\" sizes=\"(max-width: 1200px) 100vw, 1200px\" \/>\t\t\t\t\t\t\t\t\t\t\t\t\t\t\t<\/div>\n\t\t\t\t\t<\/div>\n\t\t\t\t<\/div>\n\t\t<div class=\"elementor-element elementor-element-86c8e68 e-flex e-con-boxed e-con e-parent\" data-id=\"86c8e68\" data-element_type=\"container\" data-e-type=\"container\">\n\t\t\t\t\t<div class=\"e-con-inner\">\n\t\t\t\t<div class=\"elementor-element elementor-element-53c6ea7c elementor-widget elementor-widget-text-editor\" data-id=\"53c6ea7c\" data-element_type=\"widget\" data-e-type=\"widget\" data-widget_type=\"text-editor.default\">\n\t\t\t\t\t\t\t\t\t\t\t<h5 data-start=\"1328\" data-end=\"1370\">Jak wsp\u00f3\u0142pracujemy z partnerami OEM<\/h5><ul><li data-start=\"2247\" data-end=\"2301\"><p data-start=\"2249\" data-end=\"2301\">Jasny podzia\u0142 odpowiedzialno\u015bci za projekt i kana\u0142y komunikacji<\/p><\/li><li data-start=\"2302\" data-end=\"2356\"><p data-start=\"2304\" data-end=\"2356\">\u015aledzenie wsadowe zamiast fragmentarycznych aktualizacji<\/p><\/li><li data-start=\"2357\" data-end=\"2398\"><p data-start=\"2359\" data-end=\"2398\">Podejmowanie decyzji zorientowanych na produkcj\u0119<\/p><\/li><li data-start=\"2399\" data-end=\"2450\"><p data-start=\"2401\" data-end=\"2450\">Praktyczne harmonogramy oparte na realiach produkcyjnych<\/p><\/li><\/ul>\t\t\t\t\t\t\t\t<\/div>\n\t\t\t\t<div class=\"elementor-element elementor-element-27b20a38 elementor-widget elementor-widget-text-editor\" data-id=\"27b20a38\" data-element_type=\"widget\" data-e-type=\"widget\" data-widget_type=\"text-editor.default\">\n\t\t\t\t\t\t\t\t\t\t\t<h5 data-start=\"1881\" data-end=\"1925\">Co to oznacza dla naszych partner\u00f3w<\/h5><ul><li data-start=\"2558\" data-end=\"2613\"><p data-start=\"2560\" data-end=\"2613\">Mniej op\u00f3\u017anie\u0144 projekt\u00f3w spowodowanych niejasn\u0105 koordynacj\u0105<\/p><\/li><li data-start=\"2614\" data-end=\"2669\"><p data-start=\"2616\" data-end=\"2669\">Skr\u00f3cone cykle weryfikacji dzi\u0119ki ustrukturyzowanemu pr\u00f3bkowaniu<\/p><\/li><li data-start=\"2670\" data-end=\"2723\"><p data-start=\"2672\" data-end=\"2723\">Bardziej przewidywalne planowanie produkcji i dostaw<\/p><\/li><li data-start=\"2724\" data-end=\"2769\"><p data-start=\"2726\" data-end=\"2769\">Lepsza sp\u00f3jno\u015b\u0107 powtarzaj\u0105cych si\u0119 zam\u00f3wie\u0144<\/p><\/li><\/ul>\t\t\t\t\t\t\t\t<\/div>\n\t\t\t\t<div class=\"elementor-element elementor-element-3c342ec elementor-widget elementor-widget-text-editor\" data-id=\"3c342ec\" data-element_type=\"widget\" data-e-type=\"widget\" data-widget_type=\"text-editor.default\">\n\t\t\t\t\t\t\t\t\t\t\t<h5 data-start=\"1881\" data-end=\"1925\"><em>Powi\u0105zane obszary wsparcia<\/em><\/h5><p data-start=\"2861\" data-end=\"2891\"><em>Wsparcie w zakresie jako\u015bci i zgodno\u015bci<\/em><\/p><p data-start=\"2894\" data-end=\"2924\"><em>Logistyka i wsparcie dostaw<\/em><\/p><p data-start=\"2927\" data-end=\"2957\"><em>Wsparcie posprzeda\u017cowe i naprawcze<\/em><\/p>\t\t\t\t\t\t\t\t<\/div>\n\t\t\t\t\t<\/div>\n\t\t\t\t<\/div>\n\t\t\t\t<\/div>","protected":false},"excerpt":{"rendered":"<p>Manufacturing-side Project Coordination Our project support focuses on manufacturing execution, not product concept design or end-user application consulting.We work closely [&hellip;]<\/p>\n","protected":false},"author":1,"featured_media":0,"parent":0,"menu_order":0,"comment_status":"closed","ping_status":"closed","template":"","meta":{"_acf_changed":false,"site-sidebar-layout":"no-sidebar","site-content-layout":"page-builder","ast-site-content-layout":"full-width-container","site-content-style":"default","site-sidebar-style":"default","ast-global-header-display":"","ast-banner-title-visibility":"","ast-main-header-display":"","ast-hfb-above-header-display":"","ast-hfb-below-header-display":"","ast-hfb-mobile-header-display":"","site-post-title":"disabled","ast-breadcrumbs-content":"","ast-featured-img":"disabled","footer-sml-layout":"","ast-disable-related-posts":"","theme-transparent-header-meta":"","adv-header-id-meta":"","stick-header-meta":"","header-above-stick-meta":"","header-main-stick-meta":"","header-below-stick-meta":"","astra-migrate-meta-layouts":"set","ast-page-background-enabled":"default","ast-page-background-meta":{"desktop":{"background-color":"var(--ast-global-color-4)","background-image":"","background-repeat":"repeat","background-position":"center center","background-size":"auto","background-attachment":"scroll","background-type":"","background-media":"","overlay-type":"","overlay-color":"","overlay-opacity":"","overlay-gradient":""},"tablet":{"background-color":"","background-image":"","background-repeat":"repeat","background-position":"center center","background-size":"auto","background-attachment":"scroll","background-type":"","background-media":"","overlay-type":"","overlay-color":"","overlay-opacity":"","overlay-gradient":""},"mobile":{"background-color":"","background-image":"","background-repeat":"repeat","background-position":"center center","background-size":"auto","background-attachment":"scroll","background-type":"","background-media":"","overlay-type":"","overlay-color":"","overlay-opacity":"","overlay-gradient":""}},"ast-content-background-meta":{"desktop":{"background-color":"var(--ast-global-color-5)","background-image":"","background-repeat":"repeat","background-position":"center center","background-size":"auto","background-attachment":"scroll","background-type":"","background-media":"","overlay-type":"","overlay-color":"","overlay-opacity":"","overlay-gradient":""},"tablet":{"background-color":"var(--ast-global-color-5)","background-image":"","background-repeat":"repeat","background-position":"center center","background-size":"auto","background-attachment":"scroll","background-type":"","background-media":"","overlay-type":"","overlay-color":"","overlay-opacity":"","overlay-gradient":""},"mobile":{"background-color":"var(--ast-global-color-5)","background-image":"","background-repeat":"repeat","background-position":"center center","background-size":"auto","background-attachment":"scroll","background-type":"","background-media":"","overlay-type":"","overlay-color":"","overlay-opacity":"","overlay-gradient":""}},"footnotes":""},"class_list":["post-2114","page","type-page","status-publish","hentry"],"acf":[],"_links":{"self":[{"href":"https:\/\/bestwillcams.com\/pl\/wp-json\/wp\/v2\/pages\/2114","targetHints":{"allow":["GET"]}}],"collection":[{"href":"https:\/\/bestwillcams.com\/pl\/wp-json\/wp\/v2\/pages"}],"about":[{"href":"https:\/\/bestwillcams.com\/pl\/wp-json\/wp\/v2\/types\/page"}],"author":[{"embeddable":true,"href":"https:\/\/bestwillcams.com\/pl\/wp-json\/wp\/v2\/users\/1"}],"replies":[{"embeddable":true,"href":"https:\/\/bestwillcams.com\/pl\/wp-json\/wp\/v2\/comments?post=2114"}],"version-history":[{"count":22,"href":"https:\/\/bestwillcams.com\/pl\/wp-json\/wp\/v2\/pages\/2114\/revisions"}],"predecessor-version":[{"id":2828,"href":"https:\/\/bestwillcams.com\/pl\/wp-json\/wp\/v2\/pages\/2114\/revisions\/2828"}],"wp:attachment":[{"href":"https:\/\/bestwillcams.com\/pl\/wp-json\/wp\/v2\/media?parent=2114"}],"curies":[{"name":"wp","href":"https:\/\/api.w.org\/{rel}","templated":true}]}}