{"id":2123,"date":"2026-01-03T10:25:57","date_gmt":"2026-01-03T02:25:57","guid":{"rendered":"https:\/\/bestwillcams.com\/?page_id=2123"},"modified":"2026-03-03T09:50:40","modified_gmt":"2026-03-03T01:50:40","slug":"quality-compliance","status":"publish","type":"page","link":"https:\/\/bestwillcams.com\/pl\/quality-compliance\/","title":{"rendered":"Jako\u015b\u0107 i zgodno\u015b\u0107"},"content":{"rendered":"<div data-elementor-type=\"wp-page\" data-elementor-id=\"2123\" class=\"elementor elementor-2123\" data-elementor-post-type=\"page\">\n\t\t\t\t<div class=\"elementor-element elementor-element-6f5c90da e-flex e-con-boxed e-con e-parent\" data-id=\"6f5c90da\" data-element_type=\"container\" data-e-type=\"container\" data-settings=\"{&quot;background_background&quot;:&quot;classic&quot;}\">\n\t\t\t\t\t<div class=\"e-con-inner\">\n\t\t\t\t<div class=\"elementor-element elementor-element-613ffbce elementor-widget elementor-widget-heading\" data-id=\"613ffbce\" data-element_type=\"widget\" data-e-type=\"widget\" data-widget_type=\"heading.default\">\n\t\t\t\t\t\t\t<h2 class=\"elementor-heading-title elementor-size-default\">Jako\u015b\u0107, kt\u00f3r\u0105 mo\u017cna skontrolowa\u0107. Zgodno\u015b\u0107, na kt\u00f3rej mo\u017cna polega\u0107<\/h2>\t\t\t\t<\/div>\n\t\t\t\t<div class=\"elementor-element elementor-element-3c174bbc elementor-hidden-tablet elementor-hidden-mobile elementor-widget elementor-widget-text-editor\" data-id=\"3c174bbc\" data-element_type=\"widget\" data-e-type=\"widget\" data-widget_type=\"text-editor.default\">\n\t\t\t\t\t\t\t\t\t\t\t<p>Integrujemy kontrol\u0119 jako\u015bci i zgodno\u015b\u0107 z przepisami na ka\u017cdym etapie produkcji.<br data-start=\"497\" data-end=\"500\" \/>dzi\u0119ki czemu nasi partnerzy mog\u0105 bez obaw skalowa\u0107 dzia\u0142alno\u015b\u0107 na rynkach globalnych.<\/p>\t\t\t\t\t\t\t\t<\/div>\n\t\t\t\t\t<\/div>\n\t\t\t\t<\/div>\n\t\t<div class=\"elementor-element elementor-element-37e594d3 e-flex e-con-boxed e-con e-parent\" data-id=\"37e594d3\" data-element_type=\"container\" data-e-type=\"container\">\n\t\t\t\t\t<div class=\"e-con-inner\">\n\t\t\t\t<div class=\"elementor-element elementor-element-496e0ad8 elementor-widget elementor-widget-text-editor\" data-id=\"496e0ad8\" data-element_type=\"widget\" data-e-type=\"widget\" data-widget_type=\"text-editor.default\">\n\t\t\t\t\t\t\t\t\t\t\t<p>Nasz system jako\u015bci zosta\u0142 stworzony w celu wspierania d\u0142ugoterminowych partnerstw B2B, a nie jednorazowych wysy\u0142ek. Od pozyskiwania komponent\u00f3w po kontrol\u0119 ko\u0144cow\u0105, ka\u017cdy proces przebiega zgodnie ze znormalizowanymi procedurami, udokumentowanymi zapisami i identyfikowalnymi punktami kontrolnymi.<\/p><p>Opr\u00f3cz wydajno\u015bci produkt\u00f3w, aktywnie wspieramy mi\u0119dzynarodowe wymogi zgodno\u015bci - umo\u017cliwiaj\u0105c naszym klientom skuteczne spe\u0142nianie standard\u00f3w dost\u0119pu do rynku przy jednoczesnym minimalizowaniu ryzyka regulacyjnego.<\/p>\t\t\t\t\t\t\t\t<\/div>\n\t\t\t\t<div class=\"elementor-element elementor-element-59c8b056 elementor-widget__width-initial elementor-widget elementor-widget-image\" data-id=\"59c8b056\" data-element_type=\"widget\" data-e-type=\"widget\" data-widget_type=\"image.default\">\n\t\t\t\t\t\t\t\t\t\t\t\t\t\t\t\t\t<img fetchpriority=\"high\" decoding=\"async\" width=\"1200\" height=\"800\" src=\"https:\/\/bestwillcams.com\/wp-content\/uploads\/2026\/02\/quality-control.webp\" class=\"attachment-full size-full wp-image-2669\" alt=\"\" srcset=\"https:\/\/bestwillcams.com\/wp-content\/uploads\/2026\/02\/quality-control.webp 1200w, https:\/\/bestwillcams.com\/wp-content\/uploads\/2026\/02\/quality-control-300x200.webp 300w, https:\/\/bestwillcams.com\/wp-content\/uploads\/2026\/02\/quality-control-1024x683.webp 1024w, https:\/\/bestwillcams.com\/wp-content\/uploads\/2026\/02\/quality-control-768x512.webp 768w\" sizes=\"(max-width: 1200px) 100vw, 1200px\" \/>\t\t\t\t\t\t\t\t\t\t\t\t\t\t\t<\/div>\n\t\t\t\t\t<\/div>\n\t\t\t\t<\/div>\n\t\t<div class=\"elementor-element elementor-element-77432604 e-flex e-con-boxed e-con e-parent\" data-id=\"77432604\" data-element_type=\"container\" data-e-type=\"container\">\n\t\t\t\t\t<div class=\"e-con-inner\">\n\t\t\t\t<div class=\"elementor-element elementor-element-3b4970a6 elementor-widget elementor-widget-text-editor\" data-id=\"3b4970a6\" data-element_type=\"widget\" data-e-type=\"widget\" data-widget_type=\"text-editor.default\">\n\t\t\t\t\t\t\t\t\t\t\t<h5 data-start=\"1328\" data-end=\"1370\">Zorganizowane zarz\u0105dzanie jako\u015bci\u0105<\/h5><ul><li data-start=\"1386\" data-end=\"1431\"><p data-start=\"1388\" data-end=\"1431\">Standaryzowana kontrola materia\u0142\u00f3w przychodz\u0105cych<\/p><\/li><li data-start=\"1432\" data-end=\"1487\"><p data-start=\"1434\" data-end=\"1487\">Kontrola jako\u015bci w trakcie procesu na kluczowych etapach produkcji<\/p><\/li><li data-start=\"1488\" data-end=\"1544\"><p data-start=\"1490\" data-end=\"1544\">Ko\u0144cowa kontrola funkcjonalna i wizualna przed wysy\u0142k\u0105<\/p><\/li><li data-start=\"1545\" data-end=\"1593\"><p data-start=\"1547\" data-end=\"1593\">Identyfikowalno\u015b\u0107 na poziomie partii i rejestry jako\u015bci<\/p><\/li><\/ul>\t\t\t\t\t\t\t\t<\/div>\n\t\t\t\t<div class=\"elementor-element elementor-element-341b7682 elementor-widget elementor-widget-text-editor\" data-id=\"341b7682\" data-element_type=\"widget\" data-e-type=\"widget\" data-widget_type=\"text-editor.default\">\n\t\t\t\t\t\t\t\t\t\t\t<h5 data-start=\"1881\" data-end=\"1925\">Globalna zgodno\u015b\u0107 i gotowo\u015b\u0107 do certyfikacji<\/h5><p data-start=\"1819\" data-end=\"1926\">Wspieramy klient\u00f3w w spe\u0142nianiu wsp\u00f3lnych mi\u0119dzynarodowych wymog\u00f3w zgodno\u015bci, w tym mi\u0119dzy innymi:<\/p><ul data-start=\"1928\" data-end=\"2102\"><li data-start=\"1928\" data-end=\"1955\"><p data-start=\"1930\" data-end=\"1955\">CE \/ FCC \/ RoHS \/ REACH<\/p><\/li><li data-start=\"1956\" data-end=\"2006\"><p data-start=\"1958\" data-end=\"2006\">Raporty i dokumentacja z test\u00f3w zwi\u0105zanych z produktem<\/p><\/li><li data-start=\"2007\" data-end=\"2059\"><p data-start=\"2009\" data-end=\"2059\">Koordynacja certyfikacji z zewn\u0119trznymi laboratoriami<\/p><\/li><li data-start=\"2060\" data-end=\"2102\"><p data-start=\"2062\" data-end=\"2102\">Przygotowanie do zapewnienia zgodno\u015bci z przepisami dla danego rynku<\/p><\/li><\/ul>\t\t\t\t\t\t\t\t<\/div>\n\t\t\t\t<div class=\"elementor-element elementor-element-4c02f206 elementor-widget elementor-widget-text-editor\" data-id=\"4c02f206\" data-element_type=\"widget\" data-e-type=\"widget\" data-widget_type=\"text-editor.default\">\n\t\t\t\t\t\t\t\t\t\t\t<h5 data-start=\"2405\" data-end=\"2448\">Przejrzysto\u015b\u0107 audytu i jako\u015bci<\/h5><p data-start=\"2450\" data-end=\"2495\">Gotowe do audytu i przejrzyste procesy<\/p><ul><li data-start=\"2367\" data-end=\"2415\"><p data-start=\"2369\" data-end=\"2415\">Obs\u0142uga audyt\u00f3w fabrycznych (na miejscu lub zdalnie)<\/p><\/li><li data-start=\"2416\" data-end=\"2464\"><p data-start=\"2418\" data-end=\"2464\">Dokumentacja jako\u015bci dost\u0119pna na \u017c\u0105danie<\/p><\/li><li data-start=\"2465\" data-end=\"2518\"><p data-start=\"2467\" data-end=\"2518\">Ci\u0105g\u0142e doskonalenie w oparciu o opinie klient\u00f3w<\/p><\/li><\/ul>\t\t\t\t\t\t\t\t<\/div>\n\t\t\t\t<div class=\"elementor-element elementor-element-595ca80b elementor-widget elementor-widget-text-editor\" data-id=\"595ca80b\" data-element_type=\"widget\" data-e-type=\"widget\" data-widget_type=\"text-editor.default\">\n\t\t\t\t\t\t\t\t\t\t\t<h5 data-start=\"2647\" data-end=\"2724\">Jako\u015b\u0107 i zgodno\u015b\u0107 dzia\u0142aj\u0105 rami\u0119 w rami\u0119 z naszymi szerszymi mo\u017cliwo\u015bciami wsparcia<\/h5><p data-start=\"2728\" data-end=\"2795\"><em><strong data-start=\"2728\" data-end=\"2747\">Wsparcie projektu<\/strong> \u2192 zapewnienie jako\u015bci od koncepcji do produkcji<\/em><\/p><p data-start=\"2798\" data-end=\"2872\"><em><strong data-start=\"2798\" data-end=\"2830\">Wsparcie posprzeda\u017cowe i naprawcze<\/strong> \u2192 zarz\u0105dzanie kwestiami jako\u015bci po dostawie<\/em><\/p><p data-start=\"2875\" data-end=\"2952\"><em><strong data-start=\"2875\" data-end=\"2899\">Logistyka i dostawa<\/strong> \u2192 zgodna z przepisami obs\u0142uga podczas wysy\u0142ki mi\u0119dzynarodowej<\/em><\/p>\t\t\t\t\t\t\t\t<\/div>\n\t\t\t\t\t<\/div>\n\t\t\t\t<\/div>\n\t\t\t\t<\/div>","protected":false},"excerpt":{"rendered":"<p>Quality You Can Audit. Compliance You Can Rely On We integrate quality control and regulatory compliance into every stage of [&hellip;]<\/p>\n","protected":false},"author":1,"featured_media":0,"parent":0,"menu_order":0,"comment_status":"closed","ping_status":"closed","template":"","meta":{"_acf_changed":false,"site-sidebar-layout":"no-sidebar","site-content-layout":"page-builder","ast-site-content-layout":"full-width-container","site-content-style":"default","site-sidebar-style":"default","ast-global-header-display":"","ast-banner-title-visibility":"","ast-main-header-display":"","ast-hfb-above-header-display":"","ast-hfb-below-header-display":"","ast-hfb-mobile-header-display":"","site-post-title":"disabled","ast-breadcrumbs-content":"","ast-featured-img":"disabled","footer-sml-layout":"","ast-disable-related-posts":"","theme-transparent-header-meta":"","adv-header-id-meta":"","stick-header-meta":"","header-above-stick-meta":"","header-main-stick-meta":"","header-below-stick-meta":"","astra-migrate-meta-layouts":"set","ast-page-background-enabled":"default","ast-page-background-meta":{"desktop":{"background-color":"var(--ast-global-color-4)","background-image":"","background-repeat":"repeat","background-position":"center center","background-size":"auto","background-attachment":"scroll","background-type":"","background-media":"","overlay-type":"","overlay-color":"","overlay-opacity":"","overlay-gradient":""},"tablet":{"background-color":"","background-image":"","background-repeat":"repeat","background-position":"center center","background-size":"auto","background-attachment":"scroll","background-type":"","background-media":"","overlay-type":"","overlay-color":"","overlay-opacity":"","overlay-gradient":""},"mobile":{"background-color":"","background-image":"","background-repeat":"repeat","background-position":"center center","background-size":"auto","background-attachment":"scroll","background-type":"","background-media":"","overlay-type":"","overlay-color":"","overlay-opacity":"","overlay-gradient":""}},"ast-content-background-meta":{"desktop":{"background-color":"var(--ast-global-color-5)","background-image":"","background-repeat":"repeat","background-position":"center center","background-size":"auto","background-attachment":"scroll","background-type":"","background-media":"","overlay-type":"","overlay-color":"","overlay-opacity":"","overlay-gradient":""},"tablet":{"background-color":"var(--ast-global-color-5)","background-image":"","background-repeat":"repeat","background-position":"center center","background-size":"auto","background-attachment":"scroll","background-type":"","background-media":"","overlay-type":"","overlay-color":"","overlay-opacity":"","overlay-gradient":""},"mobile":{"background-color":"var(--ast-global-color-5)","background-image":"","background-repeat":"repeat","background-position":"center center","background-size":"auto","background-attachment":"scroll","background-type":"","background-media":"","overlay-type":"","overlay-color":"","overlay-opacity":"","overlay-gradient":""}},"footnotes":""},"class_list":["post-2123","page","type-page","status-publish","hentry"],"acf":[],"_links":{"self":[{"href":"https:\/\/bestwillcams.com\/pl\/wp-json\/wp\/v2\/pages\/2123","targetHints":{"allow":["GET"]}}],"collection":[{"href":"https:\/\/bestwillcams.com\/pl\/wp-json\/wp\/v2\/pages"}],"about":[{"href":"https:\/\/bestwillcams.com\/pl\/wp-json\/wp\/v2\/types\/page"}],"author":[{"embeddable":true,"href":"https:\/\/bestwillcams.com\/pl\/wp-json\/wp\/v2\/users\/1"}],"replies":[{"embeddable":true,"href":"https:\/\/bestwillcams.com\/pl\/wp-json\/wp\/v2\/comments?post=2123"}],"version-history":[{"count":16,"href":"https:\/\/bestwillcams.com\/pl\/wp-json\/wp\/v2\/pages\/2123\/revisions"}],"predecessor-version":[{"id":2831,"href":"https:\/\/bestwillcams.com\/pl\/wp-json\/wp\/v2\/pages\/2123\/revisions\/2831"}],"wp:attachment":[{"href":"https:\/\/bestwillcams.com\/pl\/wp-json\/wp\/v2\/media?parent=2123"}],"curies":[{"name":"wp","href":"https:\/\/api.w.org\/{rel}","templated":true}]}}