{"id":2125,"date":"2026-01-03T10:27:20","date_gmt":"2026-01-03T02:27:20","guid":{"rendered":"https:\/\/bestwillcams.com\/?page_id=2125"},"modified":"2026-03-03T09:53:02","modified_gmt":"2026-03-03T01:53:02","slug":"logistics-delivery-support","status":"publish","type":"page","link":"https:\/\/bestwillcams.com\/pl\/logistics-delivery-support\/","title":{"rendered":"Logistyka i wsparcie dostaw"},"content":{"rendered":"<div data-elementor-type=\"wp-page\" data-elementor-id=\"2125\" class=\"elementor elementor-2125\" data-elementor-post-type=\"page\">\n\t\t\t\t<div class=\"elementor-element elementor-element-9ee7ce0 e-flex e-con-boxed e-con e-parent\" data-id=\"9ee7ce0\" data-element_type=\"container\" data-e-type=\"container\" data-settings=\"{&quot;background_background&quot;:&quot;classic&quot;}\">\n\t\t\t\t\t<div class=\"e-con-inner\">\n\t\t\t\t<div class=\"elementor-element elementor-element-2d53e156 elementor-widget elementor-widget-heading\" data-id=\"2d53e156\" data-element_type=\"widget\" data-e-type=\"widget\" data-widget_type=\"heading.default\">\n\t\t\t\t\t\t\t<h1 class=\"elementor-heading-title elementor-size-default\">Elastyczne rozwi\u0105zania logistyczne i dostawcze dla globalnego B2B<\/h1>\t\t\t\t<\/div>\n\t\t\t\t<div class=\"elementor-element elementor-element-520e3681 elementor-hidden-tablet elementor-hidden-mobile elementor-widget elementor-widget-text-editor\" data-id=\"520e3681\" data-element_type=\"widget\" data-e-type=\"widget\" data-widget_type=\"text-editor.default\">\n\t\t\t\t\t\t\t\t\t\t\t<p data-start=\"374\" data-end=\"472\">Planowane wysy\u0142ki, jasne harmonogramy i op\u0142acalne strategie dostaw dla partner\u00f3w OEM i ODM. Od wysy\u0142ki z fabryki do magazyn\u00f3w zagranicznych, wspieramy logistyk\u0119 strukturaln\u0105, a nie wysy\u0142k\u0119 uniwersaln\u0105.<\/p>\t\t\t\t\t\t\t\t<\/div>\n\t\t\t\t\t<\/div>\n\t\t\t\t<\/div>\n\t\t<div class=\"elementor-element elementor-element-5b150afc e-flex e-con-boxed e-con e-parent\" data-id=\"5b150afc\" data-element_type=\"container\" data-e-type=\"container\">\n\t\t\t\t\t<div class=\"e-con-inner\">\n\t\t\t\t<div class=\"elementor-element elementor-element-657f5f13 elementor-widget elementor-widget-text-editor\" data-id=\"657f5f13\" data-element_type=\"widget\" data-e-type=\"widget\" data-widget_type=\"text-editor.default\">\n\t\t\t\t\t\t\t\t\t\t\t<h4 data-start=\"637\" data-end=\"686\">Logistyka zaprojektowana dla partner\u00f3w produkcyjnych<\/h4><p data-start=\"695\" data-end=\"770\">Dla nabywc\u00f3w B2B logistyka to nie tylko wysy\u0142ka produkt\u00f3w - ma ona na ni\u0105 wp\u0142yw:<\/p><ul data-start=\"771\" data-end=\"835\"><li data-start=\"771\" data-end=\"791\"><p data-start=\"773\" data-end=\"791\">Planowanie zapas\u00f3w<\/p><\/li><li data-start=\"792\" data-end=\"803\"><p data-start=\"794\" data-end=\"803\">Przep\u0142ywy pieni\u0119\u017cne<\/p><\/li><li data-start=\"804\" data-end=\"835\"><p data-start=\"806\" data-end=\"835\">Wydajno\u015b\u0107 dystrybucji lokalnej<\/p><\/li><\/ul><p data-start=\"837\" data-end=\"951\">Nasze wsparcie logistyczne koncentruje si\u0119 na <strong data-start=\"870\" data-end=\"900\">stabilno\u015b\u0107 i przejrzysto\u015b\u0107<\/strong>, pomagaj\u0105c partnerom w planowaniu dostaw.<\/p>\t\t\t\t\t\t\t\t<\/div>\n\t\t\t\t<div class=\"elementor-element elementor-element-6822d5fd elementor-widget__width-initial elementor-widget elementor-widget-image\" data-id=\"6822d5fd\" data-element_type=\"widget\" data-e-type=\"widget\" data-widget_type=\"image.default\">\n\t\t\t\t\t\t\t\t\t\t\t\t\t\t\t\t\t<img fetchpriority=\"high\" decoding=\"async\" width=\"1200\" height=\"800\" src=\"https:\/\/bestwillcams.com\/wp-content\/uploads\/2026\/02\/Delivery-Solutions.webp\" class=\"attachment-full size-full wp-image-2685\" alt=\"\" srcset=\"https:\/\/bestwillcams.com\/wp-content\/uploads\/2026\/02\/Delivery-Solutions.webp 1200w, https:\/\/bestwillcams.com\/wp-content\/uploads\/2026\/02\/Delivery-Solutions-300x200.webp 300w, https:\/\/bestwillcams.com\/wp-content\/uploads\/2026\/02\/Delivery-Solutions-1024x683.webp 1024w, https:\/\/bestwillcams.com\/wp-content\/uploads\/2026\/02\/Delivery-Solutions-768x512.webp 768w\" sizes=\"(max-width: 1200px) 100vw, 1200px\" \/>\t\t\t\t\t\t\t\t\t\t\t\t\t\t\t<\/div>\n\t\t\t\t\t<\/div>\n\t\t\t\t<\/div>\n\t\t<div class=\"elementor-element elementor-element-4e5d8e2b e-flex e-con-boxed e-con e-parent\" data-id=\"4e5d8e2b\" data-element_type=\"container\" data-e-type=\"container\">\n\t\t\t\t\t<div class=\"e-con-inner\">\n\t\t\t\t<div class=\"elementor-element elementor-element-24147f0e elementor-widget elementor-widget-text-editor\" data-id=\"24147f0e\" data-element_type=\"widget\" data-e-type=\"widget\" data-widget_type=\"text-editor.default\">\n\t\t\t\t\t\t\t\t\t\t\t<h5 data-start=\"993\" data-end=\"1026\">Dwa praktyczne modele dostarczania<\/h5><h6>Wysy\u0142ka bezpo\u015brednio z fabryki<\/h6><ul><li data-start=\"1091\" data-end=\"1114\"><p data-start=\"1093\" data-end=\"1114\">Zam\u00f3wienia masowe OEM \/ ODM<\/p><\/li><li data-start=\"1115\" data-end=\"1136\"><p data-start=\"1117\" data-end=\"1136\">Produkty niestandardowe<\/p><\/li><li data-start=\"1137\" data-end=\"1166\"><p data-start=\"1139\" data-end=\"1166\">Standardowe partie produkcyjne<\/p><\/li><\/ul><h6 data-start=\"1773\" data-end=\"1874\">Wsparcie magazyn\u00f3w zagranicznych<\/h6><ul><li data-start=\"1444\" data-end=\"1471\"><p data-start=\"1446\" data-end=\"1471\">Wybrane szybko rotuj\u0105ce SKU<\/p><\/li><li data-start=\"1472\" data-end=\"1509\"><p data-start=\"1474\" data-end=\"1509\">Wymiana lub pilne uzupe\u0142nienie<\/p><\/li><li data-start=\"1510\" data-end=\"1535\"><p data-start=\"1512\" data-end=\"1535\">Regionalne planowanie zapas\u00f3w<\/p><\/li><\/ul><p data-start=\"1537\" data-end=\"1645\">Utrzymujemy <strong data-start=\"1562\" data-end=\"1598\">ograniczone zapasy magazynowe za granic\u0105<\/strong> tylko dla wybranych modeli, zaprojektowany do obs\u0142ugi: 1.Szybsz\u0105 wymian\u0119, 2.Skr\u00f3cenie czasu realizacji zam\u00f3wie\u0144 na gor\u0105co sprzedaj\u0105ce si\u0119 produktyTo jest. <strong data-start=\"1720\" data-end=\"1743\">rozwi\u0105zanie wspieraj\u0105ce<\/strong>, nie jest pe\u0142nym zamiennikiem fabrycznej wysy\u0142ki.<\/p>\t\t\t\t\t\t\t\t<\/div>\n\t\t\t\t<div class=\"elementor-element elementor-element-89c16cf elementor-widget elementor-widget-text-editor\" data-id=\"89c16cf\" data-element_type=\"widget\" data-e-type=\"widget\" data-widget_type=\"text-editor.default\">\n\t\t\t\t\t\t\t\t\t\t\t<h5 data-start=\"1881\" data-end=\"1925\">Planowane czasy realizacji i harmonogramy dostaw<\/h5><p data-start=\"1893\" data-end=\"1941\">Wspieramy ustrukturyzowane planowanie dostaw poprzez:<\/p><ul data-start=\"1942\" data-end=\"2077\"><li data-start=\"1942\" data-end=\"1990\"><p data-start=\"1944\" data-end=\"1990\">Potwierdzenie czasu realizacji produkcji przed z\u0142o\u017ceniem zam\u00f3wienia<\/p><\/li><li data-start=\"1991\" data-end=\"2018\"><p data-start=\"1993\" data-end=\"2018\">Planowanie wysy\u0142ki partii<\/p><\/li><li data-start=\"2019\" data-end=\"2077\"><p data-start=\"2021\" data-end=\"2077\">Przejrzysta komunikacja podczas produkcji i wysy\u0142ki<\/p><\/li><\/ul><p data-start=\"2079\" data-end=\"2174\">Pozwala to partnerom na bardziej efektywne dostosowanie produkcji, wysy\u0142ki i lokalnej dystrybucji.<\/p>\t\t\t\t\t\t\t\t<\/div>\n\t\t\t\t<div class=\"elementor-element elementor-element-5633965 elementor-widget elementor-widget-text-editor\" data-id=\"5633965\" data-element_type=\"widget\" data-e-type=\"widget\" data-widget_type=\"text-editor.default\">\n\t\t\t\t\t\t\t\t\t\t\t<h5 data-start=\"2405\" data-end=\"2448\">Do kogo najlepiej pasuje ten model logistyczny<\/h5><ul><li data-start=\"2886\" data-end=\"2933\"><p data-start=\"2888\" data-end=\"2933\">W\u0142a\u015bciciele marek zarz\u0105dzaj\u0105cy dystrybucj\u0105 zagraniczn\u0105<\/p><\/li><li data-start=\"2934\" data-end=\"2973\"><p data-start=\"2936\" data-end=\"2973\">Dystrybutorzy planuj\u0105cy import partii<\/p><\/li><li data-start=\"2974\" data-end=\"3031\"><p data-start=\"2976\" data-end=\"3031\">Klienci OEM \/ ODM wymagaj\u0105cy stabilnych harmonogram\u00f3w dostaw<\/p><\/li><li data-start=\"3032\" data-end=\"3099\"><p data-start=\"3034\" data-end=\"3099\">Partnerzy poszukuj\u0105cy przewidywalnej dostawy zamiast po\u015bpiesznej wysy\u0142ki<\/p><\/li><\/ul>\t\t\t\t\t\t\t\t<\/div>\n\t\t\t\t<div class=\"elementor-element elementor-element-5270ec72 elementor-widget elementor-widget-text-editor\" data-id=\"5270ec72\" data-element_type=\"widget\" data-e-type=\"widget\" data-widget_type=\"text-editor.default\">\n\t\t\t\t\t\t\t\t\t\t\t<h5 data-start=\"3738\" data-end=\"3788\">Zintegrowany z produkcj\u0105 i wsparciem posprzeda\u017cowym<\/h5><p data-start=\"3214\" data-end=\"3267\">Nasze us\u0142ugi logistyczne i dostawy s\u0105 dostosowane do:<\/p><ul data-start=\"3268\" data-end=\"3466\"><li data-start=\"3268\" data-end=\"3337\"><p data-start=\"3270\" data-end=\"3337\"><em><strong data-start=\"3270\" data-end=\"3297\">Produkcja OEM i ODM<\/strong> - Planowanie wysy\u0142ek w oparciu o produkcj\u0119<\/em><\/p><\/li><li data-start=\"3338\" data-end=\"3399\"><p data-start=\"3340\" data-end=\"3399\"><em><strong data-start=\"3340\" data-end=\"3364\">Obs\u0142uga posprzeda\u017cna i naprawy<\/strong> - Trasa naprawy i wymiany<\/em><\/p><\/li><li data-start=\"3400\" data-end=\"3466\"><p data-start=\"3402\" data-end=\"3466\"><em><strong data-start=\"3402\" data-end=\"3421\">Wsparcie projektu<\/strong> - dostawa dostosowana do kamieni milowych projektu<\/em><\/p><\/li><\/ul>\t\t\t\t\t\t\t\t<\/div>\n\t\t\t\t\t<\/div>\n\t\t\t\t<\/div>\n\t\t\t\t<\/div>","protected":false},"excerpt":{"rendered":"<p>Flexible Logistics &amp; Delivery Solutions for Global B2B Planned shipments, clear timelines, and cost-efficient delivery strategies for OEM &amp; ODM [&hellip;]<\/p>\n","protected":false},"author":1,"featured_media":0,"parent":0,"menu_order":0,"comment_status":"closed","ping_status":"closed","template":"","meta":{"_acf_changed":false,"site-sidebar-layout":"no-sidebar","site-content-layout":"page-builder","ast-site-content-layout":"full-width-container","site-content-style":"default","site-sidebar-style":"default","ast-global-header-display":"","ast-banner-title-visibility":"","ast-main-header-display":"","ast-hfb-above-header-display":"","ast-hfb-below-header-display":"","ast-hfb-mobile-header-display":"","site-post-title":"disabled","ast-breadcrumbs-content":"","ast-featured-img":"disabled","footer-sml-layout":"","ast-disable-related-posts":"","theme-transparent-header-meta":"","adv-header-id-meta":"","stick-header-meta":"","header-above-stick-meta":"","header-main-stick-meta":"","header-below-stick-meta":"","astra-migrate-meta-layouts":"set","ast-page-background-enabled":"default","ast-page-background-meta":{"desktop":{"background-color":"var(--ast-global-color-4)","background-image":"","background-repeat":"repeat","background-position":"center center","background-size":"auto","background-attachment":"scroll","background-type":"","background-media":"","overlay-type":"","overlay-color":"","overlay-opacity":"","overlay-gradient":""},"tablet":{"background-color":"","background-image":"","background-repeat":"repeat","background-position":"center center","background-size":"auto","background-attachment":"scroll","background-type":"","background-media":"","overlay-type":"","overlay-color":"","overlay-opacity":"","overlay-gradient":""},"mobile":{"background-color":"","background-image":"","background-repeat":"repeat","background-position":"center center","background-size":"auto","background-attachment":"scroll","background-type":"","background-media":"","overlay-type":"","overlay-color":"","overlay-opacity":"","overlay-gradient":""}},"ast-content-background-meta":{"desktop":{"background-color":"var(--ast-global-color-5)","background-image":"","background-repeat":"repeat","background-position":"center center","background-size":"auto","background-attachment":"scroll","background-type":"","background-media":"","overlay-type":"","overlay-color":"","overlay-opacity":"","overlay-gradient":""},"tablet":{"background-color":"var(--ast-global-color-5)","background-image":"","background-repeat":"repeat","background-position":"center center","background-size":"auto","background-attachment":"scroll","background-type":"","background-media":"","overlay-type":"","overlay-color":"","overlay-opacity":"","overlay-gradient":""},"mobile":{"background-color":"var(--ast-global-color-5)","background-image":"","background-repeat":"repeat","background-position":"center center","background-size":"auto","background-attachment":"scroll","background-type":"","background-media":"","overlay-type":"","overlay-color":"","overlay-opacity":"","overlay-gradient":""}},"footnotes":""},"class_list":["post-2125","page","type-page","status-publish","hentry"],"acf":[],"_links":{"self":[{"href":"https:\/\/bestwillcams.com\/pl\/wp-json\/wp\/v2\/pages\/2125","targetHints":{"allow":["GET"]}}],"collection":[{"href":"https:\/\/bestwillcams.com\/pl\/wp-json\/wp\/v2\/pages"}],"about":[{"href":"https:\/\/bestwillcams.com\/pl\/wp-json\/wp\/v2\/types\/page"}],"author":[{"embeddable":true,"href":"https:\/\/bestwillcams.com\/pl\/wp-json\/wp\/v2\/users\/1"}],"replies":[{"embeddable":true,"href":"https:\/\/bestwillcams.com\/pl\/wp-json\/wp\/v2\/comments?post=2125"}],"version-history":[{"count":19,"href":"https:\/\/bestwillcams.com\/pl\/wp-json\/wp\/v2\/pages\/2125\/revisions"}],"predecessor-version":[{"id":2837,"href":"https:\/\/bestwillcams.com\/pl\/wp-json\/wp\/v2\/pages\/2125\/revisions\/2837"}],"wp:attachment":[{"href":"https:\/\/bestwillcams.com\/pl\/wp-json\/wp\/v2\/media?parent=2125"}],"curies":[{"name":"wp","href":"https:\/\/api.w.org\/{rel}","templated":true}]}}