{"id":990,"date":"2025-12-22T07:55:47","date_gmt":"2025-12-22T07:55:47","guid":{"rendered":"https:\/\/bestwillcams.com\/about-us\/"},"modified":"2026-03-30T18:06:39","modified_gmt":"2026-03-30T10:06:39","slug":"about-us","status":"publish","type":"page","link":"https:\/\/bestwillcams.com\/pl\/about-us\/","title":{"rendered":"O"},"content":{"rendered":"<div data-elementor-type=\"wp-page\" data-elementor-id=\"990\" class=\"elementor elementor-990\" data-elementor-post-type=\"page\">\n\t\t\t\t<div class=\"elementor-element elementor-element-57fe2ac e-flex e-con-boxed e-con e-parent\" data-id=\"57fe2ac\" data-element_type=\"container\" data-e-type=\"container\" data-settings=\"{&quot;background_background&quot;:&quot;classic&quot;}\">\n\t\t\t\t\t<div class=\"e-con-inner\">\n\t\t\t\t<div class=\"elementor-element elementor-element-e8b5bba elementor-widget elementor-widget-heading\" data-id=\"e8b5bba\" data-element_type=\"widget\" data-e-type=\"widget\" data-widget_type=\"heading.default\">\n\t\t\t\t\t\t\t<h2 class=\"elementor-heading-title elementor-size-default\">O nas<\/h2>\t\t\t\t<\/div>\n\t\t\t\t\t<\/div>\n\t\t\t\t<\/div>\n\t\t<div class=\"elementor-element elementor-element-19d338a e-flex e-con-boxed e-con e-parent\" data-id=\"19d338a\" data-element_type=\"container\" data-e-type=\"container\" data-settings=\"{&quot;background_background&quot;:&quot;classic&quot;}\">\n\t\t\t\t\t<div class=\"e-con-inner\">\n\t\t\t\t<div class=\"elementor-element elementor-element-4deadad elementor-widget elementor-widget-heading\" data-id=\"4deadad\" data-element_type=\"widget\" data-e-type=\"widget\" data-widget_type=\"heading.default\">\n\t\t\t\t\t\t\t<h6 class=\"elementor-heading-title elementor-size-default\">Bestwill przestrzega koncepcji jako\u015bci \"tworzenia doskona\u0142ych produkt\u00f3w o najwy\u017cszej jako\u015bci\".\njako\u015b\u0107 \", utrzymuje si\u0119 w dostarczaniu klientom najwy\u017cszej klasy produkt\u00f3w i us\u0142ug oraz\nkompleksowo buduje podstawow\u0105 konkurencyjno\u015b\u0107 przedsi\u0119biorstwa. Jej produkty s\u0105 eksportowane\ndo ponad 80 kraj\u00f3w i region\u00f3w, takich jak Europa, Ameryka, Australia, Ameryka Po\u0142udniowa i Azja Po\u0142udniowo-Wschodnia.\nAmeryka i Azja Po\u0142udniowo-Wschodnia, i nawi\u0105za\u0142a d\u0142ugoterminow\u0105 strategiczn\u0105 wsp\u00f3\u0142prac\u0119\nrelacje z wieloma znanymi przedsi\u0119biorstwami wy\u017cszego i ni\u017cszego szczebla w kraju i za granic\u0105.<\/h6>\t\t\t\t<\/div>\n\t\t\t\t<div class=\"elementor-element elementor-element-0b0f2ab elementor-widget elementor-widget-image\" data-id=\"0b0f2ab\" data-element_type=\"widget\" data-e-type=\"widget\" data-widget_type=\"image.default\">\n\t\t\t\t\t\t\t\t\t\t\t\t\t\t\t\t\t<img fetchpriority=\"high\" decoding=\"async\" width=\"1200\" height=\"900\" src=\"https:\/\/bestwillcams.com\/wp-content\/uploads\/2026\/02\/BestWill-Product-gallery.webp\" class=\"attachment-full size-full wp-image-2541\" alt=\"\" srcset=\"https:\/\/bestwillcams.com\/wp-content\/uploads\/2026\/02\/BestWill-Product-gallery.webp 1200w, https:\/\/bestwillcams.com\/wp-content\/uploads\/2026\/02\/BestWill-Product-gallery-300x225.webp 300w, https:\/\/bestwillcams.com\/wp-content\/uploads\/2026\/02\/BestWill-Product-gallery-1024x768.webp 1024w, https:\/\/bestwillcams.com\/wp-content\/uploads\/2026\/02\/BestWill-Product-gallery-768x576.webp 768w\" sizes=\"(max-width: 1200px) 100vw, 1200px\" \/>\t\t\t\t\t\t\t\t\t\t\t\t\t\t\t<\/div>\n\t\t\t\t<div class=\"elementor-element elementor-element-817f6d2 elementor-arrows-position-inside elementor-pagination-position-outside elementor-widget elementor-widget-image-carousel\" data-id=\"817f6d2\" data-element_type=\"widget\" data-e-type=\"widget\" data-settings=\"{&quot;slides_to_show&quot;:&quot;4&quot;,&quot;navigation&quot;:&quot;both&quot;,&quot;autoplay&quot;:&quot;yes&quot;,&quot;pause_on_hover&quot;:&quot;yes&quot;,&quot;pause_on_interaction&quot;:&quot;yes&quot;,&quot;autoplay_speed&quot;:5000,&quot;infinite&quot;:&quot;yes&quot;,&quot;speed&quot;:500,&quot;image_spacing_custom&quot;:{&quot;unit&quot;:&quot;px&quot;,&quot;size&quot;:20,&quot;sizes&quot;:[]},&quot;image_spacing_custom_tablet&quot;:{&quot;unit&quot;:&quot;px&quot;,&quot;size&quot;:&quot;&quot;,&quot;sizes&quot;:[]},&quot;image_spacing_custom_mobile&quot;:{&quot;unit&quot;:&quot;px&quot;,&quot;size&quot;:&quot;&quot;,&quot;sizes&quot;:[]}}\" data-widget_type=\"image-carousel.default\">\n\t\t\t\t\t\t\t\t\t<div class=\"elementor-image-carousel-wrapper swiper\" role=\"region\" aria-roledescription=\"carousel\" aria-label=\"Karuzela obraz\u00f3w\" dir=\"ltr\">\n\t\t\t<div class=\"elementor-image-carousel swiper-wrapper\" aria-live=\"off\">\n\t\t\t\t\t\t\t\t<div class=\"swiper-slide\" role=\"group\" aria-roledescription=\"slide\" aria-label=\"1 z 4\"><figure class=\"swiper-slide-inner\"><img decoding=\"async\" class=\"swiper-slide-image\" src=\"https:\/\/bestwillcams.com\/wp-content\/uploads\/2026\/03\/CE-EMC-BestWill.webp\" alt=\"CE EMC BestWill\" \/><\/figure><\/div><div class=\"swiper-slide\" role=\"group\" aria-roledescription=\"slide\" aria-label=\"2 z 4\"><figure class=\"swiper-slide-inner\"><img decoding=\"async\" class=\"swiper-slide-image\" src=\"https:\/\/bestwillcams.com\/wp-content\/uploads\/2026\/03\/Patent-certificate-for-underwater-video-surveillance-technology.webp\" alt=\"Certyfikat patentowy dla technologii podwodnego monitoringu wideo\" \/><\/figure><\/div><div class=\"swiper-slide\" role=\"group\" aria-roledescription=\"slide\" aria-label=\"3 z 4\"><figure class=\"swiper-slide-inner\"><img decoding=\"async\" class=\"swiper-slide-image\" src=\"https:\/\/bestwillcams.com\/wp-content\/uploads\/2026\/03\/BestWill-ISO-9001.webp\" alt=\"BestWill ISO 9001\" \/><\/figure><\/div><div class=\"swiper-slide\" role=\"group\" aria-roledescription=\"slide\" aria-label=\"4 z 4\"><figure class=\"swiper-slide-inner\"><img decoding=\"async\" class=\"swiper-slide-image\" src=\"https:\/\/bestwillcams.com\/wp-content\/uploads\/2026\/03\/patent-for-utility-models-BestWill.webp\" alt=\"patent na wzory u\u017cytkowe BestWill\" \/><\/figure><\/div>\t\t\t<\/div>\n\t\t\t\t\t\t\t\t\t\t\t\t<div class=\"elementor-swiper-button elementor-swiper-button-prev\" role=\"button\" tabindex=\"0\">\n\t\t\t\t\t\t<svg aria-hidden=\"true\" class=\"e-font-icon-svg e-eicon-chevron-left\" viewbox=\"0 0 1000 1000\" xmlns=\"http:\/\/www.w3.org\/2000\/svg\"><path d=\"M646 125C629 125 613 133 604 142L308 442C296 454 292 471 292 487 292 504 296 521 308 533L604 854C617 867 629 875 646 875 663 875 679 871 692 858 704 846 713 829 713 812 713 796 708 779 692 767L438 487 692 225C700 217 708 204 708 187 708 171 704 154 692 142 675 129 663 125 646 125Z\"><\/path><\/svg>\t\t\t\t\t<\/div>\n\t\t\t\t\t<div class=\"elementor-swiper-button elementor-swiper-button-next\" role=\"button\" tabindex=\"0\">\n\t\t\t\t\t\t<svg aria-hidden=\"true\" class=\"e-font-icon-svg e-eicon-chevron-right\" viewbox=\"0 0 1000 1000\" xmlns=\"http:\/\/www.w3.org\/2000\/svg\"><path d=\"M696 533C708 521 713 504 713 487 713 471 708 454 696 446L400 146C388 133 375 125 354 125 338 125 325 129 313 142 300 154 292 171 292 187 292 204 296 221 308 233L563 492 304 771C292 783 288 800 288 817 288 833 296 850 308 863 321 871 338 875 354 875 371 875 388 867 400 854L696 533Z\"><\/path><\/svg>\t\t\t\t\t<\/div>\n\t\t\t\t\n\t\t\t\t\t\t\t\t\t<div class=\"swiper-pagination\"><\/div>\n\t\t\t\t\t\t\t\t\t<\/div>\n\t\t\t\t\t\t<\/div>\n\t\t\t\t<div class=\"elementor-element elementor-element-34702d0 elementor-widget elementor-widget-heading\" data-id=\"34702d0\" data-element_type=\"widget\" data-e-type=\"widget\" data-widget_type=\"heading.default\">\n\t\t\t\t\t\t\t<p class=\"elementor-heading-title elementor-size-default\">Shenzhen Beyond Eletctronics Co., Ltd. to firma z siedzib\u0105 w Shenzhen. Ltd. Znajduje si\u0119 w Apollon Future Industrial Zone w Longgang, Shenzhen, s\u0142ynnej metropolii naukowo-technologicznej w Chinach. Firma jest g\u0142\u0119boko zaanga\u017cowana w takie dziedziny, jak kamery podwodne, podwodne roboty wykrywaj\u0105ce,\nendoskopy ruroci\u0105gowe i roboty ruroci\u0105gowe od ponad 20 lat. Firma opracowa\u0142a ponad czterdzie\u015bci patent\u00f3w na podwodne systemy detekcji i systemy inspekcji ruroci\u0105g\u00f3w. \n<br>\n<br>\nObecnie sta\u0142a si\u0119 krajowym przedsi\u0119biorstwem high-tech integruj\u0105cym badania i rozw\u00f3j, produkcj\u0119, sprzeda\u017c i serwis. Jej produkty s\u0105 szeroko stosowane w zaawansowanych dziedzinach technologicznych\ntakich jak fotografia podwodna, rybo\u0142\u00f3wstwo podlodowe, ratownictwo wrak\u00f3w statk\u00f3w, operacje g\u0142\u0119binowe na morskich platformach wiertniczych i gazowych, g\u00f3rnictwo, oceanografia, przemys\u0142 chemiczny, monitorowanie i\nkonserwacja miejskich sieci wodoci\u0105gowych i r\u00f3\u017cnych podziemnych ruroci\u0105g\u00f3w, renowacja szyb\u00f3w naftowych, wykrywanie podwodne, akwakultura, budowa, nadz\u00f3r, ratownictwo obiekt\u00f3w ochrony w\u00f3d, takich jak zbiorniki, tamy i kana\u0142y, a tak\u017ce ratownictwo wiertnicze. Po\nlatach wysi\u0142k\u00f3w firma sta\u0142a si\u0119:<\/p>\t\t\t\t<\/div>\n\t\t\t\t<div class=\"elementor-element elementor-element-75b7d70 elementor-widget elementor-widget-text-editor\" data-id=\"75b7d70\" data-element_type=\"widget\" data-e-type=\"widget\" data-widget_type=\"text-editor.default\">\n\t\t\t\t\t\t\t\t\t\t\t<p><strong>Krajowe przedsi\u0119biorstwo high-tech<\/strong><br \/><strong>Przedsi\u0119biorstwo z mi\u0119dzynarodowym certyfikatem ISO9001<\/strong><br \/><strong>Alibaba \u0141a\u0144cuch dostaw Globalny dostawca<\/strong><br \/><strong>Globalny dostawca Walmart Online w <\/strong><strong>Stany Zjednoczone<\/strong><\/p><p><strong>Krajowe przedsi\u0119biorstwo kredytowe AAA<\/strong><br \/><strong>JD Globalny dostawca \u0142a\u0144cucha dostaw<\/strong><br \/><strong>Globalny dostawca Amazon w <\/strong><strong>Stany Zjednoczone<\/strong><\/p>\t\t\t\t\t\t\t\t<\/div>\n\t\t\t\t\t<\/div>\n\t\t\t\t<\/div>\n\t\t<div class=\"elementor-element elementor-element-9939bbb e-flex e-con-boxed e-con e-parent\" data-id=\"9939bbb\" data-element_type=\"container\" data-e-type=\"container\" data-settings=\"{&quot;background_background&quot;:&quot;classic&quot;}\">\n\t\t\t\t\t<div class=\"e-con-inner\">\n\t\t\t\t<div class=\"elementor-element elementor-element-27aef02 elementor-widget elementor-widget-image\" data-id=\"27aef02\" data-element_type=\"widget\" data-e-type=\"widget\" data-widget_type=\"image.default\">\n\t\t\t\t\t\t\t\t\t\t\t\t\t\t\t\t\t<img decoding=\"async\" width=\"1920\" height=\"1080\" src=\"https:\/\/bestwillcams.com\/wp-content\/uploads\/2026\/01\/Company.webp\" class=\"attachment-full size-full wp-image-2203\" alt=\"\" srcset=\"https:\/\/bestwillcams.com\/wp-content\/uploads\/2026\/01\/Company.webp 1920w, https:\/\/bestwillcams.com\/wp-content\/uploads\/2026\/01\/Company-300x169.webp 300w, https:\/\/bestwillcams.com\/wp-content\/uploads\/2026\/01\/Company-1024x576.webp 1024w, https:\/\/bestwillcams.com\/wp-content\/uploads\/2026\/01\/Company-768x432.webp 768w, https:\/\/bestwillcams.com\/wp-content\/uploads\/2026\/01\/Company-1536x864.webp 1536w\" sizes=\"(max-width: 1920px) 100vw, 1920px\" \/>\t\t\t\t\t\t\t\t\t\t\t\t\t\t\t<\/div>\n\t\t\t\t\t<\/div>\n\t\t\t\t<\/div>\n\t\t<div class=\"elementor-element elementor-element-9f04b16 e-flex e-con-boxed e-con e-parent\" data-id=\"9f04b16\" data-element_type=\"container\" data-e-type=\"container\" data-settings=\"{&quot;background_background&quot;:&quot;classic&quot;}\">\n\t\t\t\t\t<div class=\"e-con-inner\">\n\t\t<div class=\"elementor-element elementor-element-28b2a13 e-con-full e-flex e-con e-child\" data-id=\"28b2a13\" data-element_type=\"container\" data-e-type=\"container\">\n\t\t<div class=\"elementor-element elementor-element-65152da e-con-full e-flex e-con e-child\" data-id=\"65152da\" data-element_type=\"container\" data-e-type=\"container\">\n\t\t\t\t<div class=\"elementor-element elementor-element-81dc582 elementor-widget elementor-widget-heading\" data-id=\"81dc582\" data-element_type=\"widget\" data-e-type=\"widget\" data-widget_type=\"heading.default\">\n\t\t\t\t\t\t\t<p class=\"elementor-heading-title elementor-size-default\">Wizja<\/p>\t\t\t\t<\/div>\n\t\t\t\t<\/div>\n\t\t<div class=\"elementor-element elementor-element-f66d257 e-con-full e-flex e-con e-child\" data-id=\"f66d257\" data-element_type=\"container\" data-e-type=\"container\">\n\t\t\t\t<div class=\"elementor-element elementor-element-cbd5f17 elementor-widget elementor-widget-heading\" data-id=\"cbd5f17\" data-element_type=\"widget\" data-e-type=\"widget\" data-widget_type=\"heading.default\">\n\t\t\t\t\t\t\t<h6 class=\"elementor-heading-title elementor-size-default\">Aby stale pog\u0142\u0119bia\u0107 nasz\u0105 obecno\u015b\u0107 w produkcji kamer podwodnych i wspiera\u0107 r\u00f3\u017cnorodne aplikacje inspekcyjne i monitoruj\u0105ce na ca\u0142ym \u015bwiecie.<\/h6>\t\t\t\t<\/div>\n\t\t\t\t<\/div>\n\t\t\t\t<\/div>\n\t\t<div class=\"elementor-element elementor-element-9c01163 e-con-full e-flex e-con e-child\" data-id=\"9c01163\" data-element_type=\"container\" data-e-type=\"container\">\n\t\t<div class=\"elementor-element elementor-element-70364dd e-con-full e-flex e-con e-child\" data-id=\"70364dd\" data-element_type=\"container\" data-e-type=\"container\">\n\t\t\t\t<div class=\"elementor-element elementor-element-2f0a718 elementor-widget elementor-widget-heading\" data-id=\"2f0a718\" data-element_type=\"widget\" data-e-type=\"widget\" data-widget_type=\"heading.default\">\n\t\t\t\t\t\t\t<p class=\"elementor-heading-title elementor-size-default\">Misja<\/p>\t\t\t\t<\/div>\n\t\t\t\t<\/div>\n\t\t<div class=\"elementor-element elementor-element-e0c8897 e-con-full e-flex e-con e-child\" data-id=\"e0c8897\" data-element_type=\"container\" data-e-type=\"container\">\n\t\t\t\t<div class=\"elementor-element elementor-element-bc2f40e elementor-widget elementor-widget-heading\" data-id=\"bc2f40e\" data-element_type=\"widget\" data-e-type=\"widget\" data-widget_type=\"heading.default\">\n\t\t\t\t\t\t\t<h6 class=\"elementor-heading-title elementor-size-default\">Wspieranie klient\u00f3w praktycznymi produktami do kamer podwodnych opartymi na wieloletnim do\u015bwiadczeniu produkcyjnym i zrozumieniu rzeczywistych zastosowa\u0144.<\/h6>\t\t\t\t<\/div>\n\t\t\t\t<\/div>\n\t\t\t\t<\/div>\n\t\t\t\t\t<\/div>\n\t\t\t\t<\/div>\n\t\t\t\t<\/div>","protected":false},"excerpt":{"rendered":"<p>About Us The Bestwill adheres to the quality concept of &#8220;creating excellent products with top-notch quality&#8221;, persists in providing customers [&hellip;]<\/p>\n","protected":false},"author":1,"featured_media":0,"parent":0,"menu_order":0,"comment_status":"closed","ping_status":"closed","template":"","meta":{"_acf_changed":false,"site-sidebar-layout":"no-sidebar","site-content-layout":"page-builder","ast-site-content-layout":"full-width-container","site-content-style":"default","site-sidebar-style":"default","ast-global-header-display":"","ast-banner-title-visibility":"disabled","ast-main-header-display":"","ast-hfb-above-header-display":"","ast-hfb-below-header-display":"","ast-hfb-mobile-header-display":"","site-post-title":"disabled","ast-breadcrumbs-content":"","ast-featured-img":"disabled","footer-sml-layout":"","ast-disable-related-posts":"","theme-transparent-header-meta":"","adv-header-id-meta":"","stick-header-meta":"","header-above-stick-meta":"","header-main-stick-meta":"","header-below-stick-meta":"","astra-migrate-meta-layouts":"set","ast-page-background-enabled":"default","ast-page-background-meta":{"desktop":{"background-color":"var(--ast-global-color-4)","background-image":"","background-repeat":"repeat","background-position":"center center","background-size":"auto","background-attachment":"scroll","background-type":"","background-media":"","overlay-type":"","overlay-color":"","overlay-opacity":"","overlay-gradient":""},"tablet":{"background-color":"","background-image":"","background-repeat":"repeat","background-position":"center center","background-size":"auto","background-attachment":"scroll","background-type":"","background-media":"","overlay-type":"","overlay-color":"","overlay-opacity":"","overlay-gradient":""},"mobile":{"background-color":"","background-image":"","background-repeat":"repeat","background-position":"center center","background-size":"auto","background-attachment":"scroll","background-type":"","background-media":"","overlay-type":"","overlay-color":"","overlay-opacity":"","overlay-gradient":""}},"ast-content-background-meta":{"desktop":{"background-color":"var(--ast-global-color-5)","background-image":"","background-repeat":"repeat","background-position":"center center","background-size":"auto","background-attachment":"scroll","background-type":"","background-media":"","overlay-type":"","overlay-color":"","overlay-opacity":"","overlay-gradient":""},"tablet":{"background-color":"var(--ast-global-color-5)","background-image":"","background-repeat":"repeat","background-position":"center center","background-size":"auto","background-attachment":"scroll","background-type":"","background-media":"","overlay-type":"","overlay-color":"","overlay-opacity":"","overlay-gradient":""},"mobile":{"background-color":"var(--ast-global-color-5)","background-image":"","background-repeat":"repeat","background-position":"center center","background-size":"auto","background-attachment":"scroll","background-type":"","background-media":"","overlay-type":"","overlay-color":"","overlay-opacity":"","overlay-gradient":""}},"footnotes":""},"class_list":["post-990","page","type-page","status-publish","hentry"],"acf":[],"_links":{"self":[{"href":"https:\/\/bestwillcams.com\/pl\/wp-json\/wp\/v2\/pages\/990","targetHints":{"allow":["GET"]}}],"collection":[{"href":"https:\/\/bestwillcams.com\/pl\/wp-json\/wp\/v2\/pages"}],"about":[{"href":"https:\/\/bestwillcams.com\/pl\/wp-json\/wp\/v2\/types\/page"}],"author":[{"embeddable":true,"href":"https:\/\/bestwillcams.com\/pl\/wp-json\/wp\/v2\/users\/1"}],"replies":[{"embeddable":true,"href":"https:\/\/bestwillcams.com\/pl\/wp-json\/wp\/v2\/comments?post=990"}],"version-history":[{"count":55,"href":"https:\/\/bestwillcams.com\/pl\/wp-json\/wp\/v2\/pages\/990\/revisions"}],"predecessor-version":[{"id":3162,"href":"https:\/\/bestwillcams.com\/pl\/wp-json\/wp\/v2\/pages\/990\/revisions\/3162"}],"wp:attachment":[{"href":"https:\/\/bestwillcams.com\/pl\/wp-json\/wp\/v2\/media?parent=990"}],"curies":[{"name":"wp","href":"https:\/\/api.w.org\/{rel}","templated":true}]}}