{"id":2879,"date":"2026-03-05T14:28:28","date_gmt":"2026-03-05T06:28:28","guid":{"rendered":"https:\/\/bestwillcams.com\/?post_type=product&#038;p=2879"},"modified":"2026-03-17T16:56:34","modified_gmt":"2026-03-17T08:56:34","slug":"5-ips-portable-underwater-fishing-cameracr110-f05es","status":"publish","type":"product","link":"https:\/\/bestwillcams.com\/pl\/product\/5-ips-portable-underwater-fishing-cameracr110-f05es\/","title":{"rendered":"Przeno\u015bna podwodna kamera w\u0119dkarska 5\u201d IPS (CR110-F05ES)"},"content":{"rendered":"<figure class=\"wp-block-image aligncenter size-large\"><img fetchpriority=\"high\" decoding=\"async\" width=\"1024\" height=\"410\" src=\"https:\/\/bestwillcams.com\/wp-content\/uploads\/2026\/03\/Portable-Underwater-Fishing-Camera-F05ES-Application-1024x410.webp\" alt=\"\" class=\"wp-image-2877\" srcset=\"https:\/\/bestwillcams.com\/wp-content\/uploads\/2026\/03\/Portable-Underwater-Fishing-Camera-F05ES-Application-1024x410.webp 1024w, https:\/\/bestwillcams.com\/wp-content\/uploads\/2026\/03\/Portable-Underwater-Fishing-Camera-F05ES-Application-300x120.webp 300w, https:\/\/bestwillcams.com\/wp-content\/uploads\/2026\/03\/Portable-Underwater-Fishing-Camera-F05ES-Application-768x307.webp 768w, https:\/\/bestwillcams.com\/wp-content\/uploads\/2026\/03\/Portable-Underwater-Fishing-Camera-F05ES-Application.webp 1500w\" sizes=\"(max-width: 1024px) 100vw, 1024px\" \/><\/figure>\n\n\n\n<p><\/p>\n\n\n\n<h5 class=\"wp-block-heading has-text-align-center\">Specyfikacja kamery<\/h5>\n\n\n\n<p class=\"has-text-align-center\">Rozmiar: 50 mm \u00d7 \u03a621,8 mm<br>Czujnik: 1\/3,7\u201d CMOS<br>Rozdzielczo\u015b\u0107: 1000TVL<br>K\u0105t widzenia: 145\u00b0<br>Soczewka: szk\u0142o hartowane<br>Obudowa: Metal o wysokiej wytrzyma\u0142o\u015bci<br>O\u015bwietlenie: 12 diod LED IR (regulowany poziom 0-3)<br>Napi\u0119cie robocze: DC 12V<\/p>","protected":false},"excerpt":{"rendered":"<p>Camera Specifications Size: 50mm \u00d7 \u03a621.8mmSensor: 1\/3.7\u201d CMOSResolution: 1000TVLViewing Angle: 145\u00b0Lens: Tempered glassHousing: High-strength metalLighting: 12 IR LEDs (0\u20133 level [&hellip;]<\/p>\n","protected":false},"featured_media":2873,"template":"","meta":{"_acf_changed":true,"site-sidebar-layout":"default","site-content-layout":"","ast-site-content-layout":"default","site-content-style":"default","site-sidebar-style":"default","ast-global-header-display":"","ast-banner-title-visibility":"","ast-main-header-display":"","ast-hfb-above-header-display":"","ast-hfb-below-header-display":"","ast-hfb-mobile-header-display":"","site-post-title":"","ast-breadcrumbs-content":"","ast-featured-img":"","footer-sml-layout":"","ast-disable-related-posts":"","theme-transparent-header-meta":"","adv-header-id-meta":"","stick-header-meta":"","header-above-stick-meta":"","header-main-stick-meta":"","header-below-stick-meta":"","astra-migrate-meta-layouts":"set","ast-page-background-enabled":"default","ast-page-background-meta":{"desktop":{"background-color":"var(--ast-global-color-4)","background-image":"","background-repeat":"repeat","background-position":"center center","background-size":"auto","background-attachment":"scroll","background-type":"","background-media":"","overlay-type":"","overlay-color":"","overlay-opacity":"","overlay-gradient":""},"tablet":{"background-color":"","background-image":"","background-repeat":"repeat","background-position":"center center","background-size":"auto","background-attachment":"scroll","background-type":"","background-media":"","overlay-type":"","overlay-color":"","overlay-opacity":"","overlay-gradient":""},"mobile":{"background-color":"","background-image":"","background-repeat":"repeat","background-position":"center center","background-size":"auto","background-attachment":"scroll","background-type":"","background-media":"","overlay-type":"","overlay-color":"","overlay-opacity":"","overlay-gradient":""}},"ast-content-background-meta":{"desktop":{"background-color":"var(--ast-global-color-5)","background-image":"","background-repeat":"repeat","background-position":"center center","background-size":"auto","background-attachment":"scroll","background-type":"","background-media":"","overlay-type":"","overlay-color":"","overlay-opacity":"","overlay-gradient":""},"tablet":{"background-color":"var(--ast-global-color-5)","background-image":"","background-repeat":"repeat","background-position":"center center","background-size":"auto","background-attachment":"scroll","background-type":"","background-media":"","overlay-type":"","overlay-color":"","overlay-opacity":"","overlay-gradient":""},"mobile":{"background-color":"var(--ast-global-color-5)","background-image":"","background-repeat":"repeat","background-position":"center center","background-size":"auto","background-attachment":"scroll","background-type":"","background-media":"","overlay-type":"","overlay-color":"","overlay-opacity":"","overlay-gradient":""}}},"product-category":[14],"class_list":["post-2879","product","type-product","status-publish","has-post-thumbnail","hentry","product-category-underwater-fishing-camera"],"acf":[],"_links":{"self":[{"href":"https:\/\/bestwillcams.com\/pl\/wp-json\/wp\/v2\/product\/2879","targetHints":{"allow":["GET"]}}],"collection":[{"href":"https:\/\/bestwillcams.com\/pl\/wp-json\/wp\/v2\/product"}],"about":[{"href":"https:\/\/bestwillcams.com\/pl\/wp-json\/wp\/v2\/types\/product"}],"wp:featuredmedia":[{"embeddable":true,"href":"https:\/\/bestwillcams.com\/pl\/wp-json\/wp\/v2\/media\/2873"}],"wp:attachment":[{"href":"https:\/\/bestwillcams.com\/pl\/wp-json\/wp\/v2\/media?parent=2879"}],"wp:term":[{"taxonomy":"product-category","embeddable":true,"href":"https:\/\/bestwillcams.com\/pl\/wp-json\/wp\/v2\/product-category?post=2879"}],"curies":[{"name":"wp","href":"https:\/\/api.w.org\/{rel}","templated":true}]}}