{"id":2914,"date":"2026-03-10T15:34:26","date_gmt":"2026-03-10T07:34:26","guid":{"rendered":"https:\/\/bestwillcams.com\/?post_type=product&#038;p=2914"},"modified":"2026-03-27T11:23:32","modified_gmt":"2026-03-27T03:23:32","slug":"deep-well-borehole-inspection-cameracr110-12wd1","status":"publish","type":"product","link":"https:\/\/bestwillcams.com\/pl\/product\/deep-well-borehole-inspection-cameracr110-12wd1\/","title":{"rendered":"Kamera do inspekcji g\u0142\u0119bokich odwiert\u00f3w (CR110-12WD1)"},"content":{"rendered":"<figure class=\"wp-block-image aligncenter size-large\"><img fetchpriority=\"high\" decoding=\"async\" width=\"1024\" height=\"410\" src=\"https:\/\/bestwillcams.com\/wp-content\/uploads\/2026\/03\/Deep-Well-Borehole-Inspection-Camera-Industrial-Application-1024x410.webp\" alt=\"\" class=\"wp-image-2903\" srcset=\"https:\/\/bestwillcams.com\/wp-content\/uploads\/2026\/03\/Deep-Well-Borehole-Inspection-Camera-Industrial-Application-1024x410.webp 1024w, https:\/\/bestwillcams.com\/wp-content\/uploads\/2026\/03\/Deep-Well-Borehole-Inspection-Camera-Industrial-Application-300x120.webp 300w, https:\/\/bestwillcams.com\/wp-content\/uploads\/2026\/03\/Deep-Well-Borehole-Inspection-Camera-Industrial-Application-768x307.webp 768w, https:\/\/bestwillcams.com\/wp-content\/uploads\/2026\/03\/Deep-Well-Borehole-Inspection-Camera-Industrial-Application.webp 1500w\" sizes=\"(max-width: 1024px) 100vw, 1024px\" \/><\/figure>\n\n\n\n<p><\/p>\n\n\n\n<h6 class=\"wp-block-heading has-text-align-center\">Scenariusze zastosowa\u0144<\/h6>\n\n\n\n<p class=\"has-text-align-center\">Inspekcja studni wodnych<br>Kontrola g\u0142\u0119bokich odwiert\u00f3w<br>Odwierty geologiczne<br>Eksploracja podziemna<br>Inspekcja ruroci\u0105g\u00f3w<br>Inspekcja g\u00f3rnicza<br>Inspekcja przemys\u0142owa<br>Prace ratownicze i poszukiwawcze<\/p>","protected":false},"excerpt":{"rendered":"<p>Scenariusze zastosowa\u0144 Inspekcja studni wodnychInspekcja g\u0142\u0119bokich odwiert\u00f3wWiercenia geologiczneInspekcja podziemnaInspekcja ruroci\u0105g\u00f3wInspekcja g\u00f3rniczaInspekcja przemys\u0142owaPrace ratownicze i poszukiwawcze<\/p>","protected":false},"featured_media":2906,"template":"","meta":{"_acf_changed":true,"site-sidebar-layout":"default","site-content-layout":"","ast-site-content-layout":"default","site-content-style":"default","site-sidebar-style":"default","ast-global-header-display":"","ast-banner-title-visibility":"","ast-main-header-display":"","ast-hfb-above-header-display":"","ast-hfb-below-header-display":"","ast-hfb-mobile-header-display":"","site-post-title":"","ast-breadcrumbs-content":"","ast-featured-img":"","footer-sml-layout":"","ast-disable-related-posts":"","theme-transparent-header-meta":"","adv-header-id-meta":"","stick-header-meta":"","header-above-stick-meta":"","header-main-stick-meta":"","header-below-stick-meta":"","astra-migrate-meta-layouts":"set","ast-page-background-enabled":"default","ast-page-background-meta":{"desktop":{"background-color":"var(--ast-global-color-4)","background-image":"","background-repeat":"repeat","background-position":"center center","background-size":"auto","background-attachment":"scroll","background-type":"","background-media":"","overlay-type":"","overlay-color":"","overlay-opacity":"","overlay-gradient":""},"tablet":{"background-color":"","background-image":"","background-repeat":"repeat","background-position":"center center","background-size":"auto","background-attachment":"scroll","background-type":"","background-media":"","overlay-type":"","overlay-color":"","overlay-opacity":"","overlay-gradient":""},"mobile":{"background-color":"","background-image":"","background-repeat":"repeat","background-position":"center center","background-size":"auto","background-attachment":"scroll","background-type":"","background-media":"","overlay-type":"","overlay-color":"","overlay-opacity":"","overlay-gradient":""}},"ast-content-background-meta":{"desktop":{"background-color":"var(--ast-global-color-5)","background-image":"","background-repeat":"repeat","background-position":"center center","background-size":"auto","background-attachment":"scroll","background-type":"","background-media":"","overlay-type":"","overlay-color":"","overlay-opacity":"","overlay-gradient":""},"tablet":{"background-color":"var(--ast-global-color-5)","background-image":"","background-repeat":"repeat","background-position":"center center","background-size":"auto","background-attachment":"scroll","background-type":"","background-media":"","overlay-type":"","overlay-color":"","overlay-opacity":"","overlay-gradient":""},"mobile":{"background-color":"var(--ast-global-color-5)","background-image":"","background-repeat":"repeat","background-position":"center center","background-size":"auto","background-attachment":"scroll","background-type":"","background-media":"","overlay-type":"","overlay-color":"","overlay-opacity":"","overlay-gradient":""}}},"product-category":[16],"class_list":["post-2914","product","type-product","status-publish","has-post-thumbnail","hentry","product-category-borehole-inspection-camera"],"acf":[],"_links":{"self":[{"href":"https:\/\/bestwillcams.com\/pl\/wp-json\/wp\/v2\/product\/2914","targetHints":{"allow":["GET"]}}],"collection":[{"href":"https:\/\/bestwillcams.com\/pl\/wp-json\/wp\/v2\/product"}],"about":[{"href":"https:\/\/bestwillcams.com\/pl\/wp-json\/wp\/v2\/types\/product"}],"wp:featuredmedia":[{"embeddable":true,"href":"https:\/\/bestwillcams.com\/pl\/wp-json\/wp\/v2\/media\/2906"}],"wp:attachment":[{"href":"https:\/\/bestwillcams.com\/pl\/wp-json\/wp\/v2\/media?parent=2914"}],"wp:term":[{"taxonomy":"product-category","embeddable":true,"href":"https:\/\/bestwillcams.com\/pl\/wp-json\/wp\/v2\/product-category?post=2914"}],"curies":[{"name":"wp","href":"https:\/\/api.w.org\/{rel}","templated":true}]}}