{"id":2987,"date":"2026-03-18T11:52:01","date_gmt":"2026-03-18T03:52:01","guid":{"rendered":"https:\/\/bestwillcams.com\/?post_type=product&#038;p=2987"},"modified":"2026-03-18T11:53:23","modified_gmt":"2026-03-18T03:53:23","slug":"7inch-portable-underwater-inspection-camera","status":"publish","type":"product","link":"https:\/\/bestwillcams.com\/pl\/product\/7inch-portable-underwater-inspection-camera\/","title":{"rendered":"7-calowa przeno\u015bna podwodna kamera inspekcyjna (CR110-7-006)"},"content":{"rendered":"<figure class=\"wp-block-image aligncenter size-large\"><img fetchpriority=\"high\" decoding=\"async\" width=\"1024\" height=\"410\" src=\"https:\/\/bestwillcams.com\/wp-content\/uploads\/2026\/03\/7inch-portable-Underwater-Inspection-Camera-Application-1024x410.webp\" alt=\"\" class=\"wp-image-2986\" srcset=\"https:\/\/bestwillcams.com\/wp-content\/uploads\/2026\/03\/7inch-portable-Underwater-Inspection-Camera-Application-1024x410.webp 1024w, https:\/\/bestwillcams.com\/wp-content\/uploads\/2026\/03\/7inch-portable-Underwater-Inspection-Camera-Application-300x120.webp 300w, https:\/\/bestwillcams.com\/wp-content\/uploads\/2026\/03\/7inch-portable-Underwater-Inspection-Camera-Application-768x307.webp 768w, https:\/\/bestwillcams.com\/wp-content\/uploads\/2026\/03\/7inch-portable-Underwater-Inspection-Camera-Application.webp 1500w\" sizes=\"(max-width: 1024px) 100vw, 1024px\" \/><\/figure>\n\n\n\n<p><\/p>\n\n\n\n<h6 class=\"wp-block-heading has-text-align-center\">Zastosowania<\/h6>\n\n\n\n<p class=\"has-text-align-center\">Inspekcja podwodna<br>Kontrola zbiornika wody<br>Monitorowanie akwakultury<br>Wsparcie dla w\u0119dkarzy<br>Inspekcja \u0142odzi<br>Obserwacja studni<br>Inspekcja przemys\u0142owa<\/p>","protected":false},"excerpt":{"rendered":"<p>Zastosowania Inspekcja podwodnaInspekcja zbiornik\u00f3w wodnychMonitorowanie akwakulturyWsparcie rybo\u0142\u00f3wstwaInspekcja \u0142odziInspekcja studniInspekcja przemys\u0142owa<\/p>","protected":false},"featured_media":2980,"template":"","meta":{"_acf_changed":true,"site-sidebar-layout":"default","site-content-layout":"","ast-site-content-layout":"default","site-content-style":"default","site-sidebar-style":"default","ast-global-header-display":"","ast-banner-title-visibility":"","ast-main-header-display":"","ast-hfb-above-header-display":"","ast-hfb-below-header-display":"","ast-hfb-mobile-header-display":"","site-post-title":"","ast-breadcrumbs-content":"","ast-featured-img":"","footer-sml-layout":"","ast-disable-related-posts":"","theme-transparent-header-meta":"","adv-header-id-meta":"","stick-header-meta":"","header-above-stick-meta":"","header-main-stick-meta":"","header-below-stick-meta":"","astra-migrate-meta-layouts":"set","ast-page-background-enabled":"default","ast-page-background-meta":{"desktop":{"background-color":"var(--ast-global-color-4)","background-image":"","background-repeat":"repeat","background-position":"center center","background-size":"auto","background-attachment":"scroll","background-type":"","background-media":"","overlay-type":"","overlay-color":"","overlay-opacity":"","overlay-gradient":""},"tablet":{"background-color":"","background-image":"","background-repeat":"repeat","background-position":"center center","background-size":"auto","background-attachment":"scroll","background-type":"","background-media":"","overlay-type":"","overlay-color":"","overlay-opacity":"","overlay-gradient":""},"mobile":{"background-color":"","background-image":"","background-repeat":"repeat","background-position":"center center","background-size":"auto","background-attachment":"scroll","background-type":"","background-media":"","overlay-type":"","overlay-color":"","overlay-opacity":"","overlay-gradient":""}},"ast-content-background-meta":{"desktop":{"background-color":"var(--ast-global-color-5)","background-image":"","background-repeat":"repeat","background-position":"center center","background-size":"auto","background-attachment":"scroll","background-type":"","background-media":"","overlay-type":"","overlay-color":"","overlay-opacity":"","overlay-gradient":""},"tablet":{"background-color":"var(--ast-global-color-5)","background-image":"","background-repeat":"repeat","background-position":"center center","background-size":"auto","background-attachment":"scroll","background-type":"","background-media":"","overlay-type":"","overlay-color":"","overlay-opacity":"","overlay-gradient":""},"mobile":{"background-color":"var(--ast-global-color-5)","background-image":"","background-repeat":"repeat","background-position":"center center","background-size":"auto","background-attachment":"scroll","background-type":"","background-media":"","overlay-type":"","overlay-color":"","overlay-opacity":"","overlay-gradient":""}}},"product-category":[15],"class_list":["post-2987","product","type-product","status-publish","has-post-thumbnail","hentry","product-category-underwater-inspection-camera"],"acf":[],"_links":{"self":[{"href":"https:\/\/bestwillcams.com\/pl\/wp-json\/wp\/v2\/product\/2987","targetHints":{"allow":["GET"]}}],"collection":[{"href":"https:\/\/bestwillcams.com\/pl\/wp-json\/wp\/v2\/product"}],"about":[{"href":"https:\/\/bestwillcams.com\/pl\/wp-json\/wp\/v2\/types\/product"}],"wp:featuredmedia":[{"embeddable":true,"href":"https:\/\/bestwillcams.com\/pl\/wp-json\/wp\/v2\/media\/2980"}],"wp:attachment":[{"href":"https:\/\/bestwillcams.com\/pl\/wp-json\/wp\/v2\/media?parent=2987"}],"wp:term":[{"taxonomy":"product-category","embeddable":true,"href":"https:\/\/bestwillcams.com\/pl\/wp-json\/wp\/v2\/product-category?post=2987"}],"curies":[{"name":"wp","href":"https:\/\/api.w.org\/{rel}","templated":true}]}}