{"id":2038,"date":"2025-12-30T16:43:48","date_gmt":"2025-12-30T08:43:48","guid":{"rendered":"https:\/\/bestwillcams.com\/?page_id=2038"},"modified":"2026-03-03T09:44:14","modified_gmt":"2026-03-03T01:44:14","slug":"oem-manufacturing","status":"publish","type":"page","link":"https:\/\/bestwillcams.com\/pt\/oem-manufacturing\/","title":{"rendered":"Fabrico OEM"},"content":{"rendered":"<div data-elementor-type=\"wp-page\" data-elementor-id=\"2038\" class=\"elementor elementor-2038\" data-elementor-post-type=\"page\">\n\t\t\t\t<div class=\"elementor-element elementor-element-0e33895 e-flex e-con-boxed e-con e-parent\" data-id=\"0e33895\" data-element_type=\"container\" data-e-type=\"container\" data-settings=\"{&quot;background_background&quot;:&quot;classic&quot;}\">\n\t\t\t\t\t<div class=\"e-con-inner\">\n\t\t\t\t<div class=\"elementor-element elementor-element-6d37a41 elementor-widget elementor-widget-heading\" data-id=\"6d37a41\" data-element_type=\"widget\" data-e-type=\"widget\" data-widget_type=\"heading.default\">\n\t\t\t\t\t\t\t<h1 class=\"elementor-heading-title elementor-size-default\">Fabrico OEM para sistemas de c\u00e2maras subaqu\u00e1ticas<\/h1>\t\t\t\t<\/div>\n\t\t\t\t<div class=\"elementor-element elementor-element-f5e35d8 elementor-hidden-tablet elementor-hidden-mobile elementor-widget elementor-widget-text-editor\" data-id=\"f5e35d8\" data-element_type=\"widget\" data-e-type=\"widget\" data-widget_type=\"text-editor.default\">\n\t\t\t\t\t\t\t\t\t\t\t<p>Fornecemos <strong data-start=\"281\" data-end=\"311\">Servi\u00e7os de fabrico OEM<\/strong> para clientes que j\u00e1 possuem especifica\u00e7\u00f5es de produto claras e procuram um parceiro de produ\u00e7\u00e3o fi\u00e1vel. <strong data-start=\"457\" data-end=\"486\">sistemas de c\u00e2maras subaqu\u00e1ticas<\/strong>, Os nossos servi\u00e7os OEM centram-se em <strong data-start=\"514\" data-end=\"578\">montagem est\u00e1vel, qualidade consistente e produ\u00e7\u00e3o escal\u00e1vel<\/strong>, A nossa empresa est\u00e1 a ajudar os nossos parceiros a colocar no mercado produtos comprovados com confian\u00e7a.<\/p>\t\t\t\t\t\t\t\t<\/div>\n\t\t\t\t\t<\/div>\n\t\t\t\t<\/div>\n\t\t<div class=\"elementor-element elementor-element-5602ca4 e-flex e-con-boxed e-con e-parent\" data-id=\"5602ca4\" data-element_type=\"container\" data-e-type=\"container\">\n\t\t\t\t\t<div class=\"e-con-inner\">\n\t\t\t\t<div class=\"elementor-element elementor-element-b1f29a7 elementor-widget elementor-widget-text-editor\" data-id=\"b1f29a7\" data-element_type=\"widget\" data-e-type=\"widget\" data-widget_type=\"text-editor.default\">\n\t\t\t\t\t\t\t\t\t\t\t<h4>O que o nosso fabrico OEM abrange<\/h4><p>Os nossos servi\u00e7os de fabrico OEM s\u00e3o constru\u00eddos em torno de <strong>plataformas de c\u00e2maras subaqu\u00e1ticas maduras<\/strong> que foram validados em diferentes aplica\u00e7\u00f5es.<\/p><h5>Principais capacidades OEM<\/h5><ul><li>Montagem completa do sistema de c\u00e2mara subaqu\u00e1tica<\/li><li>Integra\u00e7\u00e3o de c\u00e2maras, cabos, bobinas e monitores<\/li><li>Processo de produ\u00e7\u00e3o normalizado para encomendas repetidas<\/li><li>Inspe\u00e7\u00e3o de entrada de material e controlo de qualidade em linha<\/li><li>Teste final do produto antes da expedi\u00e7\u00e3o<\/li><\/ul><p>Concentramo-nos no fabrico ao n\u00edvel do sistema e n\u00e3o apenas em componentes individuais.<\/p>\t\t\t\t\t\t\t\t<\/div>\n\t\t\t\t<div class=\"elementor-element elementor-element-6263700 elementor-widget__width-initial elementor-widget elementor-widget-image\" data-id=\"6263700\" data-element_type=\"widget\" data-e-type=\"widget\" data-widget_type=\"image.default\">\n\t\t\t\t\t\t\t\t\t\t\t\t\t\t\t\t\t<img fetchpriority=\"high\" decoding=\"async\" width=\"1200\" height=\"800\" src=\"https:\/\/bestwillcams.com\/wp-content\/uploads\/2026\/02\/fishing-camera-OEM-Manufacturing.webp\" class=\"attachment-full size-full wp-image-2650\" alt=\"\" srcset=\"https:\/\/bestwillcams.com\/wp-content\/uploads\/2026\/02\/fishing-camera-OEM-Manufacturing.webp 1200w, https:\/\/bestwillcams.com\/wp-content\/uploads\/2026\/02\/fishing-camera-OEM-Manufacturing-300x200.webp 300w, https:\/\/bestwillcams.com\/wp-content\/uploads\/2026\/02\/fishing-camera-OEM-Manufacturing-1024x683.webp 1024w, https:\/\/bestwillcams.com\/wp-content\/uploads\/2026\/02\/fishing-camera-OEM-Manufacturing-768x512.webp 768w\" sizes=\"(max-width: 1200px) 100vw, 1200px\" \/>\t\t\t\t\t\t\t\t\t\t\t\t\t\t\t<\/div>\n\t\t\t\t\t<\/div>\n\t\t\t\t<\/div>\n\t\t<div class=\"elementor-element elementor-element-a0c8316 e-flex e-con-boxed e-con e-parent\" data-id=\"a0c8316\" data-element_type=\"container\" data-e-type=\"container\">\n\t\t\t\t\t<div class=\"e-con-inner\">\n\t\t\t\t<div class=\"elementor-element elementor-element-62ee913 elementor-widget elementor-widget-text-editor\" data-id=\"62ee913\" data-element_type=\"widget\" data-e-type=\"widget\" data-widget_type=\"text-editor.default\">\n\t\t\t\t\t\t\t\t\t\t\t<h5 data-start=\"1328\" data-end=\"1370\">Produtos adequados para fabrico OEM<\/h5><p data-start=\"1372\" data-end=\"1444\">Os nossos servi\u00e7os de fabrico OEM apoiam as seguintes categorias de produtos:<\/p><ul data-start=\"1446\" data-end=\"1771\"><li data-start=\"1446\" data-end=\"1578\"><p data-start=\"1448\" data-end=\"1578\"><strong data-start=\"1448\" data-end=\"1488\">Sistemas de c\u00e2maras de inspe\u00e7\u00e3o subaqu\u00e1tica<\/strong><br data-start=\"1488\" data-end=\"1491\" \/>Para inspe\u00e7\u00e3o industrial, monitoriza\u00e7\u00e3o de aquacultura e observa\u00e7\u00e3o subaqu\u00e1tica geral<\/p><\/li><li data-start=\"1580\" data-end=\"1675\"><p data-start=\"1582\" data-end=\"1675\"><strong data-start=\"1582\" data-end=\"1620\">Sistemas de c\u00e2maras de inspe\u00e7\u00e3o de furos<\/strong><br data-start=\"1620\" data-end=\"1623\" \/>Para aplica\u00e7\u00f5es de inspe\u00e7\u00e3o de po\u00e7os profundos e verticais<\/p><\/li><li data-start=\"1677\" data-end=\"1771\"><p data-start=\"1679\" data-end=\"1771\"><strong data-start=\"1679\" data-end=\"1716\">Sistemas de c\u00e2maras de pesca subaqu\u00e1tica<\/strong><br data-start=\"1716\" data-end=\"1719\" \/>Para os mercados de consumo e da pesca semi-profissional<\/p><\/li><\/ul><p data-start=\"1773\" data-end=\"1874\">Todos os projectos OEM s\u00e3o baseados em <strong data-start=\"1803\" data-end=\"1833\">plataformas existentes e comprovadas<\/strong> para garantir estabilidade e efici\u00eancia de custos.<\/p>\t\t\t\t\t\t\t\t<\/div>\n\t\t\t\t<div class=\"elementor-element elementor-element-27c086c elementor-widget elementor-widget-text-editor\" data-id=\"27c086c\" data-element_type=\"widget\" data-e-type=\"widget\" data-widget_type=\"text-editor.default\">\n\t\t\t\t\t\t\t\t\t\t\t<h5 data-start=\"1881\" data-end=\"1925\">Suporte de engenharia durante a produ\u00e7\u00e3o OEM<\/h5><p data-start=\"1927\" data-end=\"1976\">O fabrico OEM n\u00e3o significa uma produ\u00e7\u00e3o r\u00edgida.<\/p><p data-start=\"1978\" data-end=\"2114\">A nossa equipa de engenharia presta apoio durante o processo OEM para garantir <strong data-start=\"2049\" data-end=\"2102\">compatibilidade, capacidade de fabrico e fiabilidade<\/strong>, incluindo:<\/p><ul data-start=\"2116\" data-end=\"2326\"><li data-start=\"2116\" data-end=\"2158\"><p data-start=\"2118\" data-end=\"2158\">Revis\u00e3o das especifica\u00e7\u00f5es antes da produ\u00e7\u00e3o<\/p><\/li><li data-start=\"2159\" data-end=\"2207\"><p data-start=\"2161\" data-end=\"2207\">Verifica\u00e7\u00f5es de compatibilidade de componentes e interfaces<\/p><\/li><li data-start=\"2208\" data-end=\"2265\"><p data-start=\"2210\" data-end=\"2265\">Verifica\u00e7\u00e3o do comprimento do cabo, da caixa e da configura\u00e7\u00e3o<\/p><\/li><li data-start=\"2266\" data-end=\"2326\"><p data-start=\"2268\" data-end=\"2326\">Pequenos ajustes funcionais para otimiza\u00e7\u00e3o da produ\u00e7\u00e3o<\/p><\/li><\/ul><p data-start=\"2328\" data-end=\"2398\">Este apoio ajuda a reduzir os riscos de produ\u00e7\u00e3o e a evitar revis\u00f5es dispendiosas.<\/p>\t\t\t\t\t\t\t\t<\/div>\n\t\t\t\t<div class=\"elementor-element elementor-element-790f596 elementor-widget elementor-widget-text-editor\" data-id=\"790f596\" data-element_type=\"widget\" data-e-type=\"widget\" data-widget_type=\"text-editor.default\">\n\t\t\t\t\t\t\t\t\t\t\t<h5 data-start=\"2405\" data-end=\"2448\">Controlo de qualidade e consist\u00eancia da produ\u00e7\u00e3o<\/h5><p data-start=\"2450\" data-end=\"2495\">A consist\u00eancia \u00e9 fundamental no fabrico OEM.<\/p><p data-start=\"2497\" data-end=\"2600\">Implementamos um controlo de qualidade em v\u00e1rias fases para garantir que cada lote cumpre as especifica\u00e7\u00f5es acordadas:<\/p><ul data-start=\"2602\" data-end=\"2789\"><li data-start=\"2602\" data-end=\"2641\"><p data-start=\"2604\" data-end=\"2641\">Inspe\u00e7\u00e3o dos materiais antes da montagem<\/p><\/li><li data-start=\"2642\" data-end=\"2670\"><p data-start=\"2644\" data-end=\"2670\">Controlo do processo de montagem<\/p><\/li><li data-start=\"2671\" data-end=\"2738\"><p data-start=\"2673\" data-end=\"2738\">Ensaios funcionais da c\u00e2mara, da ilumina\u00e7\u00e3o e da transmiss\u00e3o de sinais<\/p><\/li><li data-start=\"2739\" data-end=\"2789\"><p data-start=\"2741\" data-end=\"2789\">Inspe\u00e7\u00e3o final antes da embalagem e expedi\u00e7\u00e3o<\/p><\/li><\/ul><p data-start=\"2791\" data-end=\"2859\">O nosso objetivo \u00e9 fornecer <strong data-start=\"2814\" data-end=\"2836\">qualidade repet\u00edvel<\/strong>, e n\u00e3o amostras \u00fanicas.<\/p>\t\t\t\t\t\t\t\t<\/div>\n\t\t\t\t<div class=\"elementor-element elementor-element-37f05f7 elementor-widget elementor-widget-text-editor\" data-id=\"37f05f7\" data-element_type=\"widget\" data-e-type=\"widget\" data-widget_type=\"text-editor.default\">\n\t\t\t\t\t\t\t\t\t\t\t<h5 data-start=\"2866\" data-end=\"2903\">Fluxo de trabalho t\u00edpico de fabrico OEM<\/h5><p data-start=\"2905\" data-end=\"2961\">O nosso processo de fabrico OEM \u00e9 simples e transparente:<\/p><ol data-start=\"2963\" data-end=\"3140\"><li data-start=\"2963\" data-end=\"3002\"><p data-start=\"2966\" data-end=\"3002\">Confirma\u00e7\u00e3o da especifica\u00e7\u00e3o do produto<\/p><\/li><li data-start=\"3003\" data-end=\"3045\"><p data-start=\"3006\" data-end=\"3045\">Valida\u00e7\u00e3o da plataforma e da configura\u00e7\u00e3o<\/p><\/li><li data-start=\"3046\" data-end=\"3082\"><p data-start=\"3049\" data-end=\"3082\">Prepara\u00e7\u00e3o e aprova\u00e7\u00e3o de amostras<\/p><\/li><li data-start=\"3083\" data-end=\"3103\"><p data-start=\"3086\" data-end=\"3103\">Produ\u00e7\u00e3o em massa<\/p><\/li><li data-start=\"3104\" data-end=\"3140\"><p data-start=\"3107\" data-end=\"3140\">Controlo de qualidade e entrega<\/p><\/li><\/ol><p data-start=\"3142\" data-end=\"3222\">Uma comunica\u00e7\u00e3o clara em cada fase ajuda a manter os prazos e as expectativas alinhados.<\/p>\t\t\t\t\t\t\t\t<\/div>\n\t\t\t\t<div class=\"elementor-element elementor-element-93411e1 elementor-widget elementor-widget-text-editor\" data-id=\"93411e1\" data-element_type=\"widget\" data-e-type=\"widget\" data-widget_type=\"text-editor.default\">\n\t\t\t\t\t\t\t\t\t\t\t<h5 data-start=\"3229\" data-end=\"3269\">Para quem \u00e9 melhor o nosso fabrico OEM<\/h5><h6 data-start=\"3271\" data-end=\"3320\"><strong data-start=\"3271\" data-end=\"3320\">O fabrico OEM \u00e9 ideal para clientes que:<\/strong><\/h6><ul data-start=\"3321\" data-end=\"3511\"><li data-start=\"3321\" data-end=\"3368\"><p data-start=\"3323\" data-end=\"3368\">J\u00e1 existem especifica\u00e7\u00f5es de produto definidas<\/p><\/li><li data-start=\"3369\" data-end=\"3410\"><p data-start=\"3371\" data-end=\"3410\">Exigir uma produ\u00e7\u00e3o est\u00e1vel e repet\u00edvel<\/p><\/li><li data-start=\"3411\" data-end=\"3450\"><p data-start=\"3413\" data-end=\"3450\">Planear o aprovisionamento a m\u00e9dio e longo prazo<\/p><\/li><li data-start=\"3451\" data-end=\"3511\"><p data-start=\"3453\" data-end=\"3511\">Valorizar a fiabilidade do fabrico e a consist\u00eancia da entrega<\/p><\/li><\/ul><h6 data-start=\"3513\" data-end=\"3558\"><strong data-start=\"3513\" data-end=\"3558\">O fabrico OEM pode n\u00e3o ser adequado se:<\/strong><\/h6><ul data-start=\"3559\" data-end=\"3649\"><li data-start=\"3559\" data-end=\"3601\"><p data-start=\"3561\" data-end=\"3601\">O conceito do produto ainda n\u00e3o est\u00e1 definido<\/p><\/li><li data-start=\"3602\" data-end=\"3649\"><p data-start=\"3604\" data-end=\"3649\">\u00c9 necess\u00e1rio um grande desenvolvimento no terreno<\/p><\/li><\/ul><p data-start=\"3651\" data-end=\"3731\">Isto permite-nos concentrar em projectos em que o fabrico OEM acrescenta o maior valor.<\/p>\t\t\t\t\t\t\t\t<\/div>\n\t\t\t\t<div class=\"elementor-element elementor-element-7857ffd elementor-widget elementor-widget-text-editor\" data-id=\"7857ffd\" data-element_type=\"widget\" data-e-type=\"widget\" data-widget_type=\"text-editor.default\">\n\t\t\t\t\t\t\t\t\t\t\t<h5 data-start=\"3738\" data-end=\"3788\">Porqu\u00ea escolher-nos como seu parceiro de fabrico OEM<\/h5><ul data-start=\"3790\" data-end=\"4010\"><li data-start=\"3790\" data-end=\"3834\"><p data-start=\"3792\" data-end=\"3834\">Especializada em sistemas de c\u00e2maras subaqu\u00e1ticas<\/p><\/li><li data-start=\"3835\" data-end=\"3869\"><p data-start=\"3837\" data-end=\"3869\">Plataformas de fabrico comprovadas<\/p><\/li><li data-start=\"3870\" data-end=\"3918\"><p data-start=\"3872\" data-end=\"3918\">Cadeia de fornecimento est\u00e1vel e integra\u00e7\u00e3o da montagem<\/p><\/li><li data-start=\"3919\" data-end=\"3976\"><p data-start=\"3921\" data-end=\"3976\">Apoio de engenharia centrado na viabilidade da produ\u00e7\u00e3o<\/p><\/li><li data-start=\"3977\" data-end=\"4010\"><p data-start=\"3979\" data-end=\"4010\">Mentalidade de parceria a longo prazo<\/p><\/li><\/ul><p data-start=\"4012\" data-end=\"4117\">O nosso objetivo \u00e9 ser mais do que um fornecedor - trabalhamos como uma <strong data-start=\"4059\" data-end=\"4084\">parceiro de fabrico<\/strong> apoiar o crescimento da sua empresa.<\/p>\t\t\t\t\t\t\t\t<\/div>\n\t\t\t\t\t<\/div>\n\t\t\t\t<\/div>\n\t\t\t\t<\/div>","protected":false},"excerpt":{"rendered":"<p>OEM Manufacturing for Underwater Camera Systems We provide OEM manufacturing services for customers who already have clear product specifications and [&hellip;]<\/p>\n","protected":false},"author":1,"featured_media":0,"parent":0,"menu_order":0,"comment_status":"closed","ping_status":"closed","template":"","meta":{"_acf_changed":false,"site-sidebar-layout":"no-sidebar","site-content-layout":"","ast-site-content-layout":"full-width-container","site-content-style":"default","site-sidebar-style":"default","ast-global-header-display":"","ast-banner-title-visibility":"disabled","ast-main-header-display":"","ast-hfb-above-header-display":"","ast-hfb-below-header-display":"","ast-hfb-mobile-header-display":"","site-post-title":"disabled","ast-breadcrumbs-content":"","ast-featured-img":"","footer-sml-layout":"","ast-disable-related-posts":"","theme-transparent-header-meta":"","adv-header-id-meta":"","stick-header-meta":"","header-above-stick-meta":"","header-main-stick-meta":"","header-below-stick-meta":"","astra-migrate-meta-layouts":"set","ast-page-background-enabled":"default","ast-page-background-meta":{"desktop":{"background-color":"var(--ast-global-color-4)","background-image":"","background-repeat":"repeat","background-position":"center center","background-size":"auto","background-attachment":"scroll","background-type":"","background-media":"","overlay-type":"","overlay-color":"","overlay-opacity":"","overlay-gradient":""},"tablet":{"background-color":"","background-image":"","background-repeat":"repeat","background-position":"center center","background-size":"auto","background-attachment":"scroll","background-type":"","background-media":"","overlay-type":"","overlay-color":"","overlay-opacity":"","overlay-gradient":""},"mobile":{"background-color":"","background-image":"","background-repeat":"repeat","background-position":"center center","background-size":"auto","background-attachment":"scroll","background-type":"","background-media":"","overlay-type":"","overlay-color":"","overlay-opacity":"","overlay-gradient":""}},"ast-content-background-meta":{"desktop":{"background-color":"var(--ast-global-color-5)","background-image":"","background-repeat":"repeat","background-position":"center center","background-size":"auto","background-attachment":"scroll","background-type":"","background-media":"","overlay-type":"","overlay-color":"","overlay-opacity":"","overlay-gradient":""},"tablet":{"background-color":"var(--ast-global-color-5)","background-image":"","background-repeat":"repeat","background-position":"center center","background-size":"auto","background-attachment":"scroll","background-type":"","background-media":"","overlay-type":"","overlay-color":"","overlay-opacity":"","overlay-gradient":""},"mobile":{"background-color":"var(--ast-global-color-5)","background-image":"","background-repeat":"repeat","background-position":"center center","background-size":"auto","background-attachment":"scroll","background-type":"","background-media":"","overlay-type":"","overlay-color":"","overlay-opacity":"","overlay-gradient":""}},"footnotes":""},"class_list":["post-2038","page","type-page","status-publish","hentry"],"acf":[],"_links":{"self":[{"href":"https:\/\/bestwillcams.com\/pt\/wp-json\/wp\/v2\/pages\/2038","targetHints":{"allow":["GET"]}}],"collection":[{"href":"https:\/\/bestwillcams.com\/pt\/wp-json\/wp\/v2\/pages"}],"about":[{"href":"https:\/\/bestwillcams.com\/pt\/wp-json\/wp\/v2\/types\/page"}],"author":[{"embeddable":true,"href":"https:\/\/bestwillcams.com\/pt\/wp-json\/wp\/v2\/users\/1"}],"replies":[{"embeddable":true,"href":"https:\/\/bestwillcams.com\/pt\/wp-json\/wp\/v2\/comments?post=2038"}],"version-history":[{"count":31,"href":"https:\/\/bestwillcams.com\/pt\/wp-json\/wp\/v2\/pages\/2038\/revisions"}],"predecessor-version":[{"id":2822,"href":"https:\/\/bestwillcams.com\/pt\/wp-json\/wp\/v2\/pages\/2038\/revisions\/2822"}],"wp:attachment":[{"href":"https:\/\/bestwillcams.com\/pt\/wp-json\/wp\/v2\/media?parent=2038"}],"curies":[{"name":"wp","href":"https:\/\/api.w.org\/{rel}","templated":true}]}}