{"id":2064,"date":"2026-01-02T10:24:01","date_gmt":"2026-01-02T02:24:01","guid":{"rendered":"https:\/\/bestwillcams.com\/?page_id=2064"},"modified":"2026-03-03T09:43:14","modified_gmt":"2026-03-03T01:43:14","slug":"odm-customization","status":"publish","type":"page","link":"https:\/\/bestwillcams.com\/pt\/odm-customization\/","title":{"rendered":"Personaliza\u00e7\u00e3o ODM"},"content":{"rendered":"<div data-elementor-type=\"wp-page\" data-elementor-id=\"2064\" class=\"elementor elementor-2064\" data-elementor-post-type=\"page\">\n\t\t\t\t<div class=\"elementor-element elementor-element-73b2f44d e-flex e-con-boxed e-con e-parent\" data-id=\"73b2f44d\" data-element_type=\"container\" data-e-type=\"container\" data-settings=\"{&quot;background_background&quot;:&quot;classic&quot;}\">\n\t\t\t\t\t<div class=\"e-con-inner\">\n\t\t\t\t<div class=\"elementor-element elementor-element-6254af45 elementor-widget elementor-widget-heading\" data-id=\"6254af45\" data-element_type=\"widget\" data-e-type=\"widget\" data-widget_type=\"heading.default\">\n\t\t\t\t\t\t\t<h1 class=\"elementor-heading-title elementor-size-default\">Personaliza\u00e7\u00e3o ODM baseada numa c\u00e2mara subaqu\u00e1tica comprovada<\/h1>\t\t\t\t<\/div>\n\t\t\t\t<div class=\"elementor-element elementor-element-4ede2f03 elementor-hidden-tablet elementor-hidden-mobile elementor-widget elementor-widget-text-editor\" data-id=\"4ede2f03\" data-element_type=\"widget\" data-e-type=\"widget\" data-widget_type=\"text-editor.default\">\n\t\t\t\t\t\t\t\t\t\t\t<p data-start=\"307\" data-end=\"428\">Oferecemos <strong data-start=\"316\" data-end=\"346\">Servi\u00e7os de personaliza\u00e7\u00e3o ODM<\/strong> para clientes que necessitam de diferencia\u00e7\u00e3o de produtos, minimizando o risco de desenvolvimento. <strong data-start=\"450\" data-end=\"468\">baseado em plataforma<\/strong>, A empresa est\u00e1 a desenvolver uma estrat\u00e9gia de desenvolvimento de produtos, concentrando-se na configura\u00e7\u00e3o funcional, na adapta\u00e7\u00e3o estrutural e na personaliza\u00e7\u00e3o espec\u00edfica da aplica\u00e7\u00e3o - em vez de se concentrar no desenvolvimento de produtos de raiz.<\/p>\t\t\t\t\t\t\t\t<\/div>\n\t\t\t\t\t<\/div>\n\t\t\t\t<\/div>\n\t\t<div class=\"elementor-element elementor-element-621dbcaa e-flex e-con-boxed e-con e-parent\" data-id=\"621dbcaa\" data-element_type=\"container\" data-e-type=\"container\">\n\t\t\t\t\t<div class=\"e-con-inner\">\n\t\t\t\t<div class=\"elementor-element elementor-element-667a61c4 elementor-widget elementor-widget-text-editor\" data-id=\"667a61c4\" data-element_type=\"widget\" data-e-type=\"widget\" data-widget_type=\"text-editor.default\">\n\t\t\t\t\t\t\t\t\t\t\t<h4 data-start=\"763\" data-end=\"799\">O que queremos dizer com personaliza\u00e7\u00e3o ODM<\/h4><p data-start=\"801\" data-end=\"849\">A personaliza\u00e7\u00e3o ODM n\u00e3o se trata de I&amp;D experimental.<\/p><p data-start=\"851\" data-end=\"963\">Trata-se de <strong data-start=\"863\" data-end=\"910\">adapta\u00e7\u00e3o de plataformas de c\u00e2maras subaqu\u00e1ticas comprovadas<\/strong> para satisfazer requisitos espec\u00edficos de aplica\u00e7\u00e3o ou de mercado.<\/p><p data-start=\"965\" data-end=\"1010\">Os nossos servi\u00e7os ODM s\u00e3o ideais para clientes que:<\/p><ul data-start=\"1011\" data-end=\"1143\"><li data-start=\"1011\" data-end=\"1046\"><p data-start=\"1013\" data-end=\"1046\">Ter um cen\u00e1rio de aplica\u00e7\u00e3o claro<\/p><\/li><li data-start=\"1047\" data-end=\"1092\"><p data-start=\"1049\" data-end=\"1092\">Necessidade de diferencia\u00e7\u00e3o em rela\u00e7\u00e3o aos produtos padr\u00e3o<\/p><\/li><li data-start=\"1093\" data-end=\"1143\"><p data-start=\"1095\" data-end=\"1143\">Preferir arquitecturas de sistemas est\u00e1veis e validadas<\/p><\/li><\/ul>\t\t\t\t\t\t\t\t<\/div>\n\t\t\t\t<div class=\"elementor-element elementor-element-17dd837e elementor-widget__width-initial elementor-widget elementor-widget-image\" data-id=\"17dd837e\" data-element_type=\"widget\" data-e-type=\"widget\" data-widget_type=\"image.default\">\n\t\t\t\t\t\t\t\t\t\t\t\t\t\t\t\t\t<img fetchpriority=\"high\" decoding=\"async\" width=\"1200\" height=\"800\" src=\"https:\/\/bestwillcams.com\/wp-content\/uploads\/2026\/02\/fishing-camera-ODM-Customization.webp\" class=\"attachment-full size-full wp-image-2655\" alt=\"\" srcset=\"https:\/\/bestwillcams.com\/wp-content\/uploads\/2026\/02\/fishing-camera-ODM-Customization.webp 1200w, https:\/\/bestwillcams.com\/wp-content\/uploads\/2026\/02\/fishing-camera-ODM-Customization-300x200.webp 300w, https:\/\/bestwillcams.com\/wp-content\/uploads\/2026\/02\/fishing-camera-ODM-Customization-1024x683.webp 1024w, https:\/\/bestwillcams.com\/wp-content\/uploads\/2026\/02\/fishing-camera-ODM-Customization-768x512.webp 768w\" sizes=\"(max-width: 1200px) 100vw, 1200px\" \/>\t\t\t\t\t\t\t\t\t\t\t\t\t\t\t<\/div>\n\t\t\t\t\t<\/div>\n\t\t\t\t<\/div>\n\t\t<div class=\"elementor-element elementor-element-6f46d6c2 e-flex e-con-boxed e-con e-parent\" data-id=\"6f46d6c2\" data-element_type=\"container\" data-e-type=\"container\">\n\t\t\t\t\t<div class=\"e-con-inner\">\n\t\t\t\t<div class=\"elementor-element elementor-element-14974650 elementor-widget elementor-widget-text-editor\" data-id=\"14974650\" data-element_type=\"widget\" data-e-type=\"widget\" data-widget_type=\"text-editor.default\">\n\t\t\t\t\t\t\t\t\t\t\t<h5 data-start=\"1150\" data-end=\"1172\">\u00c2mbito da personaliza\u00e7\u00e3o<\/h5><p data-start=\"1174\" data-end=\"1235\">A nossa personaliza\u00e7\u00e3o ODM inclui normalmente as seguintes \u00e1reas:<\/p><h6 data-start=\"1237\" data-end=\"1261\">Configura\u00e7\u00e3o do sistema<\/h6><ul data-start=\"1262\" data-end=\"1436\"><li data-start=\"1262\" data-end=\"1312\"><p data-start=\"1264\" data-end=\"1312\">Sele\u00e7\u00e3o do m\u00f3dulo da c\u00e2mara e op\u00e7\u00f5es de resolu\u00e7\u00e3o<\/p><\/li><li data-start=\"1313\" data-end=\"1362\"><p data-start=\"1315\" data-end=\"1362\">Configura\u00e7\u00e3o da ilumina\u00e7\u00e3o e \u00e2ngulo de ilumina\u00e7\u00e3o<\/p><\/li><li data-start=\"1363\" data-end=\"1397\"><p data-start=\"1365\" data-end=\"1397\">Comprimento do cabo e correspond\u00eancia de tipo<\/p><\/li><li data-start=\"1398\" data-end=\"1436\"><p data-start=\"1400\" data-end=\"1436\">Tamanho do monitor e op\u00e7\u00f5es de interface<\/p><\/li><\/ul><h6 data-start=\"1438\" data-end=\"1479\">Personaliza\u00e7\u00e3o estrutural e de apar\u00eancia<\/h6><ul data-start=\"1480\" data-end=\"1649\"><li data-start=\"1480\" data-end=\"1517\"><p data-start=\"1482\" data-end=\"1517\">Ajustes no design do compartimento da c\u00e2mara<\/p><\/li><li data-start=\"1518\" data-end=\"1560\"><p data-start=\"1520\" data-end=\"1560\">Estrutura da bobina e otimiza\u00e7\u00e3o da disposi\u00e7\u00e3o<\/p><\/li><li data-start=\"1561\" data-end=\"1606\"><p data-start=\"1563\" data-end=\"1606\">Compatibilidade mec\u00e2nica com os acess\u00f3rios<\/p><\/li><li data-start=\"1607\" data-end=\"1649\"><p data-start=\"1609\" data-end=\"1649\">Altera\u00e7\u00f5es do fator de forma orientadas para as aplica\u00e7\u00f5es<\/p><\/li><\/ul><h6 data-start=\"1651\" data-end=\"1676\">Adapta\u00e7\u00e3o funcional<\/h6><ul data-start=\"1677\" data-end=\"1802\"><li data-start=\"1677\" data-end=\"1722\"><p data-start=\"1679\" data-end=\"1722\">Configura\u00e7\u00e3o da interface e da sa\u00edda de sinal<\/p><\/li><li data-start=\"1723\" data-end=\"1748\"><p data-start=\"1725\" data-end=\"1748\">Correspond\u00eancia da fonte de alimenta\u00e7\u00e3o<\/p><\/li><li data-start=\"1749\" data-end=\"1802\"><p data-start=\"1751\" data-end=\"1802\">Integra\u00e7\u00e3o com acess\u00f3rios espec\u00edficos da aplica\u00e7\u00e3o<\/p><\/li><\/ul><p data-start=\"1804\" data-end=\"1920\">Todas as personaliza\u00e7\u00f5es s\u00e3o avaliadas pela nossa equipa de engenharia para garantir <strong data-start=\"1869\" data-end=\"1919\">viabilidade t\u00e9cnica e estabilidade da produ\u00e7\u00e3o<\/strong>.<\/p>\t\t\t\t\t\t\t\t<\/div>\n\t\t\t\t<div class=\"elementor-element elementor-element-2a33457f elementor-widget elementor-widget-text-editor\" data-id=\"2a33457f\" data-element_type=\"widget\" data-e-type=\"widget\" data-widget_type=\"text-editor.default\">\n\t\t\t\t\t\t\t\t\t\t\t<h5 data-start=\"1927\" data-end=\"1966\">Apoio de engenharia para projectos ODM<\/h5><p data-start=\"1968\" data-end=\"2059\">A nossa equipa de engenharia trabalha em estreita colabora\u00e7\u00e3o com os clientes durante todo o processo de personaliza\u00e7\u00e3o ODM.<\/p><p data-start=\"2061\" data-end=\"2090\">O apoio de engenharia inclui:<\/p><ul data-start=\"2091\" data-end=\"2259\"><li data-start=\"2091\" data-end=\"2139\"><p data-start=\"2093\" data-end=\"2139\">Avalia\u00e7\u00e3o dos requisitos e correspond\u00eancia entre plataformas<\/p><\/li><li data-start=\"2140\" data-end=\"2182\"><p data-start=\"2142\" data-end=\"2182\">Viabilidade do projeto e avalia\u00e7\u00e3o dos riscos<\/p><\/li><li data-start=\"2183\" data-end=\"2219\"><p data-start=\"2185\" data-end=\"2219\">Prepara\u00e7\u00e3o de prot\u00f3tipos e amostras<\/p><\/li><li data-start=\"2220\" data-end=\"2259\"><p data-start=\"2222\" data-end=\"2259\">Otimiza\u00e7\u00e3o orientada para o fabrico<\/p><\/li><\/ul><p data-start=\"2261\" data-end=\"2391\">Este processo de desenvolvimento cooperativo ajuda a garantir que os produtos personalizados s\u00e3o <strong data-start=\"2340\" data-end=\"2369\">pronto para produ\u00e7\u00e3o em massa<\/strong>, e n\u00e3o apenas prot\u00f3tipos.<\/p>\t\t\t\t\t\t\t\t<\/div>\n\t\t\t\t<div class=\"elementor-element elementor-element-11594fe6 elementor-widget elementor-widget-text-editor\" data-id=\"11594fe6\" data-element_type=\"widget\" data-e-type=\"widget\" data-widget_type=\"text-editor.default\">\n\t\t\t\t\t\t\t\t\t\t\t<h5 data-start=\"2405\" data-end=\"2448\">Controlo de qualidade e consist\u00eancia da produ\u00e7\u00e3o<\/h5><p data-start=\"2450\" data-end=\"2495\">A consist\u00eancia \u00e9 fundamental no fabrico OEM.<\/p><p data-start=\"2497\" data-end=\"2600\">Implementamos um controlo de qualidade em v\u00e1rias fases para garantir que cada lote cumpre as especifica\u00e7\u00f5es acordadas:<\/p><ul data-start=\"2602\" data-end=\"2789\"><li data-start=\"2602\" data-end=\"2641\"><p data-start=\"2604\" data-end=\"2641\">Inspe\u00e7\u00e3o dos materiais antes da montagem<\/p><\/li><li data-start=\"2642\" data-end=\"2670\"><p data-start=\"2644\" data-end=\"2670\">Controlo do processo de montagem<\/p><\/li><li data-start=\"2671\" data-end=\"2738\"><p data-start=\"2673\" data-end=\"2738\">Ensaios funcionais da c\u00e2mara, da ilumina\u00e7\u00e3o e da transmiss\u00e3o de sinais<\/p><\/li><li data-start=\"2739\" data-end=\"2789\"><p data-start=\"2741\" data-end=\"2789\">Inspe\u00e7\u00e3o final antes da embalagem e expedi\u00e7\u00e3o<\/p><\/li><\/ul><p data-start=\"2791\" data-end=\"2859\">O nosso objetivo \u00e9 fornecer <strong data-start=\"2814\" data-end=\"2836\">qualidade repet\u00edvel<\/strong>, e n\u00e3o amostras \u00fanicas.<\/p>\t\t\t\t\t\t\t\t<\/div>\n\t\t\t\t<div class=\"elementor-element elementor-element-fe8dd5e elementor-widget elementor-widget-text-editor\" data-id=\"fe8dd5e\" data-element_type=\"widget\" data-e-type=\"widget\" data-widget_type=\"text-editor.default\">\n\t\t\t\t\t\t\t\t\t\t\t<h5 data-start=\"2735\" data-end=\"2764\">Fluxo de trabalho de personaliza\u00e7\u00e3o ODM<\/h5><p data-start=\"2766\" data-end=\"2826\">O nosso processo de personaliza\u00e7\u00e3o ODM \u00e9 estruturado e transparente:<\/p><ol data-start=\"2828\" data-end=\"3046\"><li data-start=\"2828\" data-end=\"2871\"><p data-start=\"2831\" data-end=\"2871\">Aplica\u00e7\u00e3o e discuss\u00e3o de requisitos<\/p><\/li><li data-start=\"2872\" data-end=\"2922\"><p data-start=\"2875\" data-end=\"2922\">Proposta de sele\u00e7\u00e3o e personaliza\u00e7\u00e3o da plataforma<\/p><\/li><li data-start=\"2923\" data-end=\"2964\"><p data-start=\"2926\" data-end=\"2964\">Avalia\u00e7\u00e3o e cota\u00e7\u00e3o de engenharia<\/p><\/li><li data-start=\"2965\" data-end=\"3005\"><p data-start=\"2968\" data-end=\"3005\">Desenvolvimento e confirma\u00e7\u00e3o de amostras<\/p><\/li><li data-start=\"3006\" data-end=\"3046\"><p data-start=\"3009\" data-end=\"3046\">Produ\u00e7\u00e3o em massa e controlo de qualidade<\/p><\/li><\/ol><p data-start=\"3048\" data-end=\"3122\">Cada etapa \u00e9 orientada pela viabilidade do fabrico e pela fiabilidade da entrega.<\/p>\t\t\t\t\t\t\t\t<\/div>\n\t\t\t\t<div class=\"elementor-element elementor-element-5fa4bfac elementor-widget elementor-widget-text-editor\" data-id=\"5fa4bfac\" data-element_type=\"widget\" data-e-type=\"widget\" data-widget_type=\"text-editor.default\">\n\t\t\t\t\t\t\t\t\t\t\t<h5 data-start=\"3549\" data-end=\"3585\">Para quem a personaliza\u00e7\u00e3o ODM \u00e9 melhor<\/h5><p data-start=\"3587\" data-end=\"3636\"><strong data-start=\"3587\" data-end=\"3636\">A personaliza\u00e7\u00e3o ODM \u00e9 ideal para clientes que:<\/strong><\/p><ul data-start=\"3637\" data-end=\"3812\"><li data-start=\"3637\" data-end=\"3686\"><p data-start=\"3639\" data-end=\"3686\">Necessidade de diferencia\u00e7\u00e3o funcional ou estrutural<\/p><\/li><li data-start=\"3687\" data-end=\"3725\"><p data-start=\"3689\" data-end=\"3725\">Pretende encurtar os ciclos de desenvolvimento<\/p><\/li><li data-start=\"3726\" data-end=\"3779\"><p data-start=\"3728\" data-end=\"3779\">Preferir custos controlados e riscos t\u00e9cnicos reduzidos<\/p><\/li><li data-start=\"3780\" data-end=\"3812\"><p data-start=\"3782\" data-end=\"3812\">Planear uma produ\u00e7\u00e3o escal\u00e1vel<\/p><\/li><\/ul><p data-start=\"3814\" data-end=\"3874\"><strong data-start=\"3814\" data-end=\"3874\">A personaliza\u00e7\u00e3o ODM pode n\u00e3o ser adequada para clientes que:<\/strong><\/p><ul data-start=\"3875\" data-end=\"3971\"><li data-start=\"3875\" data-end=\"3922\"><p data-start=\"3877\" data-end=\"3922\">Exigir I&amp;D completa do produto desde a fase de conce\u00e7\u00e3o<\/p><\/li><li data-start=\"3923\" data-end=\"3971\"><p data-start=\"3925\" data-end=\"3971\">Procurar projectos experimentais ou apenas de prot\u00f3tipos<\/p><\/li><\/ul>\t\t\t\t\t\t\t\t<\/div>\n\t\t\t\t<div class=\"elementor-element elementor-element-545c3eb3 elementor-widget elementor-widget-text-editor\" data-id=\"545c3eb3\" data-element_type=\"widget\" data-e-type=\"widget\" data-widget_type=\"text-editor.default\">\n\t\t\t\t\t\t\t\t\t\t\t<h5 data-start=\"3978\" data-end=\"4016\">Porqu\u00ea escolher-nos para a personaliza\u00e7\u00e3o ODM<\/h5><ul data-start=\"4018\" data-end=\"4270\"><li data-start=\"4018\" data-end=\"4064\"><p data-start=\"4020\" data-end=\"4064\">Plataformas de produtos de c\u00e2maras subaqu\u00e1ticas comprovadas<\/p><\/li><li data-start=\"4065\" data-end=\"4122\"><p data-start=\"4067\" data-end=\"4122\">Apoio de engenharia pr\u00e1tico e orientado para o fabrico<\/p><\/li><li data-start=\"4123\" data-end=\"4167\"><p data-start=\"4125\" data-end=\"4167\">\u00c2mbito e limites claros da personaliza\u00e7\u00e3o<\/p><\/li><li data-start=\"4168\" data-end=\"4217\"><p data-start=\"4170\" data-end=\"4217\">Cadeia de abastecimento e capacidade de produ\u00e7\u00e3o est\u00e1veis<\/p><\/li><li data-start=\"4218\" data-end=\"4270\"><p data-start=\"4220\" data-end=\"4270\">Experi\u00eancia em v\u00e1rios cen\u00e1rios de aplica\u00e7\u00e3o<\/p><\/li><\/ul><p data-start=\"4272\" data-end=\"4371\">O nosso objetivo \u00e9 fornecer <strong data-start=\"4295\" data-end=\"4370\">produtos personalizados que podem ser fabricados, s\u00e3o fi\u00e1veis e est\u00e3o prontos para o mercado<\/strong>.<\/p>\t\t\t\t\t\t\t\t<\/div>\n\t\t\t\t\t<\/div>\n\t\t\t\t<\/div>\n\t\t\t\t<\/div>","protected":false},"excerpt":{"rendered":"<p>ODM Customization Based on Proven Underwater Camera We offer ODM customization services for customers who need product differentiation while minimizing [&hellip;]<\/p>\n","protected":false},"author":1,"featured_media":0,"parent":0,"menu_order":0,"comment_status":"closed","ping_status":"closed","template":"","meta":{"_acf_changed":false,"site-sidebar-layout":"no-sidebar","site-content-layout":"page-builder","ast-site-content-layout":"full-width-container","site-content-style":"default","site-sidebar-style":"default","ast-global-header-display":"","ast-banner-title-visibility":"","ast-main-header-display":"","ast-hfb-above-header-display":"","ast-hfb-below-header-display":"","ast-hfb-mobile-header-display":"","site-post-title":"disabled","ast-breadcrumbs-content":"","ast-featured-img":"disabled","footer-sml-layout":"","ast-disable-related-posts":"","theme-transparent-header-meta":"","adv-header-id-meta":"","stick-header-meta":"","header-above-stick-meta":"","header-main-stick-meta":"","header-below-stick-meta":"","astra-migrate-meta-layouts":"set","ast-page-background-enabled":"default","ast-page-background-meta":{"desktop":{"background-color":"var(--ast-global-color-4)","background-image":"","background-repeat":"repeat","background-position":"center center","background-size":"auto","background-attachment":"scroll","background-type":"","background-media":"","overlay-type":"","overlay-color":"","overlay-opacity":"","overlay-gradient":""},"tablet":{"background-color":"","background-image":"","background-repeat":"repeat","background-position":"center center","background-size":"auto","background-attachment":"scroll","background-type":"","background-media":"","overlay-type":"","overlay-color":"","overlay-opacity":"","overlay-gradient":""},"mobile":{"background-color":"","background-image":"","background-repeat":"repeat","background-position":"center center","background-size":"auto","background-attachment":"scroll","background-type":"","background-media":"","overlay-type":"","overlay-color":"","overlay-opacity":"","overlay-gradient":""}},"ast-content-background-meta":{"desktop":{"background-color":"var(--ast-global-color-5)","background-image":"","background-repeat":"repeat","background-position":"center center","background-size":"auto","background-attachment":"scroll","background-type":"","background-media":"","overlay-type":"","overlay-color":"","overlay-opacity":"","overlay-gradient":""},"tablet":{"background-color":"var(--ast-global-color-5)","background-image":"","background-repeat":"repeat","background-position":"center center","background-size":"auto","background-attachment":"scroll","background-type":"","background-media":"","overlay-type":"","overlay-color":"","overlay-opacity":"","overlay-gradient":""},"mobile":{"background-color":"var(--ast-global-color-5)","background-image":"","background-repeat":"repeat","background-position":"center center","background-size":"auto","background-attachment":"scroll","background-type":"","background-media":"","overlay-type":"","overlay-color":"","overlay-opacity":"","overlay-gradient":""}},"footnotes":""},"class_list":["post-2064","page","type-page","status-publish","hentry"],"acf":[],"_links":{"self":[{"href":"https:\/\/bestwillcams.com\/pt\/wp-json\/wp\/v2\/pages\/2064","targetHints":{"allow":["GET"]}}],"collection":[{"href":"https:\/\/bestwillcams.com\/pt\/wp-json\/wp\/v2\/pages"}],"about":[{"href":"https:\/\/bestwillcams.com\/pt\/wp-json\/wp\/v2\/types\/page"}],"author":[{"embeddable":true,"href":"https:\/\/bestwillcams.com\/pt\/wp-json\/wp\/v2\/users\/1"}],"replies":[{"embeddable":true,"href":"https:\/\/bestwillcams.com\/pt\/wp-json\/wp\/v2\/comments?post=2064"}],"version-history":[{"count":16,"href":"https:\/\/bestwillcams.com\/pt\/wp-json\/wp\/v2\/pages\/2064\/revisions"}],"predecessor-version":[{"id":2819,"href":"https:\/\/bestwillcams.com\/pt\/wp-json\/wp\/v2\/pages\/2064\/revisions\/2819"}],"wp:attachment":[{"href":"https:\/\/bestwillcams.com\/pt\/wp-json\/wp\/v2\/media?parent=2064"}],"curies":[{"name":"wp","href":"https:\/\/api.w.org\/{rel}","templated":true}]}}