{"id":2070,"date":"2026-01-02T10:38:46","date_gmt":"2026-01-02T02:38:46","guid":{"rendered":"https:\/\/bestwillcams.com\/?page_id=2070"},"modified":"2026-03-03T09:45:23","modified_gmt":"2026-03-03T01:45:23","slug":"private-label-custom-branding","status":"publish","type":"page","link":"https:\/\/bestwillcams.com\/pt\/private-label-custom-branding\/","title":{"rendered":"Marca pr\u00f3pria \/ Marca personalizada"},"content":{"rendered":"<div data-elementor-type=\"wp-page\" data-elementor-id=\"2070\" class=\"elementor elementor-2070\" data-elementor-post-type=\"page\">\n\t\t\t\t<div class=\"elementor-element elementor-element-2cc62a3a e-flex e-con-boxed e-con e-parent\" data-id=\"2cc62a3a\" data-element_type=\"container\" data-e-type=\"container\" data-settings=\"{&quot;background_background&quot;:&quot;classic&quot;}\">\n\t\t\t\t\t<div class=\"e-con-inner\">\n\t\t\t\t<div class=\"elementor-element elementor-element-4bec1755 elementor-widget elementor-widget-heading\" data-id=\"4bec1755\" data-element_type=\"widget\" data-e-type=\"widget\" data-widget_type=\"heading.default\">\n\t\t\t\t\t\t\t<h1 class=\"elementor-heading-title elementor-size-default\">Marca pr\u00f3pria e marca personalizada para c\u00e2maras subaqu\u00e1ticas<\/h1>\t\t\t\t<\/div>\n\t\t\t\t<div class=\"elementor-element elementor-element-69ace026 elementor-hidden-tablet elementor-hidden-mobile elementor-widget elementor-widget-text-editor\" data-id=\"69ace026\" data-element_type=\"widget\" data-e-type=\"widget\" data-widget_type=\"text-editor.default\">\n\t\t\t\t\t\t\t\t\t\t\t<p data-start=\"289\" data-end=\"447\">Oferecemos <strong data-start=\"298\" data-end=\"345\">solu\u00e7\u00f5es de marca pr\u00f3pria e de marca personalizada<\/strong> para clientes que pretendem entrar ou expandir rapidamente o mercado das c\u00e2maras subaqu\u00e1ticas utilizando produtos comprovados. <strong data-start=\"489\" data-end=\"527\">plataformas de c\u00e2maras subaqu\u00e1ticas maduras<\/strong>, permitindo aos parceiros lan\u00e7ar produtos de marca com um risco m\u00ednimo de desenvolvimento e prazos de entrega curtos.<\/p>\t\t\t\t\t\t\t\t<\/div>\n\t\t\t\t\t<\/div>\n\t\t\t\t<\/div>\n\t\t<div class=\"elementor-element elementor-element-5c794ac1 e-flex e-con-boxed e-con e-parent\" data-id=\"5c794ac1\" data-element_type=\"container\" data-e-type=\"container\">\n\t\t\t\t\t<div class=\"e-con-inner\">\n\t\t\t\t<div class=\"elementor-element elementor-element-22ea85 elementor-widget elementor-widget-text-editor\" data-id=\"22ea85\" data-element_type=\"widget\" data-e-type=\"widget\" data-widget_type=\"text-editor.default\">\n\t\t\t\t\t\t\t\t\t\t\t<h4 data-start=\"632\" data-end=\"674\">O que inclui o nosso servi\u00e7o de marca pr\u00f3pria<\/h4><p data-start=\"676\" data-end=\"754\">A marca pr\u00f3pria tem a ver com <strong data-start=\"699\" data-end=\"728\">marca e entrada no mercado<\/strong>, e n\u00e3o o desenvolvimento de produtos.<\/p><p data-start=\"756\" data-end=\"787\">Os nossos servi\u00e7os incluem normalmente:<\/p><ul data-start=\"788\" data-end=\"970\"><li data-start=\"788\" data-end=\"827\"><p data-start=\"790\" data-end=\"827\">Aplica\u00e7\u00e3o de log\u00f3tipo personalizado nos produtos<\/p><\/li><li data-start=\"828\" data-end=\"869\"><p data-start=\"830\" data-end=\"869\">Conce\u00e7\u00e3o de embalagens e apoio \u00e0 marca<\/p><\/li><li data-start=\"870\" data-end=\"914\"><p data-start=\"872\" data-end=\"914\">Personaliza\u00e7\u00e3o de etiquetas e documenta\u00e7\u00e3o<\/p><\/li><li data-start=\"915\" data-end=\"970\"><p data-start=\"917\" data-end=\"970\">Alinhamento da configura\u00e7\u00e3o do produto com os mercados-alvo<\/p><\/li><\/ul><p data-start=\"972\" data-end=\"1076\">Esta abordagem permite-lhe concentrar-se nas vendas e na distribui\u00e7\u00e3o, enquanto n\u00f3s tratamos do fabrico e da montagem.<\/p>\t\t\t\t\t\t\t\t<\/div>\n\t\t\t\t<div class=\"elementor-element elementor-element-1c66fbf3 elementor-widget__width-initial elementor-widget elementor-widget-image\" data-id=\"1c66fbf3\" data-element_type=\"widget\" data-e-type=\"widget\" data-widget_type=\"image.default\">\n\t\t\t\t\t\t\t\t\t\t\t\t\t\t\t\t\t<img fetchpriority=\"high\" decoding=\"async\" width=\"1200\" height=\"800\" src=\"https:\/\/bestwillcams.com\/wp-content\/uploads\/2026\/02\/custom-branding-solutions.webp\" class=\"attachment-full size-full wp-image-2660\" alt=\"\" srcset=\"https:\/\/bestwillcams.com\/wp-content\/uploads\/2026\/02\/custom-branding-solutions.webp 1200w, https:\/\/bestwillcams.com\/wp-content\/uploads\/2026\/02\/custom-branding-solutions-300x200.webp 300w, https:\/\/bestwillcams.com\/wp-content\/uploads\/2026\/02\/custom-branding-solutions-1024x683.webp 1024w, https:\/\/bestwillcams.com\/wp-content\/uploads\/2026\/02\/custom-branding-solutions-768x512.webp 768w\" sizes=\"(max-width: 1200px) 100vw, 1200px\" \/>\t\t\t\t\t\t\t\t\t\t\t\t\t\t\t<\/div>\n\t\t\t\t\t<\/div>\n\t\t\t\t<\/div>\n\t\t<div class=\"elementor-element elementor-element-4b96e56 e-flex e-con-boxed e-con e-parent\" data-id=\"4b96e56\" data-element_type=\"container\" data-e-type=\"container\">\n\t\t\t\t\t<div class=\"e-con-inner\">\n\t\t\t\t<div class=\"elementor-element elementor-element-6f231dad elementor-widget elementor-widget-text-editor\" data-id=\"6f231dad\" data-element_type=\"widget\" data-e-type=\"widget\" data-widget_type=\"text-editor.default\">\n\t\t\t\t\t\t\t\t\t\t\t<h5 data-start=\"1563\" data-end=\"1600\">Porqu\u00ea escolher solu\u00e7\u00f5es de marca pr\u00f3pria<\/h5><p data-start=\"1602\" data-end=\"1677\">A marca pr\u00f3pria \u00e9 a forma mais r\u00e1pida de criar ou expandir a sua carteira de produtos.<\/p><p data-start=\"1679\" data-end=\"1700\">Os principais benef\u00edcios incluem:<\/p><ul data-start=\"1701\" data-end=\"1847\"><li data-start=\"1701\" data-end=\"1727\"><p data-start=\"1703\" data-end=\"1727\">Tempo de comercializa\u00e7\u00e3o mais curto<\/p><\/li><li data-start=\"1728\" data-end=\"1756\"><p data-start=\"1730\" data-end=\"1756\">Menor investimento inicial<\/p><\/li><li data-start=\"1757\" data-end=\"1787\"><p data-start=\"1759\" data-end=\"1787\">Desempenho comprovado do produto<\/p><\/li><li data-start=\"1788\" data-end=\"1820\"><p data-start=\"1790\" data-end=\"1820\">Capacidade de produ\u00e7\u00e3o escal\u00e1vel<\/p><\/li><li data-start=\"1821\" data-end=\"1847\"><p data-start=\"1823\" data-end=\"1847\">Redu\u00e7\u00e3o do risco t\u00e9cnico<\/p><\/li><\/ul><p data-start=\"1849\" data-end=\"1923\">Este modelo \u00e9 amplamente utilizado por distribuidores, retalhistas e marcas regionais.<\/p>\t\t\t\t\t\t\t\t<\/div>\n\t\t\t\t<div class=\"elementor-element elementor-element-588ddc1e elementor-widget elementor-widget-text-editor\" data-id=\"588ddc1e\" data-element_type=\"widget\" data-e-type=\"widget\" data-widget_type=\"text-editor.default\">\n\t\t\t\t\t\t\t\t\t\t\t<h5 data-start=\"1930\" data-end=\"1967\">Personaliza\u00e7\u00e3o de marcas e embalagens<\/h5><p data-start=\"1969\" data-end=\"2034\">Apoiamos a personaliza\u00e7\u00e3o da marca de acordo com a sua estrat\u00e9gia de mercado:<\/p><ul data-start=\"2036\" data-end=\"2247\"><li data-start=\"2036\" data-end=\"2088\"><p data-start=\"2038\" data-end=\"2088\">Coloca\u00e7\u00e3o do log\u00f3tipo na c\u00e2mara, no monitor e na embalagem<\/p><\/li><li data-start=\"2089\" data-end=\"2149\"><p data-start=\"2091\" data-end=\"2149\">Design de embalagem personalizado com base na identidade da sua marca<\/p><\/li><li data-start=\"2150\" data-end=\"2197\"><p data-start=\"2152\" data-end=\"2197\">Etiquetas e manuais multilingues, se necess\u00e1rio<\/p><\/li><li data-start=\"2198\" data-end=\"2247\"><p data-start=\"2200\" data-end=\"2247\">Consist\u00eancia do aspeto do produto em todos os lotes<\/p><\/li><\/ul><p data-start=\"2249\" data-end=\"2333\">Todos os elementos da marca s\u00e3o revistos para garantir a viabilidade e a coer\u00eancia da produ\u00e7\u00e3o.<\/p>\t\t\t\t\t\t\t\t<\/div>\n\t\t\t\t<div class=\"elementor-element elementor-element-469db73d elementor-widget elementor-widget-text-editor\" data-id=\"469db73d\" data-element_type=\"widget\" data-e-type=\"widget\" data-widget_type=\"text-editor.default\">\n\t\t\t\t\t\t\t\t\t\t\t<h5 data-start=\"2340\" data-end=\"2375\">Qualidade e consist\u00eancia da produ\u00e7\u00e3o<\/h5><p data-start=\"2377\" data-end=\"2447\">Mesmo para projectos de marca pr\u00f3pria, a consist\u00eancia da qualidade continua a ser fundamental.<\/p><p data-start=\"2449\" data-end=\"2509\">Aplicamos as mesmas normas de produ\u00e7\u00e3o que o fabrico OEM:<\/p><ul data-start=\"2510\" data-end=\"2645\"><li data-start=\"2510\" data-end=\"2546\"><p data-start=\"2512\" data-end=\"2546\">Procedimentos de montagem normalizados<\/p><\/li><li data-start=\"2547\" data-end=\"2585\"><p data-start=\"2549\" data-end=\"2585\">Testes funcionais antes da expedi\u00e7\u00e3o<\/p><\/li><li data-start=\"2586\" data-end=\"2616\"><p data-start=\"2588\" data-end=\"2616\">Controlos de qualidade ao n\u00edvel dos lotes<\/p><\/li><li data-start=\"2617\" data-end=\"2645\"><p data-start=\"2619\" data-end=\"2645\">Fornecimento est\u00e1vel de materiais<\/p><\/li><\/ul><p data-start=\"2647\" data-end=\"2723\">Isto garante que os seus produtos de marca permanecem consistentes em todas as entregas.<\/p>\t\t\t\t\t\t\t\t<\/div>\n\t\t\t\t<div class=\"elementor-element elementor-element-2b387c3 elementor-widget elementor-widget-text-editor\" data-id=\"2b387c3\" data-element_type=\"widget\" data-e-type=\"widget\" data-widget_type=\"text-editor.default\">\n\t\t\t\t\t\t\t\t\t\t\t<h5 data-start=\"2730\" data-end=\"2774\">Para quem \u00e9 melhor o nosso servi\u00e7o de marca pr\u00f3pria<\/h5><p data-start=\"2776\" data-end=\"2807\"><strong data-start=\"2776\" data-end=\"2807\">A Marca Pr\u00f3pria \u00e9 ideal para:<\/strong><\/p><ul data-start=\"2808\" data-end=\"2993\"><li data-start=\"2808\" data-end=\"2862\"><p data-start=\"2810\" data-end=\"2862\">Propriet\u00e1rios de marcas que entram no mercado das c\u00e2maras subaqu\u00e1ticas<\/p><\/li><li data-start=\"2863\" data-end=\"2909\"><p data-start=\"2865\" data-end=\"2909\">Distribuidores que expandem as suas linhas de produtos<\/p><\/li><li data-start=\"2910\" data-end=\"2946\"><p data-start=\"2912\" data-end=\"2946\">Retalhistas e vendedores de com\u00e9rcio eletr\u00f3nico<\/p><\/li><li data-start=\"2947\" data-end=\"2993\"><p data-start=\"2949\" data-end=\"2993\">Clientes que procuram um fornecimento r\u00e1pido e fi\u00e1vel<\/p><\/li><\/ul><p data-start=\"2995\" data-end=\"3037\"><strong data-start=\"2995\" data-end=\"3037\">A Marca Pr\u00f3pria pode n\u00e3o ser adequada para:<\/strong><\/p><ul data-start=\"3038\" data-end=\"3134\"><li data-start=\"3038\" data-end=\"3088\"><p data-start=\"3040\" data-end=\"3088\">Clientes que necessitam de uma extensa remodela\u00e7\u00e3o do produto<\/p><\/li><li data-start=\"3089\" data-end=\"3134\"><p data-start=\"3091\" data-end=\"3134\">Projectos centrados em carater\u00edsticas experimentais<\/p><\/li><\/ul>\t\t\t\t\t\t\t\t<\/div>\n\t\t\t\t<div class=\"elementor-element elementor-element-110d98e4 elementor-widget elementor-widget-text-editor\" data-id=\"110d98e4\" data-element_type=\"widget\" data-e-type=\"widget\" data-widget_type=\"text-editor.default\">\n\t\t\t\t\t\t\t\t\t\t\t<h5 data-start=\"3141\" data-end=\"3190\">Porqu\u00ea trabalhar connosco como seu parceiro de marca pr\u00f3pria<\/h5><ul data-start=\"3192\" data-end=\"3397\"><li data-start=\"3192\" data-end=\"3230\"><p data-start=\"3194\" data-end=\"3230\">Plataformas de c\u00e2maras subaqu\u00e1ticas comprovadas<\/p><\/li><li data-start=\"3231\" data-end=\"3279\"><p data-start=\"3233\" data-end=\"3279\">Integra\u00e7\u00e3o eficiente da marca e da embalagem<\/p><\/li><li data-start=\"3280\" data-end=\"3309\"><p data-start=\"3282\" data-end=\"3309\">Quantidades de encomenda flex\u00edveis<\/p><\/li><li data-start=\"3310\" data-end=\"3357\"><p data-start=\"3312\" data-end=\"3357\">Cadeia de abastecimento e capacidade de entrega est\u00e1veis<\/p><\/li><li data-start=\"3358\" data-end=\"3397\"><p data-start=\"3360\" data-end=\"3397\">Experi\u00eancia no apoio a marcas globais<\/p><\/li><\/ul><p data-start=\"3399\" data-end=\"3473\">Ajudamos os nossos parceiros a concentrarem-se no crescimento, enquanto n\u00f3s tratamos do fabrico.<\/p>\t\t\t\t\t\t\t\t<\/div>\n\t\t\t\t\t<\/div>\n\t\t\t\t<\/div>\n\t\t\t\t<\/div>","protected":false},"excerpt":{"rendered":"<p>Private Label &amp; Custom Branding for Underwater Camera We offer private label and custom branding solutions for customers who want [&hellip;]<\/p>\n","protected":false},"author":1,"featured_media":0,"parent":0,"menu_order":0,"comment_status":"closed","ping_status":"closed","template":"","meta":{"_acf_changed":false,"site-sidebar-layout":"no-sidebar","site-content-layout":"page-builder","ast-site-content-layout":"full-width-container","site-content-style":"default","site-sidebar-style":"default","ast-global-header-display":"","ast-banner-title-visibility":"","ast-main-header-display":"","ast-hfb-above-header-display":"","ast-hfb-below-header-display":"","ast-hfb-mobile-header-display":"","site-post-title":"disabled","ast-breadcrumbs-content":"","ast-featured-img":"disabled","footer-sml-layout":"","ast-disable-related-posts":"","theme-transparent-header-meta":"","adv-header-id-meta":"","stick-header-meta":"","header-above-stick-meta":"","header-main-stick-meta":"","header-below-stick-meta":"","astra-migrate-meta-layouts":"set","ast-page-background-enabled":"default","ast-page-background-meta":{"desktop":{"background-color":"var(--ast-global-color-4)","background-image":"","background-repeat":"repeat","background-position":"center center","background-size":"auto","background-attachment":"scroll","background-type":"","background-media":"","overlay-type":"","overlay-color":"","overlay-opacity":"","overlay-gradient":""},"tablet":{"background-color":"","background-image":"","background-repeat":"repeat","background-position":"center center","background-size":"auto","background-attachment":"scroll","background-type":"","background-media":"","overlay-type":"","overlay-color":"","overlay-opacity":"","overlay-gradient":""},"mobile":{"background-color":"","background-image":"","background-repeat":"repeat","background-position":"center center","background-size":"auto","background-attachment":"scroll","background-type":"","background-media":"","overlay-type":"","overlay-color":"","overlay-opacity":"","overlay-gradient":""}},"ast-content-background-meta":{"desktop":{"background-color":"var(--ast-global-color-5)","background-image":"","background-repeat":"repeat","background-position":"center center","background-size":"auto","background-attachment":"scroll","background-type":"","background-media":"","overlay-type":"","overlay-color":"","overlay-opacity":"","overlay-gradient":""},"tablet":{"background-color":"var(--ast-global-color-5)","background-image":"","background-repeat":"repeat","background-position":"center center","background-size":"auto","background-attachment":"scroll","background-type":"","background-media":"","overlay-type":"","overlay-color":"","overlay-opacity":"","overlay-gradient":""},"mobile":{"background-color":"var(--ast-global-color-5)","background-image":"","background-repeat":"repeat","background-position":"center center","background-size":"auto","background-attachment":"scroll","background-type":"","background-media":"","overlay-type":"","overlay-color":"","overlay-opacity":"","overlay-gradient":""}},"footnotes":""},"class_list":["post-2070","page","type-page","status-publish","hentry"],"acf":[],"_links":{"self":[{"href":"https:\/\/bestwillcams.com\/pt\/wp-json\/wp\/v2\/pages\/2070","targetHints":{"allow":["GET"]}}],"collection":[{"href":"https:\/\/bestwillcams.com\/pt\/wp-json\/wp\/v2\/pages"}],"about":[{"href":"https:\/\/bestwillcams.com\/pt\/wp-json\/wp\/v2\/types\/page"}],"author":[{"embeddable":true,"href":"https:\/\/bestwillcams.com\/pt\/wp-json\/wp\/v2\/users\/1"}],"replies":[{"embeddable":true,"href":"https:\/\/bestwillcams.com\/pt\/wp-json\/wp\/v2\/comments?post=2070"}],"version-history":[{"count":19,"href":"https:\/\/bestwillcams.com\/pt\/wp-json\/wp\/v2\/pages\/2070\/revisions"}],"predecessor-version":[{"id":2825,"href":"https:\/\/bestwillcams.com\/pt\/wp-json\/wp\/v2\/pages\/2070\/revisions\/2825"}],"wp:attachment":[{"href":"https:\/\/bestwillcams.com\/pt\/wp-json\/wp\/v2\/media?parent=2070"}],"curies":[{"name":"wp","href":"https:\/\/api.w.org\/{rel}","templated":true}]}}