{"id":2127,"date":"2026-01-03T10:27:56","date_gmt":"2026-01-03T02:27:56","guid":{"rendered":"https:\/\/bestwillcams.com\/?page_id=2127"},"modified":"2026-03-03T09:51:46","modified_gmt":"2026-03-03T01:51:46","slug":"after-sales-repair-support","status":"publish","type":"page","link":"https:\/\/bestwillcams.com\/pt\/after-sales-repair-support\/","title":{"rendered":"Assist\u00eancia p\u00f3s-venda e repara\u00e7\u00e3o"},"content":{"rendered":"<div data-elementor-type=\"wp-page\" data-elementor-id=\"2127\" class=\"elementor elementor-2127\" data-elementor-post-type=\"page\">\n\t\t\t\t<div class=\"elementor-element elementor-element-62e0dc6e e-flex e-con-boxed e-con e-parent\" data-id=\"62e0dc6e\" data-element_type=\"container\" data-e-type=\"container\" data-settings=\"{&quot;background_background&quot;:&quot;classic&quot;}\">\n\t\t\t\t\t<div class=\"e-con-inner\">\n\t\t\t\t<div class=\"elementor-element elementor-element-28efee39 elementor-widget elementor-widget-heading\" data-id=\"28efee39\" data-element_type=\"widget\" data-e-type=\"widget\" data-widget_type=\"heading.default\">\n\t\t\t\t\t\t\t<h2 class=\"elementor-heading-title elementor-size-default\">Suporte p\u00f3s-venda e de repara\u00e7\u00e3o fi\u00e1vel para parceiros B2B<\/h2>\t\t\t\t<\/div>\n\t\t\t\t<div class=\"elementor-element elementor-element-34791f6c elementor-hidden-tablet elementor-hidden-mobile elementor-widget elementor-widget-text-editor\" data-id=\"34791f6c\" data-element_type=\"widget\" data-e-type=\"widget\" data-widget_type=\"text-editor.default\">\n\t\t\t\t\t\t\t\t\t\t\t<p>Concentramo-nos em <strong data-start=\"559\" data-end=\"591\">resolu\u00e7\u00e3o eficiente de problemas<\/strong>, O nosso objetivo \u00e9 ajudar os distribuidores e os propriet\u00e1rios de marcas a reduzir o risco operacional.<\/p>\t\t\t\t\t\t\t\t<\/div>\n\t\t\t\t\t<\/div>\n\t\t\t\t<\/div>\n\t\t<div class=\"elementor-element elementor-element-d3f7591 e-flex e-con-boxed e-con e-parent\" data-id=\"d3f7591\" data-element_type=\"container\" data-e-type=\"container\">\n\t\t\t\t\t<div class=\"e-con-inner\">\n\t\t\t\t<div class=\"elementor-element elementor-element-45cbcfc8 elementor-widget elementor-widget-text-editor\" data-id=\"45cbcfc8\" data-element_type=\"widget\" data-e-type=\"widget\" data-widget_type=\"text-editor.default\">\n\t\t\t\t\t\t\t\t\t\t\t<h4>Concebido para a efici\u00eancia p\u00f3s-venda B2B<\/h4><p data-start=\"791\" data-end=\"921\">Ao contr\u00e1rio do servi\u00e7o p\u00f3s-venda ao consumidor, os clientes B2B preocupam-se com <strong data-start=\"853\" data-end=\"920\">tratamento de lotes, responsabilidade clara e processos previs\u00edveis<\/strong>.<\/p><p data-start=\"923\" data-end=\"982\">O nosso apoio p\u00f3s-venda e de repara\u00e7\u00e3o foi concebido para o ajudar:<\/p><ul data-start=\"983\" data-end=\"1124\"><li data-start=\"983\" data-end=\"1023\"><p data-start=\"985\" data-end=\"1023\">Tratar as devolu\u00e7\u00f5es e repara\u00e7\u00f5es de forma eficiente<\/p><\/li><li data-start=\"1024\" data-end=\"1071\"><p data-start=\"1026\" data-end=\"1071\">Reduzir problemas repetidos atrav\u00e9s de ciclos de feedback<\/p><\/li><li data-start=\"1072\" data-end=\"1124\"><p data-start=\"1074\" data-end=\"1124\">Proteger a reputa\u00e7\u00e3o da sua marca no seu mercado local<\/p><\/li><\/ul>\t\t\t\t\t\t\t\t<\/div>\n\t\t\t\t<div class=\"elementor-element elementor-element-7f82792f elementor-widget__width-initial elementor-widget elementor-widget-image\" data-id=\"7f82792f\" data-element_type=\"widget\" data-e-type=\"widget\" data-widget_type=\"image.default\">\n\t\t\t\t\t\t\t\t\t\t\t\t\t\t\t\t\t<img fetchpriority=\"high\" decoding=\"async\" width=\"1200\" height=\"800\" src=\"https:\/\/bestwillcams.com\/wp-content\/uploads\/2026\/02\/B2B-After-Sales-Efficiency.webp\" class=\"attachment-full size-full wp-image-2677\" alt=\"\" srcset=\"https:\/\/bestwillcams.com\/wp-content\/uploads\/2026\/02\/B2B-After-Sales-Efficiency.webp 1200w, https:\/\/bestwillcams.com\/wp-content\/uploads\/2026\/02\/B2B-After-Sales-Efficiency-300x200.webp 300w, https:\/\/bestwillcams.com\/wp-content\/uploads\/2026\/02\/B2B-After-Sales-Efficiency-1024x683.webp 1024w, https:\/\/bestwillcams.com\/wp-content\/uploads\/2026\/02\/B2B-After-Sales-Efficiency-768x512.webp 768w\" sizes=\"(max-width: 1200px) 100vw, 1200px\" \/>\t\t\t\t\t\t\t\t\t\t\t\t\t\t\t<\/div>\n\t\t\t\t\t<\/div>\n\t\t\t\t<\/div>\n\t\t<div class=\"elementor-element elementor-element-e6b1ae4 e-flex e-con-boxed e-con e-parent\" data-id=\"e6b1ae4\" data-element_type=\"container\" data-e-type=\"container\">\n\t\t\t\t\t<div class=\"e-con-inner\">\n\t\t\t\t<div class=\"elementor-element elementor-element-302bca0e elementor-widget elementor-widget-text-editor\" data-id=\"302bca0e\" data-element_type=\"widget\" data-e-type=\"widget\" data-widget_type=\"text-editor.default\">\n\t\t\t\t\t\t\t\t\t\t\t<h5 data-start=\"1165\" data-end=\"1204\">Repara\u00e7\u00e3o centralizada e tratamento de lotes<\/h5><p data-start=\"1225\" data-end=\"1302\">Apoiamos <strong data-start=\"1236\" data-end=\"1279\">fluxos de trabalho de devolu\u00e7\u00e3o e repara\u00e7\u00e3o centralizados<\/strong> para parceiros no estrangeiro.<\/p><p data-start=\"1304\" data-end=\"1365\">Em vez de tratar as repara\u00e7\u00f5es unidade a unidade, o nosso processo permite:<\/p><ul data-start=\"1366\" data-end=\"1494\"><li data-start=\"1366\" data-end=\"1400\"><p data-start=\"1368\" data-end=\"1400\">Devolu\u00e7\u00e3o de lotes de produtos defeituosos<\/p><\/li><li data-start=\"1401\" data-end=\"1453\"><p data-start=\"1403\" data-end=\"1453\">Inspe\u00e7\u00e3o e repara\u00e7\u00e3o centralizadas ao n\u00edvel da f\u00e1brica<\/p><\/li><li data-start=\"1454\" data-end=\"1494\"><p data-start=\"1456\" data-end=\"1494\">Feedback consolidado sobre quest\u00f5es comuns<\/p><\/li><\/ul><p data-start=\"1496\" data-end=\"1612\">Esta abordagem ajuda os distribuidores e os propriet\u00e1rios de marcas <strong data-start=\"1546\" data-end=\"1571\">custos log\u00edsticos mais baixos<\/strong> e <strong data-start=\"1576\" data-end=\"1611\">simplificar a gest\u00e3o p\u00f3s-venda<\/strong>.<\/p>\t\t\t\t\t\t\t\t<\/div>\n\t\t\t\t<div class=\"elementor-element elementor-element-54547883 elementor-widget elementor-widget-text-editor\" data-id=\"54547883\" data-element_type=\"widget\" data-e-type=\"widget\" data-widget_type=\"text-editor.default\">\n\t\t\t\t\t\t\t\t\t\t\t<h5 data-start=\"1661\" data-end=\"1719\">Rotas de repara\u00e7\u00e3o flex\u00edveis com suporte de armaz\u00e9m no estrangeiro<\/h5><p data-start=\"1744\" data-end=\"1869\">Para modelos em r\u00e1pida evolu\u00e7\u00e3o selecionados, mantemos <strong data-start=\"1789\" data-end=\"1825\">exist\u00eancias limitadas em armaz\u00e9m no estrangeiro<\/strong> para permitir uma substitui\u00e7\u00e3o mais r\u00e1pida quando necess\u00e1rio.<\/p><p data-start=\"1871\" data-end=\"1918\">Para a maioria dos produtos, as repara\u00e7\u00f5es s\u00e3o efectuadas atrav\u00e9s de:<\/p><ul data-start=\"1919\" data-end=\"2051\"><li data-start=\"1919\" data-end=\"1953\"><p data-start=\"1921\" data-end=\"1953\">Recolha local pelo cliente<\/p><\/li><li data-start=\"1954\" data-end=\"1989\"><p data-start=\"1956\" data-end=\"1989\">Devolu\u00e7\u00e3o centralizada \u00e0 nossa f\u00e1brica<\/p><\/li><li data-start=\"1990\" data-end=\"2051\"><p data-start=\"1992\" data-end=\"2051\">Repara\u00e7\u00e3o ou substitui\u00e7\u00e3o profissional com base nas pol\u00edticas acordadas<\/p><\/li><\/ul><p data-start=\"2053\" data-end=\"2153\">Este modelo h\u00edbrido garante <strong data-start=\"2079\" data-end=\"2110\">efici\u00eancia e controlo dos custos<\/strong>, especialmente para a coopera\u00e7\u00e3o B2B a longo prazo.<\/p>\t\t\t\t\t\t\t\t<\/div>\n\t\t\t\t<div class=\"elementor-element elementor-element-11d5aa23 elementor-widget elementor-widget-text-editor\" data-id=\"11d5aa23\" data-element_type=\"widget\" data-e-type=\"widget\" data-widget_type=\"text-editor.default\">\n\t\t\t\t\t\t\t\t\t\t\t<h5 data-start=\"2195\" data-end=\"2224\">Processo p\u00f3s-venda claro<\/h5><ol><li data-start=\"2242\" data-end=\"2311\"><p data-start=\"2245\" data-end=\"2311\"><strong data-start=\"2245\" data-end=\"2264\">Relat\u00f3rio de problemas<\/strong><br data-start=\"2264\" data-end=\"2267\" \/>Descri\u00e7\u00e3o do problema com fotografias ou v\u00eddeos<\/p><\/li><li data-start=\"2313\" data-end=\"2381\"><p data-start=\"2316\" data-end=\"2381\"><strong data-start=\"2316\" data-end=\"2336\">Revis\u00e3o t\u00e9cnica<\/strong><br data-start=\"2336\" data-end=\"2339\" \/>An\u00e1lise da causa raiz pela equipa de engenharia<\/p><\/li><li data-start=\"2383\" data-end=\"2447\"><p data-start=\"2386\" data-end=\"2447\"><strong data-start=\"2386\" data-end=\"2411\">Repara\u00e7\u00e3o ou substitui\u00e7\u00e3o<\/strong><br data-start=\"2411\" data-end=\"2414\" \/>Com base na pol\u00edtica de servi\u00e7os acordada<\/p><\/li><li data-start=\"2449\" data-end=\"2525\"><p data-start=\"2452\" data-end=\"2525\"><strong data-start=\"2452\" data-end=\"2478\">Feedback e melhoria<\/strong><br data-start=\"2478\" data-end=\"2481\" \/>Resumo da quest\u00e3o partilhado para reduzir a recorr\u00eancia<\/p><\/li><\/ol>\t\t\t\t\t\t\t\t<\/div>\n\t\t\t\t<div class=\"elementor-element elementor-element-787b44a2 elementor-widget elementor-widget-text-editor\" data-id=\"787b44a2\" data-element_type=\"widget\" data-e-type=\"widget\" data-widget_type=\"text-editor.default\">\n\t\t\t\t\t\t\t\t\t\t\t<h5 data-start=\"2590\" data-end=\"2626\">A quem se destina este apoio<\/h5><ul><li data-start=\"2628\" data-end=\"2677\"><p data-start=\"2630\" data-end=\"2677\">Propriet\u00e1rios de marcas que constroem linhas de produtos a longo prazo<\/p><\/li><li data-start=\"2678\" data-end=\"2729\"><p data-start=\"2680\" data-end=\"2729\">Distribuidores que gerem o servi\u00e7o p\u00f3s-venda local<\/p><\/li><li data-start=\"2730\" data-end=\"2785\"><p data-start=\"2732\" data-end=\"2785\">Parceiros OEM \/ ODM que requerem um controlo de qualidade est\u00e1vel<\/p><\/li><li data-start=\"2786\" data-end=\"2820\"><p data-start=\"2788\" data-end=\"2820\">Compradores B2B que tratam de encomendas em lote<\/p><\/li><\/ul>\t\t\t\t\t\t\t\t<\/div>\n\t\t\t\t<div class=\"elementor-element elementor-element-2c9208 elementor-widget elementor-widget-text-editor\" data-id=\"2c9208\" data-element_type=\"widget\" data-e-type=\"widget\" data-widget_type=\"text-editor.default\">\n\t\t\t\t\t\t\t\t\t\t\t<h5 data-start=\"3738\" data-end=\"3788\">Integrado com o nosso fabrico e apoio a projectos<\/h5><p data-start=\"3258\" data-end=\"3312\">O nosso servi\u00e7o p\u00f3s-venda e de repara\u00e7\u00e3o trabalha em estreita colabora\u00e7\u00e3o com..:<\/p><ul data-start=\"3313\" data-end=\"3497\"><li data-start=\"3313\" data-end=\"3370\"><p data-start=\"3315\" data-end=\"3370\"><em><strong data-start=\"3315\" data-end=\"3334\">Apoio ao projeto<\/strong> - reduzir os problemas nas fases iniciais<\/em><\/p><\/li><li data-start=\"3371\" data-end=\"3430\"><p data-start=\"3373\" data-end=\"3430\"><em><strong data-start=\"3373\" data-end=\"3397\">Qualidade e conformidade<\/strong> - preven\u00e7\u00e3o de falhas repetidas<\/em><\/p><\/li><li data-start=\"3431\" data-end=\"3497\"><p data-start=\"3433\" data-end=\"3497\"><em><strong data-start=\"3433\" data-end=\"3460\">Fabrico OEM e ODM<\/strong> - melhorar os futuros ciclos de produ\u00e7\u00e3o<\/em><\/p><\/li><\/ul>\t\t\t\t\t\t\t\t<\/div>\n\t\t\t\t\t<\/div>\n\t\t\t\t<\/div>\n\t\t\t\t<\/div>","protected":false},"excerpt":{"rendered":"<p>Reliable After-Sales &amp; Repair Support for B2B Partners We focus on efficient problem resolution, not complicated promises \u2014 helping distributors [&hellip;]<\/p>\n","protected":false},"author":1,"featured_media":0,"parent":0,"menu_order":0,"comment_status":"closed","ping_status":"closed","template":"","meta":{"_acf_changed":false,"site-sidebar-layout":"no-sidebar","site-content-layout":"page-builder","ast-site-content-layout":"full-width-container","site-content-style":"default","site-sidebar-style":"default","ast-global-header-display":"","ast-banner-title-visibility":"","ast-main-header-display":"","ast-hfb-above-header-display":"","ast-hfb-below-header-display":"","ast-hfb-mobile-header-display":"","site-post-title":"disabled","ast-breadcrumbs-content":"","ast-featured-img":"disabled","footer-sml-layout":"","ast-disable-related-posts":"","theme-transparent-header-meta":"","adv-header-id-meta":"","stick-header-meta":"","header-above-stick-meta":"","header-main-stick-meta":"","header-below-stick-meta":"","astra-migrate-meta-layouts":"set","ast-page-background-enabled":"default","ast-page-background-meta":{"desktop":{"background-color":"var(--ast-global-color-4)","background-image":"","background-repeat":"repeat","background-position":"center center","background-size":"auto","background-attachment":"scroll","background-type":"","background-media":"","overlay-type":"","overlay-color":"","overlay-opacity":"","overlay-gradient":""},"tablet":{"background-color":"","background-image":"","background-repeat":"repeat","background-position":"center center","background-size":"auto","background-attachment":"scroll","background-type":"","background-media":"","overlay-type":"","overlay-color":"","overlay-opacity":"","overlay-gradient":""},"mobile":{"background-color":"","background-image":"","background-repeat":"repeat","background-position":"center center","background-size":"auto","background-attachment":"scroll","background-type":"","background-media":"","overlay-type":"","overlay-color":"","overlay-opacity":"","overlay-gradient":""}},"ast-content-background-meta":{"desktop":{"background-color":"var(--ast-global-color-5)","background-image":"","background-repeat":"repeat","background-position":"center center","background-size":"auto","background-attachment":"scroll","background-type":"","background-media":"","overlay-type":"","overlay-color":"","overlay-opacity":"","overlay-gradient":""},"tablet":{"background-color":"var(--ast-global-color-5)","background-image":"","background-repeat":"repeat","background-position":"center center","background-size":"auto","background-attachment":"scroll","background-type":"","background-media":"","overlay-type":"","overlay-color":"","overlay-opacity":"","overlay-gradient":""},"mobile":{"background-color":"var(--ast-global-color-5)","background-image":"","background-repeat":"repeat","background-position":"center center","background-size":"auto","background-attachment":"scroll","background-type":"","background-media":"","overlay-type":"","overlay-color":"","overlay-opacity":"","overlay-gradient":""}},"footnotes":""},"class_list":["post-2127","page","type-page","status-publish","hentry"],"acf":[],"_links":{"self":[{"href":"https:\/\/bestwillcams.com\/pt\/wp-json\/wp\/v2\/pages\/2127","targetHints":{"allow":["GET"]}}],"collection":[{"href":"https:\/\/bestwillcams.com\/pt\/wp-json\/wp\/v2\/pages"}],"about":[{"href":"https:\/\/bestwillcams.com\/pt\/wp-json\/wp\/v2\/types\/page"}],"author":[{"embeddable":true,"href":"https:\/\/bestwillcams.com\/pt\/wp-json\/wp\/v2\/users\/1"}],"replies":[{"embeddable":true,"href":"https:\/\/bestwillcams.com\/pt\/wp-json\/wp\/v2\/comments?post=2127"}],"version-history":[{"count":22,"href":"https:\/\/bestwillcams.com\/pt\/wp-json\/wp\/v2\/pages\/2127\/revisions"}],"predecessor-version":[{"id":2834,"href":"https:\/\/bestwillcams.com\/pt\/wp-json\/wp\/v2\/pages\/2127\/revisions\/2834"}],"wp:attachment":[{"href":"https:\/\/bestwillcams.com\/pt\/wp-json\/wp\/v2\/media?parent=2127"}],"curies":[{"name":"wp","href":"https:\/\/api.w.org\/{rel}","templated":true}]}}