{"id":2838,"date":"2026-03-03T16:57:09","date_gmt":"2026-03-03T08:57:09","guid":{"rendered":"https:\/\/bestwillcams.com\/?post_type=product&#038;p=2838"},"modified":"2026-03-17T16:59:22","modified_gmt":"2026-03-17T08:59:22","slug":"7-ips-underwater-fishing-cameracr110-7hes-6s1","status":"publish","type":"product","link":"https:\/\/bestwillcams.com\/pt\/product\/7-ips-underwater-fishing-cameracr110-7hes-6s1\/","title":{"rendered":"C\u00e2mara de pesca subaqu\u00e1tica IPS de 7\u201d (CR110-7HES-6S1)"},"content":{"rendered":"<figure class=\"wp-block-image aligncenter size-large\"><img fetchpriority=\"high\" decoding=\"async\" width=\"1024\" height=\"410\" src=\"https:\/\/bestwillcams.com\/wp-content\/uploads\/2026\/03\/7-IPS-Underwater-Fishing-Camera-Application-1024x410.webp\" alt=\"\" class=\"wp-image-2839\" srcset=\"https:\/\/bestwillcams.com\/wp-content\/uploads\/2026\/03\/7-IPS-Underwater-Fishing-Camera-Application-1024x410.webp 1024w, https:\/\/bestwillcams.com\/wp-content\/uploads\/2026\/03\/7-IPS-Underwater-Fishing-Camera-Application-300x120.webp 300w, https:\/\/bestwillcams.com\/wp-content\/uploads\/2026\/03\/7-IPS-Underwater-Fishing-Camera-Application-768x307.webp 768w, https:\/\/bestwillcams.com\/wp-content\/uploads\/2026\/03\/7-IPS-Underwater-Fishing-Camera-Application.webp 1500w\" sizes=\"(max-width: 1024px) 100vw, 1024px\" \/><\/figure>\n\n\n\n<p><\/p>\n\n\n\n<h6 class=\"wp-block-heading has-text-align-center\">Cen\u00e1rios de aplica\u00e7\u00e3o<\/h6>\n\n\n\n<p class=\"has-text-align-center\">Pesca no gelo<br>Pesca no lago<br>Pesca desportiva<br>Com\u00e9rcio a retalho de equipamento de pesca<br>Projectos de marca pr\u00f3pria<\/p>\n\n\n\n<p><\/p>","protected":false},"excerpt":{"rendered":"<p>Cen\u00e1rios de aplica\u00e7\u00e3o Pesca no geloPesca no lagoPesca recreativaEquipamento de pesca a retalhoProjectos de marca pr\u00f3pria<\/p>","protected":false},"featured_media":2843,"template":"","meta":{"_acf_changed":true,"site-sidebar-layout":"default","site-content-layout":"","ast-site-content-layout":"default","site-content-style":"default","site-sidebar-style":"default","ast-global-header-display":"","ast-banner-title-visibility":"","ast-main-header-display":"","ast-hfb-above-header-display":"","ast-hfb-below-header-display":"","ast-hfb-mobile-header-display":"","site-post-title":"","ast-breadcrumbs-content":"","ast-featured-img":"","footer-sml-layout":"","ast-disable-related-posts":"","theme-transparent-header-meta":"","adv-header-id-meta":"","stick-header-meta":"","header-above-stick-meta":"","header-main-stick-meta":"","header-below-stick-meta":"","astra-migrate-meta-layouts":"set","ast-page-background-enabled":"default","ast-page-background-meta":{"desktop":{"background-color":"var(--ast-global-color-4)","background-image":"","background-repeat":"repeat","background-position":"center center","background-size":"auto","background-attachment":"scroll","background-type":"","background-media":"","overlay-type":"","overlay-color":"","overlay-opacity":"","overlay-gradient":""},"tablet":{"background-color":"","background-image":"","background-repeat":"repeat","background-position":"center center","background-size":"auto","background-attachment":"scroll","background-type":"","background-media":"","overlay-type":"","overlay-color":"","overlay-opacity":"","overlay-gradient":""},"mobile":{"background-color":"","background-image":"","background-repeat":"repeat","background-position":"center center","background-size":"auto","background-attachment":"scroll","background-type":"","background-media":"","overlay-type":"","overlay-color":"","overlay-opacity":"","overlay-gradient":""}},"ast-content-background-meta":{"desktop":{"background-color":"var(--ast-global-color-5)","background-image":"","background-repeat":"repeat","background-position":"center center","background-size":"auto","background-attachment":"scroll","background-type":"","background-media":"","overlay-type":"","overlay-color":"","overlay-opacity":"","overlay-gradient":""},"tablet":{"background-color":"var(--ast-global-color-5)","background-image":"","background-repeat":"repeat","background-position":"center center","background-size":"auto","background-attachment":"scroll","background-type":"","background-media":"","overlay-type":"","overlay-color":"","overlay-opacity":"","overlay-gradient":""},"mobile":{"background-color":"var(--ast-global-color-5)","background-image":"","background-repeat":"repeat","background-position":"center center","background-size":"auto","background-attachment":"scroll","background-type":"","background-media":"","overlay-type":"","overlay-color":"","overlay-opacity":"","overlay-gradient":""}}},"product-category":[14],"class_list":["post-2838","product","type-product","status-publish","has-post-thumbnail","hentry","product-category-underwater-fishing-camera"],"acf":[],"_links":{"self":[{"href":"https:\/\/bestwillcams.com\/pt\/wp-json\/wp\/v2\/product\/2838","targetHints":{"allow":["GET"]}}],"collection":[{"href":"https:\/\/bestwillcams.com\/pt\/wp-json\/wp\/v2\/product"}],"about":[{"href":"https:\/\/bestwillcams.com\/pt\/wp-json\/wp\/v2\/types\/product"}],"wp:featuredmedia":[{"embeddable":true,"href":"https:\/\/bestwillcams.com\/pt\/wp-json\/wp\/v2\/media\/2843"}],"wp:attachment":[{"href":"https:\/\/bestwillcams.com\/pt\/wp-json\/wp\/v2\/media?parent=2838"}],"wp:term":[{"taxonomy":"product-category","embeddable":true,"href":"https:\/\/bestwillcams.com\/pt\/wp-json\/wp\/v2\/product-category?post=2838"}],"curies":[{"name":"wp","href":"https:\/\/api.w.org\/{rel}","templated":true}]}}