{"id":2964,"date":"2026-03-16T15:18:15","date_gmt":"2026-03-16T07:18:15","guid":{"rendered":"https:\/\/bestwillcams.com\/?post_type=product&#038;p=2964"},"modified":"2026-03-17T16:52:52","modified_gmt":"2026-03-17T08:52:52","slug":"10-deep-well-inspection-cameracr110-10na2w-ak","status":"publish","type":"product","link":"https:\/\/bestwillcams.com\/pt\/product\/10-deep-well-inspection-cameracr110-10na2w-ak\/","title":{"rendered":"C\u00e2mara de inspe\u00e7\u00e3o de po\u00e7os profundos de 10\u2033 (CR110-10NA2W-AK)"},"content":{"rendered":"<figure class=\"wp-block-image aligncenter size-large\"><img fetchpriority=\"high\" decoding=\"async\" width=\"1024\" height=\"410\" src=\"https:\/\/bestwillcams.com\/wp-content\/uploads\/2026\/03\/professional-deep-well-inspection-camera-Application-CR110-10NA2W-AK-1024x410.webp\" alt=\"\" class=\"wp-image-2965\" srcset=\"https:\/\/bestwillcams.com\/wp-content\/uploads\/2026\/03\/professional-deep-well-inspection-camera-Application-CR110-10NA2W-AK-1024x410.webp 1024w, https:\/\/bestwillcams.com\/wp-content\/uploads\/2026\/03\/professional-deep-well-inspection-camera-Application-CR110-10NA2W-AK-300x120.webp 300w, https:\/\/bestwillcams.com\/wp-content\/uploads\/2026\/03\/professional-deep-well-inspection-camera-Application-CR110-10NA2W-AK-768x307.webp 768w, https:\/\/bestwillcams.com\/wp-content\/uploads\/2026\/03\/professional-deep-well-inspection-camera-Application-CR110-10NA2W-AK.webp 1500w\" sizes=\"(max-width: 1024px) 100vw, 1024px\" \/><\/figure>\n\n\n\n<p><\/p>\n\n\n\n<h6 class=\"wp-block-heading has-text-align-center\">Aplica\u00e7\u00f5es<\/h6>\n\n\n\n<p class=\"has-text-align-center\">Inspe\u00e7\u00e3o de po\u00e7os de \u00e1gua<br>Inspe\u00e7\u00e3o de furos de sondagem<br>Projectos de perfura\u00e7\u00e3o<br>Monitoriza\u00e7\u00e3o subterr\u00e2nea<br>Inspe\u00e7\u00e3o de condutas<br>Inspe\u00e7\u00e3o industrial<br>Inspe\u00e7\u00e3o da constru\u00e7\u00e3o<\/p>\n\n\n\n<p><\/p>","protected":false},"excerpt":{"rendered":"<p>Aplica\u00e7\u00f5es Inspe\u00e7\u00e3o de po\u00e7os de \u00e1guaInspec\u00e7\u00e3o de furosProjectos de perfura\u00e7\u00e3oMonitoriza\u00e7\u00e3o subterr\u00e2neaInspec\u00e7\u00e3o de condutasInspec\u00e7\u00e3o industrialInspec\u00e7\u00e3o de constru\u00e7\u00e3o<\/p>","protected":false},"featured_media":2969,"template":"","meta":{"_acf_changed":true,"site-sidebar-layout":"default","site-content-layout":"","ast-site-content-layout":"default","site-content-style":"default","site-sidebar-style":"default","ast-global-header-display":"","ast-banner-title-visibility":"","ast-main-header-display":"","ast-hfb-above-header-display":"","ast-hfb-below-header-display":"","ast-hfb-mobile-header-display":"","site-post-title":"","ast-breadcrumbs-content":"","ast-featured-img":"","footer-sml-layout":"","ast-disable-related-posts":"","theme-transparent-header-meta":"","adv-header-id-meta":"","stick-header-meta":"","header-above-stick-meta":"","header-main-stick-meta":"","header-below-stick-meta":"","astra-migrate-meta-layouts":"set","ast-page-background-enabled":"default","ast-page-background-meta":{"desktop":{"background-color":"var(--ast-global-color-4)","background-image":"","background-repeat":"repeat","background-position":"center center","background-size":"auto","background-attachment":"scroll","background-type":"","background-media":"","overlay-type":"","overlay-color":"","overlay-opacity":"","overlay-gradient":""},"tablet":{"background-color":"","background-image":"","background-repeat":"repeat","background-position":"center center","background-size":"auto","background-attachment":"scroll","background-type":"","background-media":"","overlay-type":"","overlay-color":"","overlay-opacity":"","overlay-gradient":""},"mobile":{"background-color":"","background-image":"","background-repeat":"repeat","background-position":"center center","background-size":"auto","background-attachment":"scroll","background-type":"","background-media":"","overlay-type":"","overlay-color":"","overlay-opacity":"","overlay-gradient":""}},"ast-content-background-meta":{"desktop":{"background-color":"var(--ast-global-color-5)","background-image":"","background-repeat":"repeat","background-position":"center center","background-size":"auto","background-attachment":"scroll","background-type":"","background-media":"","overlay-type":"","overlay-color":"","overlay-opacity":"","overlay-gradient":""},"tablet":{"background-color":"var(--ast-global-color-5)","background-image":"","background-repeat":"repeat","background-position":"center center","background-size":"auto","background-attachment":"scroll","background-type":"","background-media":"","overlay-type":"","overlay-color":"","overlay-opacity":"","overlay-gradient":""},"mobile":{"background-color":"var(--ast-global-color-5)","background-image":"","background-repeat":"repeat","background-position":"center center","background-size":"auto","background-attachment":"scroll","background-type":"","background-media":"","overlay-type":"","overlay-color":"","overlay-opacity":"","overlay-gradient":""}}},"product-category":[16],"class_list":["post-2964","product","type-product","status-publish","has-post-thumbnail","hentry","product-category-borehole-inspection-camera"],"acf":[],"_links":{"self":[{"href":"https:\/\/bestwillcams.com\/pt\/wp-json\/wp\/v2\/product\/2964","targetHints":{"allow":["GET"]}}],"collection":[{"href":"https:\/\/bestwillcams.com\/pt\/wp-json\/wp\/v2\/product"}],"about":[{"href":"https:\/\/bestwillcams.com\/pt\/wp-json\/wp\/v2\/types\/product"}],"wp:featuredmedia":[{"embeddable":true,"href":"https:\/\/bestwillcams.com\/pt\/wp-json\/wp\/v2\/media\/2969"}],"wp:attachment":[{"href":"https:\/\/bestwillcams.com\/pt\/wp-json\/wp\/v2\/media?parent=2964"}],"wp:term":[{"taxonomy":"product-category","embeddable":true,"href":"https:\/\/bestwillcams.com\/pt\/wp-json\/wp\/v2\/product-category?post=2964"}],"curies":[{"name":"wp","href":"https:\/\/api.w.org\/{rel}","templated":true}]}}