{"id":2971,"date":"2026-03-17T15:22:59","date_gmt":"2026-03-17T07:22:59","guid":{"rendered":"https:\/\/bestwillcams.com\/?post_type=product&#038;p=2971"},"modified":"2026-03-17T15:23:00","modified_gmt":"2026-03-17T07:23:00","slug":"7-portable-deep-water-inspection-camera-cr110-7c","status":"publish","type":"product","link":"https:\/\/bestwillcams.com\/pt\/product\/7-portable-deep-water-inspection-camera-cr110-7c\/","title":{"rendered":"C\u00e2mara port\u00e1til de inspe\u00e7\u00e3o de \u00e1guas profundas de 7\u2033 (CR110-7C)"},"content":{"rendered":"<figure class=\"wp-block-image aligncenter size-large\"><img fetchpriority=\"high\" decoding=\"async\" width=\"1024\" height=\"410\" src=\"https:\/\/bestwillcams.com\/wp-content\/uploads\/2026\/03\/7inch-portable-Deep-Water-Inspection-Camera-Application-1024x410.webp\" alt=\"\" class=\"wp-image-2972\" srcset=\"https:\/\/bestwillcams.com\/wp-content\/uploads\/2026\/03\/7inch-portable-Deep-Water-Inspection-Camera-Application-1024x410.webp 1024w, https:\/\/bestwillcams.com\/wp-content\/uploads\/2026\/03\/7inch-portable-Deep-Water-Inspection-Camera-Application-300x120.webp 300w, https:\/\/bestwillcams.com\/wp-content\/uploads\/2026\/03\/7inch-portable-Deep-Water-Inspection-Camera-Application-768x307.webp 768w, https:\/\/bestwillcams.com\/wp-content\/uploads\/2026\/03\/7inch-portable-Deep-Water-Inspection-Camera-Application.webp 1500w\" sizes=\"(max-width: 1024px) 100vw, 1024px\" \/><\/figure>\n\n\n\n<p><\/p>\n\n\n\n<h6 class=\"wp-block-heading has-text-align-center\">Aplica\u00e7\u00f5es<\/h6>\n\n\n\n<p class=\"has-text-align-center\">Inspe\u00e7\u00e3o subaqu\u00e1tica<br>C\u00e2mara de pesca<br>Inspe\u00e7\u00e3o de po\u00e7os de \u00e1gua<br>Monitoriza\u00e7\u00e3o da aquicultura<br>Inspe\u00e7\u00e3o do tanque<br>Inspe\u00e7\u00e3o do barco<br>Inspe\u00e7\u00e3o industrial<\/p>\n\n\n\n<p><\/p>","protected":false},"excerpt":{"rendered":"<p>Aplica\u00e7\u00f5es Inspe\u00e7\u00e3o subaqu\u00e1ticaC\u00e2mara de pescaInspec\u00e7\u00e3o de po\u00e7os de \u00e1guaMonitoriza\u00e7\u00e3o da aquaculturaInspec\u00e7\u00e3o de tanquesInspec\u00e7\u00e3o de barcosInspec\u00e7\u00e3o industrial<\/p>","protected":false},"featured_media":2973,"template":"","meta":{"_acf_changed":true,"site-sidebar-layout":"default","site-content-layout":"","ast-site-content-layout":"default","site-content-style":"default","site-sidebar-style":"default","ast-global-header-display":"","ast-banner-title-visibility":"","ast-main-header-display":"","ast-hfb-above-header-display":"","ast-hfb-below-header-display":"","ast-hfb-mobile-header-display":"","site-post-title":"","ast-breadcrumbs-content":"","ast-featured-img":"","footer-sml-layout":"","ast-disable-related-posts":"","theme-transparent-header-meta":"","adv-header-id-meta":"","stick-header-meta":"","header-above-stick-meta":"","header-main-stick-meta":"","header-below-stick-meta":"","astra-migrate-meta-layouts":"set","ast-page-background-enabled":"default","ast-page-background-meta":{"desktop":{"background-color":"var(--ast-global-color-4)","background-image":"","background-repeat":"repeat","background-position":"center center","background-size":"auto","background-attachment":"scroll","background-type":"","background-media":"","overlay-type":"","overlay-color":"","overlay-opacity":"","overlay-gradient":""},"tablet":{"background-color":"","background-image":"","background-repeat":"repeat","background-position":"center center","background-size":"auto","background-attachment":"scroll","background-type":"","background-media":"","overlay-type":"","overlay-color":"","overlay-opacity":"","overlay-gradient":""},"mobile":{"background-color":"","background-image":"","background-repeat":"repeat","background-position":"center center","background-size":"auto","background-attachment":"scroll","background-type":"","background-media":"","overlay-type":"","overlay-color":"","overlay-opacity":"","overlay-gradient":""}},"ast-content-background-meta":{"desktop":{"background-color":"var(--ast-global-color-5)","background-image":"","background-repeat":"repeat","background-position":"center center","background-size":"auto","background-attachment":"scroll","background-type":"","background-media":"","overlay-type":"","overlay-color":"","overlay-opacity":"","overlay-gradient":""},"tablet":{"background-color":"var(--ast-global-color-5)","background-image":"","background-repeat":"repeat","background-position":"center center","background-size":"auto","background-attachment":"scroll","background-type":"","background-media":"","overlay-type":"","overlay-color":"","overlay-opacity":"","overlay-gradient":""},"mobile":{"background-color":"var(--ast-global-color-5)","background-image":"","background-repeat":"repeat","background-position":"center center","background-size":"auto","background-attachment":"scroll","background-type":"","background-media":"","overlay-type":"","overlay-color":"","overlay-opacity":"","overlay-gradient":""}}},"product-category":[15],"class_list":["post-2971","product","type-product","status-publish","has-post-thumbnail","hentry","product-category-underwater-inspection-camera"],"acf":[],"_links":{"self":[{"href":"https:\/\/bestwillcams.com\/pt\/wp-json\/wp\/v2\/product\/2971","targetHints":{"allow":["GET"]}}],"collection":[{"href":"https:\/\/bestwillcams.com\/pt\/wp-json\/wp\/v2\/product"}],"about":[{"href":"https:\/\/bestwillcams.com\/pt\/wp-json\/wp\/v2\/types\/product"}],"wp:featuredmedia":[{"embeddable":true,"href":"https:\/\/bestwillcams.com\/pt\/wp-json\/wp\/v2\/media\/2973"}],"wp:attachment":[{"href":"https:\/\/bestwillcams.com\/pt\/wp-json\/wp\/v2\/media?parent=2971"}],"wp:term":[{"taxonomy":"product-category","embeddable":true,"href":"https:\/\/bestwillcams.com\/pt\/wp-json\/wp\/v2\/product-category?post=2971"}],"curies":[{"name":"wp","href":"https:\/\/api.w.org\/{rel}","templated":true}]}}