{"id":2038,"date":"2025-12-30T16:43:48","date_gmt":"2025-12-30T08:43:48","guid":{"rendered":"https:\/\/bestwillcams.com\/?page_id=2038"},"modified":"2026-03-03T09:44:14","modified_gmt":"2026-03-03T01:44:14","slug":"oem-manufacturing","status":"publish","type":"page","link":"https:\/\/bestwillcams.com\/tr\/oem-manufacturing\/","title":{"rendered":"OEM \u00dcretim"},"content":{"rendered":"<div data-elementor-type=\"wp-page\" data-elementor-id=\"2038\" class=\"elementor elementor-2038\" data-elementor-post-type=\"page\">\n\t\t\t\t<div class=\"elementor-element elementor-element-0e33895 e-flex e-con-boxed e-con e-parent\" data-id=\"0e33895\" data-element_type=\"container\" data-e-type=\"container\" data-settings=\"{&quot;background_background&quot;:&quot;classic&quot;}\">\n\t\t\t\t\t<div class=\"e-con-inner\">\n\t\t\t\t<div class=\"elementor-element elementor-element-6d37a41 elementor-widget elementor-widget-heading\" data-id=\"6d37a41\" data-element_type=\"widget\" data-e-type=\"widget\" data-widget_type=\"heading.default\">\n\t\t\t\t\t\t\t<h1 class=\"elementor-heading-title elementor-size-default\">Sualt\u0131 Kamera Sistemleri i\u00e7in OEM \u0130malat\u0131<\/h1>\t\t\t\t<\/div>\n\t\t\t\t<div class=\"elementor-element elementor-element-f5e35d8 elementor-hidden-tablet elementor-hidden-mobile elementor-widget elementor-widget-text-editor\" data-id=\"f5e35d8\" data-element_type=\"widget\" data-e-type=\"widget\" data-widget_type=\"text-editor.default\">\n\t\t\t\t\t\t\t\t\t\t\t<p>Biz sa\u011fl\u0131yoruz <strong data-start=\"281\" data-end=\"311\">OEM \u00fcretim hizmetleri<\/strong> Halihaz\u0131rda net \u00fcr\u00fcn \u00f6zelliklerine sahip olan ve g\u00fcvenilir bir \u00fcretim orta\u011f\u0131 arayan m\u00fc\u015fteriler i\u00e7in <strong data-start=\"457\" data-end=\"486\">su alti kamera si\u0307stemleri\u0307<\/strong>, OEM hizmetlerimiz \u015fu konulara odaklanmaktad\u0131r <strong data-start=\"514\" data-end=\"578\">istikrarl\u0131 montaj, tutarl\u0131 kalite ve \u00f6l\u00e7eklenebilir \u00fcretim<\/strong>, Ortaklar\u0131m\u0131z\u0131n kan\u0131tlanm\u0131\u015f \u00fcr\u00fcnlerini g\u00fcvenle pazara sunmalar\u0131na yard\u0131mc\u0131 oluyoruz.<\/p>\t\t\t\t\t\t\t\t<\/div>\n\t\t\t\t\t<\/div>\n\t\t\t\t<\/div>\n\t\t<div class=\"elementor-element elementor-element-5602ca4 e-flex e-con-boxed e-con e-parent\" data-id=\"5602ca4\" data-element_type=\"container\" data-e-type=\"container\">\n\t\t\t\t\t<div class=\"e-con-inner\">\n\t\t\t\t<div class=\"elementor-element elementor-element-b1f29a7 elementor-widget elementor-widget-text-editor\" data-id=\"b1f29a7\" data-element_type=\"widget\" data-e-type=\"widget\" data-widget_type=\"text-editor.default\">\n\t\t\t\t\t\t\t\t\t\t\t<h4>OEM \u00dcretimimiz Neleri Kaps\u0131yor<\/h4><p>OEM \u00fcretim hizmetlerimiz \u015fu temeller \u00fczerine kurulmu\u015ftur <strong>olgun su alti kamera platformlari<\/strong> Farkl\u0131 uygulamalarda do\u011frulanm\u0131\u015f olan.<\/p><h5>Temel OEM Yetenekleri<\/h5><ul><li>Komple su alt\u0131 kamera sistemi montaj\u0131<\/li><li>Kamera, kablo, makara ve monit\u00f6r entegrasyonu<\/li><li>Tekrarlanan sipari\u015fler i\u00e7in standartla\u015ft\u0131r\u0131lm\u0131\u015f \u00fcretim s\u00fcreci<\/li><li>Gelen malzeme denetimi ve hat i\u00e7i kalite kontrol\u00fc<\/li><li>Sevkiyat \u00f6ncesi nihai \u00fcr\u00fcn testi<\/li><\/ul><p>Sadece tek tek bile\u015fenlere de\u011fil, sistem d\u00fczeyinde \u00fcretime odaklan\u0131yoruz.<\/p>\t\t\t\t\t\t\t\t<\/div>\n\t\t\t\t<div class=\"elementor-element elementor-element-6263700 elementor-widget__width-initial elementor-widget elementor-widget-image\" data-id=\"6263700\" data-element_type=\"widget\" data-e-type=\"widget\" data-widget_type=\"image.default\">\n\t\t\t\t\t\t\t\t\t\t\t\t\t\t\t\t\t<img fetchpriority=\"high\" decoding=\"async\" width=\"1200\" height=\"800\" src=\"https:\/\/bestwillcams.com\/wp-content\/uploads\/2026\/02\/fishing-camera-OEM-Manufacturing.webp\" class=\"attachment-full size-full wp-image-2650\" alt=\"\" srcset=\"https:\/\/bestwillcams.com\/wp-content\/uploads\/2026\/02\/fishing-camera-OEM-Manufacturing.webp 1200w, https:\/\/bestwillcams.com\/wp-content\/uploads\/2026\/02\/fishing-camera-OEM-Manufacturing-300x200.webp 300w, https:\/\/bestwillcams.com\/wp-content\/uploads\/2026\/02\/fishing-camera-OEM-Manufacturing-1024x683.webp 1024w, https:\/\/bestwillcams.com\/wp-content\/uploads\/2026\/02\/fishing-camera-OEM-Manufacturing-768x512.webp 768w\" sizes=\"(max-width: 1200px) 100vw, 1200px\" \/>\t\t\t\t\t\t\t\t\t\t\t\t\t\t\t<\/div>\n\t\t\t\t\t<\/div>\n\t\t\t\t<\/div>\n\t\t<div class=\"elementor-element elementor-element-a0c8316 e-flex e-con-boxed e-con e-parent\" data-id=\"a0c8316\" data-element_type=\"container\" data-e-type=\"container\">\n\t\t\t\t\t<div class=\"e-con-inner\">\n\t\t\t\t<div class=\"elementor-element elementor-element-62ee913 elementor-widget elementor-widget-text-editor\" data-id=\"62ee913\" data-element_type=\"widget\" data-e-type=\"widget\" data-widget_type=\"text-editor.default\">\n\t\t\t\t\t\t\t\t\t\t\t<h5 data-start=\"1328\" data-end=\"1370\">OEM \u0130malat\u0131na Uygun \u00dcr\u00fcnler<\/h5><p data-start=\"1372\" data-end=\"1444\">OEM \u00fcretim hizmetlerimiz a\u015fa\u011f\u0131daki \u00fcr\u00fcn kategorilerini desteklemektedir:<\/p><ul data-start=\"1446\" data-end=\"1771\"><li data-start=\"1446\" data-end=\"1578\"><p data-start=\"1448\" data-end=\"1578\"><strong data-start=\"1448\" data-end=\"1488\">Sualt\u0131 Denetim Kamera Sistemleri<\/strong><br data-start=\"1488\" data-end=\"1491\" \/>End\u00fcstriyel denetim, su \u00fcr\u00fcnleri yeti\u015ftiricili\u011fi izleme ve genel su alt\u0131 g\u00f6zlemi i\u00e7in<\/p><\/li><li data-start=\"1580\" data-end=\"1675\"><p data-start=\"1582\" data-end=\"1675\"><strong data-start=\"1582\" data-end=\"1620\">Sondaj Kuyusu \u0130nceleme Kamera Sistemleri<\/strong><br data-start=\"1620\" data-end=\"1623\" \/>Derin kuyu ve dikey denetim uygulamalar\u0131 i\u00e7in<\/p><\/li><li data-start=\"1677\" data-end=\"1771\"><p data-start=\"1679\" data-end=\"1771\"><strong data-start=\"1679\" data-end=\"1716\">Sualt\u0131 Bal\u0131k\u00e7\u0131l\u0131k Kamera Sistemleri<\/strong><br data-start=\"1716\" data-end=\"1719\" \/>T\u00fcketici ve yar\u0131 profesyonel bal\u0131k\u00e7\u0131l\u0131k pazarlar\u0131 i\u00e7in<\/p><\/li><\/ul><p data-start=\"1773\" data-end=\"1874\">T\u00fcm OEM projeleri a\u015fa\u011f\u0131dakilere dayanmaktad\u0131r <strong data-start=\"1803\" data-end=\"1833\">mevcut, kan\u0131tlanm\u0131\u015f platformlar<\/strong> istikrar ve maliyet verimlili\u011fi sa\u011flamak i\u00e7in.<\/p>\t\t\t\t\t\t\t\t<\/div>\n\t\t\t\t<div class=\"elementor-element elementor-element-27c086c elementor-widget elementor-widget-text-editor\" data-id=\"27c086c\" data-element_type=\"widget\" data-e-type=\"widget\" data-widget_type=\"text-editor.default\">\n\t\t\t\t\t\t\t\t\t\t\t<h5 data-start=\"1881\" data-end=\"1925\">OEM \u00dcretimi S\u0131ras\u0131nda M\u00fchendislik Deste\u011fi<\/h5><p data-start=\"1927\" data-end=\"1976\">OEM \u00fcretimi, kat\u0131 \u00fcretim anlam\u0131na gelmez.<\/p><p data-start=\"1978\" data-end=\"2114\">M\u00fchendislik ekibimiz OEM s\u00fcreci boyunca a\u015fa\u011f\u0131dakileri sa\u011flamak i\u00e7in destek sa\u011flar <strong data-start=\"2049\" data-end=\"2102\">uyumluluk, \u00fcretilebilirlik ve g\u00fcvenilirlik<\/strong>, dahil olmak \u00fczere:<\/p><ul data-start=\"2116\" data-end=\"2326\"><li data-start=\"2116\" data-end=\"2158\"><p data-start=\"2118\" data-end=\"2158\">\u00dcretim \u00f6ncesi \u015fartname incelemesi<\/p><\/li><li data-start=\"2159\" data-end=\"2207\"><p data-start=\"2161\" data-end=\"2207\">Bile\u015fen ve aray\u00fcz uyumluluk kontrolleri<\/p><\/li><li data-start=\"2208\" data-end=\"2265\"><p data-start=\"2210\" data-end=\"2265\">Kablo uzunlu\u011fu, muhafaza ve konfig\u00fcrasyon do\u011frulamas\u0131<\/p><\/li><li data-start=\"2266\" data-end=\"2326\"><p data-start=\"2268\" data-end=\"2326\">\u00dcretim optimizasyonu i\u00e7in k\u00fc\u00e7\u00fck i\u015flevsel ayarlamalar<\/p><\/li><\/ul><p data-start=\"2328\" data-end=\"2398\">Bu destek, \u00fcretim risklerini azaltmaya ve maliyetli revizyonlardan ka\u00e7\u0131nmaya yard\u0131mc\u0131 olur.<\/p>\t\t\t\t\t\t\t\t<\/div>\n\t\t\t\t<div class=\"elementor-element elementor-element-790f596 elementor-widget elementor-widget-text-editor\" data-id=\"790f596\" data-element_type=\"widget\" data-e-type=\"widget\" data-widget_type=\"text-editor.default\">\n\t\t\t\t\t\t\t\t\t\t\t<h5 data-start=\"2405\" data-end=\"2448\">Kalite Kontrol ve \u00dcretim Tutarl\u0131l\u0131\u011f\u0131<\/h5><p data-start=\"2450\" data-end=\"2495\">OEM \u00fcretiminde tutarl\u0131l\u0131k kritik \u00f6neme sahiptir.<\/p><p data-start=\"2497\" data-end=\"2600\">Her partinin kararla\u015ft\u0131r\u0131lan spesifikasyonlar\u0131 kar\u015f\u0131lad\u0131\u011f\u0131ndan emin olmak i\u00e7in birden fazla a\u015famada kalite kontrol uyguluyoruz:<\/p><ul data-start=\"2602\" data-end=\"2789\"><li data-start=\"2602\" data-end=\"2641\"><p data-start=\"2604\" data-end=\"2641\">Montaj \u00f6ncesi malzeme kontrol\u00fc<\/p><\/li><li data-start=\"2642\" data-end=\"2670\"><p data-start=\"2644\" data-end=\"2670\">Montaj s\u00fcreci kontrol\u00fc<\/p><\/li><li data-start=\"2671\" data-end=\"2738\"><p data-start=\"2673\" data-end=\"2738\">Kamera, ayd\u0131nlatma ve sinyal iletiminin i\u015flevsel testi<\/p><\/li><li data-start=\"2739\" data-end=\"2789\"><p data-start=\"2741\" data-end=\"2789\">Paketleme ve sevkiyat \u00f6ncesi son kontrol<\/p><\/li><\/ul><p data-start=\"2791\" data-end=\"2859\">Hedefimiz a\u015fa\u011f\u0131dakileri sa\u011flamakt\u0131r <strong data-start=\"2814\" data-end=\"2836\">tekrarlanabi\u0307li\u0307r kali\u0307te<\/strong>, tek seferlik numuneler de\u011fil.<\/p>\t\t\t\t\t\t\t\t<\/div>\n\t\t\t\t<div class=\"elementor-element elementor-element-37f05f7 elementor-widget elementor-widget-text-editor\" data-id=\"37f05f7\" data-element_type=\"widget\" data-e-type=\"widget\" data-widget_type=\"text-editor.default\">\n\t\t\t\t\t\t\t\t\t\t\t<h5 data-start=\"2866\" data-end=\"2903\">Tipik OEM \u00dcretim \u0130\u015f Ak\u0131\u015f\u0131<\/h5><p data-start=\"2905\" data-end=\"2961\">OEM \u00fcretim s\u00fcrecimiz basit ve \u015feffaft\u0131r:<\/p><ol data-start=\"2963\" data-end=\"3140\"><li data-start=\"2963\" data-end=\"3002\"><p data-start=\"2966\" data-end=\"3002\">\u00dcr\u00fcn spesifikasyon onay\u0131<\/p><\/li><li data-start=\"3003\" data-end=\"3045\"><p data-start=\"3006\" data-end=\"3045\">Platform ve yap\u0131land\u0131rma do\u011frulamas\u0131<\/p><\/li><li data-start=\"3046\" data-end=\"3082\"><p data-start=\"3049\" data-end=\"3082\">Numune haz\u0131rlama ve onaylama<\/p><\/li><li data-start=\"3083\" data-end=\"3103\"><p data-start=\"3086\" data-end=\"3103\">Seri \u00fcretim<\/p><\/li><li data-start=\"3104\" data-end=\"3140\"><p data-start=\"3107\" data-end=\"3140\">Kalite kontrol ve teslimat<\/p><\/li><\/ol><p data-start=\"3142\" data-end=\"3222\">Her a\u015famada a\u00e7\u0131k ileti\u015fim, zaman \u00e7izelgelerinin ve beklentilerin ayn\u0131 hizada tutulmas\u0131na yard\u0131mc\u0131 olur.<\/p>\t\t\t\t\t\t\t\t<\/div>\n\t\t\t\t<div class=\"elementor-element elementor-element-93411e1 elementor-widget elementor-widget-text-editor\" data-id=\"93411e1\" data-element_type=\"widget\" data-e-type=\"widget\" data-widget_type=\"text-editor.default\">\n\t\t\t\t\t\t\t\t\t\t\t<h5 data-start=\"3229\" data-end=\"3269\">OEM \u00dcretimimiz Kimler \u0130\u00e7in En \u0130yisidir<\/h5><h6 data-start=\"3271\" data-end=\"3320\"><strong data-start=\"3271\" data-end=\"3320\">OEM \u00dcretim a\u015fa\u011f\u0131daki m\u00fc\u015fteriler i\u00e7in idealdir:<\/strong><\/h6><ul data-start=\"3321\" data-end=\"3511\"><li data-start=\"3321\" data-end=\"3368\"><p data-start=\"3323\" data-end=\"3368\">\u00dcr\u00fcn spesifikasyonlar\u0131n\u0131n zaten tan\u0131mlanm\u0131\u015f olmas\u0131<\/p><\/li><li data-start=\"3369\" data-end=\"3410\"><p data-start=\"3371\" data-end=\"3410\">\u0130stikrarl\u0131, tekrarlanabilir \u00fcretim gerektirir<\/p><\/li><li data-start=\"3411\" data-end=\"3450\"><p data-start=\"3413\" data-end=\"3450\">Orta ve uzun vadeli tedarik i\u00e7in plan yap\u0131n<\/p><\/li><li data-start=\"3451\" data-end=\"3511\"><p data-start=\"3453\" data-end=\"3511\">\u00dcretim g\u00fcvenilirli\u011fi ve teslimat tutarl\u0131l\u0131\u011f\u0131na de\u011fer verin<\/p><\/li><\/ul><h6 data-start=\"3513\" data-end=\"3558\"><strong data-start=\"3513\" data-end=\"3558\">OEM \u0130malat\u0131 a\u015fa\u011f\u0131daki durumlarda uygun olmayabilir:<\/strong><\/h6><ul data-start=\"3559\" data-end=\"3649\"><li data-start=\"3559\" data-end=\"3601\"><p data-start=\"3561\" data-end=\"3601\">\u00dcr\u00fcn konsepti hen\u00fcz tan\u0131mlanmam\u0131\u015ft\u0131r<\/p><\/li><li data-start=\"3602\" data-end=\"3649\"><p data-start=\"3604\" data-end=\"3649\">Kapsaml\u0131 bir zemin geli\u015ftirme gereklidir<\/p><\/li><\/ul><p data-start=\"3651\" data-end=\"3731\">Bu sayede OEM \u00fcretiminin en fazla de\u011fer katt\u0131\u011f\u0131 projelere odaklanabiliyoruz.<\/p>\t\t\t\t\t\t\t\t<\/div>\n\t\t\t\t<div class=\"elementor-element elementor-element-7857ffd elementor-widget elementor-widget-text-editor\" data-id=\"7857ffd\" data-element_type=\"widget\" data-e-type=\"widget\" data-widget_type=\"text-editor.default\">\n\t\t\t\t\t\t\t\t\t\t\t<h5 data-start=\"3738\" data-end=\"3788\">OEM \u00dcretim Orta\u011f\u0131n\u0131z Olarak Neden Bizi Se\u00e7melisiniz?<\/h5><ul data-start=\"3790\" data-end=\"4010\"><li data-start=\"3790\" data-end=\"3834\"><p data-start=\"3792\" data-end=\"3834\">Sualt\u0131 kamera sistemlerinde uzmanla\u015fm\u0131\u015ft\u0131r<\/p><\/li><li data-start=\"3835\" data-end=\"3869\"><p data-start=\"3837\" data-end=\"3869\">Kan\u0131tlanm\u0131\u015f \u00fcretim platformlar\u0131<\/p><\/li><li data-start=\"3870\" data-end=\"3918\"><p data-start=\"3872\" data-end=\"3918\">\u0130stikrarl\u0131 tedarik zinciri ve montaj entegrasyonu<\/p><\/li><li data-start=\"3919\" data-end=\"3976\"><p data-start=\"3921\" data-end=\"3976\">\u00dcretim fizibilitesine odaklanan m\u00fchendislik deste\u011fi<\/p><\/li><li data-start=\"3977\" data-end=\"4010\"><p data-start=\"3979\" data-end=\"4010\">Uzun vadeli ortakl\u0131k zihniyeti<\/p><\/li><\/ul><p data-start=\"4012\" data-end=\"4117\">Bir tedarik\u00e7iden daha fazlas\u0131 olmay\u0131 hedefliyoruz - bir tedarik\u00e7i olarak \u00e7al\u0131\u015f\u0131yoruz <strong data-start=\"4059\" data-end=\"4084\">\u00fcreti\u0307m orta\u011fi<\/strong> i\u015finizin b\u00fcy\u00fcmesini desteklemek.<\/p>\t\t\t\t\t\t\t\t<\/div>\n\t\t\t\t\t<\/div>\n\t\t\t\t<\/div>\n\t\t\t\t<\/div>","protected":false},"excerpt":{"rendered":"<p>OEM Manufacturing for Underwater Camera Systems We provide OEM manufacturing services for customers who already have clear product specifications and [&hellip;]<\/p>\n","protected":false},"author":1,"featured_media":0,"parent":0,"menu_order":0,"comment_status":"closed","ping_status":"closed","template":"","meta":{"_acf_changed":false,"site-sidebar-layout":"no-sidebar","site-content-layout":"","ast-site-content-layout":"full-width-container","site-content-style":"default","site-sidebar-style":"default","ast-global-header-display":"","ast-banner-title-visibility":"disabled","ast-main-header-display":"","ast-hfb-above-header-display":"","ast-hfb-below-header-display":"","ast-hfb-mobile-header-display":"","site-post-title":"disabled","ast-breadcrumbs-content":"","ast-featured-img":"","footer-sml-layout":"","ast-disable-related-posts":"","theme-transparent-header-meta":"","adv-header-id-meta":"","stick-header-meta":"","header-above-stick-meta":"","header-main-stick-meta":"","header-below-stick-meta":"","astra-migrate-meta-layouts":"set","ast-page-background-enabled":"default","ast-page-background-meta":{"desktop":{"background-color":"var(--ast-global-color-4)","background-image":"","background-repeat":"repeat","background-position":"center center","background-size":"auto","background-attachment":"scroll","background-type":"","background-media":"","overlay-type":"","overlay-color":"","overlay-opacity":"","overlay-gradient":""},"tablet":{"background-color":"","background-image":"","background-repeat":"repeat","background-position":"center center","background-size":"auto","background-attachment":"scroll","background-type":"","background-media":"","overlay-type":"","overlay-color":"","overlay-opacity":"","overlay-gradient":""},"mobile":{"background-color":"","background-image":"","background-repeat":"repeat","background-position":"center center","background-size":"auto","background-attachment":"scroll","background-type":"","background-media":"","overlay-type":"","overlay-color":"","overlay-opacity":"","overlay-gradient":""}},"ast-content-background-meta":{"desktop":{"background-color":"var(--ast-global-color-5)","background-image":"","background-repeat":"repeat","background-position":"center center","background-size":"auto","background-attachment":"scroll","background-type":"","background-media":"","overlay-type":"","overlay-color":"","overlay-opacity":"","overlay-gradient":""},"tablet":{"background-color":"var(--ast-global-color-5)","background-image":"","background-repeat":"repeat","background-position":"center center","background-size":"auto","background-attachment":"scroll","background-type":"","background-media":"","overlay-type":"","overlay-color":"","overlay-opacity":"","overlay-gradient":""},"mobile":{"background-color":"var(--ast-global-color-5)","background-image":"","background-repeat":"repeat","background-position":"center center","background-size":"auto","background-attachment":"scroll","background-type":"","background-media":"","overlay-type":"","overlay-color":"","overlay-opacity":"","overlay-gradient":""}},"footnotes":""},"class_list":["post-2038","page","type-page","status-publish","hentry"],"acf":[],"_links":{"self":[{"href":"https:\/\/bestwillcams.com\/tr\/wp-json\/wp\/v2\/pages\/2038","targetHints":{"allow":["GET"]}}],"collection":[{"href":"https:\/\/bestwillcams.com\/tr\/wp-json\/wp\/v2\/pages"}],"about":[{"href":"https:\/\/bestwillcams.com\/tr\/wp-json\/wp\/v2\/types\/page"}],"author":[{"embeddable":true,"href":"https:\/\/bestwillcams.com\/tr\/wp-json\/wp\/v2\/users\/1"}],"replies":[{"embeddable":true,"href":"https:\/\/bestwillcams.com\/tr\/wp-json\/wp\/v2\/comments?post=2038"}],"version-history":[{"count":31,"href":"https:\/\/bestwillcams.com\/tr\/wp-json\/wp\/v2\/pages\/2038\/revisions"}],"predecessor-version":[{"id":2822,"href":"https:\/\/bestwillcams.com\/tr\/wp-json\/wp\/v2\/pages\/2038\/revisions\/2822"}],"wp:attachment":[{"href":"https:\/\/bestwillcams.com\/tr\/wp-json\/wp\/v2\/media?parent=2038"}],"curies":[{"name":"wp","href":"https:\/\/api.w.org\/{rel}","templated":true}]}}