{"id":2064,"date":"2026-01-02T10:24:01","date_gmt":"2026-01-02T02:24:01","guid":{"rendered":"https:\/\/bestwillcams.com\/?page_id=2064"},"modified":"2026-03-03T09:43:14","modified_gmt":"2026-03-03T01:43:14","slug":"odm-customization","status":"publish","type":"page","link":"https:\/\/bestwillcams.com\/tr\/odm-customization\/","title":{"rendered":"ODM \u00d6zelle\u015ftirme"},"content":{"rendered":"<div data-elementor-type=\"wp-page\" data-elementor-id=\"2064\" class=\"elementor elementor-2064\" data-elementor-post-type=\"page\">\n\t\t\t\t<div class=\"elementor-element elementor-element-73b2f44d e-flex e-con-boxed e-con e-parent\" data-id=\"73b2f44d\" data-element_type=\"container\" data-e-type=\"container\" data-settings=\"{&quot;background_background&quot;:&quot;classic&quot;}\">\n\t\t\t\t\t<div class=\"e-con-inner\">\n\t\t\t\t<div class=\"elementor-element elementor-element-6254af45 elementor-widget elementor-widget-heading\" data-id=\"6254af45\" data-element_type=\"widget\" data-e-type=\"widget\" data-widget_type=\"heading.default\">\n\t\t\t\t\t\t\t<h1 class=\"elementor-heading-title elementor-size-default\">Kan\u0131tlanm\u0131\u015f Sualt\u0131 Kameras\u0131na Dayal\u0131 ODM \u00d6zelle\u015ftirme<\/h1>\t\t\t\t<\/div>\n\t\t\t\t<div class=\"elementor-element elementor-element-4ede2f03 elementor-hidden-tablet elementor-hidden-mobile elementor-widget elementor-widget-text-editor\" data-id=\"4ede2f03\" data-element_type=\"widget\" data-e-type=\"widget\" data-widget_type=\"text-editor.default\">\n\t\t\t\t\t\t\t\t\t\t\t<p data-start=\"307\" data-end=\"428\">Biz teklif ediyoruz <strong data-start=\"316\" data-end=\"346\">ODM \u00f6zelle\u015ftirme hizmetleri<\/strong> Geli\u015ftirme riskini en aza indirirken \u00fcr\u00fcn farkl\u0131la\u015ft\u0131rmas\u0131na ihtiya\u00e7 duyan m\u00fc\u015fteriler i\u00e7in ODM yakla\u015f\u0131m\u0131m\u0131z <strong data-start=\"450\" data-end=\"468\">platform tabanl\u0131<\/strong>, s\u0131f\u0131rdan \u00fcr\u00fcn geli\u015ftirmeden ziyade i\u015flevsel yap\u0131land\u0131rma, yap\u0131sal uyarlama ve uygulamaya \u00f6zel ki\u015fiselle\u015ftirmeye odaklan\u0131yor.<\/p>\t\t\t\t\t\t\t\t<\/div>\n\t\t\t\t\t<\/div>\n\t\t\t\t<\/div>\n\t\t<div class=\"elementor-element elementor-element-621dbcaa e-flex e-con-boxed e-con e-parent\" data-id=\"621dbcaa\" data-element_type=\"container\" data-e-type=\"container\">\n\t\t\t\t\t<div class=\"e-con-inner\">\n\t\t\t\t<div class=\"elementor-element elementor-element-667a61c4 elementor-widget elementor-widget-text-editor\" data-id=\"667a61c4\" data-element_type=\"widget\" data-e-type=\"widget\" data-widget_type=\"text-editor.default\">\n\t\t\t\t\t\t\t\t\t\t\t<h4 data-start=\"763\" data-end=\"799\">ODM \u00d6zelle\u015ftirme ile Ne Demek \u0130stiyoruz?<\/h4><p data-start=\"801\" data-end=\"849\">ODM \u00f6zelle\u015ftirmesi deneysel Ar-Ge ile ilgili de\u011fildir.<\/p><p data-start=\"851\" data-end=\"963\">Mesele \u015fu ki <strong data-start=\"863\" data-end=\"910\">kan\u0131tlanm\u0131\u015f su alt\u0131 kamera platformlar\u0131n\u0131n uyarlanmas\u0131<\/strong> belirli uygulama veya pazar gereksinimlerini kar\u015f\u0131lamak i\u00e7in.<\/p><p data-start=\"965\" data-end=\"1010\">ODM hizmetlerimiz \u015fu m\u00fc\u015fteriler i\u00e7in idealdir:<\/p><ul data-start=\"1011\" data-end=\"1143\"><li data-start=\"1011\" data-end=\"1046\"><p data-start=\"1013\" data-end=\"1046\">Net bir uygulama senaryosuna sahip olun<\/p><\/li><li data-start=\"1047\" data-end=\"1092\"><p data-start=\"1049\" data-end=\"1092\">Standart \u00fcr\u00fcnlerden farkl\u0131la\u015fma ihtiyac\u0131<\/p><\/li><li data-start=\"1093\" data-end=\"1143\"><p data-start=\"1095\" data-end=\"1143\">Kararl\u0131 ve onaylanm\u0131\u015f sistem mimarilerini tercih edin<\/p><\/li><\/ul>\t\t\t\t\t\t\t\t<\/div>\n\t\t\t\t<div class=\"elementor-element elementor-element-17dd837e elementor-widget__width-initial elementor-widget elementor-widget-image\" data-id=\"17dd837e\" data-element_type=\"widget\" data-e-type=\"widget\" data-widget_type=\"image.default\">\n\t\t\t\t\t\t\t\t\t\t\t\t\t\t\t\t\t<img fetchpriority=\"high\" decoding=\"async\" width=\"1200\" height=\"800\" src=\"https:\/\/bestwillcams.com\/wp-content\/uploads\/2026\/02\/fishing-camera-ODM-Customization.webp\" class=\"attachment-full size-full wp-image-2655\" alt=\"\" srcset=\"https:\/\/bestwillcams.com\/wp-content\/uploads\/2026\/02\/fishing-camera-ODM-Customization.webp 1200w, https:\/\/bestwillcams.com\/wp-content\/uploads\/2026\/02\/fishing-camera-ODM-Customization-300x200.webp 300w, https:\/\/bestwillcams.com\/wp-content\/uploads\/2026\/02\/fishing-camera-ODM-Customization-1024x683.webp 1024w, https:\/\/bestwillcams.com\/wp-content\/uploads\/2026\/02\/fishing-camera-ODM-Customization-768x512.webp 768w\" sizes=\"(max-width: 1200px) 100vw, 1200px\" \/>\t\t\t\t\t\t\t\t\t\t\t\t\t\t\t<\/div>\n\t\t\t\t\t<\/div>\n\t\t\t\t<\/div>\n\t\t<div class=\"elementor-element elementor-element-6f46d6c2 e-flex e-con-boxed e-con e-parent\" data-id=\"6f46d6c2\" data-element_type=\"container\" data-e-type=\"container\">\n\t\t\t\t\t<div class=\"e-con-inner\">\n\t\t\t\t<div class=\"elementor-element elementor-element-14974650 elementor-widget elementor-widget-text-editor\" data-id=\"14974650\" data-element_type=\"widget\" data-e-type=\"widget\" data-widget_type=\"text-editor.default\">\n\t\t\t\t\t\t\t\t\t\t\t<h5 data-start=\"1150\" data-end=\"1172\">\u00d6zelle\u015ftirme Kapsam\u0131<\/h5><p data-start=\"1174\" data-end=\"1235\">ODM \u00f6zelle\u015ftirmemiz tipik olarak a\u015fa\u011f\u0131daki alanlar\u0131 i\u00e7erir:<\/p><h6 data-start=\"1237\" data-end=\"1261\">Sistem Yap\u0131land\u0131rmas\u0131<\/h6><ul data-start=\"1262\" data-end=\"1436\"><li data-start=\"1262\" data-end=\"1312\"><p data-start=\"1264\" data-end=\"1312\">Kamera mod\u00fcl\u00fc se\u00e7imi ve \u00e7\u00f6z\u00fcn\u00fcrl\u00fck se\u00e7enekleri<\/p><\/li><li data-start=\"1313\" data-end=\"1362\"><p data-start=\"1315\" data-end=\"1362\">Ayd\u0131nlatma konfig\u00fcrasyonu ve ayd\u0131nlatma a\u00e7\u0131s\u0131<\/p><\/li><li data-start=\"1363\" data-end=\"1397\"><p data-start=\"1365\" data-end=\"1397\">Kablo uzunlu\u011fu ve tip e\u015fle\u015ftirme<\/p><\/li><li data-start=\"1398\" data-end=\"1436\"><p data-start=\"1400\" data-end=\"1436\">Monit\u00f6r boyutu ve aray\u00fcz se\u00e7enekleri<\/p><\/li><\/ul><h6 data-start=\"1438\" data-end=\"1479\">Yap\u0131sal ve G\u00f6r\u00fcn\u00fcm \u00d6zelle\u015ftirme<\/h6><ul data-start=\"1480\" data-end=\"1649\"><li data-start=\"1480\" data-end=\"1517\"><p data-start=\"1482\" data-end=\"1517\">Kamera muhafazas\u0131 tasar\u0131m ayarlamalar\u0131<\/p><\/li><li data-start=\"1518\" data-end=\"1560\"><p data-start=\"1520\" data-end=\"1560\">Makara yap\u0131s\u0131 ve yerle\u015fim optimizasyonu<\/p><\/li><li data-start=\"1561\" data-end=\"1606\"><p data-start=\"1563\" data-end=\"1606\">Aksesuarlarla mekanik uyumluluk<\/p><\/li><li data-start=\"1607\" data-end=\"1649\"><p data-start=\"1609\" data-end=\"1649\">Uygulama odakl\u0131 form fakt\u00f6r\u00fc de\u011fi\u015fiklikleri<\/p><\/li><\/ul><h6 data-start=\"1651\" data-end=\"1676\">Fonksiyonel Adaptasyon<\/h6><ul data-start=\"1677\" data-end=\"1802\"><li data-start=\"1677\" data-end=\"1722\"><p data-start=\"1679\" data-end=\"1722\">Aray\u00fcz ve sinyal \u00e7\u0131k\u0131\u015f\u0131 yap\u0131land\u0131rmas\u0131<\/p><\/li><li data-start=\"1723\" data-end=\"1748\"><p data-start=\"1725\" data-end=\"1748\">G\u00fc\u00e7 kayna\u011f\u0131 e\u015fle\u015ftirme<\/p><\/li><li data-start=\"1749\" data-end=\"1802\"><p data-start=\"1751\" data-end=\"1802\">Uygulamaya \u00f6zel aksesuarlarla entegrasyon<\/p><\/li><\/ul><p data-start=\"1804\" data-end=\"1920\">T\u00fcm \u00f6zelle\u015ftirmeler m\u00fchendislik ekibimiz taraf\u0131ndan de\u011ferlendirilerek <strong data-start=\"1869\" data-end=\"1919\">teknik fizibilite ve \u00fcretim istikrar\u0131<\/strong>.<\/p>\t\t\t\t\t\t\t\t<\/div>\n\t\t\t\t<div class=\"elementor-element elementor-element-2a33457f elementor-widget elementor-widget-text-editor\" data-id=\"2a33457f\" data-element_type=\"widget\" data-e-type=\"widget\" data-widget_type=\"text-editor.default\">\n\t\t\t\t\t\t\t\t\t\t\t<h5 data-start=\"1927\" data-end=\"1966\">ODM Projeleri i\u00e7in M\u00fchendislik Deste\u011fi<\/h5><p data-start=\"1968\" data-end=\"2059\">M\u00fchendislik ekibimiz ODM \u00f6zelle\u015ftirme s\u00fcreci boyunca m\u00fc\u015fterilerle yak\u0131n i\u015fbirli\u011fi i\u00e7inde \u00e7al\u0131\u015f\u0131r.<\/p><p data-start=\"2061\" data-end=\"2090\">M\u00fchendislik deste\u011fi \u015funlar\u0131 i\u00e7erir:<\/p><ul data-start=\"2091\" data-end=\"2259\"><li data-start=\"2091\" data-end=\"2139\"><p data-start=\"2093\" data-end=\"2139\">Gereksinim de\u011ferlendirme ve platform e\u015fle\u015ftirme<\/p><\/li><li data-start=\"2140\" data-end=\"2182\"><p data-start=\"2142\" data-end=\"2182\">Tasar\u0131m fizibilitesi ve risk de\u011ferlendirmesi<\/p><\/li><li data-start=\"2183\" data-end=\"2219\"><p data-start=\"2185\" data-end=\"2219\">Prototip ve numune haz\u0131rlama<\/p><\/li><li data-start=\"2220\" data-end=\"2259\"><p data-start=\"2222\" data-end=\"2259\">\u00dcretim odakl\u0131 optimizasyon<\/p><\/li><\/ul><p data-start=\"2261\" data-end=\"2391\">Bu i\u015fbirli\u011fine dayal\u0131 geli\u015ftirme s\u00fcreci, \u00f6zelle\u015ftirilmi\u015f \u00fcr\u00fcnlerin <strong data-start=\"2340\" data-end=\"2369\">seri \u00fcretime haz\u0131r<\/strong>, sadece prototipler de\u011fil.<\/p>\t\t\t\t\t\t\t\t<\/div>\n\t\t\t\t<div class=\"elementor-element elementor-element-11594fe6 elementor-widget elementor-widget-text-editor\" data-id=\"11594fe6\" data-element_type=\"widget\" data-e-type=\"widget\" data-widget_type=\"text-editor.default\">\n\t\t\t\t\t\t\t\t\t\t\t<h5 data-start=\"2405\" data-end=\"2448\">Kalite Kontrol ve \u00dcretim Tutarl\u0131l\u0131\u011f\u0131<\/h5><p data-start=\"2450\" data-end=\"2495\">OEM \u00fcretiminde tutarl\u0131l\u0131k kritik \u00f6neme sahiptir.<\/p><p data-start=\"2497\" data-end=\"2600\">Her partinin kararla\u015ft\u0131r\u0131lan spesifikasyonlar\u0131 kar\u015f\u0131lad\u0131\u011f\u0131ndan emin olmak i\u00e7in birden fazla a\u015famada kalite kontrol uyguluyoruz:<\/p><ul data-start=\"2602\" data-end=\"2789\"><li data-start=\"2602\" data-end=\"2641\"><p data-start=\"2604\" data-end=\"2641\">Montaj \u00f6ncesi malzeme kontrol\u00fc<\/p><\/li><li data-start=\"2642\" data-end=\"2670\"><p data-start=\"2644\" data-end=\"2670\">Montaj s\u00fcreci kontrol\u00fc<\/p><\/li><li data-start=\"2671\" data-end=\"2738\"><p data-start=\"2673\" data-end=\"2738\">Kamera, ayd\u0131nlatma ve sinyal iletiminin i\u015flevsel testi<\/p><\/li><li data-start=\"2739\" data-end=\"2789\"><p data-start=\"2741\" data-end=\"2789\">Paketleme ve sevkiyat \u00f6ncesi son kontrol<\/p><\/li><\/ul><p data-start=\"2791\" data-end=\"2859\">Hedefimiz a\u015fa\u011f\u0131dakileri sa\u011flamakt\u0131r <strong data-start=\"2814\" data-end=\"2836\">tekrarlanabi\u0307li\u0307r kali\u0307te<\/strong>, tek seferlik numuneler de\u011fil.<\/p>\t\t\t\t\t\t\t\t<\/div>\n\t\t\t\t<div class=\"elementor-element elementor-element-fe8dd5e elementor-widget elementor-widget-text-editor\" data-id=\"fe8dd5e\" data-element_type=\"widget\" data-e-type=\"widget\" data-widget_type=\"text-editor.default\">\n\t\t\t\t\t\t\t\t\t\t\t<h5 data-start=\"2735\" data-end=\"2764\">ODM \u00d6zelle\u015ftirme \u0130\u015f Ak\u0131\u015f\u0131<\/h5><p data-start=\"2766\" data-end=\"2826\">ODM \u00f6zelle\u015ftirme s\u00fcrecimiz yap\u0131land\u0131r\u0131lm\u0131\u015f ve \u015feffaft\u0131r:<\/p><ol data-start=\"2828\" data-end=\"3046\"><li data-start=\"2828\" data-end=\"2871\"><p data-start=\"2831\" data-end=\"2871\">Uygulama ve gereksinim tart\u0131\u015fmas\u0131<\/p><\/li><li data-start=\"2872\" data-end=\"2922\"><p data-start=\"2875\" data-end=\"2922\">Platform se\u00e7imi ve \u00f6zelle\u015ftirme teklifi<\/p><\/li><li data-start=\"2923\" data-end=\"2964\"><p data-start=\"2926\" data-end=\"2964\">M\u00fchendislik de\u011ferlendirmesi ve fiyat teklifi<\/p><\/li><li data-start=\"2965\" data-end=\"3005\"><p data-start=\"2968\" data-end=\"3005\">\u00d6rnek geli\u015ftirme ve do\u011frulama<\/p><\/li><li data-start=\"3006\" data-end=\"3046\"><p data-start=\"3009\" data-end=\"3046\">Seri \u00fcretim ve kalite kontrol<\/p><\/li><\/ol><p data-start=\"3048\" data-end=\"3122\">Her ad\u0131m, \u00fcretim fizibilitesi ve teslimat g\u00fcvenilirli\u011fi taraf\u0131ndan y\u00f6nlendirilir.<\/p>\t\t\t\t\t\t\t\t<\/div>\n\t\t\t\t<div class=\"elementor-element elementor-element-5fa4bfac elementor-widget elementor-widget-text-editor\" data-id=\"5fa4bfac\" data-element_type=\"widget\" data-e-type=\"widget\" data-widget_type=\"text-editor.default\">\n\t\t\t\t\t\t\t\t\t\t\t<h5 data-start=\"3549\" data-end=\"3585\">ODM \u00d6zelle\u015ftirme Kimler \u0130\u00e7in En \u0130yisidir<\/h5><p data-start=\"3587\" data-end=\"3636\"><strong data-start=\"3587\" data-end=\"3636\">ODM \u00d6zelle\u015ftirme \u015fu m\u00fc\u015fteriler i\u00e7in idealdir:<\/strong><\/p><ul data-start=\"3637\" data-end=\"3812\"><li data-start=\"3637\" data-end=\"3686\"><p data-start=\"3639\" data-end=\"3686\">\u0130\u015flevsel veya yap\u0131sal farkl\u0131la\u015fma ihtiyac\u0131<\/p><\/li><li data-start=\"3687\" data-end=\"3725\"><p data-start=\"3689\" data-end=\"3725\">Geli\u015ftirme d\u00f6ng\u00fclerini k\u0131saltmak istiyorsan\u0131z<\/p><\/li><li data-start=\"3726\" data-end=\"3779\"><p data-start=\"3728\" data-end=\"3779\">Kontroll\u00fc maliyet ve azalt\u0131lm\u0131\u015f teknik riski tercih edin<\/p><\/li><li data-start=\"3780\" data-end=\"3812\"><p data-start=\"3782\" data-end=\"3812\">\u00d6l\u00e7eklenebilir \u00fcretim i\u00e7in plan yap\u0131n<\/p><\/li><\/ul><p data-start=\"3814\" data-end=\"3874\"><strong data-start=\"3814\" data-end=\"3874\">ODM \u00d6zelle\u015ftirme a\u015fa\u011f\u0131daki m\u00fc\u015fteriler i\u00e7in uygun olmayabilir:<\/strong><\/p><ul data-start=\"3875\" data-end=\"3971\"><li data-start=\"3875\" data-end=\"3922\"><p data-start=\"3877\" data-end=\"3922\">Konsept a\u015famas\u0131ndan itibaren tam \u00fcr\u00fcn Ar-Ge'si gerektirir<\/p><\/li><li data-start=\"3923\" data-end=\"3971\"><p data-start=\"3925\" data-end=\"3971\">Deneysel veya sadece prototip projeleri aray\u0131n<\/p><\/li><\/ul>\t\t\t\t\t\t\t\t<\/div>\n\t\t\t\t<div class=\"elementor-element elementor-element-545c3eb3 elementor-widget elementor-widget-text-editor\" data-id=\"545c3eb3\" data-element_type=\"widget\" data-e-type=\"widget\" data-widget_type=\"text-editor.default\">\n\t\t\t\t\t\t\t\t\t\t\t<h5 data-start=\"3978\" data-end=\"4016\">ODM \u00d6zelle\u015ftirme i\u00e7in Neden Bizi Se\u00e7melisiniz?<\/h5><ul data-start=\"4018\" data-end=\"4270\"><li data-start=\"4018\" data-end=\"4064\"><p data-start=\"4020\" data-end=\"4064\">Kan\u0131tlanm\u0131\u015f su alt\u0131 kamera \u00fcr\u00fcn platformlar\u0131<\/p><\/li><li data-start=\"4065\" data-end=\"4122\"><p data-start=\"4067\" data-end=\"4122\">Pratik, \u00fcretim odakl\u0131 m\u00fchendislik deste\u011fi<\/p><\/li><li data-start=\"4123\" data-end=\"4167\"><p data-start=\"4125\" data-end=\"4167\">Net \u00f6zelle\u015ftirme kapsam\u0131 ve s\u0131n\u0131rlar\u0131<\/p><\/li><li data-start=\"4168\" data-end=\"4217\"><p data-start=\"4170\" data-end=\"4217\">\u0130stikrarl\u0131 tedarik zinciri ve \u00fcretim kapasitesi<\/p><\/li><li data-start=\"4218\" data-end=\"4270\"><p data-start=\"4220\" data-end=\"4270\">Birden fazla uygulama senaryosunda deneyim<\/p><\/li><\/ul><p data-start=\"4272\" data-end=\"4371\">Hedefimiz a\u015fa\u011f\u0131dakileri sa\u011flamakt\u0131r <strong data-start=\"4295\" data-end=\"4370\">\u00fcretilebilir, g\u00fcvenilir ve pazara haz\u0131r \u00f6zelle\u015ftirilmi\u015f \u00fcr\u00fcnler<\/strong>.<\/p>\t\t\t\t\t\t\t\t<\/div>\n\t\t\t\t\t<\/div>\n\t\t\t\t<\/div>\n\t\t\t\t<\/div>","protected":false},"excerpt":{"rendered":"<p>ODM Customization Based on Proven Underwater Camera We offer ODM customization services for customers who need product differentiation while minimizing [&hellip;]<\/p>\n","protected":false},"author":1,"featured_media":0,"parent":0,"menu_order":0,"comment_status":"closed","ping_status":"closed","template":"","meta":{"_acf_changed":false,"site-sidebar-layout":"no-sidebar","site-content-layout":"page-builder","ast-site-content-layout":"full-width-container","site-content-style":"default","site-sidebar-style":"default","ast-global-header-display":"","ast-banner-title-visibility":"","ast-main-header-display":"","ast-hfb-above-header-display":"","ast-hfb-below-header-display":"","ast-hfb-mobile-header-display":"","site-post-title":"disabled","ast-breadcrumbs-content":"","ast-featured-img":"disabled","footer-sml-layout":"","ast-disable-related-posts":"","theme-transparent-header-meta":"","adv-header-id-meta":"","stick-header-meta":"","header-above-stick-meta":"","header-main-stick-meta":"","header-below-stick-meta":"","astra-migrate-meta-layouts":"set","ast-page-background-enabled":"default","ast-page-background-meta":{"desktop":{"background-color":"var(--ast-global-color-4)","background-image":"","background-repeat":"repeat","background-position":"center center","background-size":"auto","background-attachment":"scroll","background-type":"","background-media":"","overlay-type":"","overlay-color":"","overlay-opacity":"","overlay-gradient":""},"tablet":{"background-color":"","background-image":"","background-repeat":"repeat","background-position":"center center","background-size":"auto","background-attachment":"scroll","background-type":"","background-media":"","overlay-type":"","overlay-color":"","overlay-opacity":"","overlay-gradient":""},"mobile":{"background-color":"","background-image":"","background-repeat":"repeat","background-position":"center center","background-size":"auto","background-attachment":"scroll","background-type":"","background-media":"","overlay-type":"","overlay-color":"","overlay-opacity":"","overlay-gradient":""}},"ast-content-background-meta":{"desktop":{"background-color":"var(--ast-global-color-5)","background-image":"","background-repeat":"repeat","background-position":"center center","background-size":"auto","background-attachment":"scroll","background-type":"","background-media":"","overlay-type":"","overlay-color":"","overlay-opacity":"","overlay-gradient":""},"tablet":{"background-color":"var(--ast-global-color-5)","background-image":"","background-repeat":"repeat","background-position":"center center","background-size":"auto","background-attachment":"scroll","background-type":"","background-media":"","overlay-type":"","overlay-color":"","overlay-opacity":"","overlay-gradient":""},"mobile":{"background-color":"var(--ast-global-color-5)","background-image":"","background-repeat":"repeat","background-position":"center center","background-size":"auto","background-attachment":"scroll","background-type":"","background-media":"","overlay-type":"","overlay-color":"","overlay-opacity":"","overlay-gradient":""}},"footnotes":""},"class_list":["post-2064","page","type-page","status-publish","hentry"],"acf":[],"_links":{"self":[{"href":"https:\/\/bestwillcams.com\/tr\/wp-json\/wp\/v2\/pages\/2064","targetHints":{"allow":["GET"]}}],"collection":[{"href":"https:\/\/bestwillcams.com\/tr\/wp-json\/wp\/v2\/pages"}],"about":[{"href":"https:\/\/bestwillcams.com\/tr\/wp-json\/wp\/v2\/types\/page"}],"author":[{"embeddable":true,"href":"https:\/\/bestwillcams.com\/tr\/wp-json\/wp\/v2\/users\/1"}],"replies":[{"embeddable":true,"href":"https:\/\/bestwillcams.com\/tr\/wp-json\/wp\/v2\/comments?post=2064"}],"version-history":[{"count":16,"href":"https:\/\/bestwillcams.com\/tr\/wp-json\/wp\/v2\/pages\/2064\/revisions"}],"predecessor-version":[{"id":2819,"href":"https:\/\/bestwillcams.com\/tr\/wp-json\/wp\/v2\/pages\/2064\/revisions\/2819"}],"wp:attachment":[{"href":"https:\/\/bestwillcams.com\/tr\/wp-json\/wp\/v2\/media?parent=2064"}],"curies":[{"name":"wp","href":"https:\/\/api.w.org\/{rel}","templated":true}]}}