{"id":2070,"date":"2026-01-02T10:38:46","date_gmt":"2026-01-02T02:38:46","guid":{"rendered":"https:\/\/bestwillcams.com\/?page_id=2070"},"modified":"2026-03-03T09:45:23","modified_gmt":"2026-03-03T01:45:23","slug":"private-label-custom-branding","status":"publish","type":"page","link":"https:\/\/bestwillcams.com\/tr\/private-label-custom-branding\/","title":{"rendered":"Private Label \/ \u00d6zel Markalama"},"content":{"rendered":"<div data-elementor-type=\"wp-page\" data-elementor-id=\"2070\" class=\"elementor elementor-2070\" data-elementor-post-type=\"page\">\n\t\t\t\t<div class=\"elementor-element elementor-element-2cc62a3a e-flex e-con-boxed e-con e-parent\" data-id=\"2cc62a3a\" data-element_type=\"container\" data-e-type=\"container\" data-settings=\"{&quot;background_background&quot;:&quot;classic&quot;}\">\n\t\t\t\t\t<div class=\"e-con-inner\">\n\t\t\t\t<div class=\"elementor-element elementor-element-4bec1755 elementor-widget elementor-widget-heading\" data-id=\"4bec1755\" data-element_type=\"widget\" data-e-type=\"widget\" data-widget_type=\"heading.default\">\n\t\t\t\t\t\t\t<h1 class=\"elementor-heading-title elementor-size-default\">Sualt\u0131 Kameras\u0131 i\u00e7in \u00d6zel Etiket ve \u00d6zel Markalama<\/h1>\t\t\t\t<\/div>\n\t\t\t\t<div class=\"elementor-element elementor-element-69ace026 elementor-hidden-tablet elementor-hidden-mobile elementor-widget elementor-widget-text-editor\" data-id=\"69ace026\" data-element_type=\"widget\" data-e-type=\"widget\" data-widget_type=\"text-editor.default\">\n\t\t\t\t\t\t\t\t\t\t\t<p data-start=\"289\" data-end=\"447\">Biz teklif ediyoruz <strong data-start=\"298\" data-end=\"345\">\u00f6zel eti\u0307ket ve \u00f6zel markala\u015fma \u00e7\u00f6z\u00fcmleri\u0307<\/strong> Kan\u0131tlanm\u0131\u015f \u00fcr\u00fcnler kullanarak sualt\u0131 kamera pazar\u0131na h\u0131zl\u0131 bir \u015fekilde girmek veya geni\u015fletmek isteyen m\u00fc\u015fteriler i\u00e7in \u00f6zel etiket hizmetlerimiz <strong data-start=\"489\" data-end=\"527\">olgun su alti kamera platformlari<\/strong>, Bu sayede i\u015f ortaklar\u0131 markal\u0131 \u00fcr\u00fcnleri minimum geli\u015ftirme riski ve k\u0131sa teslim s\u00fcreleriyle piyasaya s\u00fcrebiliyor.<\/p>\t\t\t\t\t\t\t\t<\/div>\n\t\t\t\t\t<\/div>\n\t\t\t\t<\/div>\n\t\t<div class=\"elementor-element elementor-element-5c794ac1 e-flex e-con-boxed e-con e-parent\" data-id=\"5c794ac1\" data-element_type=\"container\" data-e-type=\"container\">\n\t\t\t\t\t<div class=\"e-con-inner\">\n\t\t\t\t<div class=\"elementor-element elementor-element-22ea85 elementor-widget elementor-widget-text-editor\" data-id=\"22ea85\" data-element_type=\"widget\" data-e-type=\"widget\" data-widget_type=\"text-editor.default\">\n\t\t\t\t\t\t\t\t\t\t\t<h4 data-start=\"632\" data-end=\"674\">\u00d6zel Etiket Hizmetimiz Neleri \u0130\u00e7erir<\/h4><p data-start=\"676\" data-end=\"754\">\u00d6zel etiket \u015fu anlama gelir <strong data-start=\"699\" data-end=\"728\">markala\u015fma ve pazara giri\u015f<\/strong>, \u00fcr\u00fcn geli\u015ftirme de\u011fil.<\/p><p data-start=\"756\" data-end=\"787\">Hizmetlerimiz genellikle \u015funlar\u0131 i\u00e7erir:<\/p><ul data-start=\"788\" data-end=\"970\"><li data-start=\"788\" data-end=\"827\"><p data-start=\"790\" data-end=\"827\">\u00dcr\u00fcnler \u00fczerine \u00f6zel logo uygulamas\u0131<\/p><\/li><li data-start=\"828\" data-end=\"869\"><p data-start=\"830\" data-end=\"869\">Ambalaj tasar\u0131m\u0131 ve markala\u015fma deste\u011fi<\/p><\/li><li data-start=\"870\" data-end=\"914\"><p data-start=\"872\" data-end=\"914\">Etiketleme ve dok\u00fcmantasyon \u00f6zelle\u015ftirme<\/p><\/li><li data-start=\"915\" data-end=\"970\"><p data-start=\"917\" data-end=\"970\">\u00dcr\u00fcn konfig\u00fcrasyonunun hedef pazarlarla uyumu<\/p><\/li><\/ul><p data-start=\"972\" data-end=\"1076\">Bu yakla\u015f\u0131m sizin sat\u0131\u015f ve da\u011f\u0131t\u0131ma odaklanman\u0131z\u0131 sa\u011flarken, biz de \u00fcretim ve montajla ilgileniyoruz.<\/p>\t\t\t\t\t\t\t\t<\/div>\n\t\t\t\t<div class=\"elementor-element elementor-element-1c66fbf3 elementor-widget__width-initial elementor-widget elementor-widget-image\" data-id=\"1c66fbf3\" data-element_type=\"widget\" data-e-type=\"widget\" data-widget_type=\"image.default\">\n\t\t\t\t\t\t\t\t\t\t\t\t\t\t\t\t\t<img fetchpriority=\"high\" decoding=\"async\" width=\"1200\" height=\"800\" src=\"https:\/\/bestwillcams.com\/wp-content\/uploads\/2026\/02\/custom-branding-solutions.webp\" class=\"attachment-full size-full wp-image-2660\" alt=\"\" srcset=\"https:\/\/bestwillcams.com\/wp-content\/uploads\/2026\/02\/custom-branding-solutions.webp 1200w, https:\/\/bestwillcams.com\/wp-content\/uploads\/2026\/02\/custom-branding-solutions-300x200.webp 300w, https:\/\/bestwillcams.com\/wp-content\/uploads\/2026\/02\/custom-branding-solutions-1024x683.webp 1024w, https:\/\/bestwillcams.com\/wp-content\/uploads\/2026\/02\/custom-branding-solutions-768x512.webp 768w\" sizes=\"(max-width: 1200px) 100vw, 1200px\" \/>\t\t\t\t\t\t\t\t\t\t\t\t\t\t\t<\/div>\n\t\t\t\t\t<\/div>\n\t\t\t\t<\/div>\n\t\t<div class=\"elementor-element elementor-element-4b96e56 e-flex e-con-boxed e-con e-parent\" data-id=\"4b96e56\" data-element_type=\"container\" data-e-type=\"container\">\n\t\t\t\t\t<div class=\"e-con-inner\">\n\t\t\t\t<div class=\"elementor-element elementor-element-6f231dad elementor-widget elementor-widget-text-editor\" data-id=\"6f231dad\" data-element_type=\"widget\" data-e-type=\"widget\" data-widget_type=\"text-editor.default\">\n\t\t\t\t\t\t\t\t\t\t\t<h5 data-start=\"1563\" data-end=\"1600\">Neden \u00d6zel Etiket \u00c7\u00f6z\u00fcmlerini Se\u00e7melisiniz?<\/h5><p data-start=\"1602\" data-end=\"1677\">\u00d6zel etiket, \u00fcr\u00fcn portf\u00f6y\u00fcn\u00fcz\u00fc olu\u015fturman\u0131n veya geni\u015fletmenin en h\u0131zl\u0131 yoludur.<\/p><p data-start=\"1679\" data-end=\"1700\">Temel avantajlar \u015funlard\u0131r:<\/p><ul data-start=\"1701\" data-end=\"1847\"><li data-start=\"1701\" data-end=\"1727\"><p data-start=\"1703\" data-end=\"1727\">Daha k\u0131sa pazara sunma s\u00fcresi<\/p><\/li><li data-start=\"1728\" data-end=\"1756\"><p data-start=\"1730\" data-end=\"1756\">Daha d\u00fc\u015f\u00fck \u00f6n yat\u0131r\u0131m<\/p><\/li><li data-start=\"1757\" data-end=\"1787\"><p data-start=\"1759\" data-end=\"1787\">Kan\u0131tlanm\u0131\u015f \u00fcr\u00fcn performans\u0131<\/p><\/li><li data-start=\"1788\" data-end=\"1820\"><p data-start=\"1790\" data-end=\"1820\">\u00d6l\u00e7eklenebilir \u00fcretim kapasitesi<\/p><\/li><li data-start=\"1821\" data-end=\"1847\"><p data-start=\"1823\" data-end=\"1847\">Azalt\u0131lm\u0131\u015f teknik risk<\/p><\/li><\/ul><p data-start=\"1849\" data-end=\"1923\">Bu model distrib\u00fct\u00f6rler, perakendeciler ve b\u00f6lgesel markalar taraf\u0131ndan yayg\u0131n olarak kullan\u0131lmaktad\u0131r.<\/p>\t\t\t\t\t\t\t\t<\/div>\n\t\t\t\t<div class=\"elementor-element elementor-element-588ddc1e elementor-widget elementor-widget-text-editor\" data-id=\"588ddc1e\" data-element_type=\"widget\" data-e-type=\"widget\" data-widget_type=\"text-editor.default\">\n\t\t\t\t\t\t\t\t\t\t\t<h5 data-start=\"1930\" data-end=\"1967\">Markalama ve Ambalaj \u00d6zelle\u015ftirme<\/h5><p data-start=\"1969\" data-end=\"2034\">Pazar stratejinize uygun marka \u00f6zelle\u015ftirmesini destekliyoruz:<\/p><ul data-start=\"2036\" data-end=\"2247\"><li data-start=\"2036\" data-end=\"2088\"><p data-start=\"2038\" data-end=\"2088\">Kamera, monit\u00f6r ve ambalaj \u00fczerinde logo yerle\u015fimi<\/p><\/li><li data-start=\"2089\" data-end=\"2149\"><p data-start=\"2091\" data-end=\"2149\">Marka kimli\u011finize g\u00f6re \u00f6zelle\u015ftirilmi\u015f ambalaj tasar\u0131m\u0131<\/p><\/li><li data-start=\"2150\" data-end=\"2197\"><p data-start=\"2152\" data-end=\"2197\">Gerekirse \u00e7ok dilli etiketler ve k\u0131lavuzlar<\/p><\/li><li data-start=\"2198\" data-end=\"2247\"><p data-start=\"2200\" data-end=\"2247\">Partiler aras\u0131nda \u00fcr\u00fcn g\u00f6r\u00fcn\u00fcm\u00fc tutarl\u0131l\u0131\u011f\u0131<\/p><\/li><\/ul><p data-start=\"2249\" data-end=\"2333\">\u00dcretim fizibilitesini ve tutarl\u0131l\u0131\u011f\u0131n\u0131 sa\u011flamak i\u00e7in t\u00fcm marka unsurlar\u0131 g\u00f6zden ge\u00e7irilir.<\/p>\t\t\t\t\t\t\t\t<\/div>\n\t\t\t\t<div class=\"elementor-element elementor-element-469db73d elementor-widget elementor-widget-text-editor\" data-id=\"469db73d\" data-element_type=\"widget\" data-e-type=\"widget\" data-widget_type=\"text-editor.default\">\n\t\t\t\t\t\t\t\t\t\t\t<h5 data-start=\"2340\" data-end=\"2375\">Kalite ve \u00dcretim Tutarl\u0131l\u0131\u011f\u0131<\/h5><p data-start=\"2377\" data-end=\"2447\">\u00d6zel markal\u0131 projeler i\u00e7in bile kalite tutarl\u0131l\u0131\u011f\u0131 kritik \u00f6nemini korumaktad\u0131r.<\/p><p data-start=\"2449\" data-end=\"2509\">OEM \u00fcretimi ile ayn\u0131 \u00fcretim standartlar\u0131n\u0131 uyguluyoruz:<\/p><ul data-start=\"2510\" data-end=\"2645\"><li data-start=\"2510\" data-end=\"2546\"><p data-start=\"2512\" data-end=\"2546\">Standartla\u015ft\u0131r\u0131lm\u0131\u015f montaj prosed\u00fcrleri<\/p><\/li><li data-start=\"2547\" data-end=\"2585\"><p data-start=\"2549\" data-end=\"2585\">Sevkiyat \u00f6ncesi fonksiyonel test<\/p><\/li><li data-start=\"2586\" data-end=\"2616\"><p data-start=\"2588\" data-end=\"2616\">Parti d\u00fczeyinde kalite kontrolleri<\/p><\/li><li data-start=\"2617\" data-end=\"2645\"><p data-start=\"2619\" data-end=\"2645\">\u0130stikrarl\u0131 malzeme tedariki<\/p><\/li><\/ul><p data-start=\"2647\" data-end=\"2723\">Bu, markal\u0131 \u00fcr\u00fcnlerinizin teslimatlar boyunca tutarl\u0131 kalmas\u0131n\u0131 sa\u011flar.<\/p>\t\t\t\t\t\t\t\t<\/div>\n\t\t\t\t<div class=\"elementor-element elementor-element-2b387c3 elementor-widget elementor-widget-text-editor\" data-id=\"2b387c3\" data-element_type=\"widget\" data-e-type=\"widget\" data-widget_type=\"text-editor.default\">\n\t\t\t\t\t\t\t\t\t\t\t<h5 data-start=\"2730\" data-end=\"2774\">\u00d6zel Etiket Hizmetimiz Kimler \u0130\u00e7in En \u0130yisidir<\/h5><p data-start=\"2776\" data-end=\"2807\"><strong data-start=\"2776\" data-end=\"2807\">Private Label \u015funlar i\u00e7in idealdir:<\/strong><\/p><ul data-start=\"2808\" data-end=\"2993\"><li data-start=\"2808\" data-end=\"2862\"><p data-start=\"2810\" data-end=\"2862\">Sualt\u0131 kamera pazar\u0131na giren marka sahipleri<\/p><\/li><li data-start=\"2863\" data-end=\"2909\"><p data-start=\"2865\" data-end=\"2909\">Distrib\u00fct\u00f6rler \u00fcr\u00fcn yelpazelerini geni\u015fletiyor<\/p><\/li><li data-start=\"2910\" data-end=\"2946\"><p data-start=\"2912\" data-end=\"2946\">Perakendeciler ve e-ticaret sat\u0131c\u0131lar\u0131<\/p><\/li><li data-start=\"2947\" data-end=\"2993\"><p data-start=\"2949\" data-end=\"2993\">H\u0131zl\u0131 ve g\u00fcvenilir tedarik arayan m\u00fc\u015fteriler<\/p><\/li><\/ul><p data-start=\"2995\" data-end=\"3037\"><strong data-start=\"2995\" data-end=\"3037\">Private Label a\u015fa\u011f\u0131dakiler i\u00e7in uygun olmayabilir:<\/strong><\/p><ul data-start=\"3038\" data-end=\"3134\"><li data-start=\"3038\" data-end=\"3088\"><p data-start=\"3040\" data-end=\"3088\">Kapsaml\u0131 \u00fcr\u00fcn yeniden tasar\u0131m\u0131 gerektiren m\u00fc\u015fteriler<\/p><\/li><li data-start=\"3089\" data-end=\"3134\"><p data-start=\"3091\" data-end=\"3134\">Deneysel \u00f6zelliklere odaklanan projeler<\/p><\/li><\/ul>\t\t\t\t\t\t\t\t<\/div>\n\t\t\t\t<div class=\"elementor-element elementor-element-110d98e4 elementor-widget elementor-widget-text-editor\" data-id=\"110d98e4\" data-element_type=\"widget\" data-e-type=\"widget\" data-widget_type=\"text-editor.default\">\n\t\t\t\t\t\t\t\t\t\t\t<h5 data-start=\"3141\" data-end=\"3190\">Private Label Orta\u011f\u0131n\u0131z Olarak Neden Bizimle \u00c7al\u0131\u015fmal\u0131s\u0131n\u0131z?<\/h5><ul data-start=\"3192\" data-end=\"3397\"><li data-start=\"3192\" data-end=\"3230\"><p data-start=\"3194\" data-end=\"3230\">Kan\u0131tlanm\u0131\u015f su alt\u0131 kamera platformlar\u0131<\/p><\/li><li data-start=\"3231\" data-end=\"3279\"><p data-start=\"3233\" data-end=\"3279\">Verimli markalama ve ambalaj entegrasyonu<\/p><\/li><li data-start=\"3280\" data-end=\"3309\"><p data-start=\"3282\" data-end=\"3309\">Esnek sipari\u015f miktarlar\u0131<\/p><\/li><li data-start=\"3310\" data-end=\"3357\"><p data-start=\"3312\" data-end=\"3357\">\u0130stikrarl\u0131 tedarik zinciri ve teslimat kabiliyeti<\/p><\/li><li data-start=\"3358\" data-end=\"3397\"><p data-start=\"3360\" data-end=\"3397\">K\u00fcresel markalar\u0131 destekleme deneyimi<\/p><\/li><\/ul><p data-start=\"3399\" data-end=\"3473\">Biz \u00fcretimle ilgilenirken ortaklar\u0131m\u0131z\u0131n b\u00fcy\u00fcmeye odaklanmas\u0131na yard\u0131mc\u0131 oluyoruz.<\/p>\t\t\t\t\t\t\t\t<\/div>\n\t\t\t\t\t<\/div>\n\t\t\t\t<\/div>\n\t\t\t\t<\/div>","protected":false},"excerpt":{"rendered":"<p>Private Label &amp; Custom Branding for Underwater Camera We offer private label and custom branding solutions for customers who want [&hellip;]<\/p>\n","protected":false},"author":1,"featured_media":0,"parent":0,"menu_order":0,"comment_status":"closed","ping_status":"closed","template":"","meta":{"_acf_changed":false,"site-sidebar-layout":"no-sidebar","site-content-layout":"page-builder","ast-site-content-layout":"full-width-container","site-content-style":"default","site-sidebar-style":"default","ast-global-header-display":"","ast-banner-title-visibility":"","ast-main-header-display":"","ast-hfb-above-header-display":"","ast-hfb-below-header-display":"","ast-hfb-mobile-header-display":"","site-post-title":"disabled","ast-breadcrumbs-content":"","ast-featured-img":"disabled","footer-sml-layout":"","ast-disable-related-posts":"","theme-transparent-header-meta":"","adv-header-id-meta":"","stick-header-meta":"","header-above-stick-meta":"","header-main-stick-meta":"","header-below-stick-meta":"","astra-migrate-meta-layouts":"set","ast-page-background-enabled":"default","ast-page-background-meta":{"desktop":{"background-color":"var(--ast-global-color-4)","background-image":"","background-repeat":"repeat","background-position":"center center","background-size":"auto","background-attachment":"scroll","background-type":"","background-media":"","overlay-type":"","overlay-color":"","overlay-opacity":"","overlay-gradient":""},"tablet":{"background-color":"","background-image":"","background-repeat":"repeat","background-position":"center center","background-size":"auto","background-attachment":"scroll","background-type":"","background-media":"","overlay-type":"","overlay-color":"","overlay-opacity":"","overlay-gradient":""},"mobile":{"background-color":"","background-image":"","background-repeat":"repeat","background-position":"center center","background-size":"auto","background-attachment":"scroll","background-type":"","background-media":"","overlay-type":"","overlay-color":"","overlay-opacity":"","overlay-gradient":""}},"ast-content-background-meta":{"desktop":{"background-color":"var(--ast-global-color-5)","background-image":"","background-repeat":"repeat","background-position":"center center","background-size":"auto","background-attachment":"scroll","background-type":"","background-media":"","overlay-type":"","overlay-color":"","overlay-opacity":"","overlay-gradient":""},"tablet":{"background-color":"var(--ast-global-color-5)","background-image":"","background-repeat":"repeat","background-position":"center center","background-size":"auto","background-attachment":"scroll","background-type":"","background-media":"","overlay-type":"","overlay-color":"","overlay-opacity":"","overlay-gradient":""},"mobile":{"background-color":"var(--ast-global-color-5)","background-image":"","background-repeat":"repeat","background-position":"center center","background-size":"auto","background-attachment":"scroll","background-type":"","background-media":"","overlay-type":"","overlay-color":"","overlay-opacity":"","overlay-gradient":""}},"footnotes":""},"class_list":["post-2070","page","type-page","status-publish","hentry"],"acf":[],"_links":{"self":[{"href":"https:\/\/bestwillcams.com\/tr\/wp-json\/wp\/v2\/pages\/2070","targetHints":{"allow":["GET"]}}],"collection":[{"href":"https:\/\/bestwillcams.com\/tr\/wp-json\/wp\/v2\/pages"}],"about":[{"href":"https:\/\/bestwillcams.com\/tr\/wp-json\/wp\/v2\/types\/page"}],"author":[{"embeddable":true,"href":"https:\/\/bestwillcams.com\/tr\/wp-json\/wp\/v2\/users\/1"}],"replies":[{"embeddable":true,"href":"https:\/\/bestwillcams.com\/tr\/wp-json\/wp\/v2\/comments?post=2070"}],"version-history":[{"count":19,"href":"https:\/\/bestwillcams.com\/tr\/wp-json\/wp\/v2\/pages\/2070\/revisions"}],"predecessor-version":[{"id":2825,"href":"https:\/\/bestwillcams.com\/tr\/wp-json\/wp\/v2\/pages\/2070\/revisions\/2825"}],"wp:attachment":[{"href":"https:\/\/bestwillcams.com\/tr\/wp-json\/wp\/v2\/media?parent=2070"}],"curies":[{"name":"wp","href":"https:\/\/api.w.org\/{rel}","templated":true}]}}