{"id":2125,"date":"2026-01-03T10:27:20","date_gmt":"2026-01-03T02:27:20","guid":{"rendered":"https:\/\/bestwillcams.com\/?page_id=2125"},"modified":"2026-03-03T09:53:02","modified_gmt":"2026-03-03T01:53:02","slug":"logistics-delivery-support","status":"publish","type":"page","link":"https:\/\/bestwillcams.com\/tr\/logistics-delivery-support\/","title":{"rendered":"Lojistik ve Teslimat Deste\u011fi"},"content":{"rendered":"<div data-elementor-type=\"wp-page\" data-elementor-id=\"2125\" class=\"elementor elementor-2125\" data-elementor-post-type=\"page\">\n\t\t\t\t<div class=\"elementor-element elementor-element-9ee7ce0 e-flex e-con-boxed e-con e-parent\" data-id=\"9ee7ce0\" data-element_type=\"container\" data-e-type=\"container\" data-settings=\"{&quot;background_background&quot;:&quot;classic&quot;}\">\n\t\t\t\t\t<div class=\"e-con-inner\">\n\t\t\t\t<div class=\"elementor-element elementor-element-2d53e156 elementor-widget elementor-widget-heading\" data-id=\"2d53e156\" data-element_type=\"widget\" data-e-type=\"widget\" data-widget_type=\"heading.default\">\n\t\t\t\t\t\t\t<h1 class=\"elementor-heading-title elementor-size-default\">K\u00fcresel B2B i\u00e7in Esnek Lojistik ve Teslimat \u00c7\u00f6z\u00fcmleri<\/h1>\t\t\t\t<\/div>\n\t\t\t\t<div class=\"elementor-element elementor-element-520e3681 elementor-hidden-tablet elementor-hidden-mobile elementor-widget elementor-widget-text-editor\" data-id=\"520e3681\" data-element_type=\"widget\" data-e-type=\"widget\" data-widget_type=\"text-editor.default\">\n\t\t\t\t\t\t\t\t\t\t\t<p data-start=\"374\" data-end=\"472\">OEM ve ODM ortaklar\u0131 i\u00e7in planl\u0131 sevkiyatlar, net zaman \u00e7izelgeleri ve uygun maliyetli teslimat stratejileri Fabrika sevkiyat\u0131ndan deniza\u015f\u0131r\u0131 depolara kadar, herkese uyan tek bir nakliye yerine yap\u0131land\u0131r\u0131lm\u0131\u015f lojisti\u011fi destekliyoruz.<\/p>\t\t\t\t\t\t\t\t<\/div>\n\t\t\t\t\t<\/div>\n\t\t\t\t<\/div>\n\t\t<div class=\"elementor-element elementor-element-5b150afc e-flex e-con-boxed e-con e-parent\" data-id=\"5b150afc\" data-element_type=\"container\" data-e-type=\"container\">\n\t\t\t\t\t<div class=\"e-con-inner\">\n\t\t\t\t<div class=\"elementor-element elementor-element-657f5f13 elementor-widget elementor-widget-text-editor\" data-id=\"657f5f13\" data-element_type=\"widget\" data-e-type=\"widget\" data-widget_type=\"text-editor.default\">\n\t\t\t\t\t\t\t\t\t\t\t<h4 data-start=\"637\" data-end=\"686\">\u00dcretim Ortaklar\u0131 i\u00e7in Tasarlanm\u0131\u015f Lojistik<\/h4><p data-start=\"695\" data-end=\"770\">B2B al\u0131c\u0131lar\u0131 i\u00e7in lojistik sadece \u00fcr\u00fcn sevkiyat\u0131ndan ibaret de\u011fil, ayn\u0131 zamanda etkiliyor:<\/p><ul data-start=\"771\" data-end=\"835\"><li data-start=\"771\" data-end=\"791\"><p data-start=\"773\" data-end=\"791\">Envanter planlamas\u0131<\/p><\/li><li data-start=\"792\" data-end=\"803\"><p data-start=\"794\" data-end=\"803\">Nakit ak\u0131\u015f\u0131<\/p><\/li><li data-start=\"804\" data-end=\"835\"><p data-start=\"806\" data-end=\"835\">Yerel da\u011f\u0131t\u0131m verimlili\u011fi<\/p><\/li><\/ul><p data-start=\"837\" data-end=\"951\">Lojistik deste\u011fimiz \u015fu konulara odaklanmaktad\u0131r <strong data-start=\"870\" data-end=\"900\">istikrar ve \u015feffafl\u0131k<\/strong>, Ortaklar\u0131n teslimatlar\u0131 g\u00fcvenle planlamas\u0131na yard\u0131mc\u0131 olur.<\/p>\t\t\t\t\t\t\t\t<\/div>\n\t\t\t\t<div class=\"elementor-element elementor-element-6822d5fd elementor-widget__width-initial elementor-widget elementor-widget-image\" data-id=\"6822d5fd\" data-element_type=\"widget\" data-e-type=\"widget\" data-widget_type=\"image.default\">\n\t\t\t\t\t\t\t\t\t\t\t\t\t\t\t\t\t<img fetchpriority=\"high\" decoding=\"async\" width=\"1200\" height=\"800\" src=\"https:\/\/bestwillcams.com\/wp-content\/uploads\/2026\/02\/Delivery-Solutions.webp\" class=\"attachment-full size-full wp-image-2685\" alt=\"\" srcset=\"https:\/\/bestwillcams.com\/wp-content\/uploads\/2026\/02\/Delivery-Solutions.webp 1200w, https:\/\/bestwillcams.com\/wp-content\/uploads\/2026\/02\/Delivery-Solutions-300x200.webp 300w, https:\/\/bestwillcams.com\/wp-content\/uploads\/2026\/02\/Delivery-Solutions-1024x683.webp 1024w, https:\/\/bestwillcams.com\/wp-content\/uploads\/2026\/02\/Delivery-Solutions-768x512.webp 768w\" sizes=\"(max-width: 1200px) 100vw, 1200px\" \/>\t\t\t\t\t\t\t\t\t\t\t\t\t\t\t<\/div>\n\t\t\t\t\t<\/div>\n\t\t\t\t<\/div>\n\t\t<div class=\"elementor-element elementor-element-4e5d8e2b e-flex e-con-boxed e-con e-parent\" data-id=\"4e5d8e2b\" data-element_type=\"container\" data-e-type=\"container\">\n\t\t\t\t\t<div class=\"e-con-inner\">\n\t\t\t\t<div class=\"elementor-element elementor-element-24147f0e elementor-widget elementor-widget-text-editor\" data-id=\"24147f0e\" data-element_type=\"widget\" data-e-type=\"widget\" data-widget_type=\"text-editor.default\">\n\t\t\t\t\t\t\t\t\t\t\t<h5 data-start=\"993\" data-end=\"1026\">\u0130ki Pratik Teslimat Modeli<\/h5><h6>Fabrika Do\u011frudan Sevkiyat<\/h6><ul><li data-start=\"1091\" data-end=\"1114\"><p data-start=\"1093\" data-end=\"1114\">OEM \/ ODM toplu sipari\u015fler<\/p><\/li><li data-start=\"1115\" data-end=\"1136\"><p data-start=\"1117\" data-end=\"1136\">\u00d6zelle\u015ftirilmi\u015f \u00fcr\u00fcnler<\/p><\/li><li data-start=\"1137\" data-end=\"1166\"><p data-start=\"1139\" data-end=\"1166\">Standart \u00fcretim partileri<\/p><\/li><\/ul><h6 data-start=\"1773\" data-end=\"1874\">Yurtd\u0131\u015f\u0131 Depo Deste\u011fi<\/h6><ul><li data-start=\"1444\" data-end=\"1471\"><p data-start=\"1446\" data-end=\"1471\">Se\u00e7ilmi\u015f h\u0131zl\u0131 hareket eden SKU'lar<\/p><\/li><li data-start=\"1472\" data-end=\"1509\"><p data-start=\"1474\" data-end=\"1509\">De\u011fi\u015ftirme veya acil ikmal<\/p><\/li><li data-start=\"1510\" data-end=\"1535\"><p data-start=\"1512\" data-end=\"1535\">B\u00f6lgesel stok planlamas\u0131<\/p><\/li><\/ul><p data-start=\"1537\" data-end=\"1645\">S\u00fcrd\u00fcr\u00fcyoruz <strong data-start=\"1562\" data-end=\"1598\">s\u0131n\u0131rl\u0131 yurtd\u0131\u015f\u0131 depo sto\u011fu<\/strong> sadece se\u00e7ili modeller i\u00e7in, desteklemek i\u00e7in tasarlanm\u0131\u015ft\u0131r: 1. Daha h\u0131zl\u0131 de\u011fi\u015ftirme, 2. \u00c7ok satan \u00fcr\u00fcnler i\u00e7in daha k\u0131sa teslim s\u00fcresiBu bir <strong data-start=\"1720\" data-end=\"1743\">destekleyici \u00e7\u00f6z\u00fcm<\/strong>, Fabrika sevkiyat\u0131 i\u00e7in tam bir envanter de\u011fi\u015fimi de\u011fildir.<\/p>\t\t\t\t\t\t\t\t<\/div>\n\t\t\t\t<div class=\"elementor-element elementor-element-89c16cf elementor-widget elementor-widget-text-editor\" data-id=\"89c16cf\" data-element_type=\"widget\" data-e-type=\"widget\" data-widget_type=\"text-editor.default\">\n\t\t\t\t\t\t\t\t\t\t\t<h5 data-start=\"1881\" data-end=\"1925\">Planlanan Teslim S\u00fcreleri ve Teslimat Planlamas\u0131<\/h5><p data-start=\"1893\" data-end=\"1941\">Yap\u0131land\u0131r\u0131lm\u0131\u015f teslimat planlamas\u0131n\u0131 \u015fu yollarla destekliyoruz:<\/p><ul data-start=\"1942\" data-end=\"2077\"><li data-start=\"1942\" data-end=\"1990\"><p data-start=\"1944\" data-end=\"1990\">Sipari\u015f \u00f6ncesi \u00fcretim teslim s\u00fcresi onay\u0131<\/p><\/li><li data-start=\"1991\" data-end=\"2018\"><p data-start=\"1993\" data-end=\"2018\">Toplu sevkiyat planlamas\u0131<\/p><\/li><li data-start=\"2019\" data-end=\"2077\"><p data-start=\"2021\" data-end=\"2077\">\u00dcretim ve sevkiyat s\u0131ras\u0131nda \u015feffaf ileti\u015fim<\/p><\/li><\/ul><p data-start=\"2079\" data-end=\"2174\">Bu, ortaklar\u0131n \u00fcretim, sevkiyat ve yerel da\u011f\u0131t\u0131m\u0131 daha etkili bir \u015fekilde hizalamas\u0131na olanak tan\u0131r.<\/p>\t\t\t\t\t\t\t\t<\/div>\n\t\t\t\t<div class=\"elementor-element elementor-element-5633965 elementor-widget elementor-widget-text-editor\" data-id=\"5633965\" data-element_type=\"widget\" data-e-type=\"widget\" data-widget_type=\"text-editor.default\">\n\t\t\t\t\t\t\t\t\t\t\t<h5 data-start=\"2405\" data-end=\"2448\">Bu Lojistik Modeli En \u00c7ok Kime Uyuyor?<\/h5><ul><li data-start=\"2886\" data-end=\"2933\"><p data-start=\"2888\" data-end=\"2933\">Yurtd\u0131\u015f\u0131 da\u011f\u0131t\u0131m\u0131n\u0131 y\u00f6neten marka sahipleri<\/p><\/li><li data-start=\"2934\" data-end=\"2973\"><p data-start=\"2936\" data-end=\"2973\">Toplu ithalat planlayan distrib\u00fct\u00f6rler<\/p><\/li><li data-start=\"2974\" data-end=\"3031\"><p data-start=\"2976\" data-end=\"3031\">\u0130stikrarl\u0131 tedarik programlar\u0131na ihtiya\u00e7 duyan OEM \/ ODM m\u00fc\u015fterileri<\/p><\/li><li data-start=\"3032\" data-end=\"3099\"><p data-start=\"3034\" data-end=\"3099\">Acele sevkiyat yerine \u00f6ng\u00f6r\u00fclebilir teslimat arayan i\u015f ortaklar\u0131<\/p><\/li><\/ul>\t\t\t\t\t\t\t\t<\/div>\n\t\t\t\t<div class=\"elementor-element elementor-element-5270ec72 elementor-widget elementor-widget-text-editor\" data-id=\"5270ec72\" data-element_type=\"widget\" data-e-type=\"widget\" data-widget_type=\"text-editor.default\">\n\t\t\t\t\t\t\t\t\t\t\t<h5 data-start=\"3738\" data-end=\"3788\">\u00dcretim ve Sat\u0131\u015f Sonras\u0131 Destek ile Entegre<\/h5><p data-start=\"3214\" data-end=\"3267\">Lojistik ve teslimat hizmetlerimiz ile uyumludur:<\/p><ul data-start=\"3268\" data-end=\"3466\"><li data-start=\"3268\" data-end=\"3337\"><p data-start=\"3270\" data-end=\"3337\"><em><strong data-start=\"3270\" data-end=\"3297\">OEM ve ODM \u0130malat\u0131<\/strong> - \u00fcretim odakl\u0131 sevkiyat planlamas\u0131<\/em><\/p><\/li><li data-start=\"3338\" data-end=\"3399\"><p data-start=\"3340\" data-end=\"3399\"><em><strong data-start=\"3340\" data-end=\"3364\">Sat\u0131\u015f Sonras\u0131 &amp; Onar\u0131m<\/strong> - onarim ve de\u011fi\u0307\u015fti\u0307rme rotasi<\/em><\/p><\/li><li data-start=\"3400\" data-end=\"3466\"><p data-start=\"3402\" data-end=\"3466\"><em><strong data-start=\"3402\" data-end=\"3421\">Proje Deste\u011fi<\/strong> - proje kilometre ta\u015flar\u0131 ile uyumlu teslimat<\/em><\/p><\/li><\/ul>\t\t\t\t\t\t\t\t<\/div>\n\t\t\t\t\t<\/div>\n\t\t\t\t<\/div>\n\t\t\t\t<\/div>","protected":false},"excerpt":{"rendered":"<p>Flexible Logistics &amp; Delivery Solutions for Global B2B Planned shipments, clear timelines, and cost-efficient delivery strategies for OEM &amp; ODM [&hellip;]<\/p>\n","protected":false},"author":1,"featured_media":0,"parent":0,"menu_order":0,"comment_status":"closed","ping_status":"closed","template":"","meta":{"_acf_changed":false,"site-sidebar-layout":"no-sidebar","site-content-layout":"page-builder","ast-site-content-layout":"full-width-container","site-content-style":"default","site-sidebar-style":"default","ast-global-header-display":"","ast-banner-title-visibility":"","ast-main-header-display":"","ast-hfb-above-header-display":"","ast-hfb-below-header-display":"","ast-hfb-mobile-header-display":"","site-post-title":"disabled","ast-breadcrumbs-content":"","ast-featured-img":"disabled","footer-sml-layout":"","ast-disable-related-posts":"","theme-transparent-header-meta":"","adv-header-id-meta":"","stick-header-meta":"","header-above-stick-meta":"","header-main-stick-meta":"","header-below-stick-meta":"","astra-migrate-meta-layouts":"set","ast-page-background-enabled":"default","ast-page-background-meta":{"desktop":{"background-color":"var(--ast-global-color-4)","background-image":"","background-repeat":"repeat","background-position":"center center","background-size":"auto","background-attachment":"scroll","background-type":"","background-media":"","overlay-type":"","overlay-color":"","overlay-opacity":"","overlay-gradient":""},"tablet":{"background-color":"","background-image":"","background-repeat":"repeat","background-position":"center center","background-size":"auto","background-attachment":"scroll","background-type":"","background-media":"","overlay-type":"","overlay-color":"","overlay-opacity":"","overlay-gradient":""},"mobile":{"background-color":"","background-image":"","background-repeat":"repeat","background-position":"center center","background-size":"auto","background-attachment":"scroll","background-type":"","background-media":"","overlay-type":"","overlay-color":"","overlay-opacity":"","overlay-gradient":""}},"ast-content-background-meta":{"desktop":{"background-color":"var(--ast-global-color-5)","background-image":"","background-repeat":"repeat","background-position":"center center","background-size":"auto","background-attachment":"scroll","background-type":"","background-media":"","overlay-type":"","overlay-color":"","overlay-opacity":"","overlay-gradient":""},"tablet":{"background-color":"var(--ast-global-color-5)","background-image":"","background-repeat":"repeat","background-position":"center center","background-size":"auto","background-attachment":"scroll","background-type":"","background-media":"","overlay-type":"","overlay-color":"","overlay-opacity":"","overlay-gradient":""},"mobile":{"background-color":"var(--ast-global-color-5)","background-image":"","background-repeat":"repeat","background-position":"center center","background-size":"auto","background-attachment":"scroll","background-type":"","background-media":"","overlay-type":"","overlay-color":"","overlay-opacity":"","overlay-gradient":""}},"footnotes":""},"class_list":["post-2125","page","type-page","status-publish","hentry"],"acf":[],"_links":{"self":[{"href":"https:\/\/bestwillcams.com\/tr\/wp-json\/wp\/v2\/pages\/2125","targetHints":{"allow":["GET"]}}],"collection":[{"href":"https:\/\/bestwillcams.com\/tr\/wp-json\/wp\/v2\/pages"}],"about":[{"href":"https:\/\/bestwillcams.com\/tr\/wp-json\/wp\/v2\/types\/page"}],"author":[{"embeddable":true,"href":"https:\/\/bestwillcams.com\/tr\/wp-json\/wp\/v2\/users\/1"}],"replies":[{"embeddable":true,"href":"https:\/\/bestwillcams.com\/tr\/wp-json\/wp\/v2\/comments?post=2125"}],"version-history":[{"count":19,"href":"https:\/\/bestwillcams.com\/tr\/wp-json\/wp\/v2\/pages\/2125\/revisions"}],"predecessor-version":[{"id":2837,"href":"https:\/\/bestwillcams.com\/tr\/wp-json\/wp\/v2\/pages\/2125\/revisions\/2837"}],"wp:attachment":[{"href":"https:\/\/bestwillcams.com\/tr\/wp-json\/wp\/v2\/media?parent=2125"}],"curies":[{"name":"wp","href":"https:\/\/api.w.org\/{rel}","templated":true}]}}