{"id":2127,"date":"2026-01-03T10:27:56","date_gmt":"2026-01-03T02:27:56","guid":{"rendered":"https:\/\/bestwillcams.com\/?page_id=2127"},"modified":"2026-03-03T09:51:46","modified_gmt":"2026-03-03T01:51:46","slug":"after-sales-repair-support","status":"publish","type":"page","link":"https:\/\/bestwillcams.com\/tr\/after-sales-repair-support\/","title":{"rendered":"Sat\u0131\u015f Sonras\u0131 ve Onar\u0131m Deste\u011fi"},"content":{"rendered":"<div data-elementor-type=\"wp-page\" data-elementor-id=\"2127\" class=\"elementor elementor-2127\" data-elementor-post-type=\"page\">\n\t\t\t\t<div class=\"elementor-element elementor-element-62e0dc6e e-flex e-con-boxed e-con e-parent\" data-id=\"62e0dc6e\" data-element_type=\"container\" data-e-type=\"container\" data-settings=\"{&quot;background_background&quot;:&quot;classic&quot;}\">\n\t\t\t\t\t<div class=\"e-con-inner\">\n\t\t\t\t<div class=\"elementor-element elementor-element-28efee39 elementor-widget elementor-widget-heading\" data-id=\"28efee39\" data-element_type=\"widget\" data-e-type=\"widget\" data-widget_type=\"heading.default\">\n\t\t\t\t\t\t\t<h2 class=\"elementor-heading-title elementor-size-default\">B2B \u0130\u015f Ortaklar\u0131 i\u00e7in G\u00fcvenilir Sat\u0131\u015f Sonras\u0131 ve Onar\u0131m Deste\u011fi<\/h2>\t\t\t\t<\/div>\n\t\t\t\t<div class=\"elementor-element elementor-element-34791f6c elementor-hidden-tablet elementor-hidden-mobile elementor-widget elementor-widget-text-editor\" data-id=\"34791f6c\" data-element_type=\"widget\" data-e-type=\"widget\" data-widget_type=\"text-editor.default\">\n\t\t\t\t\t\t\t\t\t\t\t<p>Biz \u015funlara odaklan\u0131yoruz <strong data-start=\"559\" data-end=\"591\">etkin sorun \u00e7\u00f6z\u00fcm\u00fc<\/strong>, karma\u015f\u0131k vaatler de\u011fil - distrib\u00fct\u00f6rlerin ve marka sahiplerinin operasyonel riski azaltmalar\u0131na yard\u0131mc\u0131 olur.<\/p>\t\t\t\t\t\t\t\t<\/div>\n\t\t\t\t\t<\/div>\n\t\t\t\t<\/div>\n\t\t<div class=\"elementor-element elementor-element-d3f7591 e-flex e-con-boxed e-con e-parent\" data-id=\"d3f7591\" data-element_type=\"container\" data-e-type=\"container\">\n\t\t\t\t\t<div class=\"e-con-inner\">\n\t\t\t\t<div class=\"elementor-element elementor-element-45cbcfc8 elementor-widget elementor-widget-text-editor\" data-id=\"45cbcfc8\" data-element_type=\"widget\" data-e-type=\"widget\" data-widget_type=\"text-editor.default\">\n\t\t\t\t\t\t\t\t\t\t\t<h4>B2B Sat\u0131\u015f Sonras\u0131 Verimlilik i\u00e7in Tasarland\u0131<\/h4><p data-start=\"791\" data-end=\"921\">T\u00fcketici sat\u0131\u015f sonras\u0131 hizmetlerinin aksine, B2B m\u00fc\u015fterileri a\u015fa\u011f\u0131dakileri \u00f6nemser <strong data-start=\"853\" data-end=\"920\">toplu i\u015flem, a\u00e7\u0131k sorumluluk ve \u00f6ng\u00f6r\u00fclebilir s\u00fcre\u00e7ler<\/strong>.<\/p><p data-start=\"923\" data-end=\"982\">Sat\u0131\u015f sonras\u0131 ve onar\u0131m deste\u011fimiz size yard\u0131mc\u0131 olmak i\u00e7in tasarlanm\u0131\u015ft\u0131r:<\/p><ul data-start=\"983\" data-end=\"1124\"><li data-start=\"983\" data-end=\"1023\"><p data-start=\"985\" data-end=\"1023\">\u0130ade ve onar\u0131m i\u015flemlerini verimli bir \u015fekilde ger\u00e7ekle\u015ftirin<\/p><\/li><li data-start=\"1024\" data-end=\"1071\"><p data-start=\"1026\" data-end=\"1071\">Geri bildirim d\u00f6ng\u00fcleri arac\u0131l\u0131\u011f\u0131yla tekrarlanan sorunlar\u0131 azalt\u0131n<\/p><\/li><li data-start=\"1072\" data-end=\"1124\"><p data-start=\"1074\" data-end=\"1124\">Yerel pazar\u0131n\u0131zda marka itibar\u0131n\u0131z\u0131 koruyun<\/p><\/li><\/ul>\t\t\t\t\t\t\t\t<\/div>\n\t\t\t\t<div class=\"elementor-element elementor-element-7f82792f elementor-widget__width-initial elementor-widget elementor-widget-image\" data-id=\"7f82792f\" data-element_type=\"widget\" data-e-type=\"widget\" data-widget_type=\"image.default\">\n\t\t\t\t\t\t\t\t\t\t\t\t\t\t\t\t\t<img fetchpriority=\"high\" decoding=\"async\" width=\"1200\" height=\"800\" src=\"https:\/\/bestwillcams.com\/wp-content\/uploads\/2026\/02\/B2B-After-Sales-Efficiency.webp\" class=\"attachment-full size-full wp-image-2677\" alt=\"\" srcset=\"https:\/\/bestwillcams.com\/wp-content\/uploads\/2026\/02\/B2B-After-Sales-Efficiency.webp 1200w, https:\/\/bestwillcams.com\/wp-content\/uploads\/2026\/02\/B2B-After-Sales-Efficiency-300x200.webp 300w, https:\/\/bestwillcams.com\/wp-content\/uploads\/2026\/02\/B2B-After-Sales-Efficiency-1024x683.webp 1024w, https:\/\/bestwillcams.com\/wp-content\/uploads\/2026\/02\/B2B-After-Sales-Efficiency-768x512.webp 768w\" sizes=\"(max-width: 1200px) 100vw, 1200px\" \/>\t\t\t\t\t\t\t\t\t\t\t\t\t\t\t<\/div>\n\t\t\t\t\t<\/div>\n\t\t\t\t<\/div>\n\t\t<div class=\"elementor-element elementor-element-e6b1ae4 e-flex e-con-boxed e-con e-parent\" data-id=\"e6b1ae4\" data-element_type=\"container\" data-e-type=\"container\">\n\t\t\t\t\t<div class=\"e-con-inner\">\n\t\t\t\t<div class=\"elementor-element elementor-element-302bca0e elementor-widget elementor-widget-text-editor\" data-id=\"302bca0e\" data-element_type=\"widget\" data-e-type=\"widget\" data-widget_type=\"text-editor.default\">\n\t\t\t\t\t\t\t\t\t\t\t<h5 data-start=\"1165\" data-end=\"1204\">Merkezi Onar\u0131m ve Toplu \u0130\u015fleme<\/h5><p data-start=\"1225\" data-end=\"1302\">Biz destekliyoruz <strong data-start=\"1236\" data-end=\"1279\">merkezi iade ve onar\u0131m i\u015f ak\u0131\u015flar\u0131<\/strong> deniza\u015f\u0131r\u0131 ortaklar i\u00e7in.<\/p><p data-start=\"1304\" data-end=\"1365\">Onar\u0131mlar\u0131 birim birim ele almak yerine, s\u00fcrecimiz \u015funlar\u0131 sa\u011flar:<\/p><ul data-start=\"1366\" data-end=\"1494\"><li data-start=\"1366\" data-end=\"1400\"><p data-start=\"1368\" data-end=\"1400\">Hatal\u0131 \u00fcr\u00fcnler i\u00e7in toplu iade<\/p><\/li><li data-start=\"1401\" data-end=\"1453\"><p data-start=\"1403\" data-end=\"1453\">Fabrika d\u00fczeyinde merkezi denetim ve onar\u0131m<\/p><\/li><li data-start=\"1454\" data-end=\"1494\"><p data-start=\"1456\" data-end=\"1494\">Ortak sorunlara ili\u015fkin konsolide geri bildirim<\/p><\/li><\/ul><p data-start=\"1496\" data-end=\"1612\">Bu yakla\u015f\u0131m distrib\u00fct\u00f6rlere ve marka sahiplerine yard\u0131mc\u0131 olur <strong data-start=\"1546\" data-end=\"1571\">daha d\u00fc\u015f\u00fck lojistik maliyetleri<\/strong> ve <strong data-start=\"1576\" data-end=\"1611\">Sat\u0131\u015f sonras\u0131 y\u00f6netimi basitle\u015ftirin<\/strong>.<\/p>\t\t\t\t\t\t\t\t<\/div>\n\t\t\t\t<div class=\"elementor-element elementor-element-54547883 elementor-widget elementor-widget-text-editor\" data-id=\"54547883\" data-element_type=\"widget\" data-e-type=\"widget\" data-widget_type=\"text-editor.default\">\n\t\t\t\t\t\t\t\t\t\t\t<h5 data-start=\"1661\" data-end=\"1719\">Yurtd\u0131\u015f\u0131 Depo Deste\u011fi ile Esnek Onar\u0131m Rotalar\u0131<\/h5><p data-start=\"1744\" data-end=\"1869\">Se\u00e7ilmi\u015f h\u0131zl\u0131 hareket eden modeller i\u00e7in <strong data-start=\"1789\" data-end=\"1825\">s\u0131n\u0131rl\u0131 yurtd\u0131\u015f\u0131 depo sto\u011fu<\/strong> Gerekti\u011finde daha h\u0131zl\u0131 de\u011fi\u015fimi desteklemek i\u00e7in.<\/p><p data-start=\"1871\" data-end=\"1918\">\u00c7o\u011fu \u00fcr\u00fcn i\u00e7in onar\u0131mlar \u015fu yolla ger\u00e7ekle\u015ftirilir:<\/p><ul data-start=\"1919\" data-end=\"2051\"><li data-start=\"1919\" data-end=\"1953\"><p data-start=\"1921\" data-end=\"1953\">M\u00fc\u015fteri taraf\u0131ndan yerel tahsilat<\/p><\/li><li data-start=\"1954\" data-end=\"1989\"><p data-start=\"1956\" data-end=\"1989\">Fabrikam\u0131za merkezi iade<\/p><\/li><li data-start=\"1990\" data-end=\"2051\"><p data-start=\"1992\" data-end=\"2051\">Kararla\u015ft\u0131r\u0131lan politikalara g\u00f6re profesyonel onar\u0131m veya de\u011fi\u015ftirme<\/p><\/li><\/ul><p data-start=\"2053\" data-end=\"2153\">Bu hibrit model \u015funlar\u0131 sa\u011flar <strong data-start=\"2079\" data-end=\"2110\">mali\u0307yet veri\u0307mli\u0307li\u0307\u011fi\u0307 ve kontrol\u00fc<\/strong>, \u00f6zellikle uzun vadeli B2B i\u015fbirli\u011fi i\u00e7in.<\/p>\t\t\t\t\t\t\t\t<\/div>\n\t\t\t\t<div class=\"elementor-element elementor-element-11d5aa23 elementor-widget elementor-widget-text-editor\" data-id=\"11d5aa23\" data-element_type=\"widget\" data-e-type=\"widget\" data-widget_type=\"text-editor.default\">\n\t\t\t\t\t\t\t\t\t\t\t<h5 data-start=\"2195\" data-end=\"2224\">Net Sat\u0131\u015f Sonras\u0131 S\u00fcre\u00e7<\/h5><ol><li data-start=\"2242\" data-end=\"2311\"><p data-start=\"2245\" data-end=\"2311\"><strong data-start=\"2245\" data-end=\"2264\">Sorun Raporlama<\/strong><br data-start=\"2264\" data-end=\"2267\" \/>Foto\u011fraf veya videolarla sorun a\u00e7\u0131klamas\u0131<\/p><\/li><li data-start=\"2313\" data-end=\"2381\"><p data-start=\"2316\" data-end=\"2381\"><strong data-start=\"2316\" data-end=\"2336\">Teknik \u0130nceleme<\/strong><br data-start=\"2336\" data-end=\"2339\" \/>M\u00fchendislik ekibi taraf\u0131ndan k\u00f6k neden analizi<\/p><\/li><li data-start=\"2383\" data-end=\"2447\"><p data-start=\"2386\" data-end=\"2447\"><strong data-start=\"2386\" data-end=\"2411\">Onar\u0131m veya De\u011fi\u015ftirme<\/strong><br data-start=\"2411\" data-end=\"2414\" \/>Kararla\u015ft\u0131r\u0131lan hizmet politikas\u0131na g\u00f6re<\/p><\/li><li data-start=\"2449\" data-end=\"2525\"><p data-start=\"2452\" data-end=\"2525\"><strong data-start=\"2452\" data-end=\"2478\">Geri Bildirim ve \u0130yile\u015ftirme<\/strong><br data-start=\"2478\" data-end=\"2481\" \/>N\u00fcks\u00fc azaltmak i\u00e7in payla\u015f\u0131lan konu \u00f6zeti<\/p><\/li><\/ol>\t\t\t\t\t\t\t\t<\/div>\n\t\t\t\t<div class=\"elementor-element elementor-element-787b44a2 elementor-widget elementor-widget-text-editor\" data-id=\"787b44a2\" data-element_type=\"widget\" data-e-type=\"widget\" data-widget_type=\"text-editor.default\">\n\t\t\t\t\t\t\t\t\t\t\t<h5 data-start=\"2590\" data-end=\"2626\">Bu Destek Kimler \u0130\u00e7in Tasarland\u0131<\/h5><ul><li data-start=\"2628\" data-end=\"2677\"><p data-start=\"2630\" data-end=\"2677\">Marka sahiplerinin uzun vadeli \u00fcr\u00fcn hatlar\u0131 olu\u015fturmas\u0131<\/p><\/li><li data-start=\"2678\" data-end=\"2729\"><p data-start=\"2680\" data-end=\"2729\">Yerel sat\u0131\u015f sonras\u0131 hizmetleri y\u00f6neten distrib\u00fct\u00f6rler<\/p><\/li><li data-start=\"2730\" data-end=\"2785\"><p data-start=\"2732\" data-end=\"2785\">\u0130stikrarl\u0131 kalite kontrol gerektiren OEM \/ ODM ortaklar\u0131<\/p><\/li><li data-start=\"2786\" data-end=\"2820\"><p data-start=\"2788\" data-end=\"2820\">Toplu sipari\u015fleri i\u015fleyen B2B al\u0131c\u0131lar<\/p><\/li><\/ul>\t\t\t\t\t\t\t\t<\/div>\n\t\t\t\t<div class=\"elementor-element elementor-element-2c9208 elementor-widget elementor-widget-text-editor\" data-id=\"2c9208\" data-element_type=\"widget\" data-e-type=\"widget\" data-widget_type=\"text-editor.default\">\n\t\t\t\t\t\t\t\t\t\t\t<h5 data-start=\"3738\" data-end=\"3788\">\u00dcretim ve Proje Deste\u011fimizle Entegre<\/h5><p data-start=\"3258\" data-end=\"3312\">Sat\u0131\u015f sonras\u0131 ve onar\u0131m servisimiz yak\u0131n i\u015fbirli\u011fi i\u00e7inde \u00e7al\u0131\u015fmaktad\u0131r:<\/p><ul data-start=\"3313\" data-end=\"3497\"><li data-start=\"3313\" data-end=\"3370\"><p data-start=\"3315\" data-end=\"3370\"><em><strong data-start=\"3315\" data-end=\"3334\">Proje Deste\u011fi<\/strong> - sorunlar\u0131 erken a\u015famalarda azaltmak<\/em><\/p><\/li><li data-start=\"3371\" data-end=\"3430\"><p data-start=\"3373\" data-end=\"3430\"><em><strong data-start=\"3373\" data-end=\"3397\">Kalite ve Uyumluluk<\/strong> - tekrarlanan ar\u0131zalar\u0131n \u00f6nlenmesi<\/em><\/p><\/li><li data-start=\"3431\" data-end=\"3497\"><p data-start=\"3433\" data-end=\"3497\"><em><strong data-start=\"3433\" data-end=\"3460\">OEM ve ODM \u0130malat\u0131<\/strong> - gelecekteki \u00fcretim \u00e7al\u0131\u015fmalar\u0131n\u0131n iyile\u015ftirilmesi<\/em><\/p><\/li><\/ul>\t\t\t\t\t\t\t\t<\/div>\n\t\t\t\t\t<\/div>\n\t\t\t\t<\/div>\n\t\t\t\t<\/div>","protected":false},"excerpt":{"rendered":"<p>Reliable After-Sales &amp; Repair Support for B2B Partners We focus on efficient problem resolution, not complicated promises \u2014 helping distributors [&hellip;]<\/p>\n","protected":false},"author":1,"featured_media":0,"parent":0,"menu_order":0,"comment_status":"closed","ping_status":"closed","template":"","meta":{"_acf_changed":false,"site-sidebar-layout":"no-sidebar","site-content-layout":"page-builder","ast-site-content-layout":"full-width-container","site-content-style":"default","site-sidebar-style":"default","ast-global-header-display":"","ast-banner-title-visibility":"","ast-main-header-display":"","ast-hfb-above-header-display":"","ast-hfb-below-header-display":"","ast-hfb-mobile-header-display":"","site-post-title":"disabled","ast-breadcrumbs-content":"","ast-featured-img":"disabled","footer-sml-layout":"","ast-disable-related-posts":"","theme-transparent-header-meta":"","adv-header-id-meta":"","stick-header-meta":"","header-above-stick-meta":"","header-main-stick-meta":"","header-below-stick-meta":"","astra-migrate-meta-layouts":"set","ast-page-background-enabled":"default","ast-page-background-meta":{"desktop":{"background-color":"var(--ast-global-color-4)","background-image":"","background-repeat":"repeat","background-position":"center center","background-size":"auto","background-attachment":"scroll","background-type":"","background-media":"","overlay-type":"","overlay-color":"","overlay-opacity":"","overlay-gradient":""},"tablet":{"background-color":"","background-image":"","background-repeat":"repeat","background-position":"center center","background-size":"auto","background-attachment":"scroll","background-type":"","background-media":"","overlay-type":"","overlay-color":"","overlay-opacity":"","overlay-gradient":""},"mobile":{"background-color":"","background-image":"","background-repeat":"repeat","background-position":"center center","background-size":"auto","background-attachment":"scroll","background-type":"","background-media":"","overlay-type":"","overlay-color":"","overlay-opacity":"","overlay-gradient":""}},"ast-content-background-meta":{"desktop":{"background-color":"var(--ast-global-color-5)","background-image":"","background-repeat":"repeat","background-position":"center center","background-size":"auto","background-attachment":"scroll","background-type":"","background-media":"","overlay-type":"","overlay-color":"","overlay-opacity":"","overlay-gradient":""},"tablet":{"background-color":"var(--ast-global-color-5)","background-image":"","background-repeat":"repeat","background-position":"center center","background-size":"auto","background-attachment":"scroll","background-type":"","background-media":"","overlay-type":"","overlay-color":"","overlay-opacity":"","overlay-gradient":""},"mobile":{"background-color":"var(--ast-global-color-5)","background-image":"","background-repeat":"repeat","background-position":"center center","background-size":"auto","background-attachment":"scroll","background-type":"","background-media":"","overlay-type":"","overlay-color":"","overlay-opacity":"","overlay-gradient":""}},"footnotes":""},"class_list":["post-2127","page","type-page","status-publish","hentry"],"acf":[],"_links":{"self":[{"href":"https:\/\/bestwillcams.com\/tr\/wp-json\/wp\/v2\/pages\/2127","targetHints":{"allow":["GET"]}}],"collection":[{"href":"https:\/\/bestwillcams.com\/tr\/wp-json\/wp\/v2\/pages"}],"about":[{"href":"https:\/\/bestwillcams.com\/tr\/wp-json\/wp\/v2\/types\/page"}],"author":[{"embeddable":true,"href":"https:\/\/bestwillcams.com\/tr\/wp-json\/wp\/v2\/users\/1"}],"replies":[{"embeddable":true,"href":"https:\/\/bestwillcams.com\/tr\/wp-json\/wp\/v2\/comments?post=2127"}],"version-history":[{"count":22,"href":"https:\/\/bestwillcams.com\/tr\/wp-json\/wp\/v2\/pages\/2127\/revisions"}],"predecessor-version":[{"id":2834,"href":"https:\/\/bestwillcams.com\/tr\/wp-json\/wp\/v2\/pages\/2127\/revisions\/2834"}],"wp:attachment":[{"href":"https:\/\/bestwillcams.com\/tr\/wp-json\/wp\/v2\/media?parent=2127"}],"curies":[{"name":"wp","href":"https:\/\/api.w.org\/{rel}","templated":true}]}}