{"id":988,"date":"2025-12-22T07:55:47","date_gmt":"2025-12-22T07:55:47","guid":{"rendered":"https:\/\/bestwillcams.com\/services\/"},"modified":"2026-03-02T17:49:47","modified_gmt":"2026-03-02T09:49:47","slug":"product-capabilities","status":"publish","type":"page","link":"https:\/\/bestwillcams.com\/tr\/product-capabilities\/","title":{"rendered":"\u00dcr\u00fcn Yetenekleri"},"content":{"rendered":"<div data-elementor-type=\"wp-page\" data-elementor-id=\"988\" class=\"elementor elementor-988\" data-elementor-post-type=\"page\">\n\t\t\t\t<div class=\"elementor-element elementor-element-8a678ce e-flex e-con-boxed e-con e-parent\" data-id=\"8a678ce\" data-element_type=\"container\" data-e-type=\"container\" data-settings=\"{&quot;background_background&quot;:&quot;classic&quot;}\">\n\t\t\t\t\t<div class=\"e-con-inner\">\n\t\t\t\t<div class=\"elementor-element elementor-element-6f21b5c elementor-widget elementor-widget-heading\" data-id=\"6f21b5c\" data-element_type=\"widget\" data-e-type=\"widget\" data-widget_type=\"heading.default\">\n\t\t\t\t\t\t\t<h1 class=\"elementor-heading-title elementor-size-default\">Sualt\u0131 Kameras\u0131 \u00dcr\u00fcn \u00d6zellikleri<\/h1>\t\t\t\t<\/div>\n\t\t\t\t<div class=\"elementor-element elementor-element-2a63fcf elementor-hidden-tablet elementor-hidden-mobile elementor-widget elementor-widget-text-editor\" data-id=\"2a63fcf\" data-element_type=\"widget\" data-e-type=\"widget\" data-widget_type=\"text-editor.default\">\n\t\t\t\t\t\t\t\t\t\t\t<p>\u00c7al\u0131\u015fmalar\u0131m\u0131z, istikrarl\u0131 g\u00f6r\u00fcnt\u00fcleme performans\u0131na sahip su alt\u0131 kamera \u00fcr\u00fcnlerinin montaj\u0131na ve \u00fcretimine odaklanmaktad\u0131r.<br data-start=\"1257\" data-end=\"1260\" \/>Uygulamalar aras\u0131nda OEM odakl\u0131 \u00fcretim ve \u00f6zelle\u015ftirme ile desteklenen derin kuyu ve sondaj deli\u011fi denetimi, su \u00fcr\u00fcnleri yeti\u015ftiricili\u011fi izleme ve bal\u0131k\u00e7\u0131l\u0131kla ilgili kullan\u0131m \u00f6rnekleri yer almaktad\u0131r.<\/p>\t\t\t\t\t\t\t\t<\/div>\n\t\t\t\t\t<\/div>\n\t\t\t\t<\/div>\n\t\t<div class=\"elementor-element elementor-element-61e7da5 e-flex e-con-boxed e-con e-parent\" data-id=\"61e7da5\" data-element_type=\"container\" data-e-type=\"container\" data-settings=\"{&quot;background_background&quot;:&quot;classic&quot;}\">\n\t\t\t\t\t<div class=\"e-con-inner\">\n\t\t<div class=\"elementor-element elementor-element-20334bf e-con-full e-flex e-con e-child\" data-id=\"20334bf\" data-element_type=\"container\" data-e-type=\"container\">\n\t\t\t\t<div class=\"elementor-element elementor-element-7a7f244 elementor-widget elementor-widget-text-editor\" data-id=\"7a7f244\" data-element_type=\"widget\" data-e-type=\"widget\" data-widget_type=\"text-editor.default\">\n\t\t\t\t\t\t\t\t\t\t\t<p data-start=\"249\" data-end=\"663\">\u00dcr\u00fcn kabiliyetlerimiz, pratik, ger\u00e7ek d\u00fcnyada kullan\u0131m i\u00e7in tasarlanm\u0131\u015f su alt\u0131 kamera \u00fcr\u00fcnlerinin \u00fcretimi ve montaj\u0131 \u00fczerine kurulmu\u015ftur.<br data-start=\"391\" data-end=\"394\" \/>Standartla\u015ft\u0131r\u0131lm\u0131\u015f perakende modeller sunmak yerine, g\u00fcvenilirlik, yap\u0131sal basitlik ve y\u00fcksek performansa g\u00fc\u00e7l\u00fc bir vurgu yaparak, \u00f6zel uygulama gereksinimlerine g\u00f6re uyarlanm\u0131\u015f i\u015flevsel sualt\u0131 g\u00f6r\u00fcnt\u00fcleme ekipman\u0131 \u00fcretmeye odaklan\u0131yoruz. <a href=\"\/tr\/support\/\">istikrarl\u0131 performans<\/a> bat\u0131k ortamlarda.<\/p><p data-start=\"665\" data-end=\"1002\">Temel deneyimimiz \u015fu alanlarda yatmaktad\u0131r <a href=\"\/tr\/product-categories\/borehole-inspection-camera\/\">derin kuyular i\u00e7in su alt\u0131 denetim kameralar\u0131<\/a> Uzun kablo da\u011f\u0131t\u0131m\u0131, kompakt kamera yap\u0131lar\u0131 ve tutarl\u0131 g\u00f6r\u00fcnt\u00fc \u00e7\u0131kt\u0131s\u0131n\u0131n gerekli oldu\u011fu sondaj kuyular\u0131. Ayr\u0131ca, uyarlanabilir kamera tertibatlar\u0131 ve esnek OEM konfig\u00fcrasyonlar\u0131 arac\u0131l\u0131\u011f\u0131yla su \u00fcr\u00fcnleri yeti\u015ftiricili\u011fi izleme ve bal\u0131k\u00e7\u0131l\u0131kla ilgili uygulamalar\u0131 destekliyoruz.<\/p>\t\t\t\t\t\t\t\t<\/div>\n\t\t\t\t<\/div>\n\t\t<div class=\"elementor-element elementor-element-2a63b66 e-con-full elementor-hidden-tablet elementor-hidden-mobile e-flex e-con e-child\" data-id=\"2a63b66\" data-element_type=\"container\" data-e-type=\"container\">\n\t\t\t\t<div class=\"elementor-element elementor-element-504139b uael-aspect-ratio-16_9 elementor-widget elementor-widget-uael-video\" data-id=\"504139b\" data-element_type=\"widget\" data-e-type=\"widget\" data-widget_type=\"uael-video.default\">\n\t\t\t\t\t\t<div class=\"elementor-widget-container\">\n\t\t\t\t\t\t\t\t\t\t\t<div class=\"uael-video__outer-wrap  uael-video-type-hosted\" data-device=\"false\" data-vsticky=\"no\" data-hidedesktop=\"\" data-hidetablet=\"\" data-hidemobile=\"\" data-vsticky-viewport=\"0\" data-hosted-html=\"&quot; &lt;video class=\\&quot;uael-hosted-video\\&quot; src=\\&quot;https:\\\/\\\/bestwillcams.com\\\/wp-content\\\/uploads\\\/2026\\\/02\\\/Bestwill-Video.mp4\\&quot; controls=&amp;quot;&amp;quot;&gt;&lt;\\\/video&gt; &quot;\" data-autoplay=\"0\">\n\t\t\t\t\t\t<div class=\"uael-video-inner-wrap\">\n\t\t\t\t<div class=\"uael-video__play\" data-src=\"https:\/\/bestwillcams.com\/wp-content\/uploads\/2026\/02\/Bestwill-Video.mp4\">\n\t\t\t\t\t<video class=\"uael-video__thumb\" src=\"https:\/\/bestwillcams.com\/wp-content\/uploads\/2026\/02\/Bestwill-Video.mp4\" alt=\"\"><\/video>\n\t\t\t\t\t<div class=\"uael-video__play-icon uael-animation-\">\n\t\t\t\t\t\t<svg aria-hidden=\"true\" class=\"e-font-icon-svg e-fa-play-circle\" viewbox=\"0 0 512 512\" xmlns=\"http:\/\/www.w3.org\/2000\/svg\"><path d=\"M256 8C119 8 8 119 8 256s111 248 248 248 248-111 248-248S393 8 256 8zm115.7 272l-176 101c-15.8 8.8-35.7-2.5-35.7-21V152c0-18.4 19.8-29.8 35.7-21l176 107c16.4 9.2 16.4 32.9 0 42z\"><\/path><\/svg>\t\t\t\t\t<\/div>\n\t\t\t\t<\/div>\n\t\t\t\t\t\t\t\t\t\t\t<\/div>\n\t\t<\/div>\n\t\t\t\t\t\t\t<\/div>\n\t\t\t\t<\/div>\n\t\t\t\t<\/div>\n\t\t\t\t\t<\/div>\n\t\t\t\t<\/div>\n\t\t<div class=\"elementor-element elementor-element-55a567c e-flex e-con-boxed e-con e-parent\" data-id=\"55a567c\" data-element_type=\"container\" data-e-type=\"container\" data-settings=\"{&quot;background_background&quot;:&quot;classic&quot;}\">\n\t\t\t\t\t<div class=\"e-con-inner\">\n\t\t\t\t<div class=\"elementor-element elementor-element-dfa20d9 elementor-widget elementor-widget-image\" data-id=\"dfa20d9\" data-element_type=\"widget\" data-e-type=\"widget\" data-widget_type=\"image.default\">\n\t\t\t\t\t\t\t\t\t\t\t\t\t\t\t\t\t<img fetchpriority=\"high\" decoding=\"async\" width=\"800\" height=\"600\" src=\"https:\/\/bestwillcams.com\/wp-content\/uploads\/2026\/02\/Underwater-Fishing-Camera-Series.webp\" class=\"attachment-full size-full wp-image-2510\" alt=\"\" srcset=\"https:\/\/bestwillcams.com\/wp-content\/uploads\/2026\/02\/Underwater-Fishing-Camera-Series.webp 800w, https:\/\/bestwillcams.com\/wp-content\/uploads\/2026\/02\/Underwater-Fishing-Camera-Series-300x225.webp 300w, https:\/\/bestwillcams.com\/wp-content\/uploads\/2026\/02\/Underwater-Fishing-Camera-Series-768x576.webp 768w\" sizes=\"(max-width: 800px) 100vw, 800px\" \/>\t\t\t\t\t\t\t\t\t\t\t\t\t\t\t<\/div>\n\t\t<div class=\"elementor-element elementor-element-e32c4ad e-con-full e-flex e-con e-child\" data-id=\"e32c4ad\" data-element_type=\"container\" data-e-type=\"container\">\n\t\t\t\t<div class=\"elementor-element elementor-element-b5d7671 elementor-widget elementor-widget-image-box\" data-id=\"b5d7671\" data-element_type=\"widget\" data-e-type=\"widget\" data-widget_type=\"image-box.default\">\n\t\t\t\t\t\t\t<div class=\"elementor-image-box-wrapper\"><div class=\"elementor-image-box-content\"><h6 class=\"elementor-image-box-title\">Sualt\u0131 Bal\u0131k\u00e7\u0131l\u0131k Kameras\u0131<\/h6><p class=\"elementor-image-box-description\">Bal\u0131k\u00e7\u0131l\u0131k kameras\u0131 yeteneklerimiz, bal\u0131k\u00e7\u0131l\u0131kla ilgili kullan\u0131m durumlar\u0131 i\u00e7in tasarlanm\u0131\u015f kompakt su alt\u0131 kamera tertibatlar\u0131n\u0131 kapsar.\nYayg\u0131n konfig\u00fcrasyonlar aras\u0131nda ta\u015f\u0131nabilir monit\u00f6rler, pratik kablo kurulumlar\u0131 ve farkl\u0131 marka ve pazar ihtiya\u00e7lar\u0131n\u0131 desteklemek i\u00e7in esnek OEM \u00f6zelle\u015ftirmesi yer al\u0131r.<\/p><\/div><\/div>\t\t\t\t<\/div>\n\t\t\t\t<div class=\"elementor-element elementor-element-a432d5e elementor-widget elementor-widget-button\" data-id=\"a432d5e\" data-element_type=\"widget\" data-e-type=\"widget\" data-widget_type=\"button.default\">\n\t\t\t\t\t\t\t\t\t\t\t\t<a class=\"elementor-button elementor-button-link elementor-size-sm\" href=\"\/tr\/product-categories\/underwater-fishing-camera\/\">\n\t\t\t\t\t\t<span class=\"elementor-button-content-wrapper\">\n\t\t\t\t\t\t\t\t\t<span class=\"elementor-button-text\">Daha Fazla Bilgi<\/span>\n\t\t\t\t\t<\/span>\n\t\t\t\t\t<\/a>\n\t\t\t\t\t\t\t\t<\/div>\n\t\t\t\t<\/div>\n\t\t\t\t\t<\/div>\n\t\t\t\t<\/div>\n\t\t<div class=\"elementor-element elementor-element-8fa80be e-flex e-con-boxed e-con e-parent\" data-id=\"8fa80be\" data-element_type=\"container\" data-e-type=\"container\" data-settings=\"{&quot;background_background&quot;:&quot;classic&quot;}\">\n\t\t\t\t\t<div class=\"e-con-inner\">\n\t\t\t\t<div class=\"elementor-element elementor-element-dcb50fc elementor-widget elementor-widget-image\" data-id=\"dcb50fc\" data-element_type=\"widget\" data-e-type=\"widget\" data-widget_type=\"image.default\">\n\t\t\t\t\t\t\t\t\t\t\t\t\t\t\t\t\t<img decoding=\"async\" width=\"800\" height=\"600\" src=\"https:\/\/bestwillcams.com\/wp-content\/uploads\/2026\/02\/Underwater-Inspection-Camera-Series.webp\" class=\"attachment-full size-full wp-image-2512\" alt=\"\" srcset=\"https:\/\/bestwillcams.com\/wp-content\/uploads\/2026\/02\/Underwater-Inspection-Camera-Series.webp 800w, https:\/\/bestwillcams.com\/wp-content\/uploads\/2026\/02\/Underwater-Inspection-Camera-Series-300x225.webp 300w, https:\/\/bestwillcams.com\/wp-content\/uploads\/2026\/02\/Underwater-Inspection-Camera-Series-768x576.webp 768w\" sizes=\"(max-width: 800px) 100vw, 800px\" \/>\t\t\t\t\t\t\t\t\t\t\t\t\t\t\t<\/div>\n\t\t<div class=\"elementor-element elementor-element-63b647b e-con-full e-flex e-con e-child\" data-id=\"63b647b\" data-element_type=\"container\" data-e-type=\"container\">\n\t\t\t\t<div class=\"elementor-element elementor-element-8cdbf66 elementor-widget elementor-widget-image-box\" data-id=\"8cdbf66\" data-element_type=\"widget\" data-e-type=\"widget\" data-widget_type=\"image-box.default\">\n\t\t\t\t\t\t\t<div class=\"elementor-image-box-wrapper\"><div class=\"elementor-image-box-content\"><h6 class=\"elementor-image-box-title\">Sualt\u0131 Denetim Kameras\u0131<\/h6><p class=\"elementor-image-box-description\">Su alt\u0131 denetim kameralar\u0131m\u0131z \u00e7e\u015fitli su alt\u0131 ortamlar\u0131nda g\u00f6rsel denetim ve g\u00f6zlem i\u00e7in tasarlanm\u0131\u015ft\u0131r.\nTipik uygulamalar aras\u0131nda su \u00fcr\u00fcnleri yeti\u015ftiricili\u011fi izleme, altyap\u0131 denetimi ve genel su alt\u0131 durum de\u011ferlendirmesi yer al\u0131r.\nKonfig\u00fcrasyonlar istikrarl\u0131 g\u00f6r\u00fcnt\u00fcleme, g\u00fcvenilir su ge\u00e7irmez yap\u0131lar ve esnek kablo ve monit\u00f6r se\u00e7eneklerine odaklan\u0131r.<\/p><\/div><\/div>\t\t\t\t<\/div>\n\t\t\t\t<div class=\"elementor-element elementor-element-f85d575 elementor-widget elementor-widget-button\" data-id=\"f85d575\" data-element_type=\"widget\" data-e-type=\"widget\" data-widget_type=\"button.default\">\n\t\t\t\t\t\t\t\t\t\t\t\t<a class=\"elementor-button elementor-button-link elementor-size-sm\" href=\"\/tr\/product-categories\/underwater-inspection-camera\/\">\n\t\t\t\t\t\t<span class=\"elementor-button-content-wrapper\">\n\t\t\t\t\t\t\t\t\t<span class=\"elementor-button-text\">Daha Fazla Bilgi<\/span>\n\t\t\t\t\t<\/span>\n\t\t\t\t\t<\/a>\n\t\t\t\t\t\t\t\t<\/div>\n\t\t\t\t<\/div>\n\t\t\t\t\t<\/div>\n\t\t\t\t<\/div>\n\t\t<div class=\"elementor-element elementor-element-7f9c994 e-flex e-con-boxed e-con e-parent\" data-id=\"7f9c994\" data-element_type=\"container\" data-e-type=\"container\" data-settings=\"{&quot;background_background&quot;:&quot;classic&quot;}\">\n\t\t\t\t\t<div class=\"e-con-inner\">\n\t\t\t\t<div class=\"elementor-element elementor-element-8b2f398 elementor-widget elementor-widget-image\" data-id=\"8b2f398\" data-element_type=\"widget\" data-e-type=\"widget\" data-widget_type=\"image.default\">\n\t\t\t\t\t\t\t\t\t\t\t\t\t\t\t\t\t<img decoding=\"async\" width=\"800\" height=\"600\" src=\"https:\/\/bestwillcams.com\/wp-content\/uploads\/2026\/02\/Borehole-Inspection-Camera-Series.webp\" class=\"attachment-full size-full wp-image-2508\" alt=\"\" srcset=\"https:\/\/bestwillcams.com\/wp-content\/uploads\/2026\/02\/Borehole-Inspection-Camera-Series.webp 800w, https:\/\/bestwillcams.com\/wp-content\/uploads\/2026\/02\/Borehole-Inspection-Camera-Series-300x225.webp 300w, https:\/\/bestwillcams.com\/wp-content\/uploads\/2026\/02\/Borehole-Inspection-Camera-Series-768x576.webp 768w\" sizes=\"(max-width: 800px) 100vw, 800px\" \/>\t\t\t\t\t\t\t\t\t\t\t\t\t\t\t<\/div>\n\t\t<div class=\"elementor-element elementor-element-4a4ffd7 e-con-full e-flex e-con e-child\" data-id=\"4a4ffd7\" data-element_type=\"container\" data-e-type=\"container\">\n\t\t\t\t<div class=\"elementor-element elementor-element-893f009 elementor-widget elementor-widget-image-box\" data-id=\"893f009\" data-element_type=\"widget\" data-e-type=\"widget\" data-widget_type=\"image-box.default\">\n\t\t\t\t\t\t\t<div class=\"elementor-image-box-wrapper\"><div class=\"elementor-image-box-content\"><h6 class=\"elementor-image-box-title\">Kuyu \u0130nceleme Kameras\u0131<\/h6><p class=\"elementor-image-box-description\">Sondaj kuyusu denetim kameras\u0131 yeteneklerimiz, derin ve dar ortamlarda istikrarl\u0131 su alt\u0131 g\u00f6r\u00fcnt\u00fclemesine odaklanmaktad\u0131r.\nTipik konfig\u00fcrasyonlar aras\u0131nda uzun mesafeli ba\u011fl\u0131 kablolar, kompakt kamera muhafazalar\u0131 ve su kuyusu ve sondaj kuyusu inceleme g\u00f6revleri i\u00e7in uygun ta\u015f\u0131nabilir izleme \u00fcniteleri bulunur.<\/p><\/div><\/div>\t\t\t\t<\/div>\n\t\t\t\t<div class=\"elementor-element elementor-element-9e72a2b elementor-widget elementor-widget-button\" data-id=\"9e72a2b\" data-element_type=\"widget\" data-e-type=\"widget\" data-widget_type=\"button.default\">\n\t\t\t\t\t\t\t\t\t\t\t\t<a class=\"elementor-button elementor-button-link elementor-size-sm\" href=\"\/tr\/product-categories\/borehole-inspection-camera\/\">\n\t\t\t\t\t\t<span class=\"elementor-button-content-wrapper\">\n\t\t\t\t\t\t\t\t\t<span class=\"elementor-button-text\">Daha Fazla Bilgi<\/span>\n\t\t\t\t\t<\/span>\n\t\t\t\t\t<\/a>\n\t\t\t\t\t\t\t\t<\/div>\n\t\t\t\t<\/div>\n\t\t\t\t\t<\/div>\n\t\t\t\t<\/div>\n\t\t\t\t<\/div>","protected":false},"excerpt":{"rendered":"<p>Underwater Camera Product Capabilities Our work centers on assembling and manufacturing underwater camera products with stable imaging performance.Applications include deep [&hellip;]<\/p>\n","protected":false},"author":1,"featured_media":0,"parent":0,"menu_order":0,"comment_status":"closed","ping_status":"closed","template":"","meta":{"_acf_changed":false,"site-sidebar-layout":"no-sidebar","site-content-layout":"page-builder","ast-site-content-layout":"full-width-container","site-content-style":"default","site-sidebar-style":"default","ast-global-header-display":"","ast-banner-title-visibility":"disabled","ast-main-header-display":"","ast-hfb-above-header-display":"","ast-hfb-below-header-display":"","ast-hfb-mobile-header-display":"","site-post-title":"disabled","ast-breadcrumbs-content":"","ast-featured-img":"disabled","footer-sml-layout":"","ast-disable-related-posts":"","theme-transparent-header-meta":"","adv-header-id-meta":"","stick-header-meta":"","header-above-stick-meta":"","header-main-stick-meta":"","header-below-stick-meta":"","astra-migrate-meta-layouts":"set","ast-page-background-enabled":"default","ast-page-background-meta":{"desktop":{"background-color":"var(--ast-global-color-4)","background-image":"","background-repeat":"repeat","background-position":"center center","background-size":"auto","background-attachment":"scroll","background-type":"","background-media":"","overlay-type":"","overlay-color":"","overlay-opacity":"","overlay-gradient":""},"tablet":{"background-color":"","background-image":"","background-repeat":"repeat","background-position":"center center","background-size":"auto","background-attachment":"scroll","background-type":"","background-media":"","overlay-type":"","overlay-color":"","overlay-opacity":"","overlay-gradient":""},"mobile":{"background-color":"","background-image":"","background-repeat":"repeat","background-position":"center center","background-size":"auto","background-attachment":"scroll","background-type":"","background-media":"","overlay-type":"","overlay-color":"","overlay-opacity":"","overlay-gradient":""}},"ast-content-background-meta":{"desktop":{"background-color":"var(--ast-global-color-5)","background-image":"","background-repeat":"repeat","background-position":"center center","background-size":"auto","background-attachment":"scroll","background-type":"","background-media":"","overlay-type":"","overlay-color":"","overlay-opacity":"","overlay-gradient":""},"tablet":{"background-color":"var(--ast-global-color-5)","background-image":"","background-repeat":"repeat","background-position":"center center","background-size":"auto","background-attachment":"scroll","background-type":"","background-media":"","overlay-type":"","overlay-color":"","overlay-opacity":"","overlay-gradient":""},"mobile":{"background-color":"var(--ast-global-color-5)","background-image":"","background-repeat":"repeat","background-position":"center center","background-size":"auto","background-attachment":"scroll","background-type":"","background-media":"","overlay-type":"","overlay-color":"","overlay-opacity":"","overlay-gradient":""}},"footnotes":""},"class_list":["post-988","page","type-page","status-publish","hentry"],"acf":[],"_links":{"self":[{"href":"https:\/\/bestwillcams.com\/tr\/wp-json\/wp\/v2\/pages\/988","targetHints":{"allow":["GET"]}}],"collection":[{"href":"https:\/\/bestwillcams.com\/tr\/wp-json\/wp\/v2\/pages"}],"about":[{"href":"https:\/\/bestwillcams.com\/tr\/wp-json\/wp\/v2\/types\/page"}],"author":[{"embeddable":true,"href":"https:\/\/bestwillcams.com\/tr\/wp-json\/wp\/v2\/users\/1"}],"replies":[{"embeddable":true,"href":"https:\/\/bestwillcams.com\/tr\/wp-json\/wp\/v2\/comments?post=988"}],"version-history":[{"count":70,"href":"https:\/\/bestwillcams.com\/tr\/wp-json\/wp\/v2\/pages\/988\/revisions"}],"predecessor-version":[{"id":2798,"href":"https:\/\/bestwillcams.com\/tr\/wp-json\/wp\/v2\/pages\/988\/revisions\/2798"}],"wp:attachment":[{"href":"https:\/\/bestwillcams.com\/tr\/wp-json\/wp\/v2\/media?parent=988"}],"curies":[{"name":"wp","href":"https:\/\/api.w.org\/{rel}","templated":true}]}}