{"id":990,"date":"2025-12-22T07:55:47","date_gmt":"2025-12-22T07:55:47","guid":{"rendered":"https:\/\/bestwillcams.com\/about-us\/"},"modified":"2026-03-30T18:06:39","modified_gmt":"2026-03-30T10:06:39","slug":"about-us","status":"publish","type":"page","link":"https:\/\/bestwillcams.com\/tr\/about-us\/","title":{"rendered":"Hakk\u0131nda"},"content":{"rendered":"<div data-elementor-type=\"wp-page\" data-elementor-id=\"990\" class=\"elementor elementor-990\" data-elementor-post-type=\"page\">\n\t\t\t\t<div class=\"elementor-element elementor-element-57fe2ac e-flex e-con-boxed e-con e-parent\" data-id=\"57fe2ac\" data-element_type=\"container\" data-e-type=\"container\" data-settings=\"{&quot;background_background&quot;:&quot;classic&quot;}\">\n\t\t\t\t\t<div class=\"e-con-inner\">\n\t\t\t\t<div class=\"elementor-element elementor-element-e8b5bba elementor-widget elementor-widget-heading\" data-id=\"e8b5bba\" data-element_type=\"widget\" data-e-type=\"widget\" data-widget_type=\"heading.default\">\n\t\t\t\t\t\t\t<h2 class=\"elementor-heading-title elementor-size-default\">Hakk\u0131m\u0131zda<\/h2>\t\t\t\t<\/div>\n\t\t\t\t\t<\/div>\n\t\t\t\t<\/div>\n\t\t<div class=\"elementor-element elementor-element-19d338a e-flex e-con-boxed e-con e-parent\" data-id=\"19d338a\" data-element_type=\"container\" data-e-type=\"container\" data-settings=\"{&quot;background_background&quot;:&quot;classic&quot;}\">\n\t\t\t\t\t<div class=\"e-con-inner\">\n\t\t\t\t<div class=\"elementor-element elementor-element-4deadad elementor-widget elementor-widget-heading\" data-id=\"4deadad\" data-element_type=\"widget\" data-e-type=\"widget\" data-widget_type=\"heading.default\">\n\t\t\t\t\t\t\t<h6 class=\"elementor-heading-title elementor-size-default\">Bestwill, \"birinci s\u0131n\u0131f \u00fcr\u00fcnlerle m\u00fckemmel \u00fcr\u00fcnler yaratma\" kalite konseptine ba\u011fl\u0131d\u0131r.\nkalite\", m\u00fc\u015fterilere birinci s\u0131n\u0131f \u00fcr\u00fcn ve hizmetler sunmaya devam etmek ve\nkapsaml\u0131 bir \u015fekilde i\u015fletmenin temel rekabet g\u00fcc\u00fcn\u00fc olu\u015fturur. \u00dcr\u00fcnleri ihra\u00e7 edilmektedir\nAvrupa, Amerika, Avustralya, G\u00fcney Amerika ve G\u00fcney Afrika gibi 80'den fazla \u00fclke ve b\u00f6lgeye\nAmerika ve G\u00fcneydo\u011fu Asya'da uzun vadeli stratejik i\u015fbirlikleri kurmu\u015ftur.\nyurti\u00e7inde ve yurtd\u0131\u015f\u0131nda bir\u00e7ok \u00fcnl\u00fc yukar\u0131 ve a\u015fa\u011f\u0131 y\u00f6nl\u00fc i\u015fletme ile ili\u015fkiler.<\/h6>\t\t\t\t<\/div>\n\t\t\t\t<div class=\"elementor-element elementor-element-0b0f2ab elementor-widget elementor-widget-image\" data-id=\"0b0f2ab\" data-element_type=\"widget\" data-e-type=\"widget\" data-widget_type=\"image.default\">\n\t\t\t\t\t\t\t\t\t\t\t\t\t\t\t\t\t<img fetchpriority=\"high\" decoding=\"async\" width=\"1200\" height=\"900\" src=\"https:\/\/bestwillcams.com\/wp-content\/uploads\/2026\/02\/BestWill-Product-gallery.webp\" class=\"attachment-full size-full wp-image-2541\" alt=\"\" srcset=\"https:\/\/bestwillcams.com\/wp-content\/uploads\/2026\/02\/BestWill-Product-gallery.webp 1200w, https:\/\/bestwillcams.com\/wp-content\/uploads\/2026\/02\/BestWill-Product-gallery-300x225.webp 300w, https:\/\/bestwillcams.com\/wp-content\/uploads\/2026\/02\/BestWill-Product-gallery-1024x768.webp 1024w, https:\/\/bestwillcams.com\/wp-content\/uploads\/2026\/02\/BestWill-Product-gallery-768x576.webp 768w\" sizes=\"(max-width: 1200px) 100vw, 1200px\" \/>\t\t\t\t\t\t\t\t\t\t\t\t\t\t\t<\/div>\n\t\t\t\t<div class=\"elementor-element elementor-element-817f6d2 elementor-arrows-position-inside elementor-pagination-position-outside elementor-widget elementor-widget-image-carousel\" data-id=\"817f6d2\" data-element_type=\"widget\" data-e-type=\"widget\" data-settings=\"{&quot;slides_to_show&quot;:&quot;4&quot;,&quot;navigation&quot;:&quot;both&quot;,&quot;autoplay&quot;:&quot;yes&quot;,&quot;pause_on_hover&quot;:&quot;yes&quot;,&quot;pause_on_interaction&quot;:&quot;yes&quot;,&quot;autoplay_speed&quot;:5000,&quot;infinite&quot;:&quot;yes&quot;,&quot;speed&quot;:500,&quot;image_spacing_custom&quot;:{&quot;unit&quot;:&quot;px&quot;,&quot;size&quot;:20,&quot;sizes&quot;:[]},&quot;image_spacing_custom_tablet&quot;:{&quot;unit&quot;:&quot;px&quot;,&quot;size&quot;:&quot;&quot;,&quot;sizes&quot;:[]},&quot;image_spacing_custom_mobile&quot;:{&quot;unit&quot;:&quot;px&quot;,&quot;size&quot;:&quot;&quot;,&quot;sizes&quot;:[]}}\" data-widget_type=\"image-carousel.default\">\n\t\t\t\t\t\t\t\t\t<div class=\"elementor-image-carousel-wrapper swiper\" role=\"region\" aria-roledescription=\"carousel\" aria-label=\"Resim Karuseli\" dir=\"ltr\">\n\t\t\t<div class=\"elementor-image-carousel swiper-wrapper\" aria-live=\"off\">\n\t\t\t\t\t\t\t\t<div class=\"swiper-slide\" role=\"group\" aria-roledescription=\"slide\" aria-label=\"1 \/ 4\"><figure class=\"swiper-slide-inner\"><img decoding=\"async\" class=\"swiper-slide-image\" src=\"https:\/\/bestwillcams.com\/wp-content\/uploads\/2026\/03\/CE-EMC-BestWill.webp\" alt=\"CE EMC BestWill\" \/><\/figure><\/div><div class=\"swiper-slide\" role=\"group\" aria-roledescription=\"slide\" aria-label=\"2\/4\"><figure class=\"swiper-slide-inner\"><img decoding=\"async\" class=\"swiper-slide-image\" src=\"https:\/\/bestwillcams.com\/wp-content\/uploads\/2026\/03\/Patent-certificate-for-underwater-video-surveillance-technology.webp\" alt=\"Su alt\u0131 video izleme teknolojisi i\u00e7in patent belgesi\" \/><\/figure><\/div><div class=\"swiper-slide\" role=\"group\" aria-roledescription=\"slide\" aria-label=\"3\/4\"><figure class=\"swiper-slide-inner\"><img decoding=\"async\" class=\"swiper-slide-image\" src=\"https:\/\/bestwillcams.com\/wp-content\/uploads\/2026\/03\/BestWill-ISO-9001.webp\" alt=\"BestWill ISO 9001\" \/><\/figure><\/div><div class=\"swiper-slide\" role=\"group\" aria-roledescription=\"slide\" aria-label=\"4 \/ 4\"><figure class=\"swiper-slide-inner\"><img decoding=\"async\" class=\"swiper-slide-image\" src=\"https:\/\/bestwillcams.com\/wp-content\/uploads\/2026\/03\/patent-for-utility-models-BestWill.webp\" alt=\"faydal\u0131 modeller i\u00e7in patent BestWill\" \/><\/figure><\/div>\t\t\t<\/div>\n\t\t\t\t\t\t\t\t\t\t\t\t<div class=\"elementor-swiper-button elementor-swiper-button-prev\" role=\"button\" tabindex=\"0\">\n\t\t\t\t\t\t<svg aria-hidden=\"true\" class=\"e-font-icon-svg e-eicon-chevron-left\" viewbox=\"0 0 1000 1000\" xmlns=\"http:\/\/www.w3.org\/2000\/svg\"><path d=\"M646 125C629 125 613 133 604 142L308 442C296 454 292 471 292 487 292 504 296 521 308 533L604 854C617 867 629 875 646 875 663 875 679 871 692 858 704 846 713 829 713 812 713 796 708 779 692 767L438 487 692 225C700 217 708 204 708 187 708 171 704 154 692 142 675 129 663 125 646 125Z\"><\/path><\/svg>\t\t\t\t\t<\/div>\n\t\t\t\t\t<div class=\"elementor-swiper-button elementor-swiper-button-next\" role=\"button\" tabindex=\"0\">\n\t\t\t\t\t\t<svg aria-hidden=\"true\" class=\"e-font-icon-svg e-eicon-chevron-right\" viewbox=\"0 0 1000 1000\" xmlns=\"http:\/\/www.w3.org\/2000\/svg\"><path d=\"M696 533C708 521 713 504 713 487 713 471 708 454 696 446L400 146C388 133 375 125 354 125 338 125 325 129 313 142 300 154 292 171 292 187 292 204 296 221 308 233L563 492 304 771C292 783 288 800 288 817 288 833 296 850 308 863 321 871 338 875 354 875 371 875 388 867 400 854L696 533Z\"><\/path><\/svg>\t\t\t\t\t<\/div>\n\t\t\t\t\n\t\t\t\t\t\t\t\t\t<div class=\"swiper-pagination\"><\/div>\n\t\t\t\t\t\t\t\t\t<\/div>\n\t\t\t\t\t\t<\/div>\n\t\t\t\t<div class=\"elementor-element elementor-element-34702d0 elementor-widget elementor-widget-heading\" data-id=\"34702d0\" data-element_type=\"widget\" data-e-type=\"widget\" data-widget_type=\"heading.default\">\n\t\t\t\t\t\t\t<p class=\"elementor-heading-title elementor-size-default\">Shenzhen Beyond Eletctronics Co, Ltd. \u00c7in'in \u00fcnl\u00fc bilim ve teknoloji metropol\u00fc Longgang, Shenzhen'deki Apollon Future Sanayi B\u00f6lgesi'nde yer almaktad\u0131r. \u015eirket, su alt\u0131 kameralar\u0131, su alt\u0131 alg\u0131lama robotlar\u0131 gibi alanlarda derinlemesine \u00e7al\u0131\u015fmaktad\u0131r,\nboru hatt\u0131 endoskoplar\u0131 ve boru hatt\u0131 robotlar\u0131n\u0131 20 y\u0131l\u0131 a\u015fk\u0131n s\u00fcredir geli\u015ftirmektedir. Su alt\u0131 alg\u0131lama sistemleri ve boru hatt\u0131 denetim sistemleri i\u00e7in k\u0131rk\u0131n \u00fczerinde bulu\u015f patenti geli\u015ftirmi\u015ftir. \n<br>\n<br>\n\u015eimdi ara\u015ft\u0131rma ve geli\u015ftirme, \u00fcretim, sat\u0131\u015f ve hizmeti entegre eden ulusal bir y\u00fcksek teknoloji kurulu\u015fu haline geldi. \u00dcr\u00fcnleri ileri teknolojik alanlarda yayg\u0131n olarak kullan\u0131lmaktad\u0131r\nSualt\u0131 foto\u011fraf\u00e7\u0131l\u0131\u011f\u0131, buz bal\u0131k\u00e7\u0131l\u0131\u011f\u0131, gemi enkaz\u0131 kurtarma, a\u00e7\u0131k deniz petrol ve gaz platformunda derin deniz operasyonlar\u0131, madencilik, o\u015finografi, kimya end\u00fcstrisi, izleme ve\nkentsel su \u015febekelerinin ve \u00e7e\u015fitli yeralt\u0131 boru hatlar\u0131n\u0131n bak\u0131m\u0131, petrol kuyusu restorasyonu, sualt\u0131 tespiti, su \u00fcr\u00fcnleri yeti\u015ftiricili\u011fi, rezervuarlar, barajlar ve kanallar gibi su koruma tesislerinin in\u015fas\u0131, denetimi, kurtar\u0131lmas\u0131 ve kuyu i\u00e7i kurtarma. Sonra\n\u015firket haline gelmi\u015ftir:<\/p>\t\t\t\t<\/div>\n\t\t\t\t<div class=\"elementor-element elementor-element-75b7d70 elementor-widget elementor-widget-text-editor\" data-id=\"75b7d70\" data-element_type=\"widget\" data-e-type=\"widget\" data-widget_type=\"text-editor.default\">\n\t\t\t\t\t\t\t\t\t\t\t<p><strong>Ulusal Y\u00fcksek Teknoloji Kurulu\u015fu<\/strong><br \/><strong>ISO9001 Uluslararas\u0131 Sertifikal\u0131 \u0130\u015fletme<\/strong><br \/><strong>Alibaba Tedarik Zinciri K\u00fcresel Tedarik\u00e7isi<\/strong><br \/><strong>Walmart Online K\u00fcresel Tedarik\u00e7i <\/strong><strong>Birle\u015fik Devletler<\/strong><\/p><p><strong>Ulusal AAA Kredi Kurulu\u015fu<\/strong><br \/><strong>JD K\u00fcresel Tedarik Zinciri Tedarik\u00e7isi<\/strong><br \/><strong>Amazon K\u00fcresel Tedarik\u00e7isi <\/strong><strong>Birle\u015fik Devletler<\/strong><\/p>\t\t\t\t\t\t\t\t<\/div>\n\t\t\t\t\t<\/div>\n\t\t\t\t<\/div>\n\t\t<div class=\"elementor-element elementor-element-9939bbb e-flex e-con-boxed e-con e-parent\" data-id=\"9939bbb\" data-element_type=\"container\" data-e-type=\"container\" data-settings=\"{&quot;background_background&quot;:&quot;classic&quot;}\">\n\t\t\t\t\t<div class=\"e-con-inner\">\n\t\t\t\t<div class=\"elementor-element elementor-element-27aef02 elementor-widget elementor-widget-image\" data-id=\"27aef02\" data-element_type=\"widget\" data-e-type=\"widget\" data-widget_type=\"image.default\">\n\t\t\t\t\t\t\t\t\t\t\t\t\t\t\t\t\t<img decoding=\"async\" width=\"1920\" height=\"1080\" src=\"https:\/\/bestwillcams.com\/wp-content\/uploads\/2026\/01\/Company.webp\" class=\"attachment-full size-full wp-image-2203\" alt=\"\" srcset=\"https:\/\/bestwillcams.com\/wp-content\/uploads\/2026\/01\/Company.webp 1920w, https:\/\/bestwillcams.com\/wp-content\/uploads\/2026\/01\/Company-300x169.webp 300w, https:\/\/bestwillcams.com\/wp-content\/uploads\/2026\/01\/Company-1024x576.webp 1024w, https:\/\/bestwillcams.com\/wp-content\/uploads\/2026\/01\/Company-768x432.webp 768w, https:\/\/bestwillcams.com\/wp-content\/uploads\/2026\/01\/Company-1536x864.webp 1536w\" sizes=\"(max-width: 1920px) 100vw, 1920px\" \/>\t\t\t\t\t\t\t\t\t\t\t\t\t\t\t<\/div>\n\t\t\t\t\t<\/div>\n\t\t\t\t<\/div>\n\t\t<div class=\"elementor-element elementor-element-9f04b16 e-flex e-con-boxed e-con e-parent\" data-id=\"9f04b16\" data-element_type=\"container\" data-e-type=\"container\" data-settings=\"{&quot;background_background&quot;:&quot;classic&quot;}\">\n\t\t\t\t\t<div class=\"e-con-inner\">\n\t\t<div class=\"elementor-element elementor-element-28b2a13 e-con-full e-flex e-con e-child\" data-id=\"28b2a13\" data-element_type=\"container\" data-e-type=\"container\">\n\t\t<div class=\"elementor-element elementor-element-65152da e-con-full e-flex e-con e-child\" data-id=\"65152da\" data-element_type=\"container\" data-e-type=\"container\">\n\t\t\t\t<div class=\"elementor-element elementor-element-81dc582 elementor-widget elementor-widget-heading\" data-id=\"81dc582\" data-element_type=\"widget\" data-e-type=\"widget\" data-widget_type=\"heading.default\">\n\t\t\t\t\t\t\t<p class=\"elementor-heading-title elementor-size-default\">Vizyon<\/p>\t\t\t\t<\/div>\n\t\t\t\t<\/div>\n\t\t<div class=\"elementor-element elementor-element-f66d257 e-con-full e-flex e-con e-child\" data-id=\"f66d257\" data-element_type=\"container\" data-e-type=\"container\">\n\t\t\t\t<div class=\"elementor-element elementor-element-cbd5f17 elementor-widget elementor-widget-heading\" data-id=\"cbd5f17\" data-element_type=\"widget\" data-e-type=\"widget\" data-widget_type=\"heading.default\">\n\t\t\t\t\t\t\t<h6 class=\"elementor-heading-title elementor-size-default\">Su alt\u0131 kamera \u00fcretimindeki varl\u0131\u011f\u0131m\u0131z\u0131 s\u00fcrekli olarak derinle\u015ftirmek ve d\u00fcnya \u00e7ap\u0131nda \u00e7e\u015fitli denetim ve izleme uygulamalar\u0131n\u0131 desteklemek.<\/h6>\t\t\t\t<\/div>\n\t\t\t\t<\/div>\n\t\t\t\t<\/div>\n\t\t<div class=\"elementor-element elementor-element-9c01163 e-con-full e-flex e-con e-child\" data-id=\"9c01163\" data-element_type=\"container\" data-e-type=\"container\">\n\t\t<div class=\"elementor-element elementor-element-70364dd e-con-full e-flex e-con e-child\" data-id=\"70364dd\" data-element_type=\"container\" data-e-type=\"container\">\n\t\t\t\t<div class=\"elementor-element elementor-element-2f0a718 elementor-widget elementor-widget-heading\" data-id=\"2f0a718\" data-element_type=\"widget\" data-e-type=\"widget\" data-widget_type=\"heading.default\">\n\t\t\t\t\t\t\t<p class=\"elementor-heading-title elementor-size-default\">G\u00f6rev<\/p>\t\t\t\t<\/div>\n\t\t\t\t<\/div>\n\t\t<div class=\"elementor-element elementor-element-e0c8897 e-con-full e-flex e-con e-child\" data-id=\"e0c8897\" data-element_type=\"container\" data-e-type=\"container\">\n\t\t\t\t<div class=\"elementor-element elementor-element-bc2f40e elementor-widget elementor-widget-heading\" data-id=\"bc2f40e\" data-element_type=\"widget\" data-e-type=\"widget\" data-widget_type=\"heading.default\">\n\t\t\t\t\t\t\t<h6 class=\"elementor-heading-title elementor-size-default\">M\u00fc\u015fterileri, y\u0131llar\u0131n \u00fcretim deneyimine ve ger\u00e7ek d\u00fcnyadaki uygulama anlay\u0131\u015f\u0131na dayanan pratik su alt\u0131 kamera \u00fcr\u00fcnleriyle desteklemek.<\/h6>\t\t\t\t<\/div>\n\t\t\t\t<\/div>\n\t\t\t\t<\/div>\n\t\t\t\t\t<\/div>\n\t\t\t\t<\/div>\n\t\t\t\t<\/div>","protected":false},"excerpt":{"rendered":"<p>About Us The Bestwill adheres to the quality concept of &#8220;creating excellent products with top-notch quality&#8221;, persists in providing customers [&hellip;]<\/p>\n","protected":false},"author":1,"featured_media":0,"parent":0,"menu_order":0,"comment_status":"closed","ping_status":"closed","template":"","meta":{"_acf_changed":false,"site-sidebar-layout":"no-sidebar","site-content-layout":"page-builder","ast-site-content-layout":"full-width-container","site-content-style":"default","site-sidebar-style":"default","ast-global-header-display":"","ast-banner-title-visibility":"disabled","ast-main-header-display":"","ast-hfb-above-header-display":"","ast-hfb-below-header-display":"","ast-hfb-mobile-header-display":"","site-post-title":"disabled","ast-breadcrumbs-content":"","ast-featured-img":"disabled","footer-sml-layout":"","ast-disable-related-posts":"","theme-transparent-header-meta":"","adv-header-id-meta":"","stick-header-meta":"","header-above-stick-meta":"","header-main-stick-meta":"","header-below-stick-meta":"","astra-migrate-meta-layouts":"set","ast-page-background-enabled":"default","ast-page-background-meta":{"desktop":{"background-color":"var(--ast-global-color-4)","background-image":"","background-repeat":"repeat","background-position":"center center","background-size":"auto","background-attachment":"scroll","background-type":"","background-media":"","overlay-type":"","overlay-color":"","overlay-opacity":"","overlay-gradient":""},"tablet":{"background-color":"","background-image":"","background-repeat":"repeat","background-position":"center center","background-size":"auto","background-attachment":"scroll","background-type":"","background-media":"","overlay-type":"","overlay-color":"","overlay-opacity":"","overlay-gradient":""},"mobile":{"background-color":"","background-image":"","background-repeat":"repeat","background-position":"center center","background-size":"auto","background-attachment":"scroll","background-type":"","background-media":"","overlay-type":"","overlay-color":"","overlay-opacity":"","overlay-gradient":""}},"ast-content-background-meta":{"desktop":{"background-color":"var(--ast-global-color-5)","background-image":"","background-repeat":"repeat","background-position":"center center","background-size":"auto","background-attachment":"scroll","background-type":"","background-media":"","overlay-type":"","overlay-color":"","overlay-opacity":"","overlay-gradient":""},"tablet":{"background-color":"var(--ast-global-color-5)","background-image":"","background-repeat":"repeat","background-position":"center center","background-size":"auto","background-attachment":"scroll","background-type":"","background-media":"","overlay-type":"","overlay-color":"","overlay-opacity":"","overlay-gradient":""},"mobile":{"background-color":"var(--ast-global-color-5)","background-image":"","background-repeat":"repeat","background-position":"center center","background-size":"auto","background-attachment":"scroll","background-type":"","background-media":"","overlay-type":"","overlay-color":"","overlay-opacity":"","overlay-gradient":""}},"footnotes":""},"class_list":["post-990","page","type-page","status-publish","hentry"],"acf":[],"_links":{"self":[{"href":"https:\/\/bestwillcams.com\/tr\/wp-json\/wp\/v2\/pages\/990","targetHints":{"allow":["GET"]}}],"collection":[{"href":"https:\/\/bestwillcams.com\/tr\/wp-json\/wp\/v2\/pages"}],"about":[{"href":"https:\/\/bestwillcams.com\/tr\/wp-json\/wp\/v2\/types\/page"}],"author":[{"embeddable":true,"href":"https:\/\/bestwillcams.com\/tr\/wp-json\/wp\/v2\/users\/1"}],"replies":[{"embeddable":true,"href":"https:\/\/bestwillcams.com\/tr\/wp-json\/wp\/v2\/comments?post=990"}],"version-history":[{"count":55,"href":"https:\/\/bestwillcams.com\/tr\/wp-json\/wp\/v2\/pages\/990\/revisions"}],"predecessor-version":[{"id":3162,"href":"https:\/\/bestwillcams.com\/tr\/wp-json\/wp\/v2\/pages\/990\/revisions\/3162"}],"wp:attachment":[{"href":"https:\/\/bestwillcams.com\/tr\/wp-json\/wp\/v2\/media?parent=990"}],"curies":[{"name":"wp","href":"https:\/\/api.w.org\/{rel}","templated":true}]}}