{"id":2891,"date":"2026-03-06T14:35:56","date_gmt":"2026-03-06T06:35:56","guid":{"rendered":"https:\/\/bestwillcams.com\/?post_type=product&#038;p=2891"},"modified":"2026-03-17T16:55:46","modified_gmt":"2026-03-17T08:55:46","slug":"large-screen-underwater-fishing-cameracr110-9l","status":"publish","type":"product","link":"https:\/\/bestwillcams.com\/tr\/product\/large-screen-underwater-fishing-cameracr110-9l\/","title":{"rendered":"B\u00fcy\u00fck Ekran Sualt\u0131 Bal\u0131k\u00e7\u0131l\u0131k Kameras\u0131 (CR110-9L)"},"content":{"rendered":"<figure class=\"wp-block-image aligncenter size-large\"><img fetchpriority=\"high\" decoding=\"async\" width=\"1024\" height=\"410\" src=\"https:\/\/bestwillcams.com\/wp-content\/uploads\/2026\/03\/9-inch-Large-Screen-Underwater-Fishing-Camera-Application-1024x410.webp\" alt=\"\" class=\"wp-image-2892\" srcset=\"https:\/\/bestwillcams.com\/wp-content\/uploads\/2026\/03\/9-inch-Large-Screen-Underwater-Fishing-Camera-Application-1024x410.webp 1024w, https:\/\/bestwillcams.com\/wp-content\/uploads\/2026\/03\/9-inch-Large-Screen-Underwater-Fishing-Camera-Application-300x120.webp 300w, https:\/\/bestwillcams.com\/wp-content\/uploads\/2026\/03\/9-inch-Large-Screen-Underwater-Fishing-Camera-Application-768x307.webp 768w, https:\/\/bestwillcams.com\/wp-content\/uploads\/2026\/03\/9-inch-Large-Screen-Underwater-Fishing-Camera-Application.webp 1500w\" sizes=\"(max-width: 1024px) 100vw, 1024px\" \/><\/figure>\n\n\n\n<p><\/p>\n\n\n\n<h5 class=\"wp-block-heading has-text-align-center\">Uygulama<\/h5>\n\n\n\n<p class=\"has-text-align-center\">Buz bal\u0131k\u00e7\u0131l\u0131\u011f\u0131<br>G\u00f6l bal\u0131k\u00e7\u0131l\u0131\u011f\u0131<br>Nehir bal\u0131k\u00e7\u0131l\u0131\u011f\u0131<br>Sualt\u0131 g\u00f6zlemi<br>Bal\u0131k davran\u0131\u015flar\u0131n\u0131n izlenmesi<br>Su \u00fcr\u00fcnleri denetimi<\/p>","protected":false},"excerpt":{"rendered":"<p>Uygulama Buz bal\u0131k\u00e7\u0131l\u0131\u011f\u0131G\u00f6l bal\u0131k\u00e7\u0131l\u0131\u011f\u0131Nehir bal\u0131k\u00e7\u0131l\u0131\u011f\u0131Sualt\u0131 g\u00f6zlemiBal\u0131k davran\u0131\u015flar\u0131n\u0131n izlenmesiAkuak\u00fclt\u00fcr denetimi<\/p>","protected":false},"featured_media":2896,"template":"","meta":{"_acf_changed":true,"site-sidebar-layout":"default","site-content-layout":"","ast-site-content-layout":"default","site-content-style":"default","site-sidebar-style":"default","ast-global-header-display":"","ast-banner-title-visibility":"","ast-main-header-display":"","ast-hfb-above-header-display":"","ast-hfb-below-header-display":"","ast-hfb-mobile-header-display":"","site-post-title":"","ast-breadcrumbs-content":"","ast-featured-img":"","footer-sml-layout":"","ast-disable-related-posts":"","theme-transparent-header-meta":"","adv-header-id-meta":"","stick-header-meta":"","header-above-stick-meta":"","header-main-stick-meta":"","header-below-stick-meta":"","astra-migrate-meta-layouts":"set","ast-page-background-enabled":"default","ast-page-background-meta":{"desktop":{"background-color":"var(--ast-global-color-4)","background-image":"","background-repeat":"repeat","background-position":"center center","background-size":"auto","background-attachment":"scroll","background-type":"","background-media":"","overlay-type":"","overlay-color":"","overlay-opacity":"","overlay-gradient":""},"tablet":{"background-color":"","background-image":"","background-repeat":"repeat","background-position":"center center","background-size":"auto","background-attachment":"scroll","background-type":"","background-media":"","overlay-type":"","overlay-color":"","overlay-opacity":"","overlay-gradient":""},"mobile":{"background-color":"","background-image":"","background-repeat":"repeat","background-position":"center center","background-size":"auto","background-attachment":"scroll","background-type":"","background-media":"","overlay-type":"","overlay-color":"","overlay-opacity":"","overlay-gradient":""}},"ast-content-background-meta":{"desktop":{"background-color":"var(--ast-global-color-5)","background-image":"","background-repeat":"repeat","background-position":"center center","background-size":"auto","background-attachment":"scroll","background-type":"","background-media":"","overlay-type":"","overlay-color":"","overlay-opacity":"","overlay-gradient":""},"tablet":{"background-color":"var(--ast-global-color-5)","background-image":"","background-repeat":"repeat","background-position":"center center","background-size":"auto","background-attachment":"scroll","background-type":"","background-media":"","overlay-type":"","overlay-color":"","overlay-opacity":"","overlay-gradient":""},"mobile":{"background-color":"var(--ast-global-color-5)","background-image":"","background-repeat":"repeat","background-position":"center center","background-size":"auto","background-attachment":"scroll","background-type":"","background-media":"","overlay-type":"","overlay-color":"","overlay-opacity":"","overlay-gradient":""}}},"product-category":[14],"class_list":["post-2891","product","type-product","status-publish","has-post-thumbnail","hentry","product-category-underwater-fishing-camera"],"acf":[],"_links":{"self":[{"href":"https:\/\/bestwillcams.com\/tr\/wp-json\/wp\/v2\/product\/2891","targetHints":{"allow":["GET"]}}],"collection":[{"href":"https:\/\/bestwillcams.com\/tr\/wp-json\/wp\/v2\/product"}],"about":[{"href":"https:\/\/bestwillcams.com\/tr\/wp-json\/wp\/v2\/types\/product"}],"wp:featuredmedia":[{"embeddable":true,"href":"https:\/\/bestwillcams.com\/tr\/wp-json\/wp\/v2\/media\/2896"}],"wp:attachment":[{"href":"https:\/\/bestwillcams.com\/tr\/wp-json\/wp\/v2\/media?parent=2891"}],"wp:term":[{"taxonomy":"product-category","embeddable":true,"href":"https:\/\/bestwillcams.com\/tr\/wp-json\/wp\/v2\/product-category?post=2891"}],"curies":[{"name":"wp","href":"https:\/\/api.w.org\/{rel}","templated":true}]}}