{"id":2938,"date":"2026-03-11T14:17:33","date_gmt":"2026-03-11T06:17:33","guid":{"rendered":"https:\/\/bestwillcams.com\/?post_type=product&#038;p=2938"},"modified":"2026-03-17T16:53:38","modified_gmt":"2026-03-17T08:53:38","slug":"7-underwater-inspection-camera-with-360-rotationcr110-7b","status":"publish","type":"product","link":"https:\/\/bestwillcams.com\/tr\/product\/7-underwater-inspection-camera-with-360-rotationcr110-7b\/","title":{"rendered":"360\u00b0 D\u00f6nebilen 7\u2033 Sualt\u0131 Denetim Kameras\u0131 (CR110-7B)"},"content":{"rendered":"<figure class=\"wp-block-image aligncenter size-large\"><img fetchpriority=\"high\" decoding=\"async\" width=\"1024\" height=\"410\" src=\"https:\/\/bestwillcams.com\/wp-content\/uploads\/2026\/03\/Underwater-Inspection-Camera-with-360\u00b0-Rotation-CR110-7B-Application-1024x410.webp\" alt=\"\" class=\"wp-image-2931\" srcset=\"https:\/\/bestwillcams.com\/wp-content\/uploads\/2026\/03\/Underwater-Inspection-Camera-with-360\u00b0-Rotation-CR110-7B-Application-1024x410.webp 1024w, https:\/\/bestwillcams.com\/wp-content\/uploads\/2026\/03\/Underwater-Inspection-Camera-with-360\u00b0-Rotation-CR110-7B-Application-300x120.webp 300w, https:\/\/bestwillcams.com\/wp-content\/uploads\/2026\/03\/Underwater-Inspection-Camera-with-360\u00b0-Rotation-CR110-7B-Application-768x307.webp 768w, https:\/\/bestwillcams.com\/wp-content\/uploads\/2026\/03\/Underwater-Inspection-Camera-with-360\u00b0-Rotation-CR110-7B-Application.webp 1500w\" sizes=\"(max-width: 1024px) 100vw, 1024px\" \/><\/figure>\n\n\n\n<p><\/p>\n\n\n\n<h6 class=\"wp-block-heading has-text-align-center\">Uygulamalar<\/h6>\n\n\n\n<p class=\"has-text-align-center\">Sualt\u0131 incelemesi<br>Akuak\u00fclt\u00fcr izleme<br>Su deposu denetimi<br>Arama &amp; Kurtarma<br>Sualt\u0131 bak\u0131m\u0131<br>Teknik inceleme<\/p>\n\n\n\n<p><\/p>","protected":false},"excerpt":{"rendered":"<p>Uygulamalar Sualt\u0131 denetimiAkuak\u00fclt\u00fcr izlemeSu tank\u0131 denetimiArama ve kurtarmaSualt\u0131 bak\u0131m\u0131Teknik denetim<\/p>","protected":false},"featured_media":2936,"template":"","meta":{"_acf_changed":true,"site-sidebar-layout":"default","site-content-layout":"","ast-site-content-layout":"default","site-content-style":"default","site-sidebar-style":"default","ast-global-header-display":"","ast-banner-title-visibility":"","ast-main-header-display":"","ast-hfb-above-header-display":"","ast-hfb-below-header-display":"","ast-hfb-mobile-header-display":"","site-post-title":"","ast-breadcrumbs-content":"","ast-featured-img":"","footer-sml-layout":"","ast-disable-related-posts":"","theme-transparent-header-meta":"","adv-header-id-meta":"","stick-header-meta":"","header-above-stick-meta":"","header-main-stick-meta":"","header-below-stick-meta":"","astra-migrate-meta-layouts":"set","ast-page-background-enabled":"default","ast-page-background-meta":{"desktop":{"background-color":"var(--ast-global-color-4)","background-image":"","background-repeat":"repeat","background-position":"center center","background-size":"auto","background-attachment":"scroll","background-type":"","background-media":"","overlay-type":"","overlay-color":"","overlay-opacity":"","overlay-gradient":""},"tablet":{"background-color":"","background-image":"","background-repeat":"repeat","background-position":"center center","background-size":"auto","background-attachment":"scroll","background-type":"","background-media":"","overlay-type":"","overlay-color":"","overlay-opacity":"","overlay-gradient":""},"mobile":{"background-color":"","background-image":"","background-repeat":"repeat","background-position":"center center","background-size":"auto","background-attachment":"scroll","background-type":"","background-media":"","overlay-type":"","overlay-color":"","overlay-opacity":"","overlay-gradient":""}},"ast-content-background-meta":{"desktop":{"background-color":"var(--ast-global-color-5)","background-image":"","background-repeat":"repeat","background-position":"center center","background-size":"auto","background-attachment":"scroll","background-type":"","background-media":"","overlay-type":"","overlay-color":"","overlay-opacity":"","overlay-gradient":""},"tablet":{"background-color":"var(--ast-global-color-5)","background-image":"","background-repeat":"repeat","background-position":"center center","background-size":"auto","background-attachment":"scroll","background-type":"","background-media":"","overlay-type":"","overlay-color":"","overlay-opacity":"","overlay-gradient":""},"mobile":{"background-color":"var(--ast-global-color-5)","background-image":"","background-repeat":"repeat","background-position":"center center","background-size":"auto","background-attachment":"scroll","background-type":"","background-media":"","overlay-type":"","overlay-color":"","overlay-opacity":"","overlay-gradient":""}}},"product-category":[15],"class_list":["post-2938","product","type-product","status-publish","has-post-thumbnail","hentry","product-category-underwater-inspection-camera"],"acf":[],"_links":{"self":[{"href":"https:\/\/bestwillcams.com\/tr\/wp-json\/wp\/v2\/product\/2938","targetHints":{"allow":["GET"]}}],"collection":[{"href":"https:\/\/bestwillcams.com\/tr\/wp-json\/wp\/v2\/product"}],"about":[{"href":"https:\/\/bestwillcams.com\/tr\/wp-json\/wp\/v2\/types\/product"}],"wp:featuredmedia":[{"embeddable":true,"href":"https:\/\/bestwillcams.com\/tr\/wp-json\/wp\/v2\/media\/2936"}],"wp:attachment":[{"href":"https:\/\/bestwillcams.com\/tr\/wp-json\/wp\/v2\/media?parent=2938"}],"wp:term":[{"taxonomy":"product-category","embeddable":true,"href":"https:\/\/bestwillcams.com\/tr\/wp-json\/wp\/v2\/product-category?post=2938"}],"curies":[{"name":"wp","href":"https:\/\/api.w.org\/{rel}","templated":true}]}}