{"id":3105,"date":"2026-03-26T17:13:18","date_gmt":"2026-03-26T09:13:18","guid":{"rendered":"https:\/\/bestwillcams.com\/?post_type=product&#038;p=3105"},"modified":"2026-03-26T17:13:19","modified_gmt":"2026-03-26T09:13:19","slug":"single-camera-deep-water-monitoring-cameracr-006","status":"publish","type":"product","link":"https:\/\/bestwillcams.com\/tr\/product\/single-camera-deep-water-monitoring-cameracr-006\/","title":{"rendered":"Tek Kameral\u0131 Derin Su \u0130zleme Kameras\u0131 (CR-006)"},"content":{"rendered":"<figure class=\"wp-block-image aligncenter size-full\"><img fetchpriority=\"high\" decoding=\"async\" width=\"800\" height=\"531\" src=\"https:\/\/bestwillcams.com\/wp-content\/uploads\/2026\/03\/Single-Camera-Underwater-Monitoring-Camera-4.webp\" alt=\"\" class=\"wp-image-3109\" srcset=\"https:\/\/bestwillcams.com\/wp-content\/uploads\/2026\/03\/Single-Camera-Underwater-Monitoring-Camera-4.webp 800w, https:\/\/bestwillcams.com\/wp-content\/uploads\/2026\/03\/Single-Camera-Underwater-Monitoring-Camera-4-300x199.webp 300w, https:\/\/bestwillcams.com\/wp-content\/uploads\/2026\/03\/Single-Camera-Underwater-Monitoring-Camera-4-768x510.webp 768w, https:\/\/bestwillcams.com\/wp-content\/uploads\/2026\/03\/Single-Camera-Underwater-Monitoring-Camera-4-18x12.webp 18w\" sizes=\"(max-width: 800px) 100vw, 800px\" \/><\/figure>\n\n\n\n<p class=\"has-text-align-center\">Ayd\u0131nlatma:<br>12 beyaz LED (ayarlanamaz, \u00f6zelle\u015ftirilebilir)<\/p>\n\n\n\n<p class=\"has-text-align-center\">Kablo Uzunlu\u011fu:<br>20m standart (30-100m iste\u011fe ba\u011fl\u0131)<\/p>\n\n\n\n<p class=\"has-text-align-center\">G\u00fc\u00e7 Kayna\u011f\u0131:<br>DC 12V<\/p>\n\n\n\n<p class=\"has-text-align-center\">\u00c7al\u0131\u015fma Ak\u0131m\u0131:<br>100mA<\/p>\n\n\n\n<p class=\"has-text-align-center\">Uygulama:<br>Sualt\u0131 denetimi ve izleme<\/p>\n\n\n\n<p><\/p>","protected":false},"excerpt":{"rendered":"<p>Ayd\u0131nlatma:12 beyaz LED (ayarlanamaz, \u00f6zelle\u015ftirilebilir) Kablo Uzunlu\u011fu:20m standart (30-100m iste\u011fe ba\u011fl\u0131) G\u00fc\u00e7 Kayna\u011f\u0131:DC 12V \u00c7al\u0131\u015fma Ak\u0131m\u0131:100mA Uygulama:Sualt\u0131 denetimi ve izleme<\/p>","protected":false},"featured_media":3108,"template":"","meta":{"_acf_changed":true,"site-sidebar-layout":"default","site-content-layout":"","ast-site-content-layout":"default","site-content-style":"default","site-sidebar-style":"default","ast-global-header-display":"","ast-banner-title-visibility":"","ast-main-header-display":"","ast-hfb-above-header-display":"","ast-hfb-below-header-display":"","ast-hfb-mobile-header-display":"","site-post-title":"","ast-breadcrumbs-content":"","ast-featured-img":"","footer-sml-layout":"","ast-disable-related-posts":"","theme-transparent-header-meta":"","adv-header-id-meta":"","stick-header-meta":"","header-above-stick-meta":"","header-main-stick-meta":"","header-below-stick-meta":"","astra-migrate-meta-layouts":"set","ast-page-background-enabled":"default","ast-page-background-meta":{"desktop":{"background-color":"var(--ast-global-color-4)","background-image":"","background-repeat":"repeat","background-position":"center center","background-size":"auto","background-attachment":"scroll","background-type":"","background-media":"","overlay-type":"","overlay-color":"","overlay-opacity":"","overlay-gradient":""},"tablet":{"background-color":"","background-image":"","background-repeat":"repeat","background-position":"center center","background-size":"auto","background-attachment":"scroll","background-type":"","background-media":"","overlay-type":"","overlay-color":"","overlay-opacity":"","overlay-gradient":""},"mobile":{"background-color":"","background-image":"","background-repeat":"repeat","background-position":"center center","background-size":"auto","background-attachment":"scroll","background-type":"","background-media":"","overlay-type":"","overlay-color":"","overlay-opacity":"","overlay-gradient":""}},"ast-content-background-meta":{"desktop":{"background-color":"var(--ast-global-color-5)","background-image":"","background-repeat":"repeat","background-position":"center center","background-size":"auto","background-attachment":"scroll","background-type":"","background-media":"","overlay-type":"","overlay-color":"","overlay-opacity":"","overlay-gradient":""},"tablet":{"background-color":"var(--ast-global-color-5)","background-image":"","background-repeat":"repeat","background-position":"center center","background-size":"auto","background-attachment":"scroll","background-type":"","background-media":"","overlay-type":"","overlay-color":"","overlay-opacity":"","overlay-gradient":""},"mobile":{"background-color":"var(--ast-global-color-5)","background-image":"","background-repeat":"repeat","background-position":"center center","background-size":"auto","background-attachment":"scroll","background-type":"","background-media":"","overlay-type":"","overlay-color":"","overlay-opacity":"","overlay-gradient":""}}},"product-category":[15],"class_list":["post-3105","product","type-product","status-publish","has-post-thumbnail","hentry","product-category-underwater-inspection-camera"],"acf":[],"_links":{"self":[{"href":"https:\/\/bestwillcams.com\/tr\/wp-json\/wp\/v2\/product\/3105","targetHints":{"allow":["GET"]}}],"collection":[{"href":"https:\/\/bestwillcams.com\/tr\/wp-json\/wp\/v2\/product"}],"about":[{"href":"https:\/\/bestwillcams.com\/tr\/wp-json\/wp\/v2\/types\/product"}],"wp:featuredmedia":[{"embeddable":true,"href":"https:\/\/bestwillcams.com\/tr\/wp-json\/wp\/v2\/media\/3108"}],"wp:attachment":[{"href":"https:\/\/bestwillcams.com\/tr\/wp-json\/wp\/v2\/media?parent=3105"}],"wp:term":[{"taxonomy":"product-category","embeddable":true,"href":"https:\/\/bestwillcams.com\/tr\/wp-json\/wp\/v2\/product-category?post=3105"}],"curies":[{"name":"wp","href":"https:\/\/api.w.org\/{rel}","templated":true}]}}